{"id":5067,"date":"2023-08-04T09:11:05","date_gmt":"2023-08-04T09:11:05","guid":{"rendered":"https:\/\/turboplus.digitality-agency.com\/datenschutzbestimmungen\/"},"modified":"2025-05-13T11:45:46","modified_gmt":"2025-05-13T11:45:46","slug":"datenschutzbestimmungen","status":"publish","type":"page","link":"https:\/\/fastlanerentacar.com\/de\/datenschutzbestimmungen\/","title":{"rendered":"Datenschutzbestimmungen"},"content":{"rendered":"\t\t<div data-elementor-type=\"wp-page\" data-elementor-id=\"5067\" class=\"elementor elementor-5067 elementor-4686\" data-elementor-post-type=\"page\">\n\t\t\t\t<div class=\"elementor-element elementor-element-41e186f e-flex e-con-boxed e-con e-parent\" data-id=\"41e186f\" data-element_type=\"container\" data-e-type=\"container\" data-settings=\"{&quot;jet_parallax_layout_list&quot;:[]}\">\n\t\t\t\t\t<div class=\"e-con-inner\">\n\t\t\t\t<div class=\"elementor-element elementor-element-d280165 elementor-widget elementor-widget-heading\" data-id=\"d280165\" data-element_type=\"widget\" data-e-type=\"widget\" data-widget_type=\"heading.default\">\n\t\t\t\t<div class=\"elementor-widget-container\">\n\t\t\t\t\t<h2 class=\"elementor-heading-title elementor-size-default\">Datenschutzbestimmungen<\/h2>\t\t\t\t<\/div>\n\t\t\t\t<\/div>\n\t\t\t\t<div class=\"elementor-element elementor-element-0cc6f75 elementor-widget elementor-widget-text-editor\" data-id=\"0cc6f75\" data-element_type=\"widget\" data-e-type=\"widget\" data-widget_type=\"text-editor.default\">\n\t\t\t\t<div class=\"elementor-widget-container\">\n\t\t\t\t\t\t\t\t\t<div class=\"vc_row wpb_row vc_row-fluid\"><div class=\"wpb_column vc_column_container vc_col-sm-12\"><div class=\"vc_column-inner\"><div class=\"wpb_wrapper\"><p class=\"vc_custom_heading wpb_animate_when_almost_visible wpb_bounceInLeft bounceInLeft wpb_start_animation animated\"> <\/p><\/div><\/div><\/div><\/div><div class=\"vc_row wpb_row vc_row-fluid\"><div class=\"wpb_column vc_column_container vc_col-sm-12\"><div class=\"vc_column-inner\"><div class=\"wpb_wrapper\"><div class=\"wpb_text_column wpb_content_element \"><div class=\"wpb_wrapper\"><p>Diese Datenschutzrichtlinie beschreibt, wie https:\/\/fastlanerentacar.com\/ Ihre Informationen \u00fcber die Website sammelt, verwendet und weitergibt. Diese Datenschutzrichtlinie gilt nicht f\u00fcr unsere Offline-Datenerfassungsaktivit\u00e4ten oder au\u00dferhalb unserer Dienste (sofern nicht anders angegeben). Durch die Nutzung unserer Dienste erkl\u00e4ren Sie sich mit unseren Nutzungsbedingungen einverstanden.<\/p><p><strong>Die von uns gesammelten Daten<\/strong><\/p><p>Wenn Sie sich registrieren und unser Nutzer werden, k\u00f6nnen Sie aufgefordert werden, uns personenbezogene Daten und Informationen \u00fcber Sie zu \u00fcbermitteln, und diese Informationen werden auf folgende Weise gesammelt:<\/p><p>Registrierungsdaten: wie Ihr Name, Ihre E-Mail-Adresse, Ihr Benutzername, Ihr Passwort und alle anderen Informationen, die bei der Registrierung abgefragt werden.<\/p><p>Informationen \u00fcber Ihre Aktivit\u00e4ten: Zu diesen Informationen geh\u00f6ren die IP-Adressen, \u00fcber die Ihr Computer mit dem Internet verbunden ist, Browsertyp und -sprache, verweisende und verlassende Seiten und URLs, Datum und Uhrzeit, Dauer der Besuche auf bestimmten Seiten und Ihre Anmeldedaten.<\/p><p>Informationen aus Cookies: Wir sammeln Informationen durch Cookies, die von Websites auf Ihrer Festplatte gespeichert werden.<\/p><p>Informationen, die Sie uns zur Verf\u00fcgung gestellt haben: Sie k\u00f6nnen uns freiwillig zus\u00e4tzliche Informationen \u00fcber sich selbst zur Verf\u00fcgung stellen, die Sie nicht pers\u00f6nlich identifizieren, einschlie\u00dflich, aber nicht beschr\u00e4nkt auf Name, Adresse, Geschlecht, Land, Dienstleistungspr\u00e4ferenzen und andere Informationen, die Sie uns durch Ausf\u00fcllen der auf unserer Plattform verf\u00fcgbaren Formulare oder durch Kontaktaufnahme mit uns per Telefon, E-Mail oder auf anderem Wege zur Verf\u00fcgung gestellt haben.<\/p><p>Zahlungs- und Karteninformationen: Sie k\u00f6nnen uns Zahlungsinformationen zur Verf\u00fcgung stellen, einschlie\u00dflich Kredit- oder Debitkartennummer, Ablaufdatum der Karte, CVV-Code und andere Daten.<\/p><p>Informationen, die Sie uns zur Verf\u00fcgung stellen, wenn Sie uns um Unterst\u00fctzung bitten.<\/p><p>Daher sind Sie verpflichtet, vollst\u00e4ndige, korrekte und genaue Angaben zu machen, die Vertraulichkeit Ihrer Kontoinformationen und Ihres Passworts zu wahren und die Personen festzulegen, die auf Ihr Konto zugreifen und es nutzen d\u00fcrfen. Andernfalls sind Sie f\u00fcr alle Sch\u00e4den verantwortlich, die sich aus der Ungenauigkeit oder dem Vers\u00e4umnis ergeben, diese Daten zu aktualisieren, sobald sie ge\u00e4ndert wurden. Wir k\u00f6nnen die oben genannten Informationen an Dritte weitergeben, um Anzeigen auf der Website und andere zu entwerfen, zu analysieren, zu verwalten, zu melden und zu verbessern.<\/p><p><strong>Verwendung von personenbezogenen Daten<\/strong><\/p><p>Wir k\u00f6nnen die pers\u00f6nlichen Daten, die wir in \u00dcbereinstimmung mit den Bestimmungen des Datenschutzgesetzes sammeln, verwenden, um:<\/p><p>Um Ihre Identit\u00e4t zu \u00fcberpr\u00fcfen.<\/p><p>Um unseren Kunden einen besseren Service zu bieten, um unsere Dienstleistungen zu bewerten, zu verbessern und weiterzuentwickeln und um Sie \u00fcber diese \u00c4nderungen zu informieren.<\/p><p>Zur Verwendung f\u00fcr Werbe- und Informationszwecke, einschlie\u00dflich Direktmarketing, Marktforschung und Umfragen.<\/p><p>Um sicherzustellen, dass wir Ihnen die f\u00fcr Sie und Ihre Interessen am besten geeigneten Informationen zur Verf\u00fcgung stellen, und um Ihnen Marketingnachrichten zu senden.<\/p><p>F\u00fcr unsere Gesch\u00e4ftszwecke und unsere berechtigten Interessen, wie z. B. Datenanalyse, Auditing, \u00dcberwachung und Reduzierung und Verhinderung von Betrug und Softwarepiraterie.<\/p><p>Um Ihre Erfahrungen bei der Nutzung der Website und der Dienste zu unterscheiden oder zu verbessern.<\/p><p>zur Aufrechterhaltung der Integrit\u00e4t und Sicherheit von Systemen und Diensten beitragen.<\/p><p>Zur Bereitstellung von Zahlungsdiensten und damit verbundenen Diensten auf der Website.<\/p><p>Um die Wirksamkeit der auf der Website pr\u00e4sentierten Werbung zu messen und Ihnen die f\u00fcr Sie passenden Anzeigen zu liefern, die von Ihrer Aktivit\u00e4t auf der Website abh\u00e4ngen k\u00f6nnen.<\/p><p>f\u00fcr jede andere Verwendung nach Einholung Ihrer Zustimmung, falls wir Ihre personenbezogenen Daten f\u00fcr andere Zwecke als die, denen Sie zuvor zugestimmt haben, verwenden m\u00f6chten.<\/p><p><strong>Informationen teilen<\/strong><\/p><p>Wir k\u00f6nnen Informationen \u00fcber Sie &#8211; soweit erforderlich &#8211; f\u00fcr die folgenden Zwecke weitergeben:<\/p><p>Einhaltung rechtlicher Verfahren und Beantwortung von Anfragen \u00f6ffentlicher und staatlicher Stellen.<\/p><p>Setzen Sie unsere Allgemeinen Gesch\u00e4ftsbedingungen um.<\/p><p>Unsere Rechte, unsere Privatsph\u00e4re, unsere Sicherheit, unser Eigentum und\/oder die Rechte von Ihnen oder anderen zu sch\u00fctzen.<\/p><p>Begrenzung oder Minimierung von Sch\u00e4den, die uns entstehen k\u00f6nnen.<\/p><p>F\u00fcr interne Gesch\u00e4ftszwecke k\u00f6nnen wir Informationen auch an unsere Tochtergesellschaften weitergeben. Zum Beispiel<\/p><p>Bearbeitung und Erf\u00fcllung Ihrer Anfragen.<\/p><p>Kundenservice anbieten<\/p><p><strong>Verbesserung unserer Dienstleistungen<\/strong><\/p><p>Wir k\u00f6nnen auch Informationen an Dritte weitergeben, wenn es um Umstrukturierungen, Fusionen, Verk\u00e4ufe, Joint Ventures, Abtretungen, \u00dcbertragungen oder andere Ver\u00e4u\u00dferungen von Teilen unseres Unternehmens oder unserer Verm\u00f6genswerte geht, die in Verhandlungen stehen.<\/p><p>Wenn https:\/\/fastlanerentacar.com\/ mit Drittanbietern zusammenarbeitet und die Weitergabe von pers\u00f6nlichen Daten an diese Dienstleister notwendig ist, um eine solche Dienstleistung zu erbringen, garantiert https:\/\/fastlanerentacar.com\/, dass diese Dienstleister pers\u00f6nliche Daten in einer Weise sch\u00fctzen, die mit der Politik dieser Datenschutzrichtlinie \u00fcbereinstimmt.<\/p><p><strong>Speicherung personenbezogener Daten<\/strong><\/p><p>Wir speichern Ihre personenbezogenen Daten nur so lange, wie es f\u00fcr die Zwecke, f\u00fcr die oder f\u00fcr die die personenbezogenen Daten verarbeitet werden, erforderlich ist und damit zusammenh\u00e4ngt. Wir behalten uns au\u00dferdem das Recht vor, die aktuelle Datenschutzrichtlinie zu \u00fcberarbeiten, und Sie sollten diese Richtlinie von Zeit zu Zeit \u00fcberpr\u00fcfen.<\/p><p><strong>Sch\u00fctzen Sie Ihre pers\u00f6nlichen Daten<\/strong><\/p><p>Fastlane Rent A Car LLC verpflichtet sich, Ihre Kontoinformationen mit einem hohen Ma\u00df an Sicherheit zu behandeln und pers\u00f6nliche Daten vor unbefugtem Zugriff, Gebrauch oder Offenlegung zu sch\u00fctzen. Kredit-\/Debitkarten- und Bankkontodaten werden nur in verschl\u00fcsselter Form auf Computern gespeichert, die nicht mit dem Internet verbunden sind. Dieser Schutz kann jedoch nur dann zu 100 % wirksam sein, wenn Sie Ihre eigenen Sicherheitsrichtlinien befolgen. Sie d\u00fcrfen Ihre Kontodaten nicht an Dritte weitergeben. Wenn Sie der Meinung sind, dass Ihre pers\u00f6nlichen Daten offengelegt wurden, m\u00fcssen Sie sie sofort nach dem Einloggen in Ihr Konto \u00e4ndern.<\/p><p><strong>Datenverarbeitung<\/strong><\/p><p>Fastlane Rent A Car LLC ist bestrebt, nur korrekte und aktualisierte pers\u00f6nliche Daten zu verarbeiten. Daher haben Sie das Recht, eine Berichtigung der Sie betreffenden unrichtigen personenbezogenen Daten zu verlangen.<\/p><p>Fastlane Rent A Car LLC hat das Recht, unn\u00f6tige pers\u00f6nliche Daten in Bezug auf die Elemente, die in anderen gesammelt oder verarbeitet wurden, zu l\u00f6schen.<\/p><p>Sie haben das Recht, die Berichtigung oder L\u00f6schung der personenbezogenen Daten zu verlangen oder die Verarbeitung der personenbezogenen Daten in Bezug auf den Inhaber der Daten einzuschr\u00e4nken oder einer solchen Verarbeitung zu widersprechen<\/p><p>Sie haben das Recht, die Verarbeitung durch Fastlane Rent A Car LLC einzuschr\u00e4nken, wenn Sie einen bestimmten Grund f\u00fcr diese Einschr\u00e4nkung haben.<\/p><p>Sie haben das Recht, gegen die Verarbeitung Sie betreffender personenbezogener Daten auf der Grundlage automatisierter Entscheidungen Widerspruch einzulegen.<\/p><p>Sie haben das Recht, eine Beschwerde bei der Aufsichtsbeh\u00f6rde einzureichen.<\/p><p>Fastlane Rent A Car LLC setzt nur Datenverarbeiter ein, die angemessene Garantien f\u00fcr die Umsetzung geeigneter technischer und organisatorischer Ma\u00dfnahmen bieten, so dass die Verarbeitung den Schutz der Rechte aller betroffenen Personen erf\u00fcllt und gew\u00e4hrleistet.<\/p><p><strong>Links zu externen Websites<\/strong><\/p><p>Fastlane Rent A Car LLC kann Links enthalten, die den Benutzer oder Besucher auf externe Anwendungen, Links oder Websites verweisen, die Informationen \u00fcber Sie sammeln und sie auf eine andere Art und Weise als unsere offenlegen w\u00fcrden.<\/p><p>Fastlane Rent A Car LLC hat keine Kontrolle \u00fcber die Datenschutzpraktiken externer Apps und Websites, und wir sind nicht verantwortlich f\u00fcr den Inhalt oder die Datenschutzrichtlinien dieser externen Apps und Websites. Sie sollten die Datenschutzrichtlinien und die geltenden Nutzungsbedingungen von Drittanbietern \u00fcberpr\u00fcfen, wenn Sie eine der externen Anwendungen oder Websites besuchen.<\/p><p>Wir sind nicht verantwortlich f\u00fcr die Erfassung, Verwendung oder Offenlegung von Informationen, die von einer anderen Anwendung oder Website, die einen Link auf unserer Website hat. Wir empfehlen den Benutzern der Website, die Datenschutzbestimmungen der Fastlane-Website zu lesen.<\/p><p><strong>\u00c4nderungen der Datenschutzrichtlinie<\/strong><\/p><p>Fastlane Rent A Car LLC kann diese Richtlinie jederzeit und ohne vorherige Ank\u00fcndigung ganz oder teilweise erg\u00e4nzen, \u00e4ndern oder ab\u00e4ndern. Bitte beachten Sie, dass wir nicht f\u00fcr Ihr Vers\u00e4umnis verantwortlich sind, diese Richtlinie vor oder nach einer Aktion, die darauf stattfindet, zu \u00fcberpr\u00fcfen. Wenn Sie mit einer \u00c4nderung, die wir an dieser Richtlinie vorgenommen haben, nicht einverstanden sind, besteht die einzige L\u00f6sung darin, Ihre Nutzung der Website zu beenden, bitte beachten Sie, dass wir nicht f\u00fcr Ihr Vers\u00e4umnis verantwortlich sind, diese Richtlinie vor der Nutzung zu \u00fcberpr\u00fcfen.<\/p><p><strong>Cookie-Vereinbarung<\/strong><\/p><p>Wenn Sie Fastlane Rent A Car LLC besuchen, speichert die Website Cookies in Ihrem Webbrowser, unabh\u00e4ngig davon, ob es sich um einen Computer oder ein mobiles Ger\u00e4t handelt, und Cookies sind kleine Textdateien, die von Websites gesendet und auf Ihrem Computer oder Tablet, Smartphone oder einem anderen mobilen Ger\u00e4t gespeichert werden, und sie werden f\u00fcr einen der folgenden Zwecke verwendet:<\/p><p>Um Sie wiederzuerkennen, wenn Sie die Website erneut besuchen.<\/p><p>Um die pers\u00f6nlichen Informationen zu speichern, die Sie auf der Website registrieren, um sie auf Anfrage zur Verf\u00fcgung zu stellen, wie z. B. Ihren Namen und Ihre E-Mail-Adresse.<\/p><p>Damit Sie Nachrichten oder Dienste in der schnellsten Zeit entsprechend Ihren Vorlieben erhalten.<\/p><p>Fastlane Rent A Car LLC gibt keine Benutzer- oder Besucher-Cookies an Dritte weiter, mit Ausnahme derer, die in den Datenschutzrichtlinien erw\u00e4hnt werden, es sei denn, es liegt eine erforderliche gerichtliche Ma\u00dfnahme vor, wie z.B. ein Durchsuchungsbefehl, ein Gerichtsbeschluss oder eine gesetzliche Anordnung.<\/p><p>Cookies sind keine ausf\u00fchrbaren Dateien, sondern nur Textdateien; Cookies sind weder Spyware noch Viren.<\/p><p>Cookies von Dritten<\/p><p>Cookies von Websites Dritter k\u00f6nnen von Diensten gesetzt werden, die auf der Website Dritter erscheinen. Fastlane Rent A Car LLC hat keine Kontrolle \u00fcber diese Dateien. Dabei kann es sich z. B. um Cookies von Google, Facebook oder Twitter handeln. F\u00fcr weitere Informationen \u00fcber Cookies von Drittanbietern empfehlen wir Ihnen, die Websites dieser Drittanbieter zu besuchen.<\/p><p>Akzeptanz der Politik<\/p><p>Sie best\u00e4tigen, dass Sie diese Datenschutzrichtlinie gelesen haben und mit allen Bedingungen einverstanden sind. Ihre fortgesetzte Nutzung der Fastlane Autovermietung LLC Website oder Dienstleistungen bedeutet, dass Sie sich mit dieser Politik einverstanden erkl\u00e4ren. Wenn Sie nicht zustimmen, sich an die Bedingungen dieser Richtlinie zu halten, dann sind Sie nicht berechtigt, die Fastlane Rent A Car LLC Website und ihre Dienstleistungen zu nutzen oder darauf zuzugreifen. <\/p><p><strong>Kontaktinformationen<\/strong><\/p><p>Wenn Sie Fragen, Beschwerden oder Anfragen zu diesen Bedingungen, der Website, den Dienstleistungen oder Informationen haben, k\u00f6nnen Sie sich an folgende Adresse wenden<\/p><\/div><\/div><\/div><\/div><\/div><\/div>\t\t\t\t\t\t\t\t<\/div>\n\t\t\t\t<\/div>\n\t\t\t\t\t<\/div>\n\t\t\t\t<\/div>\n\t\t\t\t<\/div>\n\t\t","protected":false},"excerpt":{"rendered":"<p>Datenschutzbestimmungen Diese Datenschutzrichtlinie beschreibt, wie https:\/\/fastlanerentacar.com\/ Ihre Informationen \u00fcber die Website sammelt, verwendet und weitergibt. Diese Datenschutzrichtlinie gilt nicht f\u00fcr unsere Offline-Datenerfassungsaktivit\u00e4ten oder au\u00dferhalb unserer Dienste (sofern nicht anders angegeben). Durch die Nutzung unserer Dienste erkl\u00e4ren Sie sich mit unseren Nutzungsbedingungen einverstanden. Die von uns gesammelten Daten Wenn Sie sich registrieren und unser Nutzer werden, [&hellip;]<\/p>\n","protected":false},"author":1,"featured_media":0,"parent":0,"menu_order":0,"comment_status":"closed","ping_status":"closed","template":"elementor_header_footer","meta":{"_acf_changed":false,"footnotes":""},"class_list":["post-5067","page","type-page","status-publish","hentry"],"acf":[],"yoast_head":"<!-- This site is optimized with the Yoast SEO plugin v27.4 - https:\/\/yoast.com\/product\/yoast-seo-wordpress\/ -->\n<title>Datenschutzbestimmungen - Fastlane<\/title>\n<meta name=\"robots\" content=\"index, follow, max-snippet:-1, max-image-preview:large, max-video-preview:-1\" \/>\n<link rel=\"canonical\" href=\"https:\/\/fastlanerentacar.com\/de\/datenschutzbestimmungen\/\" \/>\n<meta property=\"og:locale\" content=\"de_DE\" \/>\n<meta property=\"og:type\" content=\"article\" \/>\n<meta property=\"og:title\" content=\"Datenschutzbestimmungen - Fastlane\" \/>\n<meta property=\"og:description\" content=\"Datenschutzbestimmungen Diese Datenschutzrichtlinie beschreibt, wie https:\/\/fastlanerentacar.com\/ Ihre Informationen \u00fcber die Website sammelt, verwendet und weitergibt. Diese Datenschutzrichtlinie gilt nicht f\u00fcr unsere Offline-Datenerfassungsaktivit\u00e4ten oder au\u00dferhalb unserer Dienste (sofern nicht anders angegeben). Durch die Nutzung unserer Dienste erkl\u00e4ren Sie sich mit unseren Nutzungsbedingungen einverstanden. Die von uns gesammelten Daten Wenn Sie sich registrieren und unser Nutzer werden, [&hellip;]\" \/>\n<meta property=\"og:url\" content=\"https:\/\/fastlanerentacar.com\/de\/datenschutzbestimmungen\/\" \/>\n<meta property=\"og:site_name\" content=\"Fastlane\" \/>\n<meta property=\"article:modified_time\" content=\"2025-05-13T11:45:46+00:00\" \/>\n<meta property=\"og:image\" content=\"https:\/\/fastlanerentacar.com\/wp-content\/uploads\/logo3.png\" \/>\n\t<meta property=\"og:image:width\" content=\"657\" \/>\n\t<meta property=\"og:image:height\" content=\"54\" \/>\n\t<meta property=\"og:image:type\" content=\"image\/png\" \/>\n<meta name=\"twitter:card\" content=\"summary_large_image\" \/>\n<meta name=\"twitter:label1\" content=\"Gesch\u00e4tzte Lesezeit\" \/>\n\t<meta name=\"twitter:data1\" content=\"8\u00a0Minuten\" \/>\n<script type=\"application\/ld+json\" class=\"yoast-schema-graph\">{\"@context\":\"https:\\\/\\\/schema.org\",\"@graph\":[{\"@type\":\"WebPage\",\"@id\":\"https:\\\/\\\/fastlanerentacar.com\\\/de\\\/datenschutzbestimmungen\\\/\",\"url\":\"https:\\\/\\\/fastlanerentacar.com\\\/de\\\/datenschutzbestimmungen\\\/\",\"name\":\"Datenschutzbestimmungen - Fastlane\",\"isPartOf\":{\"@id\":\"https:\\\/\\\/fastlanerentacar.com\\\/#website\"},\"datePublished\":\"2023-08-04T09:11:05+00:00\",\"dateModified\":\"2025-05-13T11:45:46+00:00\",\"breadcrumb\":{\"@id\":\"https:\\\/\\\/fastlanerentacar.com\\\/de\\\/datenschutzbestimmungen\\\/#breadcrumb\"},\"inLanguage\":\"de\",\"potentialAction\":[{\"@type\":\"ReadAction\",\"target\":[\"https:\\\/\\\/fastlanerentacar.com\\\/de\\\/datenschutzbestimmungen\\\/\"]}]},{\"@type\":\"BreadcrumbList\",\"@id\":\"https:\\\/\\\/fastlanerentacar.com\\\/de\\\/datenschutzbestimmungen\\\/#breadcrumb\",\"itemListElement\":[{\"@type\":\"ListItem\",\"position\":1,\"name\":\"Home\",\"item\":\"https:\\\/\\\/fastlanerentacar.com\\\/de\\\/startseite\\\/\"},{\"@type\":\"ListItem\",\"position\":2,\"name\":\"Datenschutzbestimmungen\"}]},{\"@type\":\"WebSite\",\"@id\":\"https:\\\/\\\/fastlanerentacar.com\\\/#website\",\"url\":\"https:\\\/\\\/fastlanerentacar.com\\\/\",\"name\":\"Fastlane\",\"description\":\"\",\"publisher\":{\"@id\":\"https:\\\/\\\/fastlanerentacar.com\\\/#organization\"},\"potentialAction\":[{\"@type\":\"SearchAction\",\"target\":{\"@type\":\"EntryPoint\",\"urlTemplate\":\"https:\\\/\\\/fastlanerentacar.com\\\/?s={search_term_string}\"},\"query-input\":{\"@type\":\"PropertyValueSpecification\",\"valueRequired\":true,\"valueName\":\"search_term_string\"}}],\"inLanguage\":\"de\"},{\"@type\":\"Organization\",\"@id\":\"https:\\\/\\\/fastlanerentacar.com\\\/#organization\",\"name\":\"Fastlane\",\"url\":\"https:\\\/\\\/fastlanerentacar.com\\\/\",\"logo\":{\"@type\":\"ImageObject\",\"inLanguage\":\"de\",\"@id\":\"https:\\\/\\\/fastlanerentacar.com\\\/#\\\/schema\\\/logo\\\/image\\\/\",\"url\":\"https:\\\/\\\/fastlanerentacar.com\\\/wp-content\\\/uploads\\\/Asset-2@2x-8.png\",\"contentUrl\":\"https:\\\/\\\/fastlanerentacar.com\\\/wp-content\\\/uploads\\\/Asset-2@2x-8.png\",\"width\":1641,\"height\":316,\"caption\":\"Fastlane\"},\"image\":{\"@id\":\"https:\\\/\\\/fastlanerentacar.com\\\/#\\\/schema\\\/logo\\\/image\\\/\"}}]}<\/script>\n<!-- \/ Yoast SEO plugin. -->","yoast_head_json":{"title":"Datenschutzbestimmungen - Fastlane","robots":{"index":"index","follow":"follow","max-snippet":"max-snippet:-1","max-image-preview":"max-image-preview:large","max-video-preview":"max-video-preview:-1"},"canonical":"https:\/\/fastlanerentacar.com\/de\/datenschutzbestimmungen\/","og_locale":"de_DE","og_type":"article","og_title":"Datenschutzbestimmungen - Fastlane","og_description":"Datenschutzbestimmungen Diese Datenschutzrichtlinie beschreibt, wie https:\/\/fastlanerentacar.com\/ Ihre Informationen \u00fcber die Website sammelt, verwendet und weitergibt. Diese Datenschutzrichtlinie gilt nicht f\u00fcr unsere Offline-Datenerfassungsaktivit\u00e4ten oder au\u00dferhalb unserer Dienste (sofern nicht anders angegeben). Durch die Nutzung unserer Dienste erkl\u00e4ren Sie sich mit unseren Nutzungsbedingungen einverstanden. Die von uns gesammelten Daten Wenn Sie sich registrieren und unser Nutzer werden, [&hellip;]","og_url":"https:\/\/fastlanerentacar.com\/de\/datenschutzbestimmungen\/","og_site_name":"Fastlane","article_modified_time":"2025-05-13T11:45:46+00:00","og_image":[{"width":657,"height":54,"url":"https:\/\/fastlanerentacar.com\/wp-content\/uploads\/logo3.png","type":"image\/png"}],"twitter_card":"summary_large_image","twitter_misc":{"Gesch\u00e4tzte Lesezeit":"8\u00a0Minuten"},"schema":{"@context":"https:\/\/schema.org","@graph":[{"@type":"WebPage","@id":"https:\/\/fastlanerentacar.com\/de\/datenschutzbestimmungen\/","url":"https:\/\/fastlanerentacar.com\/de\/datenschutzbestimmungen\/","name":"Datenschutzbestimmungen - Fastlane","isPartOf":{"@id":"https:\/\/fastlanerentacar.com\/#website"},"datePublished":"2023-08-04T09:11:05+00:00","dateModified":"2025-05-13T11:45:46+00:00","breadcrumb":{"@id":"https:\/\/fastlanerentacar.com\/de\/datenschutzbestimmungen\/#breadcrumb"},"inLanguage":"de","potentialAction":[{"@type":"ReadAction","target":["https:\/\/fastlanerentacar.com\/de\/datenschutzbestimmungen\/"]}]},{"@type":"BreadcrumbList","@id":"https:\/\/fastlanerentacar.com\/de\/datenschutzbestimmungen\/#breadcrumb","itemListElement":[{"@type":"ListItem","position":1,"name":"Home","item":"https:\/\/fastlanerentacar.com\/de\/startseite\/"},{"@type":"ListItem","position":2,"name":"Datenschutzbestimmungen"}]},{"@type":"WebSite","@id":"https:\/\/fastlanerentacar.com\/#website","url":"https:\/\/fastlanerentacar.com\/","name":"Fastlane","description":"","publisher":{"@id":"https:\/\/fastlanerentacar.com\/#organization"},"potentialAction":[{"@type":"SearchAction","target":{"@type":"EntryPoint","urlTemplate":"https:\/\/fastlanerentacar.com\/?s={search_term_string}"},"query-input":{"@type":"PropertyValueSpecification","valueRequired":true,"valueName":"search_term_string"}}],"inLanguage":"de"},{"@type":"Organization","@id":"https:\/\/fastlanerentacar.com\/#organization","name":"Fastlane","url":"https:\/\/fastlanerentacar.com\/","logo":{"@type":"ImageObject","inLanguage":"de","@id":"https:\/\/fastlanerentacar.com\/#\/schema\/logo\/image\/","url":"https:\/\/fastlanerentacar.com\/wp-content\/uploads\/Asset-2@2x-8.png","contentUrl":"https:\/\/fastlanerentacar.com\/wp-content\/uploads\/Asset-2@2x-8.png","width":1641,"height":316,"caption":"Fastlane"},"image":{"@id":"https:\/\/fastlanerentacar.com\/#\/schema\/logo\/image\/"}}]}},"_links":{"self":[{"href":"https:\/\/fastlanerentacar.com\/de\/wp-json\/wp\/v2\/pages\/5067","targetHints":{"allow":["GET"]}}],"collection":[{"href":"https:\/\/fastlanerentacar.com\/de\/wp-json\/wp\/v2\/pages"}],"about":[{"href":"https:\/\/fastlanerentacar.com\/de\/wp-json\/wp\/v2\/types\/page"}],"author":[{"embeddable":true,"href":"https:\/\/fastlanerentacar.com\/de\/wp-json\/wp\/v2\/users\/1"}],"replies":[{"embeddable":true,"href":"https:\/\/fastlanerentacar.com\/de\/wp-json\/wp\/v2\/comments?post=5067"}],"version-history":[{"count":2,"href":"https:\/\/fastlanerentacar.com\/de\/wp-json\/wp\/v2\/pages\/5067\/revisions"}],"predecessor-version":[{"id":63441,"href":"https:\/\/fastlanerentacar.com\/de\/wp-json\/wp\/v2\/pages\/5067\/revisions\/63441"}],"wp:attachment":[{"href":"https:\/\/fastlanerentacar.com\/de\/wp-json\/wp\/v2\/media?parent=5067"}],"curies":[{"name":"wp","href":"https:\/\/api.w.org\/{rel}","templated":true}]}}