{"id":6712,"date":"2023-08-04T09:43:43","date_gmt":"2023-08-04T09:43:43","guid":{"rendered":"https:\/\/turboplus.digitality-agency.com\/bedingungen-und-konditionen\/"},"modified":"2025-05-07T17:22:32","modified_gmt":"2025-05-07T17:22:32","slug":"bedingungen-und-konditionen","status":"publish","type":"page","link":"https:\/\/fastlanerentacar.com\/de\/bedingungen-und-konditionen\/","title":{"rendered":"Bedingungen und Konditionen"},"content":{"rendered":"\t\t<div data-elementor-type=\"wp-page\" data-elementor-id=\"6712\" class=\"elementor elementor-6712 elementor-4695\" data-elementor-post-type=\"page\">\n\t\t\t\t<div class=\"elementor-element elementor-element-08e60ae e-flex e-con-boxed e-con e-parent\" data-id=\"08e60ae\" data-element_type=\"container\" data-e-type=\"container\" data-settings=\"{&quot;jet_parallax_layout_list&quot;:[]}\">\n\t\t\t\t\t<div class=\"e-con-inner\">\n\t\t\t\t<div class=\"elementor-element elementor-element-42cff2a elementor-widget elementor-widget-heading\" data-id=\"42cff2a\" data-element_type=\"widget\" data-e-type=\"widget\" data-widget_type=\"heading.default\">\n\t\t\t\t<div class=\"elementor-widget-container\">\n\t\t\t\t\t<h2 class=\"elementor-heading-title elementor-size-default\">Bedingungen und Konditionen<\/h2>\t\t\t\t<\/div>\n\t\t\t\t<\/div>\n\t\t\t\t<div class=\"elementor-element elementor-element-e7df42f elementor-widget elementor-widget-text-editor\" data-id=\"e7df42f\" data-element_type=\"widget\" data-e-type=\"widget\" data-widget_type=\"text-editor.default\">\n\t\t\t\t<div class=\"elementor-widget-container\">\n\t\t\t\t\t\t\t\t\t<div>\n<div>\n<div>\n<div>\n<\/div>\n<\/div>\n<\/div>\n<\/div>\n<div>\n<div>\n<div>\n<div>\n<div>\n<div>\n<p><strong>Zust\u00e4ndigkeiten<\/strong><\/p>\n<p>Der Mieter erkl\u00e4rt, das ausgew\u00e4hlte Fahrzeug in gutem Zustand zu \u00fcbergeben. Der Mieter nimmt zur Kenntnis und erkennt an, dass das Fahrzeug nach Beendigung der Mietzeit im gleichen Zustand (inkl. aller Zubeh\u00f6rteile) an die turbo plus Autovermietung zur\u00fcckgegeben wird.<\/p>\n<p>Die Turbo Plus Autovermietung beh\u00e4lt sich das Recht vor, das Fahrzeug jederzeit zur\u00fcckzunehmen, wenn der Mieter gegen die Gesch\u00e4ftsbedingungen des Unternehmens verst\u00f6\u00dft.<\/p>\n<p>Turbo Plus Rent A Car LLC ist nicht verantwortlich f\u00fcr den Verlust von Gep\u00e4ck<\/p>\n<p>Turbo Plus Rent A Car LLC beh\u00e4lt sich das Recht vor, \u00c4nderungen an den Gesch\u00e4ftsbedingungen ohne vorherige Ank\u00fcndigung vorzunehmen.<\/p>\n<p><strong>Geografische Grenzen<\/strong><\/p>\n<p>Die von Turbo Plus Rent A Car gemieteten Fahrzeuge d\u00fcrfen nur innerhalb der geografischen Grenzen der Vereinigten Arabischen Emirate gefahren werden.<\/p>\n<p><strong>Grenzwerte f\u00fcr die Kilometerleistung<\/strong><\/p>\n<p>T\u00e4gliche\/w\u00f6chentliche Vermietungen<\/p>\n<p>Die zul\u00e4ssige Tagesdistanz betr\u00e4gt 200 Kilometer. Danach wird alles berechnet (1-25 Dirhams \/ km), je nach Art des Autos<\/p>\n<p><strong>Kraftstoff-Politik<\/strong><\/p>\n<p>Das Fahrzeug muss nach Ablauf des Mietzeitraums mit demselben Kraftstoffstand zur\u00fcckgegeben werden, mit dem es gemietet wurde. Bei einem niedrigeren F\u00fcllstand werden Kraftstoffkosten f\u00e4llig<\/p>\n<p>Schadenersatz<\/p>\n<p>Es ist die Pflicht des Mieters, daf\u00fcr zu sorgen, dass die Reifen zu jeder Zeit richtig aufgepumpt sind.<\/p>\n<p>Der Mieter ist verpflichtet, daf\u00fcr zu sorgen, dass das Fahrzeug und seine Ausstattung nicht besch\u00e4digt oder manipuliert werden<\/p>\n<p>Der Mieter ist verpflichtet, das Fahrzeug innen und au\u00dfen sauber zu halten.<\/p>\n<p>Der Mieter ist f\u00fcr alle Reparaturkosten verantwortlich, die w\u00e4hrend des Mietzeitraums anfallen.<\/p>\n<p>Der Mieter darf keinen Reparaturservice von Dritten in Anspruch nehmen &#8211; und wenn der Mieter versucht, das Fahrzeug in der Agentur oder Werkstatt zu reparieren, muss der Mieter mit einer von Turbo Plus f\u00fcr Autovermietung gesch\u00e4tzten Geldstrafe rechnen<\/p>\n<p>Im Falle eines Schadens oder Unfalls muss der Mieter die Polizei (999) und Turbo Plus Rent a Car Company (+971566668793) kontaktieren.<\/p>\n<p>Der Mieter muss einen Polizeibericht \u00fcber jeden Schaden, der w\u00e4hrend der Mietzeit auftritt, einholen<\/p>\n<p><strong>Mietdauer und R\u00fcckgabebedingungen<\/strong><\/p>\n<p>Der Mietpreis wird auf 24-Stunden-Basis berechnet.<\/p>\n<p>Falls das Auto nach der vereinbarten Lieferzeit zur\u00fcckgegeben wird, gilt es als ein ganzt\u00e4giges Paket.<\/p>\n<p>Freitags und an Feiertagen findet kein Check-in statt.<\/p>\n<p>F\u00fcr den Abholservice am R\u00fcckgabetag (in Dubai) muss der Mieter Turbo Plus Rent A Car LLC mindestens 4 Stunden vor der Abholzeit informieren.<\/p>\n<p>F\u00fcr die Abholung am R\u00fcckgabetag (in allen anderen Emiraten) muss der Mieter Turbo Plus Rent A Car LLC mindestens 24 Stunden vor dem Abholtermin informieren.<\/p>\n<p><strong>Zahlungen und sonstige Geb\u00fchren<\/strong><\/p>\n<p><strong>Kaution<\/strong><\/p>\n<p>Turbo Plus \u00fcbernimmt die Wartung des Mietwagens. Ein Sicherheitsbetrag, der je nach Fahrzeugtyp festgelegt wird, bevor der Leasingnehmer das Fahrzeug erh\u00e4lt<\/p>\n<p>Die Versicherungssummen k\u00f6nnen je nach der f\u00fcr die Anmietung gew\u00e4hlten Fahrzeugkategorie variieren<\/p>\n<p>Der Betrag wird f\u00fcr einen Zeitraum von 25 Tagen nach dem Anreisedatum einbehalten, um vom Mieter begangene Geldstrafen oder Salik-Geb\u00fchren zu begleichen.<\/p>\n<p><strong>Salik<\/strong><\/p>\n<p>Pro Salik-\u00dcberfahrt werden 5 AED berechnet.<\/p>\n<p>Die Mautgeb\u00fchren von Salik k\u00f6nnen ohne vorherige Ank\u00fcndigung ge\u00e4ndert werden.<\/p>\n<p>Auf die Servicegeb\u00fchr von Turbo Plus Car Rental LLC wird eine Steuer von 5% erhoben.<\/p>\n<p><strong>Geldbu\u00dfen<\/strong><\/p>\n<p>Der Mieter tr\u00e4gt alle w\u00e4hrend der Mietzeit begangenen Bu\u00dfgelder<\/p>\n<p>Bei Geldbu\u00dfen unter 200 Dirhams wird eine Bearbeitungsgeb\u00fchr von mindestens 20 Dirhams erhoben.<\/p>\n<p>Auf die Servicegeb\u00fchr wird eine Mehrwertsteuer von 5 % erhoben.<\/p>\n<p><strong>Wartung \/ Instandhaltung<\/strong><\/p>\n<p>Alle Mietpreise enthalten regelm\u00e4\u00dfige Servicegeb\u00fchren<\/p>\n<p>Der Mieter muss Turbo Plus Rent A Car LLC mindestens zwei Tage vor der n\u00e4chsten Wartung informieren.<\/p>\n<p>Im Falle einer Fahrzeugpanne wird Turbo Plus Rent A Car LLC so schnell wie m\u00f6glich ein Ersatzfahrzeug zur Verf\u00fcgung stellen.<\/p>\n<p>Der Mieter ist verantwortlich f\u00fcr Fahrzeuge, die nicht zu den vorgesehenen Zeiten gewartet wurden und besch\u00e4digt wurden<\/p>\n<p>Der Mieter tr\u00e4gt alle Kosten der Reparatur und die Mietdauer wird um die Zeit der Schadensbehebung verl\u00e4ngert.<\/p>\n<p>Der Mieter erlaubt keiner dritten Partei, den Mietwagen ohne schriftliche Genehmigung von Turbo Plus Rent A Car LLC zu reparieren.<\/p>\n<p>Der Mieter ist f\u00fcr die Reparatur aller Reifenpannen verantwortlich.<\/p>\n<p>Das Inspektionsteam pr\u00fcft auf Reifensch\u00e4den aufgrund von Reifenpannen und erhebt eine Geb\u00fchr vom Mieter<\/p>\n<p>Der Mieter muss Turbo Plus Rent A Car LLC \u00fcber alle Sch\u00e4den oder mechanischen St\u00f6rungen informieren. Der Mieter haftet f\u00fcr alle Sch\u00e4den, die durch eine versp\u00e4tete Meldung entstehen.<\/p>\n<p>Der Mieter tr\u00e4gt die vollen Kosten der Reparatur, wenn das Fahrzeug durch eine Reifenpanne besch\u00e4digt wird<\/p>\n<p>Probleme im Zusammenhang mit der Wartung oder Pannen k\u00f6nnen unter der Telefonnummer +971566668793 gel\u00f6st werden.<\/p>\n<p><strong>Versicherung<\/strong><\/p>\n<p>Jedes von Turbo Plus Rent a Car gemietete Auto ist nur f\u00fcr Fahrten auf befestigten Stra\u00dfen innerhalb der VAE versichert.<\/p>\n<p>Im Falle einer Besch\u00e4digung des Fahrzeugs muss der Mieter einen Polizeibericht vorlegen, andernfalls muss er f\u00fcr alle Kosten der Schadensbehebung aufkommen.<\/p>\n<p>Sch\u00e4den an der Windschutzscheibe, den Reifen, den R\u00e4dern, dem Werkzeug und der Radabdeckung sind nicht mitversichert.<\/p>\n<p><strong>Rechtliche Fragen<\/strong><\/p>\n<p><strong>Alter<\/strong><\/p>\n<p>Alle Mieter m\u00fcssen mindestens 18 Jahre alt sein<\/p>\n<p><strong>Beschlagnahme des Fahrzeugs<\/strong><\/p>\n<p>Der Mieter ist f\u00fcr die Zahlung der Reservierungsgeb\u00fchr an Turbo Plus Rent A Car LLC verantwortlich, zus\u00e4tzlich zum Verlust der Mietgeb\u00fchren, falls das Auto vom Parkplatz beschlagnahmt wird.<\/p>\n<p>Der Mieter muss daf\u00fcr sorgen, dass der Mietwagen immer an einem sicheren Ort abgestellt wird und dass alle T\u00fcren geschlossen sind.<\/p>\n<p>Der Mieter haftet f\u00fcr alle am Fahrzeug verursachten Sch\u00e4den<\/p>\n<p>Der Mieter ist f\u00fcr den Verlust von Schl\u00fcsseln verantwortlich.<\/p>\n<p>Der Mindestbetrag f\u00fcr verlorene Schl\u00fcssel betr\u00e4gt 2.000 AED &#8211; Die Geb\u00fchren f\u00fcr verlorene Schl\u00fcssel k\u00f6nnen je nach Fahrzeugkategorie variieren.<\/p>\n<p>Alle vom Mieter verursachten Parkgeb\u00fchren werden dem Mieter zus\u00e4tzlich zu einer Verwaltungsgeb\u00fchr auferlegt.<br><br>Bei Stornierung der Fahrzeugreservierung wird eine Stornogeb\u00fchr von 1000 AED erhoben.<br><\/p>\n<p><strong>Cookie-Richtlinie<\/strong><\/p>\n<p><strong>&nbsp;Was sind Cookies?<\/strong><\/p>\n<p>Ein Cookie ist eine eindeutig identifizierende Textdatei<\/p>\n<p>Wenn Sie unsere Website besuchen, erhalten Sie automatisch eine Reihe pers\u00f6nlicher Daten<\/p>\n<p>Diese Informationen werden gesammelt, um Ihr Online-Erlebnis zu verbessern<\/p>\n<p>Wenn Sie diese Website weiter nutzen, stimmen Sie unserer Cookie-Richtlinie zu.<\/p>\n<p><strong>Welche Cookies verwenden wir?<\/strong><\/p>\n<p>Sitzungs-Cookies<\/p>\n<p>Permanente Dateien<\/p>\n<p>Zielgerichtete Dateien<\/p>\n<p>Analytische Dateien<\/p>\n<p>Pixel-Markierungen<\/p>\n<p>Au\u00dferdem k\u00f6nnen Pixel-Tags auf einigen HTML-Webseiten und in E-Mails verwendet werden<\/p>\n<p>Pixel-Tags erm\u00f6glichen es dem Unternehmen, das Verhalten der Nutzer zu verfolgen, und helfen uns auch bei der Suche nach Daten \u00fcber beliebte Reiseziele, durchschnittliche Mietpreise, Umwandlungsraten usw.<\/p>\n<p>Pixel-Marken helfen uns, unseren Kunden ein besseres Gesamterlebnis zu bieten und stellen sicher, dass wir unsere Dienstleistungen und unseren Kundenservice st\u00e4ndig verbessern.<\/p>\n<p><strong>Cookies ausschalten und l\u00f6schen<\/strong><\/p>\n<p>Wenn Sie mit der Verwendung unserer Cookies nicht einverstanden sind, haben Sie die M\u00f6glichkeit, sie nach Ihrem Besuch auf der Website \u00fcber die Registerkarte &#8222;Browserverlauf&#8220; zu l\u00f6schen.<\/p>\n<p>Online-Reservierung &#8211; Bedingungen und Konditionen<\/p>\n<p>Die Online-Buchungsbedingungen gelten ab dem 01\/01\/2020<\/p>\n<p>Best\u00e4tigen Sie die Auswahl<\/p>\n<p>Nach der Buchung des gew\u00fcnschten Dienstes wird der Kunde aufgefordert: die Kundeninformationen auszuf\u00fcllen und die Buchungs\u00fcbersicht zu \u00fcberpr\u00fcfen<\/p>\n<p>Endg\u00fcltige Zustimmung zu den Reservierungsbedingungen<\/p>\n<p><strong>Benachrichtigung<\/strong><\/p>\n<p>Turbo Plus Rent A Car LLC wird Ihnen eine E-Mail zur Best\u00e4tigung schicken, die alle Buchungsdetails enth\u00e4lt.<\/p>\n<p><strong>Best\u00e4tigungsmail<\/strong><\/p>\n<p>Der Kunde erh\u00e4lt eine endg\u00fcltige Best\u00e4tigung der Reservierung, nachdem er alle Schritte des Prozesses abgeschlossen hat<\/p>\n<p>die Preise<\/p>\n<p>Ihr endg\u00fcltiger Kostenvoranschlag von Turbo Plus Rent A Car LLC wird Folgendes enthalten<\/p>\n<p>Zu den folgenden Elementen:<\/p>\n<p>Alle obligatorischen Geb\u00fchren, die Mehrwertsteuer und alle anderen Steuern, die von den Beh\u00f6rden erhoben werden, einschlie\u00dflich Kilometer, Haftpflichtversicherung und Diebstahlversicherung<\/p>\n<p><strong>Zahlungen<\/strong><\/p>\n<p>Es gibt zwei Zahlungsm\u00f6glichkeiten:<\/p>\n<p><strong>1:<\/strong> &nbsp;Jetzt buchen und bezahlen<\/p>\n<p><strong>2:<\/strong> &nbsp;Buchen und bezahlen im B\u00fcro<\/p>\n<p>Buchen und bezahlen Sie jetzt und geben Sie die Vorauszahlung per Bank\u00fcberweisung auf das Firmenkonto an<\/p>\n<p>Prepaid-Tarife werden online verf\u00fcgbar sein<\/p>\n<p>Der gesch\u00e4tzte Betrag muss zum Zeitpunkt der Buchung vollst\u00e4ndig bezahlt werden.<\/p>\n<p>Reservierung und Bezahlung durch das Unternehmen beziehen sich auf die Bezahlung direkt in der Filiale von Turbo Plus Rent A Car LLC<\/p>\n<p><strong>Zahlungsm\u00f6glichkeiten<\/strong><\/p>\n<p>Die Zahlung kann auf folgende Weise erfolgen:<\/p>\n<p>Kreditkarten &#8211; Die allgemein akzeptierten Kreditkarten bei Turbo Plus Rent A Car LLC sind Mastercard und Visa<\/p>\n<p>Debitkarten &#8211; Debitkarten m\u00fcssen mit einem Bankkonto verbunden sein, um akzeptiert zu werden.<\/p>\n<p>Maestro-Karten<\/p>\n<p>Visa-Electron-Karten<\/p>\n<p><strong>Kaution der Versicherung<\/strong><\/p>\n<p>Eine Kaution ist ein Betrag, der zus\u00e4tzlich zum Gesamtpreis f\u00fcr die Miete zu entrichten ist<\/p>\n<p>Der Mieter wird \u00fcber die genaue Form der Kaution informiert<\/p>\n<p>Die Kaution dient dazu, dass die Turbo Plus Autovermietung Sicherheit und Schutz f\u00fcr die Autorisierung vor Beginn der Mietzeit erh\u00e4lt.<\/p>\n<p>Die H\u00f6he der Kaution h\u00e4ngt von der gew\u00e4hlten Fahrzeugkategorie ab<\/p>\n<p>Die Kaution bleibt f\u00fcr die gesamte Mietdauer bestehen<\/p>\n<p>Die Kaution muss innerhalb von 30 Tagen nach der R\u00fcckgabe des Fahrzeugs an den Mieter zur\u00fcckerstattet werden.<\/p>\n<p>Zum Zeitpunkt des Check-in m\u00fcssen alle Zahlungen beglichen sein<\/p>\n<p><strong>Andere Anfragen<\/strong><\/p>\n<p>Wenn Sie weitere Informationen ben\u00f6tigen, k\u00f6nnen Sie sich an das Turbo Plus Reservierungszentrum f\u00fcr Rent A Car LLC wenden. Wir beantworten gerne alle Fragen (+971566668793)<\/p>\n<p><strong>Sonstige allgemeine Bedingungen und Konditionen<\/strong><\/p>\n<p>Handelt es sich bei dem Mieter um einen Touristen, der einen F\u00fchrerschein aus einem von den Vereinigten Arabischen Emiraten zugelassenen Land besitzt, muss der Mieter einen Vertrag unterzeichnen, in dem Folgendes festgelegt ist: Sobald der Mieter seinen Wohnsitz in den VAE hat, muss er seinen F\u00fchrerschein in einen VAE-F\u00fchrerschein umwandeln, und der Mieter erkl\u00e4rt sich ebenfalls damit einverstanden. Es w\u00e4re jedoch illegal, mit einem ausl\u00e4ndischen F\u00fchrerschein in den VAE zu fahren, sobald die Aufenthaltsgenehmigung erteilt wurde.<\/p>\n<p>F\u00fcr Unf\u00e4lle oder Sch\u00e4den am Mietwagen, die auf den Einfluss von Alkohol oder Drogen zur\u00fcckzuf\u00fchren sind, tr\u00e4gt der Mieter die volle Verantwortung.<\/p>\n<p>Der Mieter muss sicherstellen, dass nur die im Vertrag eingetragenen Fahrer das Fahrzeug f\u00fchren d\u00fcrfen.<\/p>\n<p>Der Mieter darf die Autoscheiben nicht f\u00e4rben und keine eigenen Aufkleber am Auto anbringen. F\u00fcr diese Verst\u00f6\u00dfe wird von Turbo Plus Rent A Car LLC eine Geldstrafe verh\u00e4ngt, und der Mieter tr\u00e4gt die volle Verantwortung f\u00fcr die von der Regierung auferlegten Strafen.<\/p>\n<p>Alle Streitigkeiten im Zusammenhang mit Rechnungen, Konten und Streitigkeiten im Zusammenhang mit Wartung und Dienstleistungen werden bearbeitet von: info@turboplus.ae<\/p>\n<\/div>\n<\/div>\n<\/div>\n<\/div>\n<\/div>\n<\/div>\t\t\t\t\t\t\t\t<\/div>\n\t\t\t\t<\/div>\n\t\t\t\t\t<\/div>\n\t\t\t\t<\/div>\n\t\t\t\t<\/div>\n\t\t","protected":false},"excerpt":{"rendered":"<p>Bedingungen und Konditionen Zust\u00e4ndigkeiten Der Mieter erkl\u00e4rt, das ausgew\u00e4hlte Fahrzeug in gutem Zustand zu \u00fcbergeben. Der Mieter nimmt zur Kenntnis und erkennt an, dass das Fahrzeug nach Beendigung der Mietzeit im gleichen Zustand (inkl. aller Zubeh\u00f6rteile) an die turbo plus Autovermietung zur\u00fcckgegeben wird. Die Turbo Plus Autovermietung beh\u00e4lt sich das Recht vor, das Fahrzeug jederzeit [&hellip;]<\/p>\n","protected":false},"author":1,"featured_media":0,"parent":0,"menu_order":0,"comment_status":"closed","ping_status":"closed","template":"elementor_header_footer","meta":{"_acf_changed":false,"footnotes":""},"class_list":["post-6712","page","type-page","status-publish","hentry"],"acf":[],"yoast_head":"<!-- This site is optimized with the Yoast SEO plugin v27.4 - https:\/\/yoast.com\/product\/yoast-seo-wordpress\/ -->\n<title>Bedingungen und Konditionen - Fastlane<\/title>\n<meta name=\"robots\" content=\"index, follow, max-snippet:-1, max-image-preview:large, max-video-preview:-1\" \/>\n<link rel=\"canonical\" href=\"https:\/\/fastlanerentacar.com\/de\/bedingungen-und-konditionen\/\" \/>\n<meta property=\"og:locale\" content=\"de_DE\" \/>\n<meta property=\"og:type\" content=\"article\" \/>\n<meta property=\"og:title\" content=\"Bedingungen und Konditionen - Fastlane\" \/>\n<meta property=\"og:description\" content=\"Bedingungen und Konditionen Zust\u00e4ndigkeiten Der Mieter erkl\u00e4rt, das ausgew\u00e4hlte Fahrzeug in gutem Zustand zu \u00fcbergeben. Der Mieter nimmt zur Kenntnis und erkennt an, dass das Fahrzeug nach Beendigung der Mietzeit im gleichen Zustand (inkl. aller Zubeh\u00f6rteile) an die turbo plus Autovermietung zur\u00fcckgegeben wird. Die Turbo Plus Autovermietung beh\u00e4lt sich das Recht vor, das Fahrzeug jederzeit [&hellip;]\" \/>\n<meta property=\"og:url\" content=\"https:\/\/fastlanerentacar.com\/de\/bedingungen-und-konditionen\/\" \/>\n<meta property=\"og:site_name\" content=\"Fastlane\" \/>\n<meta property=\"article:modified_time\" content=\"2025-05-07T17:22:32+00:00\" \/>\n<meta property=\"og:image\" content=\"https:\/\/fastlanerentacar.com\/wp-content\/uploads\/logo3.png\" \/>\n\t<meta property=\"og:image:width\" content=\"657\" \/>\n\t<meta property=\"og:image:height\" content=\"54\" \/>\n\t<meta property=\"og:image:type\" content=\"image\/png\" \/>\n<meta name=\"twitter:card\" content=\"summary_large_image\" \/>\n<meta name=\"twitter:label1\" content=\"Gesch\u00e4tzte Lesezeit\" \/>\n\t<meta name=\"twitter:data1\" content=\"8\u00a0Minuten\" \/>\n<script type=\"application\/ld+json\" class=\"yoast-schema-graph\">{\"@context\":\"https:\\\/\\\/schema.org\",\"@graph\":[{\"@type\":\"WebPage\",\"@id\":\"https:\\\/\\\/fastlanerentacar.com\\\/de\\\/bedingungen-und-konditionen\\\/\",\"url\":\"https:\\\/\\\/fastlanerentacar.com\\\/de\\\/bedingungen-und-konditionen\\\/\",\"name\":\"Bedingungen und Konditionen - Fastlane\",\"isPartOf\":{\"@id\":\"https:\\\/\\\/fastlanerentacar.com\\\/#website\"},\"datePublished\":\"2023-08-04T09:43:43+00:00\",\"dateModified\":\"2025-05-07T17:22:32+00:00\",\"breadcrumb\":{\"@id\":\"https:\\\/\\\/fastlanerentacar.com\\\/de\\\/bedingungen-und-konditionen\\\/#breadcrumb\"},\"inLanguage\":\"de\",\"potentialAction\":[{\"@type\":\"ReadAction\",\"target\":[\"https:\\\/\\\/fastlanerentacar.com\\\/de\\\/bedingungen-und-konditionen\\\/\"]}]},{\"@type\":\"BreadcrumbList\",\"@id\":\"https:\\\/\\\/fastlanerentacar.com\\\/de\\\/bedingungen-und-konditionen\\\/#breadcrumb\",\"itemListElement\":[{\"@type\":\"ListItem\",\"position\":1,\"name\":\"Home\",\"item\":\"https:\\\/\\\/fastlanerentacar.com\\\/de\\\/startseite\\\/\"},{\"@type\":\"ListItem\",\"position\":2,\"name\":\"Bedingungen und Konditionen\"}]},{\"@type\":\"WebSite\",\"@id\":\"https:\\\/\\\/fastlanerentacar.com\\\/#website\",\"url\":\"https:\\\/\\\/fastlanerentacar.com\\\/\",\"name\":\"Fastlane\",\"description\":\"\",\"publisher\":{\"@id\":\"https:\\\/\\\/fastlanerentacar.com\\\/#organization\"},\"potentialAction\":[{\"@type\":\"SearchAction\",\"target\":{\"@type\":\"EntryPoint\",\"urlTemplate\":\"https:\\\/\\\/fastlanerentacar.com\\\/?s={search_term_string}\"},\"query-input\":{\"@type\":\"PropertyValueSpecification\",\"valueRequired\":true,\"valueName\":\"search_term_string\"}}],\"inLanguage\":\"de\"},{\"@type\":\"Organization\",\"@id\":\"https:\\\/\\\/fastlanerentacar.com\\\/#organization\",\"name\":\"Fastlane\",\"url\":\"https:\\\/\\\/fastlanerentacar.com\\\/\",\"logo\":{\"@type\":\"ImageObject\",\"inLanguage\":\"de\",\"@id\":\"https:\\\/\\\/fastlanerentacar.com\\\/#\\\/schema\\\/logo\\\/image\\\/\",\"url\":\"https:\\\/\\\/fastlanerentacar.com\\\/wp-content\\\/uploads\\\/Asset-2@2x-8.png\",\"contentUrl\":\"https:\\\/\\\/fastlanerentacar.com\\\/wp-content\\\/uploads\\\/Asset-2@2x-8.png\",\"width\":1641,\"height\":316,\"caption\":\"Fastlane\"},\"image\":{\"@id\":\"https:\\\/\\\/fastlanerentacar.com\\\/#\\\/schema\\\/logo\\\/image\\\/\"}}]}<\/script>\n<!-- \/ Yoast SEO plugin. -->","yoast_head_json":{"title":"Bedingungen und Konditionen - Fastlane","robots":{"index":"index","follow":"follow","max-snippet":"max-snippet:-1","max-image-preview":"max-image-preview:large","max-video-preview":"max-video-preview:-1"},"canonical":"https:\/\/fastlanerentacar.com\/de\/bedingungen-und-konditionen\/","og_locale":"de_DE","og_type":"article","og_title":"Bedingungen und Konditionen - Fastlane","og_description":"Bedingungen und Konditionen Zust\u00e4ndigkeiten Der Mieter erkl\u00e4rt, das ausgew\u00e4hlte Fahrzeug in gutem Zustand zu \u00fcbergeben. Der Mieter nimmt zur Kenntnis und erkennt an, dass das Fahrzeug nach Beendigung der Mietzeit im gleichen Zustand (inkl. aller Zubeh\u00f6rteile) an die turbo plus Autovermietung zur\u00fcckgegeben wird. Die Turbo Plus Autovermietung beh\u00e4lt sich das Recht vor, das Fahrzeug jederzeit [&hellip;]","og_url":"https:\/\/fastlanerentacar.com\/de\/bedingungen-und-konditionen\/","og_site_name":"Fastlane","article_modified_time":"2025-05-07T17:22:32+00:00","og_image":[{"width":657,"height":54,"url":"https:\/\/fastlanerentacar.com\/wp-content\/uploads\/logo3.png","type":"image\/png"}],"twitter_card":"summary_large_image","twitter_misc":{"Gesch\u00e4tzte Lesezeit":"8\u00a0Minuten"},"schema":{"@context":"https:\/\/schema.org","@graph":[{"@type":"WebPage","@id":"https:\/\/fastlanerentacar.com\/de\/bedingungen-und-konditionen\/","url":"https:\/\/fastlanerentacar.com\/de\/bedingungen-und-konditionen\/","name":"Bedingungen und Konditionen - Fastlane","isPartOf":{"@id":"https:\/\/fastlanerentacar.com\/#website"},"datePublished":"2023-08-04T09:43:43+00:00","dateModified":"2025-05-07T17:22:32+00:00","breadcrumb":{"@id":"https:\/\/fastlanerentacar.com\/de\/bedingungen-und-konditionen\/#breadcrumb"},"inLanguage":"de","potentialAction":[{"@type":"ReadAction","target":["https:\/\/fastlanerentacar.com\/de\/bedingungen-und-konditionen\/"]}]},{"@type":"BreadcrumbList","@id":"https:\/\/fastlanerentacar.com\/de\/bedingungen-und-konditionen\/#breadcrumb","itemListElement":[{"@type":"ListItem","position":1,"name":"Home","item":"https:\/\/fastlanerentacar.com\/de\/startseite\/"},{"@type":"ListItem","position":2,"name":"Bedingungen und Konditionen"}]},{"@type":"WebSite","@id":"https:\/\/fastlanerentacar.com\/#website","url":"https:\/\/fastlanerentacar.com\/","name":"Fastlane","description":"","publisher":{"@id":"https:\/\/fastlanerentacar.com\/#organization"},"potentialAction":[{"@type":"SearchAction","target":{"@type":"EntryPoint","urlTemplate":"https:\/\/fastlanerentacar.com\/?s={search_term_string}"},"query-input":{"@type":"PropertyValueSpecification","valueRequired":true,"valueName":"search_term_string"}}],"inLanguage":"de"},{"@type":"Organization","@id":"https:\/\/fastlanerentacar.com\/#organization","name":"Fastlane","url":"https:\/\/fastlanerentacar.com\/","logo":{"@type":"ImageObject","inLanguage":"de","@id":"https:\/\/fastlanerentacar.com\/#\/schema\/logo\/image\/","url":"https:\/\/fastlanerentacar.com\/wp-content\/uploads\/Asset-2@2x-8.png","contentUrl":"https:\/\/fastlanerentacar.com\/wp-content\/uploads\/Asset-2@2x-8.png","width":1641,"height":316,"caption":"Fastlane"},"image":{"@id":"https:\/\/fastlanerentacar.com\/#\/schema\/logo\/image\/"}}]}},"_links":{"self":[{"href":"https:\/\/fastlanerentacar.com\/de\/wp-json\/wp\/v2\/pages\/6712","targetHints":{"allow":["GET"]}}],"collection":[{"href":"https:\/\/fastlanerentacar.com\/de\/wp-json\/wp\/v2\/pages"}],"about":[{"href":"https:\/\/fastlanerentacar.com\/de\/wp-json\/wp\/v2\/types\/page"}],"author":[{"embeddable":true,"href":"https:\/\/fastlanerentacar.com\/de\/wp-json\/wp\/v2\/users\/1"}],"replies":[{"embeddable":true,"href":"https:\/\/fastlanerentacar.com\/de\/wp-json\/wp\/v2\/comments?post=6712"}],"version-history":[{"count":2,"href":"https:\/\/fastlanerentacar.com\/de\/wp-json\/wp\/v2\/pages\/6712\/revisions"}],"predecessor-version":[{"id":62953,"href":"https:\/\/fastlanerentacar.com\/de\/wp-json\/wp\/v2\/pages\/6712\/revisions\/62953"}],"wp:attachment":[{"href":"https:\/\/fastlanerentacar.com\/de\/wp-json\/wp\/v2\/media?parent=6712"}],"curies":[{"name":"wp","href":"https:\/\/api.w.org\/{rel}","templated":true}]}}