{"id":34160,"date":"2023-08-23T14:06:04","date_gmt":"2023-08-23T14:06:04","guid":{"rendered":"https:\/\/turboplus.digitality-agency.com\/product\/gmc-denali-schwarz-2021-in-dubai-mieten\/"},"modified":"2023-10-17T09:14:33","modified_gmt":"2023-10-17T09:14:33","slug":"rent-gmc-denali-black-2021-in-dubai","status":"publish","type":"product","link":"https:\/\/fastlanerentacar.com\/de\/product\/rent-gmc-denali-black-2021-in-dubai\/","title":{"rendered":"GMC Denali (Schwarz), 2021 in Dubai mieten"},"content":{"rendered":"","protected":false},"excerpt":{"rendered":"<p>Sie k\u00f6nnen GMC Denali (Schwarz), 2021 in Dubai, Vereinigte Arabische Emirate f\u00fcr den n\u00e4chsten Preis mieten \u20ac 200,77 pro Tag oder \u20ac 4.517 pro Monat. Der Mietpreis beinhaltet eine Grundversicherung und eine Standardkilometerbegrenzung von 300 km\/Tag (bei \u00dcberschreitung des Limits werden 1,25 \u20ac pro zus\u00e4tzlichem Kilometer berechnet). Keine Kaution erforderlich. Also, warten Sie nicht l\u00e4nger. Wenn Sie dieses Auto fahren wollen &#8211; kontaktieren Sie uns f\u00fcr die Buchung oder jede Frage jetzt.<\/p>\n","protected":false},"featured_media":58634,"comment_status":"closed","ping_status":"closed","template":"","meta":{"_acf_changed":false},"product_brand":[],"product_cat":[229],"product_tag":[239,348],"class_list":{"0":"post-34160","1":"product","2":"type-product","3":"status-publish","4":"has-post-thumbnail","6":"product_cat-gmc-de","7":"product_tag-geschaeftsautos","8":"product_tag-suv-de","9":"yith_booking_service-deposit-free","11":"first","12":"instock","13":"virtual","14":"sold-individually","15":"purchasable","16":"product-type-booking"},"acf":[],"yoast_head":"<!-- This site is optimized with the Yoast SEO plugin v27.4 - https:\/\/yoast.com\/product\/yoast-seo-wordpress\/ -->\n<title>GMC Denali (Schwarz), 2021 in Dubai mieten - Fastlane<\/title>\n<meta name=\"robots\" content=\"index, follow, max-snippet:-1, max-image-preview:large, max-video-preview:-1\" \/>\n<link rel=\"canonical\" href=\"https:\/\/fastlanerentacar.com\/produkt\/rent-gmc-denali-black-2021-in-dubai\/\" \/>\n<meta property=\"og:locale\" content=\"de_DE\" \/>\n<meta property=\"og:type\" content=\"article\" \/>\n<meta property=\"og:title\" content=\"GMC Denali (Schwarz), 2021 in Dubai mieten - Fastlane\" \/>\n<meta property=\"og:description\" content=\"Sie k\u00f6nnen GMC Denali (Schwarz), 2021 in Dubai, Vereinigte Arabische Emirate f\u00fcr den n\u00e4chsten Preis mieten \u20ac 200,77 pro Tag oder \u20ac 4.517 pro Monat. Der Mietpreis beinhaltet eine Grundversicherung und eine Standardkilometerbegrenzung von 300 km\/Tag (bei \u00dcberschreitung des Limits werden 1,25 \u20ac pro zus\u00e4tzlichem Kilometer berechnet). Keine Kaution erforderlich. Also, warten Sie nicht l\u00e4nger. Wenn Sie dieses Auto fahren wollen - kontaktieren Sie uns f\u00fcr die Buchung oder jede Frage jetzt.\" \/>\n<meta property=\"og:url\" content=\"https:\/\/fastlanerentacar.com\/produkt\/rent-gmc-denali-black-2021-in-dubai\/\" \/>\n<meta property=\"og:site_name\" content=\"Fastlane\" \/>\n<meta property=\"article:modified_time\" content=\"2023-10-17T09:14:33+00:00\" \/>\n<meta property=\"og:image\" content=\"https:\/\/i0.wp.com\/turboplusdxb.com\/wp-content\/uploads\/black_gmc-yukon-xl-denali-topoftheline_2021img1-min-1.png-copy.jpg?fit=1360%2C850&ssl=1\" \/>\n\t<meta property=\"og:image:width\" content=\"1360\" \/>\n\t<meta property=\"og:image:height\" content=\"850\" \/>\n\t<meta property=\"og:image:type\" content=\"image\/jpeg\" \/>\n<meta name=\"twitter:card\" content=\"summary_large_image\" \/>\n<script type=\"application\/ld+json\" class=\"yoast-schema-graph\">{\"@context\":\"https:\\\/\\\/schema.org\",\"@graph\":[{\"@type\":\"WebPage\",\"@id\":\"https:\\\/\\\/fastlanerentacar.com\\\/produkt\\\/rent-gmc-denali-black-2021-in-dubai\\\/\",\"url\":\"https:\\\/\\\/fastlanerentacar.com\\\/produkt\\\/rent-gmc-denali-black-2021-in-dubai\\\/\",\"name\":\"GMC Denali (Schwarz), 2021 in Dubai mieten - Fastlane\",\"isPartOf\":{\"@id\":\"https:\\\/\\\/fastlanerentacar.com\\\/#website\"},\"primaryImageOfPage\":{\"@id\":\"https:\\\/\\\/fastlanerentacar.com\\\/produkt\\\/rent-gmc-denali-black-2021-in-dubai\\\/#primaryimage\"},\"image\":{\"@id\":\"https:\\\/\\\/fastlanerentacar.com\\\/produkt\\\/rent-gmc-denali-black-2021-in-dubai\\\/#primaryimage\"},\"thumbnailUrl\":\"https:\\\/\\\/fastlanerentacar.com\\\/wp-content\\\/uploads\\\/black_gmc-yukon-xl-denali-topoftheline_2021img1-min-1.png-copy.jpg\",\"datePublished\":\"2023-08-23T14:06:04+00:00\",\"dateModified\":\"2023-10-17T09:14:33+00:00\",\"breadcrumb\":{\"@id\":\"https:\\\/\\\/fastlanerentacar.com\\\/produkt\\\/rent-gmc-denali-black-2021-in-dubai\\\/#breadcrumb\"},\"inLanguage\":\"de\",\"potentialAction\":[{\"@type\":\"ReadAction\",\"target\":[\"https:\\\/\\\/fastlanerentacar.com\\\/produkt\\\/rent-gmc-denali-black-2021-in-dubai\\\/\"]}]},{\"@type\":\"ImageObject\",\"inLanguage\":\"de\",\"@id\":\"https:\\\/\\\/fastlanerentacar.com\\\/produkt\\\/rent-gmc-denali-black-2021-in-dubai\\\/#primaryimage\",\"url\":\"https:\\\/\\\/fastlanerentacar.com\\\/wp-content\\\/uploads\\\/black_gmc-yukon-xl-denali-topoftheline_2021img1-min-1.png-copy.jpg\",\"contentUrl\":\"https:\\\/\\\/fastlanerentacar.com\\\/wp-content\\\/uploads\\\/black_gmc-yukon-xl-denali-topoftheline_2021img1-min-1.png-copy.jpg\",\"width\":1360,\"height\":850},{\"@type\":\"BreadcrumbList\",\"@id\":\"https:\\\/\\\/fastlanerentacar.com\\\/produkt\\\/rent-gmc-denali-black-2021-in-dubai\\\/#breadcrumb\",\"itemListElement\":[{\"@type\":\"ListItem\",\"position\":1,\"name\":\"Home\",\"item\":\"https:\\\/\\\/fastlanerentacar.com\\\/de\\\/startseite\\\/\"},{\"@type\":\"ListItem\",\"position\":2,\"name\":\"Products\",\"item\":\"https:\\\/\\\/fastlanerentacar.com\\\/shop\\\/\"},{\"@type\":\"ListItem\",\"position\":3,\"name\":\"GMC Denali (Schwarz), 2021 in Dubai mieten\"}]},{\"@type\":\"WebSite\",\"@id\":\"https:\\\/\\\/fastlanerentacar.com\\\/#website\",\"url\":\"https:\\\/\\\/fastlanerentacar.com\\\/\",\"name\":\"Fastlane\",\"description\":\"\",\"publisher\":{\"@id\":\"https:\\\/\\\/fastlanerentacar.com\\\/#organization\"},\"potentialAction\":[{\"@type\":\"SearchAction\",\"target\":{\"@type\":\"EntryPoint\",\"urlTemplate\":\"https:\\\/\\\/fastlanerentacar.com\\\/?s={search_term_string}\"},\"query-input\":{\"@type\":\"PropertyValueSpecification\",\"valueRequired\":true,\"valueName\":\"search_term_string\"}}],\"inLanguage\":\"de\"},{\"@type\":\"Organization\",\"@id\":\"https:\\\/\\\/fastlanerentacar.com\\\/#organization\",\"name\":\"Fastlane\",\"url\":\"https:\\\/\\\/fastlanerentacar.com\\\/\",\"logo\":{\"@type\":\"ImageObject\",\"inLanguage\":\"de\",\"@id\":\"https:\\\/\\\/fastlanerentacar.com\\\/#\\\/schema\\\/logo\\\/image\\\/\",\"url\":\"https:\\\/\\\/fastlanerentacar.com\\\/wp-content\\\/uploads\\\/Asset-2@2x-8.png\",\"contentUrl\":\"https:\\\/\\\/fastlanerentacar.com\\\/wp-content\\\/uploads\\\/Asset-2@2x-8.png\",\"width\":1641,\"height\":316,\"caption\":\"Fastlane\"},\"image\":{\"@id\":\"https:\\\/\\\/fastlanerentacar.com\\\/#\\\/schema\\\/logo\\\/image\\\/\"}}]}<\/script>\n<!-- \/ Yoast SEO plugin. -->","yoast_head_json":{"title":"GMC Denali (Schwarz), 2021 in Dubai mieten - Fastlane","robots":{"index":"index","follow":"follow","max-snippet":"max-snippet:-1","max-image-preview":"max-image-preview:large","max-video-preview":"max-video-preview:-1"},"canonical":"https:\/\/fastlanerentacar.com\/produkt\/rent-gmc-denali-black-2021-in-dubai\/","og_locale":"de_DE","og_type":"article","og_title":"GMC Denali (Schwarz), 2021 in Dubai mieten - Fastlane","og_description":"Sie k\u00f6nnen GMC Denali (Schwarz), 2021 in Dubai, Vereinigte Arabische Emirate f\u00fcr den n\u00e4chsten Preis mieten \u20ac 200,77 pro Tag oder \u20ac 4.517 pro Monat. Der Mietpreis beinhaltet eine Grundversicherung und eine Standardkilometerbegrenzung von 300 km\/Tag (bei \u00dcberschreitung des Limits werden 1,25 \u20ac pro zus\u00e4tzlichem Kilometer berechnet). Keine Kaution erforderlich. Also, warten Sie nicht l\u00e4nger. Wenn Sie dieses Auto fahren wollen - kontaktieren Sie uns f\u00fcr die Buchung oder jede Frage jetzt.","og_url":"https:\/\/fastlanerentacar.com\/produkt\/rent-gmc-denali-black-2021-in-dubai\/","og_site_name":"Fastlane","article_modified_time":"2023-10-17T09:14:33+00:00","og_image":[{"width":1360,"height":850,"url":"https:\/\/i0.wp.com\/turboplusdxb.com\/wp-content\/uploads\/black_gmc-yukon-xl-denali-topoftheline_2021img1-min-1.png-copy.jpg?fit=1360%2C850&ssl=1","type":"image\/jpeg"}],"twitter_card":"summary_large_image","schema":{"@context":"https:\/\/schema.org","@graph":[{"@type":"WebPage","@id":"https:\/\/fastlanerentacar.com\/produkt\/rent-gmc-denali-black-2021-in-dubai\/","url":"https:\/\/fastlanerentacar.com\/produkt\/rent-gmc-denali-black-2021-in-dubai\/","name":"GMC Denali (Schwarz), 2021 in Dubai mieten - Fastlane","isPartOf":{"@id":"https:\/\/fastlanerentacar.com\/#website"},"primaryImageOfPage":{"@id":"https:\/\/fastlanerentacar.com\/produkt\/rent-gmc-denali-black-2021-in-dubai\/#primaryimage"},"image":{"@id":"https:\/\/fastlanerentacar.com\/produkt\/rent-gmc-denali-black-2021-in-dubai\/#primaryimage"},"thumbnailUrl":"https:\/\/fastlanerentacar.com\/wp-content\/uploads\/black_gmc-yukon-xl-denali-topoftheline_2021img1-min-1.png-copy.jpg","datePublished":"2023-08-23T14:06:04+00:00","dateModified":"2023-10-17T09:14:33+00:00","breadcrumb":{"@id":"https:\/\/fastlanerentacar.com\/produkt\/rent-gmc-denali-black-2021-in-dubai\/#breadcrumb"},"inLanguage":"de","potentialAction":[{"@type":"ReadAction","target":["https:\/\/fastlanerentacar.com\/produkt\/rent-gmc-denali-black-2021-in-dubai\/"]}]},{"@type":"ImageObject","inLanguage":"de","@id":"https:\/\/fastlanerentacar.com\/produkt\/rent-gmc-denali-black-2021-in-dubai\/#primaryimage","url":"https:\/\/fastlanerentacar.com\/wp-content\/uploads\/black_gmc-yukon-xl-denali-topoftheline_2021img1-min-1.png-copy.jpg","contentUrl":"https:\/\/fastlanerentacar.com\/wp-content\/uploads\/black_gmc-yukon-xl-denali-topoftheline_2021img1-min-1.png-copy.jpg","width":1360,"height":850},{"@type":"BreadcrumbList","@id":"https:\/\/fastlanerentacar.com\/produkt\/rent-gmc-denali-black-2021-in-dubai\/#breadcrumb","itemListElement":[{"@type":"ListItem","position":1,"name":"Home","item":"https:\/\/fastlanerentacar.com\/de\/startseite\/"},{"@type":"ListItem","position":2,"name":"Products","item":"https:\/\/fastlanerentacar.com\/shop\/"},{"@type":"ListItem","position":3,"name":"GMC Denali (Schwarz), 2021 in Dubai mieten"}]},{"@type":"WebSite","@id":"https:\/\/fastlanerentacar.com\/#website","url":"https:\/\/fastlanerentacar.com\/","name":"Fastlane","description":"","publisher":{"@id":"https:\/\/fastlanerentacar.com\/#organization"},"potentialAction":[{"@type":"SearchAction","target":{"@type":"EntryPoint","urlTemplate":"https:\/\/fastlanerentacar.com\/?s={search_term_string}"},"query-input":{"@type":"PropertyValueSpecification","valueRequired":true,"valueName":"search_term_string"}}],"inLanguage":"de"},{"@type":"Organization","@id":"https:\/\/fastlanerentacar.com\/#organization","name":"Fastlane","url":"https:\/\/fastlanerentacar.com\/","logo":{"@type":"ImageObject","inLanguage":"de","@id":"https:\/\/fastlanerentacar.com\/#\/schema\/logo\/image\/","url":"https:\/\/fastlanerentacar.com\/wp-content\/uploads\/Asset-2@2x-8.png","contentUrl":"https:\/\/fastlanerentacar.com\/wp-content\/uploads\/Asset-2@2x-8.png","width":1641,"height":316,"caption":"Fastlane"},"image":{"@id":"https:\/\/fastlanerentacar.com\/#\/schema\/logo\/image\/"}}]}},"_links":{"self":[{"href":"https:\/\/fastlanerentacar.com\/de\/wp-json\/wp\/v2\/product\/34160","targetHints":{"allow":["GET"]}}],"collection":[{"href":"https:\/\/fastlanerentacar.com\/de\/wp-json\/wp\/v2\/product"}],"about":[{"href":"https:\/\/fastlanerentacar.com\/de\/wp-json\/wp\/v2\/types\/product"}],"replies":[{"embeddable":true,"href":"https:\/\/fastlanerentacar.com\/de\/wp-json\/wp\/v2\/comments?post=34160"}],"wp:featuredmedia":[{"embeddable":true,"href":"https:\/\/fastlanerentacar.com\/de\/wp-json\/wp\/v2\/media\/58634"}],"wp:attachment":[{"href":"https:\/\/fastlanerentacar.com\/de\/wp-json\/wp\/v2\/media?parent=34160"}],"wp:term":[{"taxonomy":"product_brand","embeddable":true,"href":"https:\/\/fastlanerentacar.com\/de\/wp-json\/wp\/v2\/product_brand?post=34160"},{"taxonomy":"product_cat","embeddable":true,"href":"https:\/\/fastlanerentacar.com\/de\/wp-json\/wp\/v2\/product_cat?post=34160"},{"taxonomy":"product_tag","embeddable":true,"href":"https:\/\/fastlanerentacar.com\/de\/wp-json\/wp\/v2\/product_tag?post=34160"}],"curies":[{"name":"wp","href":"https:\/\/api.w.org\/{rel}","templated":true}]}}