{"id":34661,"date":"2023-08-22T10:46:14","date_gmt":"2023-08-22T10:46:14","guid":{"rendered":"https:\/\/turboplus.digitality-agency.com\/product\/bmw-x1-dunkelgrau-2021-in-dubai-mieten\/"},"modified":"2023-10-18T07:50:06","modified_gmt":"2023-10-18T07:50:06","slug":"rent-bmw-x1-dark-grey-2021-in-dubai","status":"publish","type":"product","link":"https:\/\/fastlanerentacar.com\/de\/product\/rent-bmw-x1-dark-grey-2021-in-dubai\/","title":{"rendered":"BMW X1 (Dunkelgrau), 2021 in Dubai mieten"},"content":{"rendered":"","protected":false},"excerpt":{"rendered":"<p>Sie k\u00f6nnen BMW X1 (Dunkelgrau), 2021 in Dubai, Vereinigte Arabische Emirate f\u00fcr den n\u00e4chsten Preis mieten 87,44 \u20ac pro Tag oder \u20ac 1.874 pro Monat. Der Mietpreis beinhaltet eine Grundversicherung und eine Standardkilometerbegrenzung von 250 km\/Tag (bei \u00dcberschreitung des Limits werden 1,25 \u20ac pro zus\u00e4tzlichem Kilometer berechnet). Keine Kaution erforderlich. Also, warten Sie nicht l\u00e4nger. Wenn Sie dieses Auto fahren wollen &#8211; kontaktieren Sie uns f\u00fcr die Buchung oder jede Frage jetzt.<\/p>\n","protected":false},"featured_media":10092,"comment_status":"closed","ping_status":"closed","template":"","meta":{"_acf_changed":false},"product_brand":[],"product_cat":[232],"product_tag":[223,348],"class_list":{"0":"post-34661","1":"product","2":"type-product","3":"status-publish","4":"has-post-thumbnail","6":"product_cat-bmw-de","7":"product_tag-economy-autos","8":"product_tag-suv-de","9":"yith_booking_service-deposit-free","11":"first","12":"instock","13":"virtual","14":"sold-individually","15":"purchasable","16":"product-type-booking"},"acf":[],"yoast_head":"<!-- This site is optimized with the Yoast SEO plugin v27.4 - https:\/\/yoast.com\/product\/yoast-seo-wordpress\/ -->\n<title>BMW X1 (Dunkelgrau), 2021 in Dubai mieten - Fastlane<\/title>\n<meta name=\"robots\" content=\"index, follow, max-snippet:-1, max-image-preview:large, max-video-preview:-1\" \/>\n<link rel=\"canonical\" href=\"https:\/\/fastlanerentacar.com\/de\/produkt\/rent-bmw-x1-dark-grey-2021-in-dubai\/\" \/>\n<meta property=\"og:locale\" content=\"de_DE\" \/>\n<meta property=\"og:type\" content=\"article\" \/>\n<meta property=\"og:title\" content=\"BMW X1 (Dunkelgrau), 2021 in Dubai mieten - Fastlane\" \/>\n<meta property=\"og:description\" content=\"Sie k\u00f6nnen BMW X1 (Dunkelgrau), 2021 in Dubai, Vereinigte Arabische Emirate f\u00fcr den n\u00e4chsten Preis mieten 87,44 \u20ac pro Tag oder \u20ac 1.874 pro Monat. Der Mietpreis beinhaltet eine Grundversicherung und eine Standardkilometerbegrenzung von 250 km\/Tag (bei \u00dcberschreitung des Limits werden 1,25 \u20ac pro zus\u00e4tzlichem Kilometer berechnet). Keine Kaution erforderlich. Also, warten Sie nicht l\u00e4nger. Wenn Sie dieses Auto fahren wollen - kontaktieren Sie uns f\u00fcr die Buchung oder jede Frage jetzt.\" \/>\n<meta property=\"og:url\" content=\"https:\/\/fastlanerentacar.com\/de\/produkt\/rent-bmw-x1-dark-grey-2021-in-dubai\/\" \/>\n<meta property=\"og:site_name\" content=\"Fastlane\" \/>\n<meta property=\"article:modified_time\" content=\"2023-10-18T07:50:06+00:00\" \/>\n<meta property=\"og:image\" content=\"https:\/\/i0.wp.com\/turboplusdxb.com\/wp-content\/uploads\/dark-grey_bmw-x_2021img1-min.png?fit=1518%2C948&ssl=1\" \/>\n\t<meta property=\"og:image:width\" content=\"1518\" \/>\n\t<meta property=\"og:image:height\" content=\"948\" \/>\n\t<meta property=\"og:image:type\" content=\"image\/png\" \/>\n<meta name=\"twitter:card\" content=\"summary_large_image\" \/>\n<script type=\"application\/ld+json\" class=\"yoast-schema-graph\">{\"@context\":\"https:\\\/\\\/schema.org\",\"@graph\":[{\"@type\":\"WebPage\",\"@id\":\"https:\\\/\\\/fastlanerentacar.com\\\/de\\\/produkt\\\/rent-bmw-x1-dark-grey-2021-in-dubai\\\/\",\"url\":\"https:\\\/\\\/fastlanerentacar.com\\\/de\\\/produkt\\\/rent-bmw-x1-dark-grey-2021-in-dubai\\\/\",\"name\":\"BMW X1 (Dunkelgrau), 2021 in Dubai mieten - Fastlane\",\"isPartOf\":{\"@id\":\"https:\\\/\\\/fastlanerentacar.com\\\/#website\"},\"primaryImageOfPage\":{\"@id\":\"https:\\\/\\\/fastlanerentacar.com\\\/de\\\/produkt\\\/rent-bmw-x1-dark-grey-2021-in-dubai\\\/#primaryimage\"},\"image\":{\"@id\":\"https:\\\/\\\/fastlanerentacar.com\\\/de\\\/produkt\\\/rent-bmw-x1-dark-grey-2021-in-dubai\\\/#primaryimage\"},\"thumbnailUrl\":\"https:\\\/\\\/fastlanerentacar.com\\\/wp-content\\\/uploads\\\/dark-grey_bmw-x_2021img1-min.png\",\"datePublished\":\"2023-08-22T10:46:14+00:00\",\"dateModified\":\"2023-10-18T07:50:06+00:00\",\"breadcrumb\":{\"@id\":\"https:\\\/\\\/fastlanerentacar.com\\\/de\\\/produkt\\\/rent-bmw-x1-dark-grey-2021-in-dubai\\\/#breadcrumb\"},\"inLanguage\":\"de\",\"potentialAction\":[{\"@type\":\"ReadAction\",\"target\":[\"https:\\\/\\\/fastlanerentacar.com\\\/de\\\/produkt\\\/rent-bmw-x1-dark-grey-2021-in-dubai\\\/\"]}]},{\"@type\":\"ImageObject\",\"inLanguage\":\"de\",\"@id\":\"https:\\\/\\\/fastlanerentacar.com\\\/de\\\/produkt\\\/rent-bmw-x1-dark-grey-2021-in-dubai\\\/#primaryimage\",\"url\":\"https:\\\/\\\/fastlanerentacar.com\\\/wp-content\\\/uploads\\\/dark-grey_bmw-x_2021img1-min.png\",\"contentUrl\":\"https:\\\/\\\/fastlanerentacar.com\\\/wp-content\\\/uploads\\\/dark-grey_bmw-x_2021img1-min.png\",\"width\":1518,\"height\":948},{\"@type\":\"BreadcrumbList\",\"@id\":\"https:\\\/\\\/fastlanerentacar.com\\\/de\\\/produkt\\\/rent-bmw-x1-dark-grey-2021-in-dubai\\\/#breadcrumb\",\"itemListElement\":[{\"@type\":\"ListItem\",\"position\":1,\"name\":\"Home\",\"item\":\"https:\\\/\\\/fastlanerentacar.com\\\/de\\\/startseite\\\/\"},{\"@type\":\"ListItem\",\"position\":2,\"name\":\"Products\",\"item\":\"https:\\\/\\\/fastlanerentacar.com\\\/shop\\\/\"},{\"@type\":\"ListItem\",\"position\":3,\"name\":\"BMW X1 (Dunkelgrau), 2021 in Dubai mieten\"}]},{\"@type\":\"WebSite\",\"@id\":\"https:\\\/\\\/fastlanerentacar.com\\\/#website\",\"url\":\"https:\\\/\\\/fastlanerentacar.com\\\/\",\"name\":\"Fastlane\",\"description\":\"\",\"publisher\":{\"@id\":\"https:\\\/\\\/fastlanerentacar.com\\\/#organization\"},\"potentialAction\":[{\"@type\":\"SearchAction\",\"target\":{\"@type\":\"EntryPoint\",\"urlTemplate\":\"https:\\\/\\\/fastlanerentacar.com\\\/?s={search_term_string}\"},\"query-input\":{\"@type\":\"PropertyValueSpecification\",\"valueRequired\":true,\"valueName\":\"search_term_string\"}}],\"inLanguage\":\"de\"},{\"@type\":\"Organization\",\"@id\":\"https:\\\/\\\/fastlanerentacar.com\\\/#organization\",\"name\":\"Fastlane\",\"url\":\"https:\\\/\\\/fastlanerentacar.com\\\/\",\"logo\":{\"@type\":\"ImageObject\",\"inLanguage\":\"de\",\"@id\":\"https:\\\/\\\/fastlanerentacar.com\\\/#\\\/schema\\\/logo\\\/image\\\/\",\"url\":\"https:\\\/\\\/fastlanerentacar.com\\\/wp-content\\\/uploads\\\/Asset-2@2x-8.png\",\"contentUrl\":\"https:\\\/\\\/fastlanerentacar.com\\\/wp-content\\\/uploads\\\/Asset-2@2x-8.png\",\"width\":1641,\"height\":316,\"caption\":\"Fastlane\"},\"image\":{\"@id\":\"https:\\\/\\\/fastlanerentacar.com\\\/#\\\/schema\\\/logo\\\/image\\\/\"}}]}<\/script>\n<!-- \/ Yoast SEO plugin. -->","yoast_head_json":{"title":"BMW X1 (Dunkelgrau), 2021 in Dubai mieten - Fastlane","robots":{"index":"index","follow":"follow","max-snippet":"max-snippet:-1","max-image-preview":"max-image-preview:large","max-video-preview":"max-video-preview:-1"},"canonical":"https:\/\/fastlanerentacar.com\/de\/produkt\/rent-bmw-x1-dark-grey-2021-in-dubai\/","og_locale":"de_DE","og_type":"article","og_title":"BMW X1 (Dunkelgrau), 2021 in Dubai mieten - Fastlane","og_description":"Sie k\u00f6nnen BMW X1 (Dunkelgrau), 2021 in Dubai, Vereinigte Arabische Emirate f\u00fcr den n\u00e4chsten Preis mieten 87,44 \u20ac pro Tag oder \u20ac 1.874 pro Monat. Der Mietpreis beinhaltet eine Grundversicherung und eine Standardkilometerbegrenzung von 250 km\/Tag (bei \u00dcberschreitung des Limits werden 1,25 \u20ac pro zus\u00e4tzlichem Kilometer berechnet). Keine Kaution erforderlich. Also, warten Sie nicht l\u00e4nger. Wenn Sie dieses Auto fahren wollen - kontaktieren Sie uns f\u00fcr die Buchung oder jede Frage jetzt.","og_url":"https:\/\/fastlanerentacar.com\/de\/produkt\/rent-bmw-x1-dark-grey-2021-in-dubai\/","og_site_name":"Fastlane","article_modified_time":"2023-10-18T07:50:06+00:00","og_image":[{"width":1518,"height":948,"url":"https:\/\/i0.wp.com\/turboplusdxb.com\/wp-content\/uploads\/dark-grey_bmw-x_2021img1-min.png?fit=1518%2C948&ssl=1","type":"image\/png"}],"twitter_card":"summary_large_image","schema":{"@context":"https:\/\/schema.org","@graph":[{"@type":"WebPage","@id":"https:\/\/fastlanerentacar.com\/de\/produkt\/rent-bmw-x1-dark-grey-2021-in-dubai\/","url":"https:\/\/fastlanerentacar.com\/de\/produkt\/rent-bmw-x1-dark-grey-2021-in-dubai\/","name":"BMW X1 (Dunkelgrau), 2021 in Dubai mieten - Fastlane","isPartOf":{"@id":"https:\/\/fastlanerentacar.com\/#website"},"primaryImageOfPage":{"@id":"https:\/\/fastlanerentacar.com\/de\/produkt\/rent-bmw-x1-dark-grey-2021-in-dubai\/#primaryimage"},"image":{"@id":"https:\/\/fastlanerentacar.com\/de\/produkt\/rent-bmw-x1-dark-grey-2021-in-dubai\/#primaryimage"},"thumbnailUrl":"https:\/\/fastlanerentacar.com\/wp-content\/uploads\/dark-grey_bmw-x_2021img1-min.png","datePublished":"2023-08-22T10:46:14+00:00","dateModified":"2023-10-18T07:50:06+00:00","breadcrumb":{"@id":"https:\/\/fastlanerentacar.com\/de\/produkt\/rent-bmw-x1-dark-grey-2021-in-dubai\/#breadcrumb"},"inLanguage":"de","potentialAction":[{"@type":"ReadAction","target":["https:\/\/fastlanerentacar.com\/de\/produkt\/rent-bmw-x1-dark-grey-2021-in-dubai\/"]}]},{"@type":"ImageObject","inLanguage":"de","@id":"https:\/\/fastlanerentacar.com\/de\/produkt\/rent-bmw-x1-dark-grey-2021-in-dubai\/#primaryimage","url":"https:\/\/fastlanerentacar.com\/wp-content\/uploads\/dark-grey_bmw-x_2021img1-min.png","contentUrl":"https:\/\/fastlanerentacar.com\/wp-content\/uploads\/dark-grey_bmw-x_2021img1-min.png","width":1518,"height":948},{"@type":"BreadcrumbList","@id":"https:\/\/fastlanerentacar.com\/de\/produkt\/rent-bmw-x1-dark-grey-2021-in-dubai\/#breadcrumb","itemListElement":[{"@type":"ListItem","position":1,"name":"Home","item":"https:\/\/fastlanerentacar.com\/de\/startseite\/"},{"@type":"ListItem","position":2,"name":"Products","item":"https:\/\/fastlanerentacar.com\/shop\/"},{"@type":"ListItem","position":3,"name":"BMW X1 (Dunkelgrau), 2021 in Dubai mieten"}]},{"@type":"WebSite","@id":"https:\/\/fastlanerentacar.com\/#website","url":"https:\/\/fastlanerentacar.com\/","name":"Fastlane","description":"","publisher":{"@id":"https:\/\/fastlanerentacar.com\/#organization"},"potentialAction":[{"@type":"SearchAction","target":{"@type":"EntryPoint","urlTemplate":"https:\/\/fastlanerentacar.com\/?s={search_term_string}"},"query-input":{"@type":"PropertyValueSpecification","valueRequired":true,"valueName":"search_term_string"}}],"inLanguage":"de"},{"@type":"Organization","@id":"https:\/\/fastlanerentacar.com\/#organization","name":"Fastlane","url":"https:\/\/fastlanerentacar.com\/","logo":{"@type":"ImageObject","inLanguage":"de","@id":"https:\/\/fastlanerentacar.com\/#\/schema\/logo\/image\/","url":"https:\/\/fastlanerentacar.com\/wp-content\/uploads\/Asset-2@2x-8.png","contentUrl":"https:\/\/fastlanerentacar.com\/wp-content\/uploads\/Asset-2@2x-8.png","width":1641,"height":316,"caption":"Fastlane"},"image":{"@id":"https:\/\/fastlanerentacar.com\/#\/schema\/logo\/image\/"}}]}},"_links":{"self":[{"href":"https:\/\/fastlanerentacar.com\/de\/wp-json\/wp\/v2\/product\/34661","targetHints":{"allow":["GET"]}}],"collection":[{"href":"https:\/\/fastlanerentacar.com\/de\/wp-json\/wp\/v2\/product"}],"about":[{"href":"https:\/\/fastlanerentacar.com\/de\/wp-json\/wp\/v2\/types\/product"}],"replies":[{"embeddable":true,"href":"https:\/\/fastlanerentacar.com\/de\/wp-json\/wp\/v2\/comments?post=34661"}],"wp:featuredmedia":[{"embeddable":true,"href":"https:\/\/fastlanerentacar.com\/de\/wp-json\/wp\/v2\/media\/10092"}],"wp:attachment":[{"href":"https:\/\/fastlanerentacar.com\/de\/wp-json\/wp\/v2\/media?parent=34661"}],"wp:term":[{"taxonomy":"product_brand","embeddable":true,"href":"https:\/\/fastlanerentacar.com\/de\/wp-json\/wp\/v2\/product_brand?post=34661"},{"taxonomy":"product_cat","embeddable":true,"href":"https:\/\/fastlanerentacar.com\/de\/wp-json\/wp\/v2\/product_cat?post=34661"},{"taxonomy":"product_tag","embeddable":true,"href":"https:\/\/fastlanerentacar.com\/de\/wp-json\/wp\/v2\/product_tag?post=34661"}],"curies":[{"name":"wp","href":"https:\/\/api.w.org\/{rel}","templated":true}]}}