{"id":34763,"date":"2023-08-18T17:23:32","date_gmt":"2023-08-18T17:23:32","guid":{"rendered":"https:\/\/turboplus.digitality-agency.com\/product\/miete-mini-cooper-weiss-2020-in-dubai\/"},"modified":"2023-10-18T08:07:41","modified_gmt":"2023-10-18T08:07:41","slug":"rent-mini-cooper-white-2020-in-dubai","status":"publish","type":"product","link":"https:\/\/fastlanerentacar.com\/de\/product\/rent-mini-cooper-white-2020-in-dubai\/","title":{"rendered":"Miete Mini Cooper (Wei\u00df), 2020 in Dubai"},"content":{"rendered":"","protected":false},"excerpt":{"rendered":"<p>You can rent Mini Cooper (White), 2020 in Dubai, UAE for the next price \u20ac 95.16 per day or \u20ac 2,254 per month. Der Mietpreis beinhaltet eine Grundversicherung und eine Standardkilometerbegrenzung von 250 km\/Tag (bei \u00dcberschreitung des Limits werden 1,25 \u20ac pro zus\u00e4tzlichem Kilometer berechnet). Keine Kaution erforderlich. Also, warten Sie nicht l\u00e4nger. Wenn Sie dieses Auto fahren wollen &#8211; kontaktieren Sie uns f\u00fcr die Buchung oder jede Frage jetzt.<\/p>\n","protected":false},"featured_media":8693,"comment_status":"closed","ping_status":"closed","template":"","meta":{"_acf_changed":false},"product_brand":[],"product_cat":[382],"product_tag":[239],"class_list":{"0":"post-34763","1":"product","2":"type-product","3":"status-publish","4":"has-post-thumbnail","6":"product_cat-mini-cooper-de","7":"product_tag-geschaeftsautos","8":"yith_booking_service-deposit-free","10":"first","11":"instock","12":"virtual","13":"sold-individually","14":"purchasable","15":"product-type-booking"},"acf":[],"yoast_head":"<!-- This site is optimized with the Yoast SEO plugin v27.4 - https:\/\/yoast.com\/product\/yoast-seo-wordpress\/ -->\n<title>Miete Mini Cooper (Wei\u00df), 2020 in Dubai - Fastlane<\/title>\n<meta name=\"robots\" content=\"index, follow, max-snippet:-1, max-image-preview:large, max-video-preview:-1\" \/>\n<link rel=\"canonical\" href=\"https:\/\/fastlanerentacar.com\/produkt\/rent-mini-cooper-white-2020-in-dubai\/\" \/>\n<meta property=\"og:locale\" content=\"de_DE\" \/>\n<meta property=\"og:type\" content=\"article\" \/>\n<meta property=\"og:title\" content=\"Miete Mini Cooper (Wei\u00df), 2020 in Dubai - Fastlane\" \/>\n<meta property=\"og:description\" content=\"You can rent Mini Cooper (White), 2020 in Dubai, UAE for the next price \u20ac 95.16 per day or \u20ac 2,254 per month. Der Mietpreis beinhaltet eine Grundversicherung und eine Standardkilometerbegrenzung von 250 km\/Tag (bei \u00dcberschreitung des Limits werden 1,25 \u20ac pro zus\u00e4tzlichem Kilometer berechnet). Keine Kaution erforderlich. Also, warten Sie nicht l\u00e4nger. Wenn Sie dieses Auto fahren wollen - kontaktieren Sie uns f\u00fcr die Buchung oder jede Frage jetzt.\" \/>\n<meta property=\"og:url\" content=\"https:\/\/fastlanerentacar.com\/produkt\/rent-mini-cooper-white-2020-in-dubai\/\" \/>\n<meta property=\"og:site_name\" content=\"Fastlane\" \/>\n<meta property=\"article:modified_time\" content=\"2023-10-18T08:07:41+00:00\" \/>\n<meta property=\"og:image\" content=\"https:\/\/i0.wp.com\/turboplusdxb.com\/wp-content\/uploads\/white_mini-cooper-s-cabrio_2020img1-min.png?fit=1668%2C1042&ssl=1\" \/>\n\t<meta property=\"og:image:width\" content=\"1668\" \/>\n\t<meta property=\"og:image:height\" content=\"1042\" \/>\n\t<meta property=\"og:image:type\" content=\"image\/png\" \/>\n<meta name=\"twitter:card\" content=\"summary_large_image\" \/>\n<script type=\"application\/ld+json\" class=\"yoast-schema-graph\">{\"@context\":\"https:\\\/\\\/schema.org\",\"@graph\":[{\"@type\":\"WebPage\",\"@id\":\"https:\\\/\\\/fastlanerentacar.com\\\/produkt\\\/rent-mini-cooper-white-2020-in-dubai\\\/\",\"url\":\"https:\\\/\\\/fastlanerentacar.com\\\/produkt\\\/rent-mini-cooper-white-2020-in-dubai\\\/\",\"name\":\"Miete Mini Cooper (Wei\u00df), 2020 in Dubai - Fastlane\",\"isPartOf\":{\"@id\":\"https:\\\/\\\/fastlanerentacar.com\\\/#website\"},\"primaryImageOfPage\":{\"@id\":\"https:\\\/\\\/fastlanerentacar.com\\\/produkt\\\/rent-mini-cooper-white-2020-in-dubai\\\/#primaryimage\"},\"image\":{\"@id\":\"https:\\\/\\\/fastlanerentacar.com\\\/produkt\\\/rent-mini-cooper-white-2020-in-dubai\\\/#primaryimage\"},\"thumbnailUrl\":\"https:\\\/\\\/fastlanerentacar.com\\\/wp-content\\\/uploads\\\/white_mini-cooper-s-cabrio_2020img1-min.png\",\"datePublished\":\"2023-08-18T17:23:32+00:00\",\"dateModified\":\"2023-10-18T08:07:41+00:00\",\"breadcrumb\":{\"@id\":\"https:\\\/\\\/fastlanerentacar.com\\\/produkt\\\/rent-mini-cooper-white-2020-in-dubai\\\/#breadcrumb\"},\"inLanguage\":\"de\",\"potentialAction\":[{\"@type\":\"ReadAction\",\"target\":[\"https:\\\/\\\/fastlanerentacar.com\\\/produkt\\\/rent-mini-cooper-white-2020-in-dubai\\\/\"]}]},{\"@type\":\"ImageObject\",\"inLanguage\":\"de\",\"@id\":\"https:\\\/\\\/fastlanerentacar.com\\\/produkt\\\/rent-mini-cooper-white-2020-in-dubai\\\/#primaryimage\",\"url\":\"https:\\\/\\\/fastlanerentacar.com\\\/wp-content\\\/uploads\\\/white_mini-cooper-s-cabrio_2020img1-min.png\",\"contentUrl\":\"https:\\\/\\\/fastlanerentacar.com\\\/wp-content\\\/uploads\\\/white_mini-cooper-s-cabrio_2020img1-min.png\",\"width\":1668,\"height\":1042},{\"@type\":\"BreadcrumbList\",\"@id\":\"https:\\\/\\\/fastlanerentacar.com\\\/produkt\\\/rent-mini-cooper-white-2020-in-dubai\\\/#breadcrumb\",\"itemListElement\":[{\"@type\":\"ListItem\",\"position\":1,\"name\":\"Home\",\"item\":\"https:\\\/\\\/fastlanerentacar.com\\\/de\\\/startseite\\\/\"},{\"@type\":\"ListItem\",\"position\":2,\"name\":\"Products\",\"item\":\"https:\\\/\\\/fastlanerentacar.com\\\/shop\\\/\"},{\"@type\":\"ListItem\",\"position\":3,\"name\":\"Miete Mini Cooper (Wei\u00df), 2020 in Dubai\"}]},{\"@type\":\"WebSite\",\"@id\":\"https:\\\/\\\/fastlanerentacar.com\\\/#website\",\"url\":\"https:\\\/\\\/fastlanerentacar.com\\\/\",\"name\":\"Fastlane\",\"description\":\"\",\"publisher\":{\"@id\":\"https:\\\/\\\/fastlanerentacar.com\\\/#organization\"},\"potentialAction\":[{\"@type\":\"SearchAction\",\"target\":{\"@type\":\"EntryPoint\",\"urlTemplate\":\"https:\\\/\\\/fastlanerentacar.com\\\/?s={search_term_string}\"},\"query-input\":{\"@type\":\"PropertyValueSpecification\",\"valueRequired\":true,\"valueName\":\"search_term_string\"}}],\"inLanguage\":\"de\"},{\"@type\":\"Organization\",\"@id\":\"https:\\\/\\\/fastlanerentacar.com\\\/#organization\",\"name\":\"Fastlane\",\"url\":\"https:\\\/\\\/fastlanerentacar.com\\\/\",\"logo\":{\"@type\":\"ImageObject\",\"inLanguage\":\"de\",\"@id\":\"https:\\\/\\\/fastlanerentacar.com\\\/#\\\/schema\\\/logo\\\/image\\\/\",\"url\":\"https:\\\/\\\/fastlanerentacar.com\\\/wp-content\\\/uploads\\\/Asset-2@2x-8.png\",\"contentUrl\":\"https:\\\/\\\/fastlanerentacar.com\\\/wp-content\\\/uploads\\\/Asset-2@2x-8.png\",\"width\":1641,\"height\":316,\"caption\":\"Fastlane\"},\"image\":{\"@id\":\"https:\\\/\\\/fastlanerentacar.com\\\/#\\\/schema\\\/logo\\\/image\\\/\"}}]}<\/script>\n<!-- \/ Yoast SEO plugin. -->","yoast_head_json":{"title":"Miete Mini Cooper (Wei\u00df), 2020 in Dubai - Fastlane","robots":{"index":"index","follow":"follow","max-snippet":"max-snippet:-1","max-image-preview":"max-image-preview:large","max-video-preview":"max-video-preview:-1"},"canonical":"https:\/\/fastlanerentacar.com\/produkt\/rent-mini-cooper-white-2020-in-dubai\/","og_locale":"de_DE","og_type":"article","og_title":"Miete Mini Cooper (Wei\u00df), 2020 in Dubai - Fastlane","og_description":"You can rent Mini Cooper (White), 2020 in Dubai, UAE for the next price \u20ac 95.16 per day or \u20ac 2,254 per month. Der Mietpreis beinhaltet eine Grundversicherung und eine Standardkilometerbegrenzung von 250 km\/Tag (bei \u00dcberschreitung des Limits werden 1,25 \u20ac pro zus\u00e4tzlichem Kilometer berechnet). Keine Kaution erforderlich. Also, warten Sie nicht l\u00e4nger. Wenn Sie dieses Auto fahren wollen - kontaktieren Sie uns f\u00fcr die Buchung oder jede Frage jetzt.","og_url":"https:\/\/fastlanerentacar.com\/produkt\/rent-mini-cooper-white-2020-in-dubai\/","og_site_name":"Fastlane","article_modified_time":"2023-10-18T08:07:41+00:00","og_image":[{"width":1668,"height":1042,"url":"https:\/\/i0.wp.com\/turboplusdxb.com\/wp-content\/uploads\/white_mini-cooper-s-cabrio_2020img1-min.png?fit=1668%2C1042&ssl=1","type":"image\/png"}],"twitter_card":"summary_large_image","schema":{"@context":"https:\/\/schema.org","@graph":[{"@type":"WebPage","@id":"https:\/\/fastlanerentacar.com\/produkt\/rent-mini-cooper-white-2020-in-dubai\/","url":"https:\/\/fastlanerentacar.com\/produkt\/rent-mini-cooper-white-2020-in-dubai\/","name":"Miete Mini Cooper (Wei\u00df), 2020 in Dubai - Fastlane","isPartOf":{"@id":"https:\/\/fastlanerentacar.com\/#website"},"primaryImageOfPage":{"@id":"https:\/\/fastlanerentacar.com\/produkt\/rent-mini-cooper-white-2020-in-dubai\/#primaryimage"},"image":{"@id":"https:\/\/fastlanerentacar.com\/produkt\/rent-mini-cooper-white-2020-in-dubai\/#primaryimage"},"thumbnailUrl":"https:\/\/fastlanerentacar.com\/wp-content\/uploads\/white_mini-cooper-s-cabrio_2020img1-min.png","datePublished":"2023-08-18T17:23:32+00:00","dateModified":"2023-10-18T08:07:41+00:00","breadcrumb":{"@id":"https:\/\/fastlanerentacar.com\/produkt\/rent-mini-cooper-white-2020-in-dubai\/#breadcrumb"},"inLanguage":"de","potentialAction":[{"@type":"ReadAction","target":["https:\/\/fastlanerentacar.com\/produkt\/rent-mini-cooper-white-2020-in-dubai\/"]}]},{"@type":"ImageObject","inLanguage":"de","@id":"https:\/\/fastlanerentacar.com\/produkt\/rent-mini-cooper-white-2020-in-dubai\/#primaryimage","url":"https:\/\/fastlanerentacar.com\/wp-content\/uploads\/white_mini-cooper-s-cabrio_2020img1-min.png","contentUrl":"https:\/\/fastlanerentacar.com\/wp-content\/uploads\/white_mini-cooper-s-cabrio_2020img1-min.png","width":1668,"height":1042},{"@type":"BreadcrumbList","@id":"https:\/\/fastlanerentacar.com\/produkt\/rent-mini-cooper-white-2020-in-dubai\/#breadcrumb","itemListElement":[{"@type":"ListItem","position":1,"name":"Home","item":"https:\/\/fastlanerentacar.com\/de\/startseite\/"},{"@type":"ListItem","position":2,"name":"Products","item":"https:\/\/fastlanerentacar.com\/shop\/"},{"@type":"ListItem","position":3,"name":"Miete Mini Cooper (Wei\u00df), 2020 in Dubai"}]},{"@type":"WebSite","@id":"https:\/\/fastlanerentacar.com\/#website","url":"https:\/\/fastlanerentacar.com\/","name":"Fastlane","description":"","publisher":{"@id":"https:\/\/fastlanerentacar.com\/#organization"},"potentialAction":[{"@type":"SearchAction","target":{"@type":"EntryPoint","urlTemplate":"https:\/\/fastlanerentacar.com\/?s={search_term_string}"},"query-input":{"@type":"PropertyValueSpecification","valueRequired":true,"valueName":"search_term_string"}}],"inLanguage":"de"},{"@type":"Organization","@id":"https:\/\/fastlanerentacar.com\/#organization","name":"Fastlane","url":"https:\/\/fastlanerentacar.com\/","logo":{"@type":"ImageObject","inLanguage":"de","@id":"https:\/\/fastlanerentacar.com\/#\/schema\/logo\/image\/","url":"https:\/\/fastlanerentacar.com\/wp-content\/uploads\/Asset-2@2x-8.png","contentUrl":"https:\/\/fastlanerentacar.com\/wp-content\/uploads\/Asset-2@2x-8.png","width":1641,"height":316,"caption":"Fastlane"},"image":{"@id":"https:\/\/fastlanerentacar.com\/#\/schema\/logo\/image\/"}}]}},"_links":{"self":[{"href":"https:\/\/fastlanerentacar.com\/de\/wp-json\/wp\/v2\/product\/34763","targetHints":{"allow":["GET"]}}],"collection":[{"href":"https:\/\/fastlanerentacar.com\/de\/wp-json\/wp\/v2\/product"}],"about":[{"href":"https:\/\/fastlanerentacar.com\/de\/wp-json\/wp\/v2\/types\/product"}],"replies":[{"embeddable":true,"href":"https:\/\/fastlanerentacar.com\/de\/wp-json\/wp\/v2\/comments?post=34763"}],"wp:featuredmedia":[{"embeddable":true,"href":"https:\/\/fastlanerentacar.com\/de\/wp-json\/wp\/v2\/media\/8693"}],"wp:attachment":[{"href":"https:\/\/fastlanerentacar.com\/de\/wp-json\/wp\/v2\/media?parent=34763"}],"wp:term":[{"taxonomy":"product_brand","embeddable":true,"href":"https:\/\/fastlanerentacar.com\/de\/wp-json\/wp\/v2\/product_brand?post=34763"},{"taxonomy":"product_cat","embeddable":true,"href":"https:\/\/fastlanerentacar.com\/de\/wp-json\/wp\/v2\/product_cat?post=34763"},{"taxonomy":"product_tag","embeddable":true,"href":"https:\/\/fastlanerentacar.com\/de\/wp-json\/wp\/v2\/product_tag?post=34763"}],"curies":[{"name":"wp","href":"https:\/\/api.w.org\/{rel}","templated":true}]}}