{"id":34963,"date":"2023-08-18T12:49:05","date_gmt":"2023-08-18T12:49:05","guid":{"rendered":"https:\/\/turboplus.digitality-agency.com\/product\/range-rover-sport-schwarz-2023-in-dubai-mieten\/"},"modified":"2023-10-18T10:28:40","modified_gmt":"2023-10-18T10:28:40","slug":"rent-range-rover-sport-black-2023-in-dubai-3","status":"publish","type":"product","link":"https:\/\/fastlanerentacar.com\/de\/product\/rent-range-rover-sport-black-2023-in-dubai-3\/","title":{"rendered":"Range Rover Sport (Schwarz), 2023 in Dubai mieten"},"content":{"rendered":"","protected":false},"excerpt":{"rendered":"<p>Sie k\u00f6nnen Range Rover Sport (Black), 2023 in Dubai, Vereinigte Arabische Emirate zum n\u00e4chsten Preis von 350,59 \u20ac pro Tag oder 8.264 \u20ac pro Monat mieten. Der Mietpreis beinhaltet eine Grundversicherung und eine Standard-Kilometerbegrenzung von 250 km\/Tag (bei \u00dcberschreitung werden 2,5 \u20ac pro zus\u00e4tzlichem Kilometer berechnet). Keine Kaution erforderlich. Also, warten Sie nicht l\u00e4nger. Wenn Sie dieses Auto fahren wollen &#8211; kontaktieren Sie uns f\u00fcr die Buchung oder jede Frage jetzt.<\/p>\n","protected":false},"featured_media":23908,"comment_status":"closed","ping_status":"closed","template":"","meta":{"_acf_changed":false},"product_brand":[],"product_cat":[226],"product_tag":[214,348],"class_list":{"0":"post-34963","1":"product","2":"type-product","3":"status-publish","4":"has-post-thumbnail","6":"product_cat-range-rover-de","7":"product_tag-luxusautos","8":"product_tag-suv-de","9":"yith_booking_service-deposit-free","11":"first","12":"instock","13":"sold-individually","14":"shipping-taxable","15":"purchasable","16":"product-type-booking"},"acf":[],"yoast_head":"<!-- This site is optimized with the Yoast SEO plugin v25.0 - https:\/\/yoast.com\/wordpress\/plugins\/seo\/ -->\n<title>Range Rover Sport (Schwarz), 2023 in Dubai mieten - Fastlane<\/title>\n<meta name=\"robots\" content=\"index, follow, max-snippet:-1, max-image-preview:large, max-video-preview:-1\" \/>\n<link rel=\"canonical\" href=\"https:\/\/fastlanerentacar.com\/produkt\/rent-range-rover-sport-black-2023-in-dubai-3\/\" \/>\n<meta property=\"og:locale\" content=\"de_DE\" \/>\n<meta property=\"og:type\" content=\"article\" \/>\n<meta property=\"og:title\" content=\"Range Rover Sport (Schwarz), 2023 in Dubai mieten - Fastlane\" \/>\n<meta property=\"og:description\" content=\"Sie k\u00f6nnen Range Rover Sport (Black), 2023 in Dubai, Vereinigte Arabische Emirate zum n\u00e4chsten Preis von 350,59 \u20ac pro Tag oder 8.264 \u20ac pro Monat mieten. Der Mietpreis beinhaltet eine Grundversicherung und eine Standard-Kilometerbegrenzung von 250 km\/Tag (bei \u00dcberschreitung werden 2,5 \u20ac pro zus\u00e4tzlichem Kilometer berechnet). Keine Kaution erforderlich. Also, warten Sie nicht l\u00e4nger. Wenn Sie dieses Auto fahren wollen - kontaktieren Sie uns f\u00fcr die Buchung oder jede Frage jetzt.\" \/>\n<meta property=\"og:url\" content=\"https:\/\/fastlanerentacar.com\/produkt\/rent-range-rover-sport-black-2023-in-dubai-3\/\" \/>\n<meta property=\"og:site_name\" content=\"Fastlane\" \/>\n<meta property=\"article:modified_time\" content=\"2023-10-18T10:28:40+00:00\" \/>\n<meta property=\"og:image\" content=\"https:\/\/i0.wp.com\/turboplusdxb.com\/wp-content\/uploads\/black_range-rover-sport-new-shape_2023Img1.webp?fit=1574%2C983&ssl=1\" \/>\n\t<meta property=\"og:image:width\" content=\"1574\" \/>\n\t<meta property=\"og:image:height\" content=\"983\" \/>\n\t<meta property=\"og:image:type\" content=\"image\/webp\" \/>\n<meta name=\"twitter:card\" content=\"summary_large_image\" \/>\n<script type=\"application\/ld+json\" class=\"yoast-schema-graph\">{\"@context\":\"https:\/\/schema.org\",\"@graph\":[{\"@type\":\"WebPage\",\"@id\":\"https:\/\/fastlanerentacar.com\/produkt\/rent-range-rover-sport-black-2023-in-dubai-3\/\",\"url\":\"https:\/\/fastlanerentacar.com\/produkt\/rent-range-rover-sport-black-2023-in-dubai-3\/\",\"name\":\"Range Rover Sport (Schwarz), 2023 in Dubai mieten - Fastlane\",\"isPartOf\":{\"@id\":\"https:\/\/fastlanerentacar.com\/#website\"},\"primaryImageOfPage\":{\"@id\":\"https:\/\/fastlanerentacar.com\/produkt\/rent-range-rover-sport-black-2023-in-dubai-3\/#primaryimage\"},\"image\":{\"@id\":\"https:\/\/fastlanerentacar.com\/produkt\/rent-range-rover-sport-black-2023-in-dubai-3\/#primaryimage\"},\"thumbnailUrl\":\"https:\/\/fastlanerentacar.com\/wp-content\/uploads\/black_range-rover-sport-new-shape_2023Img1.webp\",\"datePublished\":\"2023-08-18T12:49:05+00:00\",\"dateModified\":\"2023-10-18T10:28:40+00:00\",\"breadcrumb\":{\"@id\":\"https:\/\/fastlanerentacar.com\/produkt\/rent-range-rover-sport-black-2023-in-dubai-3\/#breadcrumb\"},\"inLanguage\":\"de\",\"potentialAction\":[{\"@type\":\"ReadAction\",\"target\":[\"https:\/\/fastlanerentacar.com\/produkt\/rent-range-rover-sport-black-2023-in-dubai-3\/\"]}]},{\"@type\":\"ImageObject\",\"inLanguage\":\"de\",\"@id\":\"https:\/\/fastlanerentacar.com\/produkt\/rent-range-rover-sport-black-2023-in-dubai-3\/#primaryimage\",\"url\":\"https:\/\/fastlanerentacar.com\/wp-content\/uploads\/black_range-rover-sport-new-shape_2023Img1.webp\",\"contentUrl\":\"https:\/\/fastlanerentacar.com\/wp-content\/uploads\/black_range-rover-sport-new-shape_2023Img1.webp\",\"width\":1574,\"height\":983},{\"@type\":\"BreadcrumbList\",\"@id\":\"https:\/\/fastlanerentacar.com\/produkt\/rent-range-rover-sport-black-2023-in-dubai-3\/#breadcrumb\",\"itemListElement\":[{\"@type\":\"ListItem\",\"position\":1,\"name\":\"Home\",\"item\":\"https:\/\/fastlanerentacar.com\/de\/startseite\/\"},{\"@type\":\"ListItem\",\"position\":2,\"name\":\"Products\",\"item\":\"https:\/\/fastlanerentacar.com\/shop\/\"},{\"@type\":\"ListItem\",\"position\":3,\"name\":\"Range Rover Sport (Schwarz), 2023 in Dubai mieten\"}]},{\"@type\":\"WebSite\",\"@id\":\"https:\/\/fastlanerentacar.com\/#website\",\"url\":\"https:\/\/fastlanerentacar.com\/\",\"name\":\"Fastlane\",\"description\":\"\",\"publisher\":{\"@id\":\"https:\/\/fastlanerentacar.com\/#organization\"},\"potentialAction\":[{\"@type\":\"SearchAction\",\"target\":{\"@type\":\"EntryPoint\",\"urlTemplate\":\"https:\/\/fastlanerentacar.com\/?s={search_term_string}\"},\"query-input\":{\"@type\":\"PropertyValueSpecification\",\"valueRequired\":true,\"valueName\":\"search_term_string\"}}],\"inLanguage\":\"de\"},{\"@type\":\"Organization\",\"@id\":\"https:\/\/fastlanerentacar.com\/#organization\",\"name\":\"Fastlane\",\"url\":\"https:\/\/fastlanerentacar.com\/\",\"logo\":{\"@type\":\"ImageObject\",\"inLanguage\":\"de\",\"@id\":\"https:\/\/fastlanerentacar.com\/#\/schema\/logo\/image\/\",\"url\":\"https:\/\/fastlanerentacar.com\/wp-content\/uploads\/Asset-2@2x-8.png\",\"contentUrl\":\"https:\/\/fastlanerentacar.com\/wp-content\/uploads\/Asset-2@2x-8.png\",\"width\":1641,\"height\":316,\"caption\":\"Fastlane\"},\"image\":{\"@id\":\"https:\/\/fastlanerentacar.com\/#\/schema\/logo\/image\/\"}}]}<\/script>\n<!-- \/ Yoast SEO plugin. -->","yoast_head_json":{"title":"Range Rover Sport (Schwarz), 2023 in Dubai mieten - Fastlane","robots":{"index":"index","follow":"follow","max-snippet":"max-snippet:-1","max-image-preview":"max-image-preview:large","max-video-preview":"max-video-preview:-1"},"canonical":"https:\/\/fastlanerentacar.com\/produkt\/rent-range-rover-sport-black-2023-in-dubai-3\/","og_locale":"de_DE","og_type":"article","og_title":"Range Rover Sport (Schwarz), 2023 in Dubai mieten - Fastlane","og_description":"Sie k\u00f6nnen Range Rover Sport (Black), 2023 in Dubai, Vereinigte Arabische Emirate zum n\u00e4chsten Preis von 350,59 \u20ac pro Tag oder 8.264 \u20ac pro Monat mieten. Der Mietpreis beinhaltet eine Grundversicherung und eine Standard-Kilometerbegrenzung von 250 km\/Tag (bei \u00dcberschreitung werden 2,5 \u20ac pro zus\u00e4tzlichem Kilometer berechnet). Keine Kaution erforderlich. Also, warten Sie nicht l\u00e4nger. Wenn Sie dieses Auto fahren wollen - kontaktieren Sie uns f\u00fcr die Buchung oder jede Frage jetzt.","og_url":"https:\/\/fastlanerentacar.com\/produkt\/rent-range-rover-sport-black-2023-in-dubai-3\/","og_site_name":"Fastlane","article_modified_time":"2023-10-18T10:28:40+00:00","og_image":[{"width":1574,"height":983,"url":"https:\/\/i0.wp.com\/turboplusdxb.com\/wp-content\/uploads\/black_range-rover-sport-new-shape_2023Img1.webp?fit=1574%2C983&ssl=1","type":"image\/webp"}],"twitter_card":"summary_large_image","schema":{"@context":"https:\/\/schema.org","@graph":[{"@type":"WebPage","@id":"https:\/\/fastlanerentacar.com\/produkt\/rent-range-rover-sport-black-2023-in-dubai-3\/","url":"https:\/\/fastlanerentacar.com\/produkt\/rent-range-rover-sport-black-2023-in-dubai-3\/","name":"Range Rover Sport (Schwarz), 2023 in Dubai mieten - Fastlane","isPartOf":{"@id":"https:\/\/fastlanerentacar.com\/#website"},"primaryImageOfPage":{"@id":"https:\/\/fastlanerentacar.com\/produkt\/rent-range-rover-sport-black-2023-in-dubai-3\/#primaryimage"},"image":{"@id":"https:\/\/fastlanerentacar.com\/produkt\/rent-range-rover-sport-black-2023-in-dubai-3\/#primaryimage"},"thumbnailUrl":"https:\/\/fastlanerentacar.com\/wp-content\/uploads\/black_range-rover-sport-new-shape_2023Img1.webp","datePublished":"2023-08-18T12:49:05+00:00","dateModified":"2023-10-18T10:28:40+00:00","breadcrumb":{"@id":"https:\/\/fastlanerentacar.com\/produkt\/rent-range-rover-sport-black-2023-in-dubai-3\/#breadcrumb"},"inLanguage":"de","potentialAction":[{"@type":"ReadAction","target":["https:\/\/fastlanerentacar.com\/produkt\/rent-range-rover-sport-black-2023-in-dubai-3\/"]}]},{"@type":"ImageObject","inLanguage":"de","@id":"https:\/\/fastlanerentacar.com\/produkt\/rent-range-rover-sport-black-2023-in-dubai-3\/#primaryimage","url":"https:\/\/fastlanerentacar.com\/wp-content\/uploads\/black_range-rover-sport-new-shape_2023Img1.webp","contentUrl":"https:\/\/fastlanerentacar.com\/wp-content\/uploads\/black_range-rover-sport-new-shape_2023Img1.webp","width":1574,"height":983},{"@type":"BreadcrumbList","@id":"https:\/\/fastlanerentacar.com\/produkt\/rent-range-rover-sport-black-2023-in-dubai-3\/#breadcrumb","itemListElement":[{"@type":"ListItem","position":1,"name":"Home","item":"https:\/\/fastlanerentacar.com\/de\/startseite\/"},{"@type":"ListItem","position":2,"name":"Products","item":"https:\/\/fastlanerentacar.com\/shop\/"},{"@type":"ListItem","position":3,"name":"Range Rover Sport (Schwarz), 2023 in Dubai mieten"}]},{"@type":"WebSite","@id":"https:\/\/fastlanerentacar.com\/#website","url":"https:\/\/fastlanerentacar.com\/","name":"Fastlane","description":"","publisher":{"@id":"https:\/\/fastlanerentacar.com\/#organization"},"potentialAction":[{"@type":"SearchAction","target":{"@type":"EntryPoint","urlTemplate":"https:\/\/fastlanerentacar.com\/?s={search_term_string}"},"query-input":{"@type":"PropertyValueSpecification","valueRequired":true,"valueName":"search_term_string"}}],"inLanguage":"de"},{"@type":"Organization","@id":"https:\/\/fastlanerentacar.com\/#organization","name":"Fastlane","url":"https:\/\/fastlanerentacar.com\/","logo":{"@type":"ImageObject","inLanguage":"de","@id":"https:\/\/fastlanerentacar.com\/#\/schema\/logo\/image\/","url":"https:\/\/fastlanerentacar.com\/wp-content\/uploads\/Asset-2@2x-8.png","contentUrl":"https:\/\/fastlanerentacar.com\/wp-content\/uploads\/Asset-2@2x-8.png","width":1641,"height":316,"caption":"Fastlane"},"image":{"@id":"https:\/\/fastlanerentacar.com\/#\/schema\/logo\/image\/"}}]}},"_links":{"self":[{"href":"https:\/\/fastlanerentacar.com\/de\/wp-json\/wp\/v2\/product\/34963","targetHints":{"allow":["GET"]}}],"collection":[{"href":"https:\/\/fastlanerentacar.com\/de\/wp-json\/wp\/v2\/product"}],"about":[{"href":"https:\/\/fastlanerentacar.com\/de\/wp-json\/wp\/v2\/types\/product"}],"replies":[{"embeddable":true,"href":"https:\/\/fastlanerentacar.com\/de\/wp-json\/wp\/v2\/comments?post=34963"}],"wp:featuredmedia":[{"embeddable":true,"href":"https:\/\/fastlanerentacar.com\/de\/wp-json\/wp\/v2\/media\/23908"}],"wp:attachment":[{"href":"https:\/\/fastlanerentacar.com\/de\/wp-json\/wp\/v2\/media?parent=34963"}],"wp:term":[{"taxonomy":"product_brand","embeddable":true,"href":"https:\/\/fastlanerentacar.com\/de\/wp-json\/wp\/v2\/product_brand?post=34963"},{"taxonomy":"product_cat","embeddable":true,"href":"https:\/\/fastlanerentacar.com\/de\/wp-json\/wp\/v2\/product_cat?post=34963"},{"taxonomy":"product_tag","embeddable":true,"href":"https:\/\/fastlanerentacar.com\/de\/wp-json\/wp\/v2\/product_tag?post=34963"}],"curies":[{"name":"wp","href":"https:\/\/api.w.org\/{rel}","templated":true}]}}