{"id":34983,"date":"2023-08-18T12:38:26","date_gmt":"2023-08-18T12:38:26","guid":{"rendered":"https:\/\/turboplus.digitality-agency.com\/product\/range-rover-vogue-grau-2023-in-dubai-mieten\/"},"modified":"2023-10-18T10:28:45","modified_gmt":"2023-10-18T10:28:45","slug":"rent-range-rover-vogue-grey-2023-in-dubai","status":"publish","type":"product","link":"https:\/\/fastlanerentacar.com\/de\/product\/rent-range-rover-vogue-grey-2023-in-dubai\/","title":{"rendered":"Range Rover Vogue (Grau), 2023 in Dubai mieten"},"content":{"rendered":"","protected":false},"excerpt":{"rendered":"<p>Sie k\u00f6nnen Range Rover Vogue (Grau), 2023 in Dubai, Vereinigte Arabische Emirate f\u00fcr den n\u00e4chsten Preis mieten 375,63 \u20ac pro Tag oder 9.518 \u20ac pro Monat. Der Mietpreis beinhaltet eine Grundversicherung und eine Standardkilometerbegrenzung von 250 km\/Tag (bei \u00dcberschreitung des Limits werden 3,76 \u20ac pro zus\u00e4tzlichem Kilometer berechnet). Keine Kaution erforderlich. Also, warten Sie nicht l\u00e4nger. Wenn Sie dieses Auto fahren wollen &#8211; kontaktieren Sie uns f\u00fcr die Buchung oder jede Frage jetzt.<\/p>\n","protected":false},"featured_media":23666,"comment_status":"closed","ping_status":"closed","template":"","meta":{"_acf_changed":false},"product_brand":[],"product_cat":[226],"product_tag":[239,214,348],"class_list":{"0":"post-34983","1":"product","2":"type-product","3":"status-publish","4":"has-post-thumbnail","6":"product_cat-range-rover-de","7":"product_tag-geschaeftsautos","8":"product_tag-luxusautos","9":"product_tag-suv-de","10":"yith_booking_service-deposit-free","12":"first","13":"instock","14":"virtual","15":"sold-individually","16":"purchasable","17":"product-type-booking"},"acf":[],"yoast_head":"<!-- This site is optimized with the Yoast SEO plugin v27.4 - https:\/\/yoast.com\/product\/yoast-seo-wordpress\/ -->\n<title>Range Rover Vogue (Grau), 2023 in Dubai mieten - Fastlane<\/title>\n<meta name=\"robots\" content=\"index, follow, max-snippet:-1, max-image-preview:large, max-video-preview:-1\" \/>\n<link rel=\"canonical\" href=\"https:\/\/fastlanerentacar.com\/de\/produkt\/rent-range-rover-vogue-grey-2023-in-dubai\/\" \/>\n<meta property=\"og:locale\" content=\"de_DE\" \/>\n<meta property=\"og:type\" content=\"article\" \/>\n<meta property=\"og:title\" content=\"Range Rover Vogue (Grau), 2023 in Dubai mieten - Fastlane\" \/>\n<meta property=\"og:description\" content=\"Sie k\u00f6nnen Range Rover Vogue (Grau), 2023 in Dubai, Vereinigte Arabische Emirate f\u00fcr den n\u00e4chsten Preis mieten 375,63 \u20ac pro Tag oder 9.518 \u20ac pro Monat. Der Mietpreis beinhaltet eine Grundversicherung und eine Standardkilometerbegrenzung von 250 km\/Tag (bei \u00dcberschreitung des Limits werden 3,76 \u20ac pro zus\u00e4tzlichem Kilometer berechnet). Keine Kaution erforderlich. Also, warten Sie nicht l\u00e4nger. Wenn Sie dieses Auto fahren wollen - kontaktieren Sie uns f\u00fcr die Buchung oder jede Frage jetzt.\" \/>\n<meta property=\"og:url\" content=\"https:\/\/fastlanerentacar.com\/de\/produkt\/rent-range-rover-vogue-grey-2023-in-dubai\/\" \/>\n<meta property=\"og:site_name\" content=\"Fastlane\" \/>\n<meta property=\"article:modified_time\" content=\"2023-10-18T10:28:45+00:00\" \/>\n<meta property=\"og:image\" content=\"https:\/\/i0.wp.com\/turboplusdxb.com\/wp-content\/uploads\/grey_range-rover-vogue-hse_2023Img1.webp?fit=1634%2C1021&ssl=1\" \/>\n\t<meta property=\"og:image:width\" content=\"1634\" \/>\n\t<meta property=\"og:image:height\" content=\"1021\" \/>\n\t<meta property=\"og:image:type\" content=\"image\/webp\" \/>\n<meta name=\"twitter:card\" content=\"summary_large_image\" \/>\n<script type=\"application\/ld+json\" class=\"yoast-schema-graph\">{\"@context\":\"https:\\\/\\\/schema.org\",\"@graph\":[{\"@type\":\"WebPage\",\"@id\":\"https:\\\/\\\/fastlanerentacar.com\\\/de\\\/produkt\\\/rent-range-rover-vogue-grey-2023-in-dubai\\\/\",\"url\":\"https:\\\/\\\/fastlanerentacar.com\\\/de\\\/produkt\\\/rent-range-rover-vogue-grey-2023-in-dubai\\\/\",\"name\":\"Range Rover Vogue (Grau), 2023 in Dubai mieten - Fastlane\",\"isPartOf\":{\"@id\":\"https:\\\/\\\/fastlanerentacar.com\\\/#website\"},\"primaryImageOfPage\":{\"@id\":\"https:\\\/\\\/fastlanerentacar.com\\\/de\\\/produkt\\\/rent-range-rover-vogue-grey-2023-in-dubai\\\/#primaryimage\"},\"image\":{\"@id\":\"https:\\\/\\\/fastlanerentacar.com\\\/de\\\/produkt\\\/rent-range-rover-vogue-grey-2023-in-dubai\\\/#primaryimage\"},\"thumbnailUrl\":\"https:\\\/\\\/fastlanerentacar.com\\\/wp-content\\\/uploads\\\/grey_range-rover-vogue-hse_2023Img1.webp\",\"datePublished\":\"2023-08-18T12:38:26+00:00\",\"dateModified\":\"2023-10-18T10:28:45+00:00\",\"breadcrumb\":{\"@id\":\"https:\\\/\\\/fastlanerentacar.com\\\/de\\\/produkt\\\/rent-range-rover-vogue-grey-2023-in-dubai\\\/#breadcrumb\"},\"inLanguage\":\"de\",\"potentialAction\":[{\"@type\":\"ReadAction\",\"target\":[\"https:\\\/\\\/fastlanerentacar.com\\\/de\\\/produkt\\\/rent-range-rover-vogue-grey-2023-in-dubai\\\/\"]}]},{\"@type\":\"ImageObject\",\"inLanguage\":\"de\",\"@id\":\"https:\\\/\\\/fastlanerentacar.com\\\/de\\\/produkt\\\/rent-range-rover-vogue-grey-2023-in-dubai\\\/#primaryimage\",\"url\":\"https:\\\/\\\/fastlanerentacar.com\\\/wp-content\\\/uploads\\\/grey_range-rover-vogue-hse_2023Img1.webp\",\"contentUrl\":\"https:\\\/\\\/fastlanerentacar.com\\\/wp-content\\\/uploads\\\/grey_range-rover-vogue-hse_2023Img1.webp\",\"width\":1634,\"height\":1021},{\"@type\":\"BreadcrumbList\",\"@id\":\"https:\\\/\\\/fastlanerentacar.com\\\/de\\\/produkt\\\/rent-range-rover-vogue-grey-2023-in-dubai\\\/#breadcrumb\",\"itemListElement\":[{\"@type\":\"ListItem\",\"position\":1,\"name\":\"Home\",\"item\":\"https:\\\/\\\/fastlanerentacar.com\\\/de\\\/startseite\\\/\"},{\"@type\":\"ListItem\",\"position\":2,\"name\":\"Products\",\"item\":\"https:\\\/\\\/fastlanerentacar.com\\\/shop\\\/\"},{\"@type\":\"ListItem\",\"position\":3,\"name\":\"Range Rover Vogue (Grau), 2023 in Dubai mieten\"}]},{\"@type\":\"WebSite\",\"@id\":\"https:\\\/\\\/fastlanerentacar.com\\\/#website\",\"url\":\"https:\\\/\\\/fastlanerentacar.com\\\/\",\"name\":\"Fastlane\",\"description\":\"\",\"publisher\":{\"@id\":\"https:\\\/\\\/fastlanerentacar.com\\\/#organization\"},\"potentialAction\":[{\"@type\":\"SearchAction\",\"target\":{\"@type\":\"EntryPoint\",\"urlTemplate\":\"https:\\\/\\\/fastlanerentacar.com\\\/?s={search_term_string}\"},\"query-input\":{\"@type\":\"PropertyValueSpecification\",\"valueRequired\":true,\"valueName\":\"search_term_string\"}}],\"inLanguage\":\"de\"},{\"@type\":\"Organization\",\"@id\":\"https:\\\/\\\/fastlanerentacar.com\\\/#organization\",\"name\":\"Fastlane\",\"url\":\"https:\\\/\\\/fastlanerentacar.com\\\/\",\"logo\":{\"@type\":\"ImageObject\",\"inLanguage\":\"de\",\"@id\":\"https:\\\/\\\/fastlanerentacar.com\\\/#\\\/schema\\\/logo\\\/image\\\/\",\"url\":\"https:\\\/\\\/fastlanerentacar.com\\\/wp-content\\\/uploads\\\/Asset-2@2x-8.png\",\"contentUrl\":\"https:\\\/\\\/fastlanerentacar.com\\\/wp-content\\\/uploads\\\/Asset-2@2x-8.png\",\"width\":1641,\"height\":316,\"caption\":\"Fastlane\"},\"image\":{\"@id\":\"https:\\\/\\\/fastlanerentacar.com\\\/#\\\/schema\\\/logo\\\/image\\\/\"}}]}<\/script>\n<!-- \/ Yoast SEO plugin. -->","yoast_head_json":{"title":"Range Rover Vogue (Grau), 2023 in Dubai mieten - Fastlane","robots":{"index":"index","follow":"follow","max-snippet":"max-snippet:-1","max-image-preview":"max-image-preview:large","max-video-preview":"max-video-preview:-1"},"canonical":"https:\/\/fastlanerentacar.com\/de\/produkt\/rent-range-rover-vogue-grey-2023-in-dubai\/","og_locale":"de_DE","og_type":"article","og_title":"Range Rover Vogue (Grau), 2023 in Dubai mieten - Fastlane","og_description":"Sie k\u00f6nnen Range Rover Vogue (Grau), 2023 in Dubai, Vereinigte Arabische Emirate f\u00fcr den n\u00e4chsten Preis mieten 375,63 \u20ac pro Tag oder 9.518 \u20ac pro Monat. Der Mietpreis beinhaltet eine Grundversicherung und eine Standardkilometerbegrenzung von 250 km\/Tag (bei \u00dcberschreitung des Limits werden 3,76 \u20ac pro zus\u00e4tzlichem Kilometer berechnet). Keine Kaution erforderlich. Also, warten Sie nicht l\u00e4nger. Wenn Sie dieses Auto fahren wollen - kontaktieren Sie uns f\u00fcr die Buchung oder jede Frage jetzt.","og_url":"https:\/\/fastlanerentacar.com\/de\/produkt\/rent-range-rover-vogue-grey-2023-in-dubai\/","og_site_name":"Fastlane","article_modified_time":"2023-10-18T10:28:45+00:00","og_image":[{"width":1634,"height":1021,"url":"https:\/\/i0.wp.com\/turboplusdxb.com\/wp-content\/uploads\/grey_range-rover-vogue-hse_2023Img1.webp?fit=1634%2C1021&ssl=1","type":"image\/webp"}],"twitter_card":"summary_large_image","schema":{"@context":"https:\/\/schema.org","@graph":[{"@type":"WebPage","@id":"https:\/\/fastlanerentacar.com\/de\/produkt\/rent-range-rover-vogue-grey-2023-in-dubai\/","url":"https:\/\/fastlanerentacar.com\/de\/produkt\/rent-range-rover-vogue-grey-2023-in-dubai\/","name":"Range Rover Vogue (Grau), 2023 in Dubai mieten - Fastlane","isPartOf":{"@id":"https:\/\/fastlanerentacar.com\/#website"},"primaryImageOfPage":{"@id":"https:\/\/fastlanerentacar.com\/de\/produkt\/rent-range-rover-vogue-grey-2023-in-dubai\/#primaryimage"},"image":{"@id":"https:\/\/fastlanerentacar.com\/de\/produkt\/rent-range-rover-vogue-grey-2023-in-dubai\/#primaryimage"},"thumbnailUrl":"https:\/\/fastlanerentacar.com\/wp-content\/uploads\/grey_range-rover-vogue-hse_2023Img1.webp","datePublished":"2023-08-18T12:38:26+00:00","dateModified":"2023-10-18T10:28:45+00:00","breadcrumb":{"@id":"https:\/\/fastlanerentacar.com\/de\/produkt\/rent-range-rover-vogue-grey-2023-in-dubai\/#breadcrumb"},"inLanguage":"de","potentialAction":[{"@type":"ReadAction","target":["https:\/\/fastlanerentacar.com\/de\/produkt\/rent-range-rover-vogue-grey-2023-in-dubai\/"]}]},{"@type":"ImageObject","inLanguage":"de","@id":"https:\/\/fastlanerentacar.com\/de\/produkt\/rent-range-rover-vogue-grey-2023-in-dubai\/#primaryimage","url":"https:\/\/fastlanerentacar.com\/wp-content\/uploads\/grey_range-rover-vogue-hse_2023Img1.webp","contentUrl":"https:\/\/fastlanerentacar.com\/wp-content\/uploads\/grey_range-rover-vogue-hse_2023Img1.webp","width":1634,"height":1021},{"@type":"BreadcrumbList","@id":"https:\/\/fastlanerentacar.com\/de\/produkt\/rent-range-rover-vogue-grey-2023-in-dubai\/#breadcrumb","itemListElement":[{"@type":"ListItem","position":1,"name":"Home","item":"https:\/\/fastlanerentacar.com\/de\/startseite\/"},{"@type":"ListItem","position":2,"name":"Products","item":"https:\/\/fastlanerentacar.com\/shop\/"},{"@type":"ListItem","position":3,"name":"Range Rover Vogue (Grau), 2023 in Dubai mieten"}]},{"@type":"WebSite","@id":"https:\/\/fastlanerentacar.com\/#website","url":"https:\/\/fastlanerentacar.com\/","name":"Fastlane","description":"","publisher":{"@id":"https:\/\/fastlanerentacar.com\/#organization"},"potentialAction":[{"@type":"SearchAction","target":{"@type":"EntryPoint","urlTemplate":"https:\/\/fastlanerentacar.com\/?s={search_term_string}"},"query-input":{"@type":"PropertyValueSpecification","valueRequired":true,"valueName":"search_term_string"}}],"inLanguage":"de"},{"@type":"Organization","@id":"https:\/\/fastlanerentacar.com\/#organization","name":"Fastlane","url":"https:\/\/fastlanerentacar.com\/","logo":{"@type":"ImageObject","inLanguage":"de","@id":"https:\/\/fastlanerentacar.com\/#\/schema\/logo\/image\/","url":"https:\/\/fastlanerentacar.com\/wp-content\/uploads\/Asset-2@2x-8.png","contentUrl":"https:\/\/fastlanerentacar.com\/wp-content\/uploads\/Asset-2@2x-8.png","width":1641,"height":316,"caption":"Fastlane"},"image":{"@id":"https:\/\/fastlanerentacar.com\/#\/schema\/logo\/image\/"}}]}},"_links":{"self":[{"href":"https:\/\/fastlanerentacar.com\/de\/wp-json\/wp\/v2\/product\/34983","targetHints":{"allow":["GET"]}}],"collection":[{"href":"https:\/\/fastlanerentacar.com\/de\/wp-json\/wp\/v2\/product"}],"about":[{"href":"https:\/\/fastlanerentacar.com\/de\/wp-json\/wp\/v2\/types\/product"}],"replies":[{"embeddable":true,"href":"https:\/\/fastlanerentacar.com\/de\/wp-json\/wp\/v2\/comments?post=34983"}],"wp:featuredmedia":[{"embeddable":true,"href":"https:\/\/fastlanerentacar.com\/de\/wp-json\/wp\/v2\/media\/23666"}],"wp:attachment":[{"href":"https:\/\/fastlanerentacar.com\/de\/wp-json\/wp\/v2\/media?parent=34983"}],"wp:term":[{"taxonomy":"product_brand","embeddable":true,"href":"https:\/\/fastlanerentacar.com\/de\/wp-json\/wp\/v2\/product_brand?post=34983"},{"taxonomy":"product_cat","embeddable":true,"href":"https:\/\/fastlanerentacar.com\/de\/wp-json\/wp\/v2\/product_cat?post=34983"},{"taxonomy":"product_tag","embeddable":true,"href":"https:\/\/fastlanerentacar.com\/de\/wp-json\/wp\/v2\/product_tag?post=34983"}],"curies":[{"name":"wp","href":"https:\/\/api.w.org\/{rel}","templated":true}]}}