{"id":35241,"date":"2023-08-18T07:40:44","date_gmt":"2023-08-18T07:40:44","guid":{"rendered":"https:\/\/turboplus.digitality-agency.com\/product\/audi-rsq8-schwarz-2023-in-dubai-mieten\/"},"modified":"2023-10-18T11:05:49","modified_gmt":"2023-10-18T11:05:49","slug":"rent-audi-rsq8-black-2023-in-dubai","status":"publish","type":"product","link":"https:\/\/fastlanerentacar.com\/de\/product\/rent-audi-rsq8-black-2023-in-dubai\/","title":{"rendered":"Audi RSQ8 (Schwarz), 2023 in Dubai mieten"},"content":{"rendered":"","protected":false},"excerpt":{"rendered":"<p>Sie k\u00f6nnen Audi RSQ8 (Schwarz), 2023 in Dubai, Vereinigte Arabische Emirate zum n\u00e4chsten Preis von \u20ac 287,99 pro Tag oder \u20ac 7.017 pro Monat mieten. Der Mietpreis beinhaltet eine Grundversicherung und eine Standardkilometerbegrenzung von 250 km\/Tag (bei \u00dcberschreitung des Limits werden 3,76 \u20ac pro zus\u00e4tzlichem Kilometer berechnet). Keine Kaution erforderlich. Also, warten Sie nicht l\u00e4nger. Wenn Sie dieses Auto fahren wollen &#8211; kontaktieren Sie uns f\u00fcr die Buchung oder jede Frage jetzt.<\/p>\n","protected":false},"featured_media":22419,"comment_status":"closed","ping_status":"closed","template":"","meta":{"_acf_changed":false},"product_brand":[],"product_cat":[230],"product_tag":[214,348],"class_list":{"0":"post-35241","1":"product","2":"type-product","3":"status-publish","4":"has-post-thumbnail","6":"product_cat-audi-de","7":"product_tag-luxusautos","8":"product_tag-suv-de","9":"yith_booking_service-deposit-free","11":"first","12":"instock","13":"virtual","14":"sold-individually","15":"purchasable","16":"product-type-booking"},"acf":[],"yoast_head":"<!-- This site is optimized with the Yoast SEO plugin v25.0 - https:\/\/yoast.com\/wordpress\/plugins\/seo\/ -->\n<title>Audi RSQ8 (Schwarz), 2023 in Dubai mieten - Fastlane<\/title>\n<meta name=\"robots\" content=\"index, follow, max-snippet:-1, max-image-preview:large, max-video-preview:-1\" \/>\n<link rel=\"canonical\" href=\"https:\/\/fastlanerentacar.com\/de\/produkt\/rent-audi-rsq8-black-2023-in-dubai\/\" \/>\n<meta property=\"og:locale\" content=\"de_DE\" \/>\n<meta property=\"og:type\" content=\"article\" \/>\n<meta property=\"og:title\" content=\"Audi RSQ8 (Schwarz), 2023 in Dubai mieten - Fastlane\" \/>\n<meta property=\"og:description\" content=\"Sie k\u00f6nnen Audi RSQ8 (Schwarz), 2023 in Dubai, Vereinigte Arabische Emirate zum n\u00e4chsten Preis von \u20ac 287,99 pro Tag oder \u20ac 7.017 pro Monat mieten. Der Mietpreis beinhaltet eine Grundversicherung und eine Standardkilometerbegrenzung von 250 km\/Tag (bei \u00dcberschreitung des Limits werden 3,76 \u20ac pro zus\u00e4tzlichem Kilometer berechnet). Keine Kaution erforderlich. Also, warten Sie nicht l\u00e4nger. Wenn Sie dieses Auto fahren wollen - kontaktieren Sie uns f\u00fcr die Buchung oder jede Frage jetzt.\" \/>\n<meta property=\"og:url\" content=\"https:\/\/fastlanerentacar.com\/de\/produkt\/rent-audi-rsq8-black-2023-in-dubai\/\" \/>\n<meta property=\"og:site_name\" content=\"Fastlane\" \/>\n<meta property=\"article:modified_time\" content=\"2023-10-18T11:05:49+00:00\" \/>\n<meta property=\"og:image\" content=\"https:\/\/i0.wp.com\/turboplusdxb.com\/wp-content\/uploads\/black_audi-rsq_2023Img1.webp?fit=513%2C320&ssl=1\" \/>\n\t<meta property=\"og:image:width\" content=\"513\" \/>\n\t<meta property=\"og:image:height\" content=\"320\" \/>\n\t<meta property=\"og:image:type\" content=\"image\/webp\" \/>\n<meta name=\"twitter:card\" content=\"summary_large_image\" \/>\n<script type=\"application\/ld+json\" class=\"yoast-schema-graph\">{\"@context\":\"https:\/\/schema.org\",\"@graph\":[{\"@type\":\"WebPage\",\"@id\":\"https:\/\/fastlanerentacar.com\/de\/produkt\/rent-audi-rsq8-black-2023-in-dubai\/\",\"url\":\"https:\/\/fastlanerentacar.com\/de\/produkt\/rent-audi-rsq8-black-2023-in-dubai\/\",\"name\":\"Audi RSQ8 (Schwarz), 2023 in Dubai mieten - Fastlane\",\"isPartOf\":{\"@id\":\"https:\/\/fastlanerentacar.com\/#website\"},\"primaryImageOfPage\":{\"@id\":\"https:\/\/fastlanerentacar.com\/de\/produkt\/rent-audi-rsq8-black-2023-in-dubai\/#primaryimage\"},\"image\":{\"@id\":\"https:\/\/fastlanerentacar.com\/de\/produkt\/rent-audi-rsq8-black-2023-in-dubai\/#primaryimage\"},\"thumbnailUrl\":\"https:\/\/fastlanerentacar.com\/wp-content\/uploads\/black_audi-rsq_2023Img1.webp\",\"datePublished\":\"2023-08-18T07:40:44+00:00\",\"dateModified\":\"2023-10-18T11:05:49+00:00\",\"breadcrumb\":{\"@id\":\"https:\/\/fastlanerentacar.com\/de\/produkt\/rent-audi-rsq8-black-2023-in-dubai\/#breadcrumb\"},\"inLanguage\":\"de\",\"potentialAction\":[{\"@type\":\"ReadAction\",\"target\":[\"https:\/\/fastlanerentacar.com\/de\/produkt\/rent-audi-rsq8-black-2023-in-dubai\/\"]}]},{\"@type\":\"ImageObject\",\"inLanguage\":\"de\",\"@id\":\"https:\/\/fastlanerentacar.com\/de\/produkt\/rent-audi-rsq8-black-2023-in-dubai\/#primaryimage\",\"url\":\"https:\/\/fastlanerentacar.com\/wp-content\/uploads\/black_audi-rsq_2023Img1.webp\",\"contentUrl\":\"https:\/\/fastlanerentacar.com\/wp-content\/uploads\/black_audi-rsq_2023Img1.webp\",\"width\":513,\"height\":320},{\"@type\":\"BreadcrumbList\",\"@id\":\"https:\/\/fastlanerentacar.com\/de\/produkt\/rent-audi-rsq8-black-2023-in-dubai\/#breadcrumb\",\"itemListElement\":[{\"@type\":\"ListItem\",\"position\":1,\"name\":\"Home\",\"item\":\"https:\/\/fastlanerentacar.com\/de\/startseite\/\"},{\"@type\":\"ListItem\",\"position\":2,\"name\":\"Products\",\"item\":\"https:\/\/fastlanerentacar.com\/shop\/\"},{\"@type\":\"ListItem\",\"position\":3,\"name\":\"Audi RSQ8 (Schwarz), 2023 in Dubai mieten\"}]},{\"@type\":\"WebSite\",\"@id\":\"https:\/\/fastlanerentacar.com\/#website\",\"url\":\"https:\/\/fastlanerentacar.com\/\",\"name\":\"Fastlane\",\"description\":\"\",\"publisher\":{\"@id\":\"https:\/\/fastlanerentacar.com\/#organization\"},\"potentialAction\":[{\"@type\":\"SearchAction\",\"target\":{\"@type\":\"EntryPoint\",\"urlTemplate\":\"https:\/\/fastlanerentacar.com\/?s={search_term_string}\"},\"query-input\":{\"@type\":\"PropertyValueSpecification\",\"valueRequired\":true,\"valueName\":\"search_term_string\"}}],\"inLanguage\":\"de\"},{\"@type\":\"Organization\",\"@id\":\"https:\/\/fastlanerentacar.com\/#organization\",\"name\":\"Fastlane\",\"url\":\"https:\/\/fastlanerentacar.com\/\",\"logo\":{\"@type\":\"ImageObject\",\"inLanguage\":\"de\",\"@id\":\"https:\/\/fastlanerentacar.com\/#\/schema\/logo\/image\/\",\"url\":\"https:\/\/fastlanerentacar.com\/wp-content\/uploads\/Asset-2@2x-8.png\",\"contentUrl\":\"https:\/\/fastlanerentacar.com\/wp-content\/uploads\/Asset-2@2x-8.png\",\"width\":1641,\"height\":316,\"caption\":\"Fastlane\"},\"image\":{\"@id\":\"https:\/\/fastlanerentacar.com\/#\/schema\/logo\/image\/\"}}]}<\/script>\n<!-- \/ Yoast SEO plugin. -->","yoast_head_json":{"title":"Audi RSQ8 (Schwarz), 2023 in Dubai mieten - Fastlane","robots":{"index":"index","follow":"follow","max-snippet":"max-snippet:-1","max-image-preview":"max-image-preview:large","max-video-preview":"max-video-preview:-1"},"canonical":"https:\/\/fastlanerentacar.com\/de\/produkt\/rent-audi-rsq8-black-2023-in-dubai\/","og_locale":"de_DE","og_type":"article","og_title":"Audi RSQ8 (Schwarz), 2023 in Dubai mieten - Fastlane","og_description":"Sie k\u00f6nnen Audi RSQ8 (Schwarz), 2023 in Dubai, Vereinigte Arabische Emirate zum n\u00e4chsten Preis von \u20ac 287,99 pro Tag oder \u20ac 7.017 pro Monat mieten. Der Mietpreis beinhaltet eine Grundversicherung und eine Standardkilometerbegrenzung von 250 km\/Tag (bei \u00dcberschreitung des Limits werden 3,76 \u20ac pro zus\u00e4tzlichem Kilometer berechnet). Keine Kaution erforderlich. Also, warten Sie nicht l\u00e4nger. Wenn Sie dieses Auto fahren wollen - kontaktieren Sie uns f\u00fcr die Buchung oder jede Frage jetzt.","og_url":"https:\/\/fastlanerentacar.com\/de\/produkt\/rent-audi-rsq8-black-2023-in-dubai\/","og_site_name":"Fastlane","article_modified_time":"2023-10-18T11:05:49+00:00","og_image":[{"width":513,"height":320,"url":"https:\/\/i0.wp.com\/turboplusdxb.com\/wp-content\/uploads\/black_audi-rsq_2023Img1.webp?fit=513%2C320&ssl=1","type":"image\/webp"}],"twitter_card":"summary_large_image","schema":{"@context":"https:\/\/schema.org","@graph":[{"@type":"WebPage","@id":"https:\/\/fastlanerentacar.com\/de\/produkt\/rent-audi-rsq8-black-2023-in-dubai\/","url":"https:\/\/fastlanerentacar.com\/de\/produkt\/rent-audi-rsq8-black-2023-in-dubai\/","name":"Audi RSQ8 (Schwarz), 2023 in Dubai mieten - Fastlane","isPartOf":{"@id":"https:\/\/fastlanerentacar.com\/#website"},"primaryImageOfPage":{"@id":"https:\/\/fastlanerentacar.com\/de\/produkt\/rent-audi-rsq8-black-2023-in-dubai\/#primaryimage"},"image":{"@id":"https:\/\/fastlanerentacar.com\/de\/produkt\/rent-audi-rsq8-black-2023-in-dubai\/#primaryimage"},"thumbnailUrl":"https:\/\/fastlanerentacar.com\/wp-content\/uploads\/black_audi-rsq_2023Img1.webp","datePublished":"2023-08-18T07:40:44+00:00","dateModified":"2023-10-18T11:05:49+00:00","breadcrumb":{"@id":"https:\/\/fastlanerentacar.com\/de\/produkt\/rent-audi-rsq8-black-2023-in-dubai\/#breadcrumb"},"inLanguage":"de","potentialAction":[{"@type":"ReadAction","target":["https:\/\/fastlanerentacar.com\/de\/produkt\/rent-audi-rsq8-black-2023-in-dubai\/"]}]},{"@type":"ImageObject","inLanguage":"de","@id":"https:\/\/fastlanerentacar.com\/de\/produkt\/rent-audi-rsq8-black-2023-in-dubai\/#primaryimage","url":"https:\/\/fastlanerentacar.com\/wp-content\/uploads\/black_audi-rsq_2023Img1.webp","contentUrl":"https:\/\/fastlanerentacar.com\/wp-content\/uploads\/black_audi-rsq_2023Img1.webp","width":513,"height":320},{"@type":"BreadcrumbList","@id":"https:\/\/fastlanerentacar.com\/de\/produkt\/rent-audi-rsq8-black-2023-in-dubai\/#breadcrumb","itemListElement":[{"@type":"ListItem","position":1,"name":"Home","item":"https:\/\/fastlanerentacar.com\/de\/startseite\/"},{"@type":"ListItem","position":2,"name":"Products","item":"https:\/\/fastlanerentacar.com\/shop\/"},{"@type":"ListItem","position":3,"name":"Audi RSQ8 (Schwarz), 2023 in Dubai mieten"}]},{"@type":"WebSite","@id":"https:\/\/fastlanerentacar.com\/#website","url":"https:\/\/fastlanerentacar.com\/","name":"Fastlane","description":"","publisher":{"@id":"https:\/\/fastlanerentacar.com\/#organization"},"potentialAction":[{"@type":"SearchAction","target":{"@type":"EntryPoint","urlTemplate":"https:\/\/fastlanerentacar.com\/?s={search_term_string}"},"query-input":{"@type":"PropertyValueSpecification","valueRequired":true,"valueName":"search_term_string"}}],"inLanguage":"de"},{"@type":"Organization","@id":"https:\/\/fastlanerentacar.com\/#organization","name":"Fastlane","url":"https:\/\/fastlanerentacar.com\/","logo":{"@type":"ImageObject","inLanguage":"de","@id":"https:\/\/fastlanerentacar.com\/#\/schema\/logo\/image\/","url":"https:\/\/fastlanerentacar.com\/wp-content\/uploads\/Asset-2@2x-8.png","contentUrl":"https:\/\/fastlanerentacar.com\/wp-content\/uploads\/Asset-2@2x-8.png","width":1641,"height":316,"caption":"Fastlane"},"image":{"@id":"https:\/\/fastlanerentacar.com\/#\/schema\/logo\/image\/"}}]}},"_links":{"self":[{"href":"https:\/\/fastlanerentacar.com\/de\/wp-json\/wp\/v2\/product\/35241","targetHints":{"allow":["GET"]}}],"collection":[{"href":"https:\/\/fastlanerentacar.com\/de\/wp-json\/wp\/v2\/product"}],"about":[{"href":"https:\/\/fastlanerentacar.com\/de\/wp-json\/wp\/v2\/types\/product"}],"replies":[{"embeddable":true,"href":"https:\/\/fastlanerentacar.com\/de\/wp-json\/wp\/v2\/comments?post=35241"}],"wp:featuredmedia":[{"embeddable":true,"href":"https:\/\/fastlanerentacar.com\/de\/wp-json\/wp\/v2\/media\/22419"}],"wp:attachment":[{"href":"https:\/\/fastlanerentacar.com\/de\/wp-json\/wp\/v2\/media?parent=35241"}],"wp:term":[{"taxonomy":"product_brand","embeddable":true,"href":"https:\/\/fastlanerentacar.com\/de\/wp-json\/wp\/v2\/product_brand?post=35241"},{"taxonomy":"product_cat","embeddable":true,"href":"https:\/\/fastlanerentacar.com\/de\/wp-json\/wp\/v2\/product_cat?post=35241"},{"taxonomy":"product_tag","embeddable":true,"href":"https:\/\/fastlanerentacar.com\/de\/wp-json\/wp\/v2\/product_tag?post=35241"}],"curies":[{"name":"wp","href":"https:\/\/api.w.org\/{rel}","templated":true}]}}