{"id":37283,"date":"2023-08-03T11:10:09","date_gmt":"2023-08-03T11:10:09","guid":{"rendered":"https:\/\/turboplus.digitality-agency.com\/product\/audi-rs5-gruen-2022\/"},"modified":"2023-10-18T14:58:36","modified_gmt":"2023-10-18T14:58:36","slug":"audi-rs5-green-2022","status":"publish","type":"product","link":"https:\/\/fastlanerentacar.com\/de\/product\/audi-rs5-green-2022\/","title":{"rendered":"Audi Rs5 Gr\u00fcn 2022"},"content":{"rendered":"","protected":false},"excerpt":{"rendered":"<p>Dieses Ger\u00e4t ist ein 4,2-Liter-V8 mit 331 kW (450 PS) ist ein absolutes Monster auf der Stra\u00dfe. Sie sollten wissen, wie man einen Rennwagen f\u00e4hrt, bevor Sie ihn auf der Autobahn einsetzen. Dieses Auto wurde geschaffen, um Autos wie Mercedes und Porsche einfach zum Lachen zu bringen. Der neue Audi RS5 wurde 2010 auf dem Genfer Automobilsalon vorgestellt und ist seit dem gleichen Jahr mit brachialer Kraft auf den Stra\u00dfen unterwegs.<\/p>\n","protected":false},"featured_media":39716,"comment_status":"open","ping_status":"closed","template":"","meta":{"_acf_changed":false},"product_brand":[],"product_cat":[230],"product_tag":[239],"class_list":{"0":"post-37283","1":"product","2":"type-product","3":"status-publish","4":"has-post-thumbnail","6":"product_cat-audi-de","7":"product_tag-geschaeftsautos","8":"yith_booking_service-deposit-free","10":"first","11":"instock","12":"virtual","13":"sold-individually","14":"purchasable","15":"product-type-booking"},"acf":[],"yoast_head":"<!-- This site is optimized with the Yoast SEO plugin v27.4 - https:\/\/yoast.com\/product\/yoast-seo-wordpress\/ -->\n<title>Audi Rs5 Gr\u00fcn 2022 - Fastlane<\/title>\n<meta name=\"robots\" content=\"index, follow, max-snippet:-1, max-image-preview:large, max-video-preview:-1\" \/>\n<link rel=\"canonical\" href=\"https:\/\/fastlanerentacar.com\/produkt\/audi-rs5-green-2022\/\" \/>\n<meta property=\"og:locale\" content=\"de_DE\" \/>\n<meta property=\"og:type\" content=\"article\" \/>\n<meta property=\"og:title\" content=\"Audi Rs5 Gr\u00fcn 2022 - Fastlane\" \/>\n<meta property=\"og:description\" content=\"Dieses Ger\u00e4t ist ein 4,2-Liter-V8 mit 331 kW (450 PS) ist ein absolutes Monster auf der Stra\u00dfe. Sie sollten wissen, wie man einen Rennwagen f\u00e4hrt, bevor Sie ihn auf der Autobahn einsetzen. Dieses Auto wurde geschaffen, um Autos wie Mercedes und Porsche einfach zum Lachen zu bringen. Der neue Audi RS5 wurde 2010 auf dem Genfer Automobilsalon vorgestellt und ist seit dem gleichen Jahr mit brachialer Kraft auf den Stra\u00dfen unterwegs.\" \/>\n<meta property=\"og:url\" content=\"https:\/\/fastlanerentacar.com\/produkt\/audi-rs5-green-2022\/\" \/>\n<meta property=\"og:site_name\" content=\"Fastlane\" \/>\n<meta property=\"article:modified_time\" content=\"2023-10-18T14:58:36+00:00\" \/>\n<meta property=\"og:image\" content=\"https:\/\/i0.wp.com\/turboplusdxb.com\/wp-content\/uploads\/Audi-RS5-2021-hiring-dubai-scaled-1200x1600-1.jpg?fit=1170%2C857&ssl=1\" \/>\n\t<meta property=\"og:image:width\" content=\"1170\" \/>\n\t<meta property=\"og:image:height\" content=\"857\" \/>\n\t<meta property=\"og:image:type\" content=\"image\/jpeg\" \/>\n<meta name=\"twitter:card\" content=\"summary_large_image\" \/>\n<script type=\"application\/ld+json\" class=\"yoast-schema-graph\">{\"@context\":\"https:\\\/\\\/schema.org\",\"@graph\":[{\"@type\":\"WebPage\",\"@id\":\"https:\\\/\\\/fastlanerentacar.com\\\/produkt\\\/audi-rs5-green-2022\\\/\",\"url\":\"https:\\\/\\\/fastlanerentacar.com\\\/produkt\\\/audi-rs5-green-2022\\\/\",\"name\":\"Audi Rs5 Gr\u00fcn 2022 - Fastlane\",\"isPartOf\":{\"@id\":\"https:\\\/\\\/fastlanerentacar.com\\\/#website\"},\"primaryImageOfPage\":{\"@id\":\"https:\\\/\\\/fastlanerentacar.com\\\/produkt\\\/audi-rs5-green-2022\\\/#primaryimage\"},\"image\":{\"@id\":\"https:\\\/\\\/fastlanerentacar.com\\\/produkt\\\/audi-rs5-green-2022\\\/#primaryimage\"},\"thumbnailUrl\":\"https:\\\/\\\/fastlanerentacar.com\\\/wp-content\\\/uploads\\\/Audi-RS5-2021-hiring-dubai-scaled-1200x1600-1.jpg\",\"datePublished\":\"2023-08-03T11:10:09+00:00\",\"dateModified\":\"2023-10-18T14:58:36+00:00\",\"breadcrumb\":{\"@id\":\"https:\\\/\\\/fastlanerentacar.com\\\/produkt\\\/audi-rs5-green-2022\\\/#breadcrumb\"},\"inLanguage\":\"de\",\"potentialAction\":[{\"@type\":\"ReadAction\",\"target\":[\"https:\\\/\\\/fastlanerentacar.com\\\/produkt\\\/audi-rs5-green-2022\\\/\"]}]},{\"@type\":\"ImageObject\",\"inLanguage\":\"de\",\"@id\":\"https:\\\/\\\/fastlanerentacar.com\\\/produkt\\\/audi-rs5-green-2022\\\/#primaryimage\",\"url\":\"https:\\\/\\\/fastlanerentacar.com\\\/wp-content\\\/uploads\\\/Audi-RS5-2021-hiring-dubai-scaled-1200x1600-1.jpg\",\"contentUrl\":\"https:\\\/\\\/fastlanerentacar.com\\\/wp-content\\\/uploads\\\/Audi-RS5-2021-hiring-dubai-scaled-1200x1600-1.jpg\",\"width\":1170,\"height\":857},{\"@type\":\"BreadcrumbList\",\"@id\":\"https:\\\/\\\/fastlanerentacar.com\\\/produkt\\\/audi-rs5-green-2022\\\/#breadcrumb\",\"itemListElement\":[{\"@type\":\"ListItem\",\"position\":1,\"name\":\"Home\",\"item\":\"https:\\\/\\\/fastlanerentacar.com\\\/de\\\/startseite\\\/\"},{\"@type\":\"ListItem\",\"position\":2,\"name\":\"Products\",\"item\":\"https:\\\/\\\/fastlanerentacar.com\\\/shop\\\/\"},{\"@type\":\"ListItem\",\"position\":3,\"name\":\"Audi Rs5 Gr\u00fcn 2022\"}]},{\"@type\":\"WebSite\",\"@id\":\"https:\\\/\\\/fastlanerentacar.com\\\/#website\",\"url\":\"https:\\\/\\\/fastlanerentacar.com\\\/\",\"name\":\"Fastlane\",\"description\":\"\",\"publisher\":{\"@id\":\"https:\\\/\\\/fastlanerentacar.com\\\/#organization\"},\"potentialAction\":[{\"@type\":\"SearchAction\",\"target\":{\"@type\":\"EntryPoint\",\"urlTemplate\":\"https:\\\/\\\/fastlanerentacar.com\\\/?s={search_term_string}\"},\"query-input\":{\"@type\":\"PropertyValueSpecification\",\"valueRequired\":true,\"valueName\":\"search_term_string\"}}],\"inLanguage\":\"de\"},{\"@type\":\"Organization\",\"@id\":\"https:\\\/\\\/fastlanerentacar.com\\\/#organization\",\"name\":\"Fastlane\",\"url\":\"https:\\\/\\\/fastlanerentacar.com\\\/\",\"logo\":{\"@type\":\"ImageObject\",\"inLanguage\":\"de\",\"@id\":\"https:\\\/\\\/fastlanerentacar.com\\\/#\\\/schema\\\/logo\\\/image\\\/\",\"url\":\"https:\\\/\\\/fastlanerentacar.com\\\/wp-content\\\/uploads\\\/Asset-2@2x-8.png\",\"contentUrl\":\"https:\\\/\\\/fastlanerentacar.com\\\/wp-content\\\/uploads\\\/Asset-2@2x-8.png\",\"width\":1641,\"height\":316,\"caption\":\"Fastlane\"},\"image\":{\"@id\":\"https:\\\/\\\/fastlanerentacar.com\\\/#\\\/schema\\\/logo\\\/image\\\/\"}}]}<\/script>\n<!-- \/ Yoast SEO plugin. -->","yoast_head_json":{"title":"Audi Rs5 Gr\u00fcn 2022 - Fastlane","robots":{"index":"index","follow":"follow","max-snippet":"max-snippet:-1","max-image-preview":"max-image-preview:large","max-video-preview":"max-video-preview:-1"},"canonical":"https:\/\/fastlanerentacar.com\/produkt\/audi-rs5-green-2022\/","og_locale":"de_DE","og_type":"article","og_title":"Audi Rs5 Gr\u00fcn 2022 - Fastlane","og_description":"Dieses Ger\u00e4t ist ein 4,2-Liter-V8 mit 331 kW (450 PS) ist ein absolutes Monster auf der Stra\u00dfe. Sie sollten wissen, wie man einen Rennwagen f\u00e4hrt, bevor Sie ihn auf der Autobahn einsetzen. Dieses Auto wurde geschaffen, um Autos wie Mercedes und Porsche einfach zum Lachen zu bringen. Der neue Audi RS5 wurde 2010 auf dem Genfer Automobilsalon vorgestellt und ist seit dem gleichen Jahr mit brachialer Kraft auf den Stra\u00dfen unterwegs.","og_url":"https:\/\/fastlanerentacar.com\/produkt\/audi-rs5-green-2022\/","og_site_name":"Fastlane","article_modified_time":"2023-10-18T14:58:36+00:00","og_image":[{"width":1170,"height":857,"url":"https:\/\/i0.wp.com\/turboplusdxb.com\/wp-content\/uploads\/Audi-RS5-2021-hiring-dubai-scaled-1200x1600-1.jpg?fit=1170%2C857&ssl=1","type":"image\/jpeg"}],"twitter_card":"summary_large_image","schema":{"@context":"https:\/\/schema.org","@graph":[{"@type":"WebPage","@id":"https:\/\/fastlanerentacar.com\/produkt\/audi-rs5-green-2022\/","url":"https:\/\/fastlanerentacar.com\/produkt\/audi-rs5-green-2022\/","name":"Audi Rs5 Gr\u00fcn 2022 - Fastlane","isPartOf":{"@id":"https:\/\/fastlanerentacar.com\/#website"},"primaryImageOfPage":{"@id":"https:\/\/fastlanerentacar.com\/produkt\/audi-rs5-green-2022\/#primaryimage"},"image":{"@id":"https:\/\/fastlanerentacar.com\/produkt\/audi-rs5-green-2022\/#primaryimage"},"thumbnailUrl":"https:\/\/fastlanerentacar.com\/wp-content\/uploads\/Audi-RS5-2021-hiring-dubai-scaled-1200x1600-1.jpg","datePublished":"2023-08-03T11:10:09+00:00","dateModified":"2023-10-18T14:58:36+00:00","breadcrumb":{"@id":"https:\/\/fastlanerentacar.com\/produkt\/audi-rs5-green-2022\/#breadcrumb"},"inLanguage":"de","potentialAction":[{"@type":"ReadAction","target":["https:\/\/fastlanerentacar.com\/produkt\/audi-rs5-green-2022\/"]}]},{"@type":"ImageObject","inLanguage":"de","@id":"https:\/\/fastlanerentacar.com\/produkt\/audi-rs5-green-2022\/#primaryimage","url":"https:\/\/fastlanerentacar.com\/wp-content\/uploads\/Audi-RS5-2021-hiring-dubai-scaled-1200x1600-1.jpg","contentUrl":"https:\/\/fastlanerentacar.com\/wp-content\/uploads\/Audi-RS5-2021-hiring-dubai-scaled-1200x1600-1.jpg","width":1170,"height":857},{"@type":"BreadcrumbList","@id":"https:\/\/fastlanerentacar.com\/produkt\/audi-rs5-green-2022\/#breadcrumb","itemListElement":[{"@type":"ListItem","position":1,"name":"Home","item":"https:\/\/fastlanerentacar.com\/de\/startseite\/"},{"@type":"ListItem","position":2,"name":"Products","item":"https:\/\/fastlanerentacar.com\/shop\/"},{"@type":"ListItem","position":3,"name":"Audi Rs5 Gr\u00fcn 2022"}]},{"@type":"WebSite","@id":"https:\/\/fastlanerentacar.com\/#website","url":"https:\/\/fastlanerentacar.com\/","name":"Fastlane","description":"","publisher":{"@id":"https:\/\/fastlanerentacar.com\/#organization"},"potentialAction":[{"@type":"SearchAction","target":{"@type":"EntryPoint","urlTemplate":"https:\/\/fastlanerentacar.com\/?s={search_term_string}"},"query-input":{"@type":"PropertyValueSpecification","valueRequired":true,"valueName":"search_term_string"}}],"inLanguage":"de"},{"@type":"Organization","@id":"https:\/\/fastlanerentacar.com\/#organization","name":"Fastlane","url":"https:\/\/fastlanerentacar.com\/","logo":{"@type":"ImageObject","inLanguage":"de","@id":"https:\/\/fastlanerentacar.com\/#\/schema\/logo\/image\/","url":"https:\/\/fastlanerentacar.com\/wp-content\/uploads\/Asset-2@2x-8.png","contentUrl":"https:\/\/fastlanerentacar.com\/wp-content\/uploads\/Asset-2@2x-8.png","width":1641,"height":316,"caption":"Fastlane"},"image":{"@id":"https:\/\/fastlanerentacar.com\/#\/schema\/logo\/image\/"}}]}},"_links":{"self":[{"href":"https:\/\/fastlanerentacar.com\/de\/wp-json\/wp\/v2\/product\/37283","targetHints":{"allow":["GET"]}}],"collection":[{"href":"https:\/\/fastlanerentacar.com\/de\/wp-json\/wp\/v2\/product"}],"about":[{"href":"https:\/\/fastlanerentacar.com\/de\/wp-json\/wp\/v2\/types\/product"}],"replies":[{"embeddable":true,"href":"https:\/\/fastlanerentacar.com\/de\/wp-json\/wp\/v2\/comments?post=37283"}],"wp:featuredmedia":[{"embeddable":true,"href":"https:\/\/fastlanerentacar.com\/de\/wp-json\/wp\/v2\/media\/39716"}],"wp:attachment":[{"href":"https:\/\/fastlanerentacar.com\/de\/wp-json\/wp\/v2\/media?parent=37283"}],"wp:term":[{"taxonomy":"product_brand","embeddable":true,"href":"https:\/\/fastlanerentacar.com\/de\/wp-json\/wp\/v2\/product_brand?post=37283"},{"taxonomy":"product_cat","embeddable":true,"href":"https:\/\/fastlanerentacar.com\/de\/wp-json\/wp\/v2\/product_cat?post=37283"},{"taxonomy":"product_tag","embeddable":true,"href":"https:\/\/fastlanerentacar.com\/de\/wp-json\/wp\/v2\/product_tag?post=37283"}],"curies":[{"name":"wp","href":"https:\/\/api.w.org\/{rel}","templated":true}]}}