{"id":37834,"date":"2023-08-03T11:10:03","date_gmt":"2023-08-03T11:10:03","guid":{"rendered":"https:\/\/turboplus.digitality-agency.com\/product\/lamborghini-huracan-evo-spyder-gruen\/"},"modified":"2024-01-10T20:23:57","modified_gmt":"2024-01-10T20:23:57","slug":"lamborghini-huracan-evo-spyder-green","status":"publish","type":"product","link":"https:\/\/fastlanerentacar.com\/de\/product\/lamborghini-huracan-evo-spyder-green\/","title":{"rendered":"Lamborghini Huracan Evo Spyder (Gr\u00fcn)"},"content":{"rendered":"","protected":false},"excerpt":{"rendered":"<p>LAMBORGHINI HURACAN EVO SPYDER MIETEN \u00dcBERBLICK Mieten Sie den Lamborghini Huracan Evo Spyder 2022 in Dubai und entfesseln Sie die tats\u00e4chliche Leistung des muskul\u00f6sen Autos. Huracan EVO Spyder ist ein ultimatives Supercar der Marke Lamborghini mit V10-Motor und 640 PS.<\/p>\n","protected":false},"featured_media":40143,"comment_status":"open","ping_status":"closed","template":"","meta":{"_acf_changed":false},"product_brand":[],"product_cat":[212],"product_tag":[214,213],"class_list":{"0":"post-37834","1":"product","2":"type-product","3":"status-publish","4":"has-post-thumbnail","6":"product_cat-lamborghini-de","7":"product_tag-luxusautos","8":"product_tag-sportwagen","9":"yith_booking_service-deposit-free","11":"first","12":"instock","13":"virtual","14":"sold-individually","15":"purchasable","16":"product-type-booking"},"acf":[],"yoast_head":"<!-- This site is optimized with the Yoast SEO plugin v25.0 - https:\/\/yoast.com\/wordpress\/plugins\/seo\/ -->\n<title>Lamborghini Huracan Evo Spyder (Gr\u00fcn) - Fastlane<\/title>\n<meta name=\"robots\" content=\"index, follow, max-snippet:-1, max-image-preview:large, max-video-preview:-1\" \/>\n<link rel=\"canonical\" href=\"https:\/\/fastlanerentacar.com\/de\/product\/lamborghini-huracan-evo-spyder-green\/\" \/>\n<meta property=\"og:locale\" content=\"de_DE\" \/>\n<meta property=\"og:type\" content=\"article\" \/>\n<meta property=\"og:title\" content=\"Lamborghini Huracan Evo Spyder (Gr\u00fcn) - Fastlane\" \/>\n<meta property=\"og:description\" content=\"LAMBORGHINI HURACAN EVO SPYDER MIETEN \u00dcBERBLICK Mieten Sie den Lamborghini Huracan Evo Spyder 2022 in Dubai und entfesseln Sie die tats\u00e4chliche Leistung des muskul\u00f6sen Autos. Huracan EVO Spyder ist ein ultimatives Supercar der Marke Lamborghini mit V10-Motor und 640 PS.\" \/>\n<meta property=\"og:url\" content=\"https:\/\/fastlanerentacar.com\/de\/product\/lamborghini-huracan-evo-spyder-green\/\" \/>\n<meta property=\"og:site_name\" content=\"Fastlane\" \/>\n<meta property=\"article:modified_time\" content=\"2024-01-10T20:23:57+00:00\" \/>\n<meta property=\"og:image\" content=\"http:\/\/fastlanerentacar.com\/wp-content\/uploads\/Lamborghini-Huracan-6.jpg\" \/>\n\t<meta property=\"og:image:width\" content=\"934\" \/>\n\t<meta property=\"og:image:height\" content=\"848\" \/>\n\t<meta property=\"og:image:type\" content=\"image\/jpeg\" \/>\n<meta name=\"twitter:card\" content=\"summary_large_image\" \/>\n<script type=\"application\/ld+json\" class=\"yoast-schema-graph\">{\"@context\":\"https:\/\/schema.org\",\"@graph\":[{\"@type\":\"WebPage\",\"@id\":\"https:\/\/fastlanerentacar.com\/de\/product\/lamborghini-huracan-evo-spyder-green\/\",\"url\":\"https:\/\/fastlanerentacar.com\/de\/product\/lamborghini-huracan-evo-spyder-green\/\",\"name\":\"Lamborghini Huracan Evo Spyder (Gr\u00fcn) - Fastlane\",\"isPartOf\":{\"@id\":\"https:\/\/fastlanerentacar.com\/#website\"},\"primaryImageOfPage\":{\"@id\":\"https:\/\/fastlanerentacar.com\/de\/product\/lamborghini-huracan-evo-spyder-green\/#primaryimage\"},\"image\":{\"@id\":\"https:\/\/fastlanerentacar.com\/de\/product\/lamborghini-huracan-evo-spyder-green\/#primaryimage\"},\"thumbnailUrl\":\"https:\/\/fastlanerentacar.com\/wp-content\/uploads\/Lamborghini-Huracan-6.jpg\",\"datePublished\":\"2023-08-03T11:10:03+00:00\",\"dateModified\":\"2024-01-10T20:23:57+00:00\",\"breadcrumb\":{\"@id\":\"https:\/\/fastlanerentacar.com\/de\/product\/lamborghini-huracan-evo-spyder-green\/#breadcrumb\"},\"inLanguage\":\"de\",\"potentialAction\":[{\"@type\":\"ReadAction\",\"target\":[\"https:\/\/fastlanerentacar.com\/de\/product\/lamborghini-huracan-evo-spyder-green\/\"]}]},{\"@type\":\"ImageObject\",\"inLanguage\":\"de\",\"@id\":\"https:\/\/fastlanerentacar.com\/de\/product\/lamborghini-huracan-evo-spyder-green\/#primaryimage\",\"url\":\"https:\/\/fastlanerentacar.com\/wp-content\/uploads\/Lamborghini-Huracan-6.jpg\",\"contentUrl\":\"https:\/\/fastlanerentacar.com\/wp-content\/uploads\/Lamborghini-Huracan-6.jpg\",\"width\":934,\"height\":848},{\"@type\":\"BreadcrumbList\",\"@id\":\"https:\/\/fastlanerentacar.com\/de\/product\/lamborghini-huracan-evo-spyder-green\/#breadcrumb\",\"itemListElement\":[{\"@type\":\"ListItem\",\"position\":1,\"name\":\"Home\",\"item\":\"https:\/\/fastlanerentacar.com\/de\/startseite\/\"},{\"@type\":\"ListItem\",\"position\":2,\"name\":\"Products\",\"item\":\"https:\/\/fastlanerentacar.com\/shop\/\"},{\"@type\":\"ListItem\",\"position\":3,\"name\":\"Lamborghini Huracan Evo Spyder (Gr\u00fcn)\"}]},{\"@type\":\"WebSite\",\"@id\":\"https:\/\/fastlanerentacar.com\/#website\",\"url\":\"https:\/\/fastlanerentacar.com\/\",\"name\":\"Fastlane\",\"description\":\"\",\"publisher\":{\"@id\":\"https:\/\/fastlanerentacar.com\/#organization\"},\"potentialAction\":[{\"@type\":\"SearchAction\",\"target\":{\"@type\":\"EntryPoint\",\"urlTemplate\":\"https:\/\/fastlanerentacar.com\/?s={search_term_string}\"},\"query-input\":{\"@type\":\"PropertyValueSpecification\",\"valueRequired\":true,\"valueName\":\"search_term_string\"}}],\"inLanguage\":\"de\"},{\"@type\":\"Organization\",\"@id\":\"https:\/\/fastlanerentacar.com\/#organization\",\"name\":\"Fastlane\",\"url\":\"https:\/\/fastlanerentacar.com\/\",\"logo\":{\"@type\":\"ImageObject\",\"inLanguage\":\"de\",\"@id\":\"https:\/\/fastlanerentacar.com\/#\/schema\/logo\/image\/\",\"url\":\"https:\/\/fastlanerentacar.com\/wp-content\/uploads\/Asset-2@2x-8.png\",\"contentUrl\":\"https:\/\/fastlanerentacar.com\/wp-content\/uploads\/Asset-2@2x-8.png\",\"width\":1641,\"height\":316,\"caption\":\"Fastlane\"},\"image\":{\"@id\":\"https:\/\/fastlanerentacar.com\/#\/schema\/logo\/image\/\"}}]}<\/script>\n<!-- \/ Yoast SEO plugin. -->","yoast_head_json":{"title":"Lamborghini Huracan Evo Spyder (Gr\u00fcn) - Fastlane","robots":{"index":"index","follow":"follow","max-snippet":"max-snippet:-1","max-image-preview":"max-image-preview:large","max-video-preview":"max-video-preview:-1"},"canonical":"https:\/\/fastlanerentacar.com\/de\/product\/lamborghini-huracan-evo-spyder-green\/","og_locale":"de_DE","og_type":"article","og_title":"Lamborghini Huracan Evo Spyder (Gr\u00fcn) - Fastlane","og_description":"LAMBORGHINI HURACAN EVO SPYDER MIETEN \u00dcBERBLICK Mieten Sie den Lamborghini Huracan Evo Spyder 2022 in Dubai und entfesseln Sie die tats\u00e4chliche Leistung des muskul\u00f6sen Autos. Huracan EVO Spyder ist ein ultimatives Supercar der Marke Lamborghini mit V10-Motor und 640 PS.","og_url":"https:\/\/fastlanerentacar.com\/de\/product\/lamborghini-huracan-evo-spyder-green\/","og_site_name":"Fastlane","article_modified_time":"2024-01-10T20:23:57+00:00","og_image":[{"width":934,"height":848,"url":"http:\/\/fastlanerentacar.com\/wp-content\/uploads\/Lamborghini-Huracan-6.jpg","type":"image\/jpeg"}],"twitter_card":"summary_large_image","schema":{"@context":"https:\/\/schema.org","@graph":[{"@type":"WebPage","@id":"https:\/\/fastlanerentacar.com\/de\/product\/lamborghini-huracan-evo-spyder-green\/","url":"https:\/\/fastlanerentacar.com\/de\/product\/lamborghini-huracan-evo-spyder-green\/","name":"Lamborghini Huracan Evo Spyder (Gr\u00fcn) - Fastlane","isPartOf":{"@id":"https:\/\/fastlanerentacar.com\/#website"},"primaryImageOfPage":{"@id":"https:\/\/fastlanerentacar.com\/de\/product\/lamborghini-huracan-evo-spyder-green\/#primaryimage"},"image":{"@id":"https:\/\/fastlanerentacar.com\/de\/product\/lamborghini-huracan-evo-spyder-green\/#primaryimage"},"thumbnailUrl":"https:\/\/fastlanerentacar.com\/wp-content\/uploads\/Lamborghini-Huracan-6.jpg","datePublished":"2023-08-03T11:10:03+00:00","dateModified":"2024-01-10T20:23:57+00:00","breadcrumb":{"@id":"https:\/\/fastlanerentacar.com\/de\/product\/lamborghini-huracan-evo-spyder-green\/#breadcrumb"},"inLanguage":"de","potentialAction":[{"@type":"ReadAction","target":["https:\/\/fastlanerentacar.com\/de\/product\/lamborghini-huracan-evo-spyder-green\/"]}]},{"@type":"ImageObject","inLanguage":"de","@id":"https:\/\/fastlanerentacar.com\/de\/product\/lamborghini-huracan-evo-spyder-green\/#primaryimage","url":"https:\/\/fastlanerentacar.com\/wp-content\/uploads\/Lamborghini-Huracan-6.jpg","contentUrl":"https:\/\/fastlanerentacar.com\/wp-content\/uploads\/Lamborghini-Huracan-6.jpg","width":934,"height":848},{"@type":"BreadcrumbList","@id":"https:\/\/fastlanerentacar.com\/de\/product\/lamborghini-huracan-evo-spyder-green\/#breadcrumb","itemListElement":[{"@type":"ListItem","position":1,"name":"Home","item":"https:\/\/fastlanerentacar.com\/de\/startseite\/"},{"@type":"ListItem","position":2,"name":"Products","item":"https:\/\/fastlanerentacar.com\/shop\/"},{"@type":"ListItem","position":3,"name":"Lamborghini Huracan Evo Spyder (Gr\u00fcn)"}]},{"@type":"WebSite","@id":"https:\/\/fastlanerentacar.com\/#website","url":"https:\/\/fastlanerentacar.com\/","name":"Fastlane","description":"","publisher":{"@id":"https:\/\/fastlanerentacar.com\/#organization"},"potentialAction":[{"@type":"SearchAction","target":{"@type":"EntryPoint","urlTemplate":"https:\/\/fastlanerentacar.com\/?s={search_term_string}"},"query-input":{"@type":"PropertyValueSpecification","valueRequired":true,"valueName":"search_term_string"}}],"inLanguage":"de"},{"@type":"Organization","@id":"https:\/\/fastlanerentacar.com\/#organization","name":"Fastlane","url":"https:\/\/fastlanerentacar.com\/","logo":{"@type":"ImageObject","inLanguage":"de","@id":"https:\/\/fastlanerentacar.com\/#\/schema\/logo\/image\/","url":"https:\/\/fastlanerentacar.com\/wp-content\/uploads\/Asset-2@2x-8.png","contentUrl":"https:\/\/fastlanerentacar.com\/wp-content\/uploads\/Asset-2@2x-8.png","width":1641,"height":316,"caption":"Fastlane"},"image":{"@id":"https:\/\/fastlanerentacar.com\/#\/schema\/logo\/image\/"}}]}},"_links":{"self":[{"href":"https:\/\/fastlanerentacar.com\/de\/wp-json\/wp\/v2\/product\/37834","targetHints":{"allow":["GET"]}}],"collection":[{"href":"https:\/\/fastlanerentacar.com\/de\/wp-json\/wp\/v2\/product"}],"about":[{"href":"https:\/\/fastlanerentacar.com\/de\/wp-json\/wp\/v2\/types\/product"}],"replies":[{"embeddable":true,"href":"https:\/\/fastlanerentacar.com\/de\/wp-json\/wp\/v2\/comments?post=37834"}],"wp:featuredmedia":[{"embeddable":true,"href":"https:\/\/fastlanerentacar.com\/de\/wp-json\/wp\/v2\/media\/40143"}],"wp:attachment":[{"href":"https:\/\/fastlanerentacar.com\/de\/wp-json\/wp\/v2\/media?parent=37834"}],"wp:term":[{"taxonomy":"product_brand","embeddable":true,"href":"https:\/\/fastlanerentacar.com\/de\/wp-json\/wp\/v2\/product_brand?post=37834"},{"taxonomy":"product_cat","embeddable":true,"href":"https:\/\/fastlanerentacar.com\/de\/wp-json\/wp\/v2\/product_cat?post=37834"},{"taxonomy":"product_tag","embeddable":true,"href":"https:\/\/fastlanerentacar.com\/de\/wp-json\/wp\/v2\/product_tag?post=37834"}],"curies":[{"name":"wp","href":"https:\/\/api.w.org\/{rel}","templated":true}]}}