{"id":6832,"date":"2023-08-14T13:20:51","date_gmt":"2023-08-14T13:20:51","guid":{"rendered":"https:\/\/turboplus.digitality-agency.com\/product\/mclaren-570s-spyder-rot-2019-in-dubai-mieten\/"},"modified":"2023-10-18T13:10:45","modified_gmt":"2023-10-18T13:10:45","slug":"rent-mclaren-570s-spyder-red-2019-in-dubai","status":"publish","type":"product","link":"https:\/\/fastlanerentacar.com\/de\/product\/rent-mclaren-570s-spyder-red-2019-in-dubai\/","title":{"rendered":"McLaren 570S Spyder (Rot), 2019 in Dubai mieten"},"content":{"rendered":"","protected":false},"excerpt":{"rendered":"<p class=\"text-justify fs-14\">Sie k\u00f6nnen McLaren 570S Spyder (Red), 2019 in Dubai, Vereinigte Arabische Emirate f\u00fcr den n\u00e4chsten Preis mieten \u20ac 721.6 pro Tag oder \u20ac 18,662 pro Monat. Der Mietpreis beinhaltet eine Grundversicherung und eine Standard-Kilometerbegrenzung von 250 km\/Tag (bei \u00dcberschreitung werden 4,98 \u20ac pro zus\u00e4tzlichem Kilometer berechnet). Eine Kaution von 1244,14 \u20ac ist zu hinterlegen. Also, warten Sie nicht l\u00e4nger. Wenn Sie dieses Auto fahren wollen &#8211; kontaktieren Sie uns f\u00fcr die Buchung oder jede Frage jetzt.<\/p>\n","protected":false},"featured_media":25219,"comment_status":"closed","ping_status":"closed","template":"","meta":{"_acf_changed":false},"product_brand":[],"product_cat":[219],"product_tag":[214,213],"class_list":{"0":"post-6832","1":"product","2":"type-product","3":"status-publish","4":"has-post-thumbnail","6":"product_cat-mclaren-de","7":"product_tag-luxusautos","8":"product_tag-sportwagen","9":"yith_booking_service-deposit-free","11":"first","12":"instock","13":"virtual","14":"sold-individually","15":"purchasable","16":"product-type-booking"},"acf":[],"yoast_head":"<!-- This site is optimized with the Yoast SEO plugin v25.0 - https:\/\/yoast.com\/wordpress\/plugins\/seo\/ -->\n<title>McLaren 570S Spyder (Rot), 2019 in Dubai mieten - Fastlane<\/title>\n<meta name=\"robots\" content=\"index, follow, max-snippet:-1, max-image-preview:large, max-video-preview:-1\" \/>\n<link rel=\"canonical\" href=\"https:\/\/fastlanerentacar.com\/de\/produkt\/rent-mclaren-570s-spyder-red-2019-in-dubai\/\" \/>\n<meta property=\"og:locale\" content=\"de_DE\" \/>\n<meta property=\"og:type\" content=\"article\" \/>\n<meta property=\"og:title\" content=\"McLaren 570S Spyder (Rot), 2019 in Dubai mieten - Fastlane\" \/>\n<meta property=\"og:description\" content=\"Sie k\u00f6nnen McLaren 570S Spyder (Red), 2019 in Dubai, Vereinigte Arabische Emirate f\u00fcr den n\u00e4chsten Preis mieten \u20ac 721.6 pro Tag oder \u20ac 18,662 pro Monat. Der Mietpreis beinhaltet eine Grundversicherung und eine Standard-Kilometerbegrenzung von 250 km\/Tag (bei \u00dcberschreitung werden 4,98 \u20ac pro zus\u00e4tzlichem Kilometer berechnet). Eine Kaution von 1244,14 \u20ac ist zu hinterlegen. Also, warten Sie nicht l\u00e4nger. Wenn Sie dieses Auto fahren wollen - kontaktieren Sie uns f\u00fcr die Buchung oder jede Frage jetzt.\" \/>\n<meta property=\"og:url\" content=\"https:\/\/fastlanerentacar.com\/de\/produkt\/rent-mclaren-570s-spyder-red-2019-in-dubai\/\" \/>\n<meta property=\"og:site_name\" content=\"Fastlane\" \/>\n<meta property=\"article:modified_time\" content=\"2023-10-18T13:10:45+00:00\" \/>\n<meta property=\"og:image\" content=\"https:\/\/i0.wp.com\/turboplusdxb.com\/wp-content\/uploads\/red_mclaren-s-_2021Img1.webp?fit=1597%2C998&ssl=1\" \/>\n\t<meta property=\"og:image:width\" content=\"1597\" \/>\n\t<meta property=\"og:image:height\" content=\"998\" \/>\n\t<meta property=\"og:image:type\" content=\"image\/webp\" \/>\n<meta name=\"twitter:card\" content=\"summary_large_image\" \/>\n<script type=\"application\/ld+json\" class=\"yoast-schema-graph\">{\"@context\":\"https:\/\/schema.org\",\"@graph\":[{\"@type\":\"WebPage\",\"@id\":\"https:\/\/fastlanerentacar.com\/de\/produkt\/rent-mclaren-570s-spyder-red-2019-in-dubai\/\",\"url\":\"https:\/\/fastlanerentacar.com\/de\/produkt\/rent-mclaren-570s-spyder-red-2019-in-dubai\/\",\"name\":\"McLaren 570S Spyder (Rot), 2019 in Dubai mieten - Fastlane\",\"isPartOf\":{\"@id\":\"https:\/\/fastlanerentacar.com\/#website\"},\"primaryImageOfPage\":{\"@id\":\"https:\/\/fastlanerentacar.com\/de\/produkt\/rent-mclaren-570s-spyder-red-2019-in-dubai\/#primaryimage\"},\"image\":{\"@id\":\"https:\/\/fastlanerentacar.com\/de\/produkt\/rent-mclaren-570s-spyder-red-2019-in-dubai\/#primaryimage\"},\"thumbnailUrl\":\"https:\/\/fastlanerentacar.com\/wp-content\/uploads\/red_mclaren-s-_2021Img1.webp\",\"datePublished\":\"2023-08-14T13:20:51+00:00\",\"dateModified\":\"2023-10-18T13:10:45+00:00\",\"breadcrumb\":{\"@id\":\"https:\/\/fastlanerentacar.com\/de\/produkt\/rent-mclaren-570s-spyder-red-2019-in-dubai\/#breadcrumb\"},\"inLanguage\":\"de\",\"potentialAction\":[{\"@type\":\"ReadAction\",\"target\":[\"https:\/\/fastlanerentacar.com\/de\/produkt\/rent-mclaren-570s-spyder-red-2019-in-dubai\/\"]}]},{\"@type\":\"ImageObject\",\"inLanguage\":\"de\",\"@id\":\"https:\/\/fastlanerentacar.com\/de\/produkt\/rent-mclaren-570s-spyder-red-2019-in-dubai\/#primaryimage\",\"url\":\"https:\/\/fastlanerentacar.com\/wp-content\/uploads\/red_mclaren-s-_2021Img1.webp\",\"contentUrl\":\"https:\/\/fastlanerentacar.com\/wp-content\/uploads\/red_mclaren-s-_2021Img1.webp\",\"width\":1597,\"height\":998},{\"@type\":\"BreadcrumbList\",\"@id\":\"https:\/\/fastlanerentacar.com\/de\/produkt\/rent-mclaren-570s-spyder-red-2019-in-dubai\/#breadcrumb\",\"itemListElement\":[{\"@type\":\"ListItem\",\"position\":1,\"name\":\"Home\",\"item\":\"https:\/\/fastlanerentacar.com\/de\/startseite\/\"},{\"@type\":\"ListItem\",\"position\":2,\"name\":\"Products\",\"item\":\"https:\/\/fastlanerentacar.com\/shop\/\"},{\"@type\":\"ListItem\",\"position\":3,\"name\":\"McLaren 570S Spyder (Rot), 2019 in Dubai mieten\"}]},{\"@type\":\"WebSite\",\"@id\":\"https:\/\/fastlanerentacar.com\/#website\",\"url\":\"https:\/\/fastlanerentacar.com\/\",\"name\":\"Fastlane\",\"description\":\"\",\"publisher\":{\"@id\":\"https:\/\/fastlanerentacar.com\/#organization\"},\"potentialAction\":[{\"@type\":\"SearchAction\",\"target\":{\"@type\":\"EntryPoint\",\"urlTemplate\":\"https:\/\/fastlanerentacar.com\/?s={search_term_string}\"},\"query-input\":{\"@type\":\"PropertyValueSpecification\",\"valueRequired\":true,\"valueName\":\"search_term_string\"}}],\"inLanguage\":\"de\"},{\"@type\":\"Organization\",\"@id\":\"https:\/\/fastlanerentacar.com\/#organization\",\"name\":\"Fastlane\",\"url\":\"https:\/\/fastlanerentacar.com\/\",\"logo\":{\"@type\":\"ImageObject\",\"inLanguage\":\"de\",\"@id\":\"https:\/\/fastlanerentacar.com\/#\/schema\/logo\/image\/\",\"url\":\"https:\/\/fastlanerentacar.com\/wp-content\/uploads\/Asset-2@2x-8.png\",\"contentUrl\":\"https:\/\/fastlanerentacar.com\/wp-content\/uploads\/Asset-2@2x-8.png\",\"width\":1641,\"height\":316,\"caption\":\"Fastlane\"},\"image\":{\"@id\":\"https:\/\/fastlanerentacar.com\/#\/schema\/logo\/image\/\"}}]}<\/script>\n<!-- \/ Yoast SEO plugin. -->","yoast_head_json":{"title":"McLaren 570S Spyder (Rot), 2019 in Dubai mieten - Fastlane","robots":{"index":"index","follow":"follow","max-snippet":"max-snippet:-1","max-image-preview":"max-image-preview:large","max-video-preview":"max-video-preview:-1"},"canonical":"https:\/\/fastlanerentacar.com\/de\/produkt\/rent-mclaren-570s-spyder-red-2019-in-dubai\/","og_locale":"de_DE","og_type":"article","og_title":"McLaren 570S Spyder (Rot), 2019 in Dubai mieten - Fastlane","og_description":"Sie k\u00f6nnen McLaren 570S Spyder (Red), 2019 in Dubai, Vereinigte Arabische Emirate f\u00fcr den n\u00e4chsten Preis mieten \u20ac 721.6 pro Tag oder \u20ac 18,662 pro Monat. Der Mietpreis beinhaltet eine Grundversicherung und eine Standard-Kilometerbegrenzung von 250 km\/Tag (bei \u00dcberschreitung werden 4,98 \u20ac pro zus\u00e4tzlichem Kilometer berechnet). Eine Kaution von 1244,14 \u20ac ist zu hinterlegen. Also, warten Sie nicht l\u00e4nger. Wenn Sie dieses Auto fahren wollen - kontaktieren Sie uns f\u00fcr die Buchung oder jede Frage jetzt.","og_url":"https:\/\/fastlanerentacar.com\/de\/produkt\/rent-mclaren-570s-spyder-red-2019-in-dubai\/","og_site_name":"Fastlane","article_modified_time":"2023-10-18T13:10:45+00:00","og_image":[{"width":1597,"height":998,"url":"https:\/\/i0.wp.com\/turboplusdxb.com\/wp-content\/uploads\/red_mclaren-s-_2021Img1.webp?fit=1597%2C998&ssl=1","type":"image\/webp"}],"twitter_card":"summary_large_image","schema":{"@context":"https:\/\/schema.org","@graph":[{"@type":"WebPage","@id":"https:\/\/fastlanerentacar.com\/de\/produkt\/rent-mclaren-570s-spyder-red-2019-in-dubai\/","url":"https:\/\/fastlanerentacar.com\/de\/produkt\/rent-mclaren-570s-spyder-red-2019-in-dubai\/","name":"McLaren 570S Spyder (Rot), 2019 in Dubai mieten - Fastlane","isPartOf":{"@id":"https:\/\/fastlanerentacar.com\/#website"},"primaryImageOfPage":{"@id":"https:\/\/fastlanerentacar.com\/de\/produkt\/rent-mclaren-570s-spyder-red-2019-in-dubai\/#primaryimage"},"image":{"@id":"https:\/\/fastlanerentacar.com\/de\/produkt\/rent-mclaren-570s-spyder-red-2019-in-dubai\/#primaryimage"},"thumbnailUrl":"https:\/\/fastlanerentacar.com\/wp-content\/uploads\/red_mclaren-s-_2021Img1.webp","datePublished":"2023-08-14T13:20:51+00:00","dateModified":"2023-10-18T13:10:45+00:00","breadcrumb":{"@id":"https:\/\/fastlanerentacar.com\/de\/produkt\/rent-mclaren-570s-spyder-red-2019-in-dubai\/#breadcrumb"},"inLanguage":"de","potentialAction":[{"@type":"ReadAction","target":["https:\/\/fastlanerentacar.com\/de\/produkt\/rent-mclaren-570s-spyder-red-2019-in-dubai\/"]}]},{"@type":"ImageObject","inLanguage":"de","@id":"https:\/\/fastlanerentacar.com\/de\/produkt\/rent-mclaren-570s-spyder-red-2019-in-dubai\/#primaryimage","url":"https:\/\/fastlanerentacar.com\/wp-content\/uploads\/red_mclaren-s-_2021Img1.webp","contentUrl":"https:\/\/fastlanerentacar.com\/wp-content\/uploads\/red_mclaren-s-_2021Img1.webp","width":1597,"height":998},{"@type":"BreadcrumbList","@id":"https:\/\/fastlanerentacar.com\/de\/produkt\/rent-mclaren-570s-spyder-red-2019-in-dubai\/#breadcrumb","itemListElement":[{"@type":"ListItem","position":1,"name":"Home","item":"https:\/\/fastlanerentacar.com\/de\/startseite\/"},{"@type":"ListItem","position":2,"name":"Products","item":"https:\/\/fastlanerentacar.com\/shop\/"},{"@type":"ListItem","position":3,"name":"McLaren 570S Spyder (Rot), 2019 in Dubai mieten"}]},{"@type":"WebSite","@id":"https:\/\/fastlanerentacar.com\/#website","url":"https:\/\/fastlanerentacar.com\/","name":"Fastlane","description":"","publisher":{"@id":"https:\/\/fastlanerentacar.com\/#organization"},"potentialAction":[{"@type":"SearchAction","target":{"@type":"EntryPoint","urlTemplate":"https:\/\/fastlanerentacar.com\/?s={search_term_string}"},"query-input":{"@type":"PropertyValueSpecification","valueRequired":true,"valueName":"search_term_string"}}],"inLanguage":"de"},{"@type":"Organization","@id":"https:\/\/fastlanerentacar.com\/#organization","name":"Fastlane","url":"https:\/\/fastlanerentacar.com\/","logo":{"@type":"ImageObject","inLanguage":"de","@id":"https:\/\/fastlanerentacar.com\/#\/schema\/logo\/image\/","url":"https:\/\/fastlanerentacar.com\/wp-content\/uploads\/Asset-2@2x-8.png","contentUrl":"https:\/\/fastlanerentacar.com\/wp-content\/uploads\/Asset-2@2x-8.png","width":1641,"height":316,"caption":"Fastlane"},"image":{"@id":"https:\/\/fastlanerentacar.com\/#\/schema\/logo\/image\/"}}]}},"_links":{"self":[{"href":"https:\/\/fastlanerentacar.com\/de\/wp-json\/wp\/v2\/product\/6832","targetHints":{"allow":["GET"]}}],"collection":[{"href":"https:\/\/fastlanerentacar.com\/de\/wp-json\/wp\/v2\/product"}],"about":[{"href":"https:\/\/fastlanerentacar.com\/de\/wp-json\/wp\/v2\/types\/product"}],"replies":[{"embeddable":true,"href":"https:\/\/fastlanerentacar.com\/de\/wp-json\/wp\/v2\/comments?post=6832"}],"wp:featuredmedia":[{"embeddable":true,"href":"https:\/\/fastlanerentacar.com\/de\/wp-json\/wp\/v2\/media\/25219"}],"wp:attachment":[{"href":"https:\/\/fastlanerentacar.com\/de\/wp-json\/wp\/v2\/media?parent=6832"}],"wp:term":[{"taxonomy":"product_brand","embeddable":true,"href":"https:\/\/fastlanerentacar.com\/de\/wp-json\/wp\/v2\/product_brand?post=6832"},{"taxonomy":"product_cat","embeddable":true,"href":"https:\/\/fastlanerentacar.com\/de\/wp-json\/wp\/v2\/product_cat?post=6832"},{"taxonomy":"product_tag","embeddable":true,"href":"https:\/\/fastlanerentacar.com\/de\/wp-json\/wp\/v2\/product_tag?post=6832"}],"curies":[{"name":"wp","href":"https:\/\/api.w.org\/{rel}","templated":true}]}}