{"id":6869,"date":"2023-08-14T10:05:13","date_gmt":"2023-08-14T10:05:13","guid":{"rendered":"https:\/\/turboplus.digitality-agency.com\/product\/mieten-sie-chevrolet-tahoe-weiss-2023-in-dubai\/"},"modified":"2023-10-18T13:24:52","modified_gmt":"2023-10-18T13:24:52","slug":"mieten-chevrolet-tahoe-weis-2023-in-dubai-3","status":"publish","type":"product","link":"https:\/\/fastlanerentacar.com\/de\/product\/mieten-chevrolet-tahoe-weis-2023-in-dubai-3\/","title":{"rendered":"Mieten Sie Chevrolet Tahoe (Wei\u00df), 2023 in Dubai"},"content":{"rendered":"","protected":false},"excerpt":{"rendered":"<p class=\"text-justify fs-14\">Sie k\u00f6nnen Chevrolet Tahoe (White), 2023 in Dubai, Vereinigte Arabische Emirate f\u00fcr den n\u00e4chsten Preis mieten \u20ac 136,86 pro Tag oder \u20ac 3.240 pro Monat. Der Mietpreis beinhaltet eine Grundversicherung und eine Standardkilometerbegrenzung von 300 km\/Tag (bei \u00dcberschreitung des Limits werden 1,24 \u20ac pro zus\u00e4tzlichem km berechnet). Keine Kaution erforderlich. Also, warten Sie nicht l\u00e4nger. Wenn Sie dieses Auto fahren wollen &#8211; kontaktieren Sie uns f\u00fcr die Buchung oder jede Frage jetzt.<\/p>\n","protected":false},"featured_media":18297,"comment_status":"closed","ping_status":"closed","template":"","meta":{"_acf_changed":false},"product_brand":[],"product_cat":[222],"product_tag":[239,348],"class_list":{"0":"post-6869","1":"product","2":"type-product","3":"status-publish","4":"has-post-thumbnail","6":"product_cat-chevrolet-de-2","7":"product_tag-geschaeftsautos","8":"product_tag-suv-de","9":"yith_booking_service-deposit-free","11":"first","12":"instock","13":"virtual","14":"sold-individually","15":"purchasable","16":"product-type-booking"},"acf":[],"yoast_head":"<!-- This site is optimized with the Yoast SEO plugin v27.4 - https:\/\/yoast.com\/product\/yoast-seo-wordpress\/ -->\n<title>Mieten Sie Chevrolet Tahoe (Wei\u00df), 2023 in Dubai - Fastlane<\/title>\n<meta name=\"robots\" content=\"index, follow, max-snippet:-1, max-image-preview:large, max-video-preview:-1\" \/>\n<link rel=\"canonical\" href=\"https:\/\/fastlanerentacar.com\/de\/product\/mieten-chevrolet-tahoe-weis-2023-in-dubai-3\/\" \/>\n<meta property=\"og:locale\" content=\"de_DE\" \/>\n<meta property=\"og:type\" content=\"article\" \/>\n<meta property=\"og:title\" content=\"Mieten Sie Chevrolet Tahoe (Wei\u00df), 2023 in Dubai - Fastlane\" \/>\n<meta property=\"og:description\" content=\"Sie k\u00f6nnen Chevrolet Tahoe (White), 2023 in Dubai, Vereinigte Arabische Emirate f\u00fcr den n\u00e4chsten Preis mieten \u20ac 136,86 pro Tag oder \u20ac 3.240 pro Monat. Der Mietpreis beinhaltet eine Grundversicherung und eine Standardkilometerbegrenzung von 300 km\/Tag (bei \u00dcberschreitung des Limits werden 1,24 \u20ac pro zus\u00e4tzlichem km berechnet). Keine Kaution erforderlich. Also, warten Sie nicht l\u00e4nger. Wenn Sie dieses Auto fahren wollen - kontaktieren Sie uns f\u00fcr die Buchung oder jede Frage jetzt.\" \/>\n<meta property=\"og:url\" content=\"https:\/\/fastlanerentacar.com\/de\/product\/mieten-chevrolet-tahoe-weis-2023-in-dubai-3\/\" \/>\n<meta property=\"og:site_name\" content=\"Fastlane\" \/>\n<meta property=\"article:modified_time\" content=\"2023-10-18T13:24:52+00:00\" \/>\n<meta property=\"og:image\" content=\"http:\/\/fastlanerentacar.com\/wp-content\/uploads\/white_chevrolet-tahoe_2023img1-min-2.png\" \/>\n\t<meta property=\"og:image:width\" content=\"1577\" \/>\n\t<meta property=\"og:image:height\" content=\"985\" \/>\n\t<meta property=\"og:image:type\" content=\"image\/png\" \/>\n<meta name=\"twitter:card\" content=\"summary_large_image\" \/>\n<script type=\"application\/ld+json\" class=\"yoast-schema-graph\">{\"@context\":\"https:\\\/\\\/schema.org\",\"@graph\":[{\"@type\":\"WebPage\",\"@id\":\"https:\\\/\\\/fastlanerentacar.com\\\/de\\\/product\\\/mieten-chevrolet-tahoe-weis-2023-in-dubai-3\\\/\",\"url\":\"https:\\\/\\\/fastlanerentacar.com\\\/de\\\/product\\\/mieten-chevrolet-tahoe-weis-2023-in-dubai-3\\\/\",\"name\":\"Mieten Sie Chevrolet Tahoe (Wei\u00df), 2023 in Dubai - Fastlane\",\"isPartOf\":{\"@id\":\"https:\\\/\\\/fastlanerentacar.com\\\/#website\"},\"primaryImageOfPage\":{\"@id\":\"https:\\\/\\\/fastlanerentacar.com\\\/de\\\/product\\\/mieten-chevrolet-tahoe-weis-2023-in-dubai-3\\\/#primaryimage\"},\"image\":{\"@id\":\"https:\\\/\\\/fastlanerentacar.com\\\/de\\\/product\\\/mieten-chevrolet-tahoe-weis-2023-in-dubai-3\\\/#primaryimage\"},\"thumbnailUrl\":\"https:\\\/\\\/fastlanerentacar.com\\\/wp-content\\\/uploads\\\/white_chevrolet-tahoe_2023img1-min-2.png\",\"datePublished\":\"2023-08-14T10:05:13+00:00\",\"dateModified\":\"2023-10-18T13:24:52+00:00\",\"breadcrumb\":{\"@id\":\"https:\\\/\\\/fastlanerentacar.com\\\/de\\\/product\\\/mieten-chevrolet-tahoe-weis-2023-in-dubai-3\\\/#breadcrumb\"},\"inLanguage\":\"de\",\"potentialAction\":[{\"@type\":\"ReadAction\",\"target\":[\"https:\\\/\\\/fastlanerentacar.com\\\/de\\\/product\\\/mieten-chevrolet-tahoe-weis-2023-in-dubai-3\\\/\"]}]},{\"@type\":\"ImageObject\",\"inLanguage\":\"de\",\"@id\":\"https:\\\/\\\/fastlanerentacar.com\\\/de\\\/product\\\/mieten-chevrolet-tahoe-weis-2023-in-dubai-3\\\/#primaryimage\",\"url\":\"https:\\\/\\\/fastlanerentacar.com\\\/wp-content\\\/uploads\\\/white_chevrolet-tahoe_2023img1-min-2.png\",\"contentUrl\":\"https:\\\/\\\/fastlanerentacar.com\\\/wp-content\\\/uploads\\\/white_chevrolet-tahoe_2023img1-min-2.png\",\"width\":1577,\"height\":985},{\"@type\":\"BreadcrumbList\",\"@id\":\"https:\\\/\\\/fastlanerentacar.com\\\/de\\\/product\\\/mieten-chevrolet-tahoe-weis-2023-in-dubai-3\\\/#breadcrumb\",\"itemListElement\":[{\"@type\":\"ListItem\",\"position\":1,\"name\":\"Home\",\"item\":\"https:\\\/\\\/fastlanerentacar.com\\\/de\\\/startseite\\\/\"},{\"@type\":\"ListItem\",\"position\":2,\"name\":\"Products\",\"item\":\"https:\\\/\\\/fastlanerentacar.com\\\/shop\\\/\"},{\"@type\":\"ListItem\",\"position\":3,\"name\":\"Mieten Sie Chevrolet Tahoe (Wei\u00df), 2023 in Dubai\"}]},{\"@type\":\"WebSite\",\"@id\":\"https:\\\/\\\/fastlanerentacar.com\\\/#website\",\"url\":\"https:\\\/\\\/fastlanerentacar.com\\\/\",\"name\":\"Fastlane\",\"description\":\"\",\"publisher\":{\"@id\":\"https:\\\/\\\/fastlanerentacar.com\\\/#organization\"},\"potentialAction\":[{\"@type\":\"SearchAction\",\"target\":{\"@type\":\"EntryPoint\",\"urlTemplate\":\"https:\\\/\\\/fastlanerentacar.com\\\/?s={search_term_string}\"},\"query-input\":{\"@type\":\"PropertyValueSpecification\",\"valueRequired\":true,\"valueName\":\"search_term_string\"}}],\"inLanguage\":\"de\"},{\"@type\":\"Organization\",\"@id\":\"https:\\\/\\\/fastlanerentacar.com\\\/#organization\",\"name\":\"Fastlane\",\"url\":\"https:\\\/\\\/fastlanerentacar.com\\\/\",\"logo\":{\"@type\":\"ImageObject\",\"inLanguage\":\"de\",\"@id\":\"https:\\\/\\\/fastlanerentacar.com\\\/#\\\/schema\\\/logo\\\/image\\\/\",\"url\":\"https:\\\/\\\/fastlanerentacar.com\\\/wp-content\\\/uploads\\\/Asset-2@2x-8.png\",\"contentUrl\":\"https:\\\/\\\/fastlanerentacar.com\\\/wp-content\\\/uploads\\\/Asset-2@2x-8.png\",\"width\":1641,\"height\":316,\"caption\":\"Fastlane\"},\"image\":{\"@id\":\"https:\\\/\\\/fastlanerentacar.com\\\/#\\\/schema\\\/logo\\\/image\\\/\"}}]}<\/script>\n<!-- \/ Yoast SEO plugin. -->","yoast_head_json":{"title":"Mieten Sie Chevrolet Tahoe (Wei\u00df), 2023 in Dubai - Fastlane","robots":{"index":"index","follow":"follow","max-snippet":"max-snippet:-1","max-image-preview":"max-image-preview:large","max-video-preview":"max-video-preview:-1"},"canonical":"https:\/\/fastlanerentacar.com\/de\/product\/mieten-chevrolet-tahoe-weis-2023-in-dubai-3\/","og_locale":"de_DE","og_type":"article","og_title":"Mieten Sie Chevrolet Tahoe (Wei\u00df), 2023 in Dubai - Fastlane","og_description":"Sie k\u00f6nnen Chevrolet Tahoe (White), 2023 in Dubai, Vereinigte Arabische Emirate f\u00fcr den n\u00e4chsten Preis mieten \u20ac 136,86 pro Tag oder \u20ac 3.240 pro Monat. Der Mietpreis beinhaltet eine Grundversicherung und eine Standardkilometerbegrenzung von 300 km\/Tag (bei \u00dcberschreitung des Limits werden 1,24 \u20ac pro zus\u00e4tzlichem km berechnet). Keine Kaution erforderlich. Also, warten Sie nicht l\u00e4nger. Wenn Sie dieses Auto fahren wollen - kontaktieren Sie uns f\u00fcr die Buchung oder jede Frage jetzt.","og_url":"https:\/\/fastlanerentacar.com\/de\/product\/mieten-chevrolet-tahoe-weis-2023-in-dubai-3\/","og_site_name":"Fastlane","article_modified_time":"2023-10-18T13:24:52+00:00","og_image":[{"width":1577,"height":985,"url":"http:\/\/fastlanerentacar.com\/wp-content\/uploads\/white_chevrolet-tahoe_2023img1-min-2.png","type":"image\/png"}],"twitter_card":"summary_large_image","schema":{"@context":"https:\/\/schema.org","@graph":[{"@type":"WebPage","@id":"https:\/\/fastlanerentacar.com\/de\/product\/mieten-chevrolet-tahoe-weis-2023-in-dubai-3\/","url":"https:\/\/fastlanerentacar.com\/de\/product\/mieten-chevrolet-tahoe-weis-2023-in-dubai-3\/","name":"Mieten Sie Chevrolet Tahoe (Wei\u00df), 2023 in Dubai - Fastlane","isPartOf":{"@id":"https:\/\/fastlanerentacar.com\/#website"},"primaryImageOfPage":{"@id":"https:\/\/fastlanerentacar.com\/de\/product\/mieten-chevrolet-tahoe-weis-2023-in-dubai-3\/#primaryimage"},"image":{"@id":"https:\/\/fastlanerentacar.com\/de\/product\/mieten-chevrolet-tahoe-weis-2023-in-dubai-3\/#primaryimage"},"thumbnailUrl":"https:\/\/fastlanerentacar.com\/wp-content\/uploads\/white_chevrolet-tahoe_2023img1-min-2.png","datePublished":"2023-08-14T10:05:13+00:00","dateModified":"2023-10-18T13:24:52+00:00","breadcrumb":{"@id":"https:\/\/fastlanerentacar.com\/de\/product\/mieten-chevrolet-tahoe-weis-2023-in-dubai-3\/#breadcrumb"},"inLanguage":"de","potentialAction":[{"@type":"ReadAction","target":["https:\/\/fastlanerentacar.com\/de\/product\/mieten-chevrolet-tahoe-weis-2023-in-dubai-3\/"]}]},{"@type":"ImageObject","inLanguage":"de","@id":"https:\/\/fastlanerentacar.com\/de\/product\/mieten-chevrolet-tahoe-weis-2023-in-dubai-3\/#primaryimage","url":"https:\/\/fastlanerentacar.com\/wp-content\/uploads\/white_chevrolet-tahoe_2023img1-min-2.png","contentUrl":"https:\/\/fastlanerentacar.com\/wp-content\/uploads\/white_chevrolet-tahoe_2023img1-min-2.png","width":1577,"height":985},{"@type":"BreadcrumbList","@id":"https:\/\/fastlanerentacar.com\/de\/product\/mieten-chevrolet-tahoe-weis-2023-in-dubai-3\/#breadcrumb","itemListElement":[{"@type":"ListItem","position":1,"name":"Home","item":"https:\/\/fastlanerentacar.com\/de\/startseite\/"},{"@type":"ListItem","position":2,"name":"Products","item":"https:\/\/fastlanerentacar.com\/shop\/"},{"@type":"ListItem","position":3,"name":"Mieten Sie Chevrolet Tahoe (Wei\u00df), 2023 in Dubai"}]},{"@type":"WebSite","@id":"https:\/\/fastlanerentacar.com\/#website","url":"https:\/\/fastlanerentacar.com\/","name":"Fastlane","description":"","publisher":{"@id":"https:\/\/fastlanerentacar.com\/#organization"},"potentialAction":[{"@type":"SearchAction","target":{"@type":"EntryPoint","urlTemplate":"https:\/\/fastlanerentacar.com\/?s={search_term_string}"},"query-input":{"@type":"PropertyValueSpecification","valueRequired":true,"valueName":"search_term_string"}}],"inLanguage":"de"},{"@type":"Organization","@id":"https:\/\/fastlanerentacar.com\/#organization","name":"Fastlane","url":"https:\/\/fastlanerentacar.com\/","logo":{"@type":"ImageObject","inLanguage":"de","@id":"https:\/\/fastlanerentacar.com\/#\/schema\/logo\/image\/","url":"https:\/\/fastlanerentacar.com\/wp-content\/uploads\/Asset-2@2x-8.png","contentUrl":"https:\/\/fastlanerentacar.com\/wp-content\/uploads\/Asset-2@2x-8.png","width":1641,"height":316,"caption":"Fastlane"},"image":{"@id":"https:\/\/fastlanerentacar.com\/#\/schema\/logo\/image\/"}}]}},"_links":{"self":[{"href":"https:\/\/fastlanerentacar.com\/de\/wp-json\/wp\/v2\/product\/6869","targetHints":{"allow":["GET"]}}],"collection":[{"href":"https:\/\/fastlanerentacar.com\/de\/wp-json\/wp\/v2\/product"}],"about":[{"href":"https:\/\/fastlanerentacar.com\/de\/wp-json\/wp\/v2\/types\/product"}],"replies":[{"embeddable":true,"href":"https:\/\/fastlanerentacar.com\/de\/wp-json\/wp\/v2\/comments?post=6869"}],"wp:featuredmedia":[{"embeddable":true,"href":"https:\/\/fastlanerentacar.com\/de\/wp-json\/wp\/v2\/media\/18297"}],"wp:attachment":[{"href":"https:\/\/fastlanerentacar.com\/de\/wp-json\/wp\/v2\/media?parent=6869"}],"wp:term":[{"taxonomy":"product_brand","embeddable":true,"href":"https:\/\/fastlanerentacar.com\/de\/wp-json\/wp\/v2\/product_brand?post=6869"},{"taxonomy":"product_cat","embeddable":true,"href":"https:\/\/fastlanerentacar.com\/de\/wp-json\/wp\/v2\/product_cat?post=6869"},{"taxonomy":"product_tag","embeddable":true,"href":"https:\/\/fastlanerentacar.com\/de\/wp-json\/wp\/v2\/product_tag?post=6869"}],"curies":[{"name":"wp","href":"https:\/\/api.w.org\/{rel}","templated":true}]}}