{"id":34796,"date":"2023-08-18T16:12:06","date_gmt":"2023-08-18T16:12:06","guid":{"rendered":"https:\/\/turboplus.digitality-agency.com\/product\/alquiler-bentley-bentayga-gris-2021-en-dubai\/"},"modified":"2023-10-18T10:22:48","modified_gmt":"2023-10-18T10:22:48","slug":"rent-bentley-bentayga-grey-2021-in-dubai","status":"publish","type":"product","link":"https:\/\/fastlanerentacar.com\/es\/product\/rent-bentley-bentayga-grey-2021-in-dubai\/","title":{"rendered":"Alquiler Bentley Bentayga (Gris), 2021 en Dubai"},"content":{"rendered":"","protected":false},"excerpt":{"rendered":"<p>Puede alquilar Bentley Bentayga (Gris), 2021 en Dubai, EAU por el siguiente precio 851,44 \u20ac por d\u00eda o 18.782 \u20ac por mes. El precio del alquiler incluye el seguro b\u00e1sico y un l\u00edmite de kilometraje est\u00e1ndar de 250 km\/d\u00eda (con un recargo por exceso de kilometraje de 3,76 euros por km adicional). Se requiere un dep\u00f3sito de seguridad de 1252,11 \u20ac. As\u00ed que no espere m\u00e1s. Si desea conducir este coche &#8211; p\u00f3ngase en contacto con nosotros para reservar o cualquier pregunta ahora mismo.<\/p>\n","protected":false},"featured_media":31705,"comment_status":"closed","ping_status":"closed","template":"","meta":{"_acf_changed":false},"product_brand":[],"product_cat":[184],"product_tag":[126,351],"class_list":{"0":"post-34796","1":"product","2":"type-product","3":"status-publish","4":"has-post-thumbnail","6":"product_cat-bentley-es","7":"product_tag-coches-de-lujo","8":"product_tag-suv-es","9":"yith_booking_service-deposit-free","11":"first","12":"instock","13":"virtual","14":"sold-individually","15":"purchasable","16":"product-type-booking"},"acf":[],"yoast_head":"<!-- This site is optimized with the Yoast SEO plugin v27.4 - https:\/\/yoast.com\/product\/yoast-seo-wordpress\/ -->\n<title>Alquiler Bentley Bentayga (Gris), 2021 en Dubai - Fastlane<\/title>\n<meta name=\"robots\" content=\"index, follow, max-snippet:-1, max-image-preview:large, max-video-preview:-1\" \/>\n<link rel=\"canonical\" href=\"https:\/\/fastlanerentacar.com\/es\/producto\/rent-bentley-bentayga-grey-2021-in-dubai\/\" \/>\n<meta property=\"og:locale\" content=\"es_ES\" \/>\n<meta property=\"og:type\" content=\"article\" \/>\n<meta property=\"og:title\" content=\"Alquiler Bentley Bentayga (Gris), 2021 en Dubai - Fastlane\" \/>\n<meta property=\"og:description\" content=\"Puede alquilar Bentley Bentayga (Gris), 2021 en Dubai, EAU por el siguiente precio 851,44 \u20ac por d\u00eda o 18.782 \u20ac por mes. El precio del alquiler incluye el seguro b\u00e1sico y un l\u00edmite de kilometraje est\u00e1ndar de 250 km\/d\u00eda (con un recargo por exceso de kilometraje de 3,76 euros por km adicional). Se requiere un dep\u00f3sito de seguridad de 1252,11 \u20ac. As\u00ed que no espere m\u00e1s. Si desea conducir este coche - p\u00f3ngase en contacto con nosotros para reservar o cualquier pregunta ahora mismo.\" \/>\n<meta property=\"og:url\" content=\"https:\/\/fastlanerentacar.com\/es\/producto\/rent-bentley-bentayga-grey-2021-in-dubai\/\" \/>\n<meta property=\"og:site_name\" content=\"Fastlane\" \/>\n<meta property=\"article:modified_time\" content=\"2023-10-18T10:22:48+00:00\" \/>\n<meta property=\"og:image\" content=\"https:\/\/i0.wp.com\/turboplusdxb.com\/wp-content\/uploads\/grey_bentley-bentayga_2021Img1.webp?fit=1262%2C789&ssl=1\" \/>\n\t<meta property=\"og:image:width\" content=\"1262\" \/>\n\t<meta property=\"og:image:height\" content=\"789\" \/>\n\t<meta property=\"og:image:type\" content=\"image\/webp\" \/>\n<meta name=\"twitter:card\" content=\"summary_large_image\" \/>\n<script type=\"application\/ld+json\" class=\"yoast-schema-graph\">{\"@context\":\"https:\\\/\\\/schema.org\",\"@graph\":[{\"@type\":\"WebPage\",\"@id\":\"https:\\\/\\\/fastlanerentacar.com\\\/es\\\/producto\\\/rent-bentley-bentayga-grey-2021-in-dubai\\\/\",\"url\":\"https:\\\/\\\/fastlanerentacar.com\\\/es\\\/producto\\\/rent-bentley-bentayga-grey-2021-in-dubai\\\/\",\"name\":\"Alquiler Bentley Bentayga (Gris), 2021 en Dubai - Fastlane\",\"isPartOf\":{\"@id\":\"https:\\\/\\\/fastlanerentacar.com\\\/#website\"},\"primaryImageOfPage\":{\"@id\":\"https:\\\/\\\/fastlanerentacar.com\\\/es\\\/producto\\\/rent-bentley-bentayga-grey-2021-in-dubai\\\/#primaryimage\"},\"image\":{\"@id\":\"https:\\\/\\\/fastlanerentacar.com\\\/es\\\/producto\\\/rent-bentley-bentayga-grey-2021-in-dubai\\\/#primaryimage\"},\"thumbnailUrl\":\"https:\\\/\\\/fastlanerentacar.com\\\/wp-content\\\/uploads\\\/grey_bentley-bentayga_2021Img1.webp\",\"datePublished\":\"2023-08-18T16:12:06+00:00\",\"dateModified\":\"2023-10-18T10:22:48+00:00\",\"breadcrumb\":{\"@id\":\"https:\\\/\\\/fastlanerentacar.com\\\/es\\\/producto\\\/rent-bentley-bentayga-grey-2021-in-dubai\\\/#breadcrumb\"},\"inLanguage\":\"es\",\"potentialAction\":[{\"@type\":\"ReadAction\",\"target\":[\"https:\\\/\\\/fastlanerentacar.com\\\/es\\\/producto\\\/rent-bentley-bentayga-grey-2021-in-dubai\\\/\"]}]},{\"@type\":\"ImageObject\",\"inLanguage\":\"es\",\"@id\":\"https:\\\/\\\/fastlanerentacar.com\\\/es\\\/producto\\\/rent-bentley-bentayga-grey-2021-in-dubai\\\/#primaryimage\",\"url\":\"https:\\\/\\\/fastlanerentacar.com\\\/wp-content\\\/uploads\\\/grey_bentley-bentayga_2021Img1.webp\",\"contentUrl\":\"https:\\\/\\\/fastlanerentacar.com\\\/wp-content\\\/uploads\\\/grey_bentley-bentayga_2021Img1.webp\",\"width\":1262,\"height\":789},{\"@type\":\"BreadcrumbList\",\"@id\":\"https:\\\/\\\/fastlanerentacar.com\\\/es\\\/producto\\\/rent-bentley-bentayga-grey-2021-in-dubai\\\/#breadcrumb\",\"itemListElement\":[{\"@type\":\"ListItem\",\"position\":1,\"name\":\"Home\",\"item\":\"https:\\\/\\\/fastlanerentacar.com\\\/es\\\/inicio\\\/\"},{\"@type\":\"ListItem\",\"position\":2,\"name\":\"Products\",\"item\":\"https:\\\/\\\/fastlanerentacar.com\\\/shop\\\/\"},{\"@type\":\"ListItem\",\"position\":3,\"name\":\"Alquiler Bentley Bentayga (Gris), 2021 en Dubai\"}]},{\"@type\":\"WebSite\",\"@id\":\"https:\\\/\\\/fastlanerentacar.com\\\/#website\",\"url\":\"https:\\\/\\\/fastlanerentacar.com\\\/\",\"name\":\"Fastlane\",\"description\":\"\",\"publisher\":{\"@id\":\"https:\\\/\\\/fastlanerentacar.com\\\/#organization\"},\"potentialAction\":[{\"@type\":\"SearchAction\",\"target\":{\"@type\":\"EntryPoint\",\"urlTemplate\":\"https:\\\/\\\/fastlanerentacar.com\\\/?s={search_term_string}\"},\"query-input\":{\"@type\":\"PropertyValueSpecification\",\"valueRequired\":true,\"valueName\":\"search_term_string\"}}],\"inLanguage\":\"es\"},{\"@type\":\"Organization\",\"@id\":\"https:\\\/\\\/fastlanerentacar.com\\\/#organization\",\"name\":\"Fastlane\",\"url\":\"https:\\\/\\\/fastlanerentacar.com\\\/\",\"logo\":{\"@type\":\"ImageObject\",\"inLanguage\":\"es\",\"@id\":\"https:\\\/\\\/fastlanerentacar.com\\\/#\\\/schema\\\/logo\\\/image\\\/\",\"url\":\"https:\\\/\\\/fastlanerentacar.com\\\/wp-content\\\/uploads\\\/Asset-2@2x-8.png\",\"contentUrl\":\"https:\\\/\\\/fastlanerentacar.com\\\/wp-content\\\/uploads\\\/Asset-2@2x-8.png\",\"width\":1641,\"height\":316,\"caption\":\"Fastlane\"},\"image\":{\"@id\":\"https:\\\/\\\/fastlanerentacar.com\\\/#\\\/schema\\\/logo\\\/image\\\/\"}}]}<\/script>\n<!-- \/ Yoast SEO plugin. -->","yoast_head_json":{"title":"Alquiler Bentley Bentayga (Gris), 2021 en Dubai - Fastlane","robots":{"index":"index","follow":"follow","max-snippet":"max-snippet:-1","max-image-preview":"max-image-preview:large","max-video-preview":"max-video-preview:-1"},"canonical":"https:\/\/fastlanerentacar.com\/es\/producto\/rent-bentley-bentayga-grey-2021-in-dubai\/","og_locale":"es_ES","og_type":"article","og_title":"Alquiler Bentley Bentayga (Gris), 2021 en Dubai - Fastlane","og_description":"Puede alquilar Bentley Bentayga (Gris), 2021 en Dubai, EAU por el siguiente precio 851,44 \u20ac por d\u00eda o 18.782 \u20ac por mes. El precio del alquiler incluye el seguro b\u00e1sico y un l\u00edmite de kilometraje est\u00e1ndar de 250 km\/d\u00eda (con un recargo por exceso de kilometraje de 3,76 euros por km adicional). Se requiere un dep\u00f3sito de seguridad de 1252,11 \u20ac. As\u00ed que no espere m\u00e1s. Si desea conducir este coche - p\u00f3ngase en contacto con nosotros para reservar o cualquier pregunta ahora mismo.","og_url":"https:\/\/fastlanerentacar.com\/es\/producto\/rent-bentley-bentayga-grey-2021-in-dubai\/","og_site_name":"Fastlane","article_modified_time":"2023-10-18T10:22:48+00:00","og_image":[{"width":1262,"height":789,"url":"https:\/\/i0.wp.com\/turboplusdxb.com\/wp-content\/uploads\/grey_bentley-bentayga_2021Img1.webp?fit=1262%2C789&ssl=1","type":"image\/webp"}],"twitter_card":"summary_large_image","schema":{"@context":"https:\/\/schema.org","@graph":[{"@type":"WebPage","@id":"https:\/\/fastlanerentacar.com\/es\/producto\/rent-bentley-bentayga-grey-2021-in-dubai\/","url":"https:\/\/fastlanerentacar.com\/es\/producto\/rent-bentley-bentayga-grey-2021-in-dubai\/","name":"Alquiler Bentley Bentayga (Gris), 2021 en Dubai - Fastlane","isPartOf":{"@id":"https:\/\/fastlanerentacar.com\/#website"},"primaryImageOfPage":{"@id":"https:\/\/fastlanerentacar.com\/es\/producto\/rent-bentley-bentayga-grey-2021-in-dubai\/#primaryimage"},"image":{"@id":"https:\/\/fastlanerentacar.com\/es\/producto\/rent-bentley-bentayga-grey-2021-in-dubai\/#primaryimage"},"thumbnailUrl":"https:\/\/fastlanerentacar.com\/wp-content\/uploads\/grey_bentley-bentayga_2021Img1.webp","datePublished":"2023-08-18T16:12:06+00:00","dateModified":"2023-10-18T10:22:48+00:00","breadcrumb":{"@id":"https:\/\/fastlanerentacar.com\/es\/producto\/rent-bentley-bentayga-grey-2021-in-dubai\/#breadcrumb"},"inLanguage":"es","potentialAction":[{"@type":"ReadAction","target":["https:\/\/fastlanerentacar.com\/es\/producto\/rent-bentley-bentayga-grey-2021-in-dubai\/"]}]},{"@type":"ImageObject","inLanguage":"es","@id":"https:\/\/fastlanerentacar.com\/es\/producto\/rent-bentley-bentayga-grey-2021-in-dubai\/#primaryimage","url":"https:\/\/fastlanerentacar.com\/wp-content\/uploads\/grey_bentley-bentayga_2021Img1.webp","contentUrl":"https:\/\/fastlanerentacar.com\/wp-content\/uploads\/grey_bentley-bentayga_2021Img1.webp","width":1262,"height":789},{"@type":"BreadcrumbList","@id":"https:\/\/fastlanerentacar.com\/es\/producto\/rent-bentley-bentayga-grey-2021-in-dubai\/#breadcrumb","itemListElement":[{"@type":"ListItem","position":1,"name":"Home","item":"https:\/\/fastlanerentacar.com\/es\/inicio\/"},{"@type":"ListItem","position":2,"name":"Products","item":"https:\/\/fastlanerentacar.com\/shop\/"},{"@type":"ListItem","position":3,"name":"Alquiler Bentley Bentayga (Gris), 2021 en Dubai"}]},{"@type":"WebSite","@id":"https:\/\/fastlanerentacar.com\/#website","url":"https:\/\/fastlanerentacar.com\/","name":"Fastlane","description":"","publisher":{"@id":"https:\/\/fastlanerentacar.com\/#organization"},"potentialAction":[{"@type":"SearchAction","target":{"@type":"EntryPoint","urlTemplate":"https:\/\/fastlanerentacar.com\/?s={search_term_string}"},"query-input":{"@type":"PropertyValueSpecification","valueRequired":true,"valueName":"search_term_string"}}],"inLanguage":"es"},{"@type":"Organization","@id":"https:\/\/fastlanerentacar.com\/#organization","name":"Fastlane","url":"https:\/\/fastlanerentacar.com\/","logo":{"@type":"ImageObject","inLanguage":"es","@id":"https:\/\/fastlanerentacar.com\/#\/schema\/logo\/image\/","url":"https:\/\/fastlanerentacar.com\/wp-content\/uploads\/Asset-2@2x-8.png","contentUrl":"https:\/\/fastlanerentacar.com\/wp-content\/uploads\/Asset-2@2x-8.png","width":1641,"height":316,"caption":"Fastlane"},"image":{"@id":"https:\/\/fastlanerentacar.com\/#\/schema\/logo\/image\/"}}]}},"_links":{"self":[{"href":"https:\/\/fastlanerentacar.com\/es\/wp-json\/wp\/v2\/product\/34796","targetHints":{"allow":["GET"]}}],"collection":[{"href":"https:\/\/fastlanerentacar.com\/es\/wp-json\/wp\/v2\/product"}],"about":[{"href":"https:\/\/fastlanerentacar.com\/es\/wp-json\/wp\/v2\/types\/product"}],"replies":[{"embeddable":true,"href":"https:\/\/fastlanerentacar.com\/es\/wp-json\/wp\/v2\/comments?post=34796"}],"wp:featuredmedia":[{"embeddable":true,"href":"https:\/\/fastlanerentacar.com\/es\/wp-json\/wp\/v2\/media\/31705"}],"wp:attachment":[{"href":"https:\/\/fastlanerentacar.com\/es\/wp-json\/wp\/v2\/media?parent=34796"}],"wp:term":[{"taxonomy":"product_brand","embeddable":true,"href":"https:\/\/fastlanerentacar.com\/es\/wp-json\/wp\/v2\/product_brand?post=34796"},{"taxonomy":"product_cat","embeddable":true,"href":"https:\/\/fastlanerentacar.com\/es\/wp-json\/wp\/v2\/product_cat?post=34796"},{"taxonomy":"product_tag","embeddable":true,"href":"https:\/\/fastlanerentacar.com\/es\/wp-json\/wp\/v2\/product_tag?post=34796"}],"curies":[{"name":"wp","href":"https:\/\/api.w.org\/{rel}","templated":true}]}}