{"id":5813,"date":"2023-08-14T13:50:57","date_gmt":"2023-08-14T13:50:57","guid":{"rendered":"https:\/\/turboplus.digitality-agency.com\/product\/alquiler-tesla-model-y-long-range-blanco-2022-en-dubai\/"},"modified":"2023-10-18T13:18:57","modified_gmt":"2023-10-18T13:18:57","slug":"rent-tesla-model-y-long-range-white-2022-in-dubai-2","status":"publish","type":"product","link":"https:\/\/fastlanerentacar.com\/es\/product\/rent-tesla-model-y-long-range-white-2022-in-dubai-2\/","title":{"rendered":"Alquiler Tesla Model Y Long Range (Blanco), 2022 en Dubai"},"content":{"rendered":"","protected":false},"excerpt":{"rendered":"<p class=\"text-justify fs-14\">Puede alquilar Tesla Model Y Long Range (Blanco), 2022 en Dubai, EAU por el siguiente precio 161,74 \u20ac al d\u00eda o 2.740 \u20ac al mes. El precio del alquiler incluye el seguro b\u00e1sico y un l\u00edmite de kilometraje est\u00e1ndar de 250 km\/d\u00eda (con un recargo de 2,49 \u20ac por km adicional). No se necesita fianza. As\u00ed que no espere m\u00e1s. Si desea conducir este coche &#8211; p\u00f3ngase en contacto con nosotros para reservar o cualquier pregunta ahora mismo.<\/p>\n","protected":false},"featured_media":25338,"comment_status":"closed","ping_status":"closed","template":"","meta":{"_acf_changed":false},"product_brand":[],"product_cat":[202],"product_tag":[126,204,205,351],"class_list":{"0":"post-5813","1":"product","2":"type-product","3":"status-publish","4":"has-post-thumbnail","6":"product_cat-tesla-es","7":"product_tag-coches-de-lujo","8":"product_tag-coches-de-negocios-es","9":"product_tag-coches-economicos","10":"product_tag-suv-es","11":"yith_booking_service-deposit-free","13":"first","14":"instock","15":"virtual","16":"sold-individually","17":"purchasable","18":"product-type-booking"},"acf":[],"yoast_head":"<!-- This site is optimized with the Yoast SEO plugin v27.4 - https:\/\/yoast.com\/product\/yoast-seo-wordpress\/ -->\n<title>Alquiler Tesla Model Y Long Range (Blanco), 2022 en Dubai - Fastlane<\/title>\n<meta name=\"robots\" content=\"index, follow, max-snippet:-1, max-image-preview:large, max-video-preview:-1\" \/>\n<link rel=\"canonical\" href=\"https:\/\/fastlanerentacar.com\/es\/producto\/rent-tesla-model-y-long-range-white-2022-in-dubai-2\/\" \/>\n<meta property=\"og:locale\" content=\"es_ES\" \/>\n<meta property=\"og:type\" content=\"article\" \/>\n<meta property=\"og:title\" content=\"Alquiler Tesla Model Y Long Range (Blanco), 2022 en Dubai - Fastlane\" \/>\n<meta property=\"og:description\" content=\"Puede alquilar Tesla Model Y Long Range (Blanco), 2022 en Dubai, EAU por el siguiente precio 161,74 \u20ac al d\u00eda o 2.740 \u20ac al mes. El precio del alquiler incluye el seguro b\u00e1sico y un l\u00edmite de kilometraje est\u00e1ndar de 250 km\/d\u00eda (con un recargo de 2,49 \u20ac por km adicional). No se necesita fianza. As\u00ed que no espere m\u00e1s. Si desea conducir este coche - p\u00f3ngase en contacto con nosotros para reservar o cualquier pregunta ahora mismo.\" \/>\n<meta property=\"og:url\" content=\"https:\/\/fastlanerentacar.com\/es\/producto\/rent-tesla-model-y-long-range-white-2022-in-dubai-2\/\" \/>\n<meta property=\"og:site_name\" content=\"Fastlane\" \/>\n<meta property=\"article:modified_time\" content=\"2023-10-18T13:18:57+00:00\" \/>\n<meta property=\"og:image\" content=\"https:\/\/i0.wp.com\/turboplusdxb.com\/wp-content\/uploads\/white_tesla-model-y-long-range_2022Img1-1.webp?fit=1479%2C924&ssl=1\" \/>\n\t<meta property=\"og:image:width\" content=\"1479\" \/>\n\t<meta property=\"og:image:height\" content=\"924\" \/>\n\t<meta property=\"og:image:type\" content=\"image\/webp\" \/>\n<meta name=\"twitter:card\" content=\"summary_large_image\" \/>\n<script type=\"application\/ld+json\" class=\"yoast-schema-graph\">{\"@context\":\"https:\\\/\\\/schema.org\",\"@graph\":[{\"@type\":\"WebPage\",\"@id\":\"https:\\\/\\\/fastlanerentacar.com\\\/es\\\/producto\\\/rent-tesla-model-y-long-range-white-2022-in-dubai-2\\\/\",\"url\":\"https:\\\/\\\/fastlanerentacar.com\\\/es\\\/producto\\\/rent-tesla-model-y-long-range-white-2022-in-dubai-2\\\/\",\"name\":\"Alquiler Tesla Model Y Long Range (Blanco), 2022 en Dubai - Fastlane\",\"isPartOf\":{\"@id\":\"https:\\\/\\\/fastlanerentacar.com\\\/#website\"},\"primaryImageOfPage\":{\"@id\":\"https:\\\/\\\/fastlanerentacar.com\\\/es\\\/producto\\\/rent-tesla-model-y-long-range-white-2022-in-dubai-2\\\/#primaryimage\"},\"image\":{\"@id\":\"https:\\\/\\\/fastlanerentacar.com\\\/es\\\/producto\\\/rent-tesla-model-y-long-range-white-2022-in-dubai-2\\\/#primaryimage\"},\"thumbnailUrl\":\"https:\\\/\\\/fastlanerentacar.com\\\/wp-content\\\/uploads\\\/white_tesla-model-y-long-range_2022Img1-1.webp\",\"datePublished\":\"2023-08-14T13:50:57+00:00\",\"dateModified\":\"2023-10-18T13:18:57+00:00\",\"breadcrumb\":{\"@id\":\"https:\\\/\\\/fastlanerentacar.com\\\/es\\\/producto\\\/rent-tesla-model-y-long-range-white-2022-in-dubai-2\\\/#breadcrumb\"},\"inLanguage\":\"es\",\"potentialAction\":[{\"@type\":\"ReadAction\",\"target\":[\"https:\\\/\\\/fastlanerentacar.com\\\/es\\\/producto\\\/rent-tesla-model-y-long-range-white-2022-in-dubai-2\\\/\"]}]},{\"@type\":\"ImageObject\",\"inLanguage\":\"es\",\"@id\":\"https:\\\/\\\/fastlanerentacar.com\\\/es\\\/producto\\\/rent-tesla-model-y-long-range-white-2022-in-dubai-2\\\/#primaryimage\",\"url\":\"https:\\\/\\\/fastlanerentacar.com\\\/wp-content\\\/uploads\\\/white_tesla-model-y-long-range_2022Img1-1.webp\",\"contentUrl\":\"https:\\\/\\\/fastlanerentacar.com\\\/wp-content\\\/uploads\\\/white_tesla-model-y-long-range_2022Img1-1.webp\",\"width\":1479,\"height\":924},{\"@type\":\"BreadcrumbList\",\"@id\":\"https:\\\/\\\/fastlanerentacar.com\\\/es\\\/producto\\\/rent-tesla-model-y-long-range-white-2022-in-dubai-2\\\/#breadcrumb\",\"itemListElement\":[{\"@type\":\"ListItem\",\"position\":1,\"name\":\"Home\",\"item\":\"https:\\\/\\\/fastlanerentacar.com\\\/es\\\/inicio\\\/\"},{\"@type\":\"ListItem\",\"position\":2,\"name\":\"Products\",\"item\":\"https:\\\/\\\/fastlanerentacar.com\\\/shop\\\/\"},{\"@type\":\"ListItem\",\"position\":3,\"name\":\"Alquiler Tesla Model Y Long Range (Blanco), 2022 en Dubai\"}]},{\"@type\":\"WebSite\",\"@id\":\"https:\\\/\\\/fastlanerentacar.com\\\/#website\",\"url\":\"https:\\\/\\\/fastlanerentacar.com\\\/\",\"name\":\"Fastlane\",\"description\":\"\",\"publisher\":{\"@id\":\"https:\\\/\\\/fastlanerentacar.com\\\/#organization\"},\"potentialAction\":[{\"@type\":\"SearchAction\",\"target\":{\"@type\":\"EntryPoint\",\"urlTemplate\":\"https:\\\/\\\/fastlanerentacar.com\\\/?s={search_term_string}\"},\"query-input\":{\"@type\":\"PropertyValueSpecification\",\"valueRequired\":true,\"valueName\":\"search_term_string\"}}],\"inLanguage\":\"es\"},{\"@type\":\"Organization\",\"@id\":\"https:\\\/\\\/fastlanerentacar.com\\\/#organization\",\"name\":\"Fastlane\",\"url\":\"https:\\\/\\\/fastlanerentacar.com\\\/\",\"logo\":{\"@type\":\"ImageObject\",\"inLanguage\":\"es\",\"@id\":\"https:\\\/\\\/fastlanerentacar.com\\\/#\\\/schema\\\/logo\\\/image\\\/\",\"url\":\"https:\\\/\\\/fastlanerentacar.com\\\/wp-content\\\/uploads\\\/Asset-2@2x-8.png\",\"contentUrl\":\"https:\\\/\\\/fastlanerentacar.com\\\/wp-content\\\/uploads\\\/Asset-2@2x-8.png\",\"width\":1641,\"height\":316,\"caption\":\"Fastlane\"},\"image\":{\"@id\":\"https:\\\/\\\/fastlanerentacar.com\\\/#\\\/schema\\\/logo\\\/image\\\/\"}}]}<\/script>\n<!-- \/ Yoast SEO plugin. -->","yoast_head_json":{"title":"Alquiler Tesla Model Y Long Range (Blanco), 2022 en Dubai - Fastlane","robots":{"index":"index","follow":"follow","max-snippet":"max-snippet:-1","max-image-preview":"max-image-preview:large","max-video-preview":"max-video-preview:-1"},"canonical":"https:\/\/fastlanerentacar.com\/es\/producto\/rent-tesla-model-y-long-range-white-2022-in-dubai-2\/","og_locale":"es_ES","og_type":"article","og_title":"Alquiler Tesla Model Y Long Range (Blanco), 2022 en Dubai - Fastlane","og_description":"Puede alquilar Tesla Model Y Long Range (Blanco), 2022 en Dubai, EAU por el siguiente precio 161,74 \u20ac al d\u00eda o 2.740 \u20ac al mes. El precio del alquiler incluye el seguro b\u00e1sico y un l\u00edmite de kilometraje est\u00e1ndar de 250 km\/d\u00eda (con un recargo de 2,49 \u20ac por km adicional). No se necesita fianza. As\u00ed que no espere m\u00e1s. Si desea conducir este coche - p\u00f3ngase en contacto con nosotros para reservar o cualquier pregunta ahora mismo.","og_url":"https:\/\/fastlanerentacar.com\/es\/producto\/rent-tesla-model-y-long-range-white-2022-in-dubai-2\/","og_site_name":"Fastlane","article_modified_time":"2023-10-18T13:18:57+00:00","og_image":[{"width":1479,"height":924,"url":"https:\/\/i0.wp.com\/turboplusdxb.com\/wp-content\/uploads\/white_tesla-model-y-long-range_2022Img1-1.webp?fit=1479%2C924&ssl=1","type":"image\/webp"}],"twitter_card":"summary_large_image","schema":{"@context":"https:\/\/schema.org","@graph":[{"@type":"WebPage","@id":"https:\/\/fastlanerentacar.com\/es\/producto\/rent-tesla-model-y-long-range-white-2022-in-dubai-2\/","url":"https:\/\/fastlanerentacar.com\/es\/producto\/rent-tesla-model-y-long-range-white-2022-in-dubai-2\/","name":"Alquiler Tesla Model Y Long Range (Blanco), 2022 en Dubai - Fastlane","isPartOf":{"@id":"https:\/\/fastlanerentacar.com\/#website"},"primaryImageOfPage":{"@id":"https:\/\/fastlanerentacar.com\/es\/producto\/rent-tesla-model-y-long-range-white-2022-in-dubai-2\/#primaryimage"},"image":{"@id":"https:\/\/fastlanerentacar.com\/es\/producto\/rent-tesla-model-y-long-range-white-2022-in-dubai-2\/#primaryimage"},"thumbnailUrl":"https:\/\/fastlanerentacar.com\/wp-content\/uploads\/white_tesla-model-y-long-range_2022Img1-1.webp","datePublished":"2023-08-14T13:50:57+00:00","dateModified":"2023-10-18T13:18:57+00:00","breadcrumb":{"@id":"https:\/\/fastlanerentacar.com\/es\/producto\/rent-tesla-model-y-long-range-white-2022-in-dubai-2\/#breadcrumb"},"inLanguage":"es","potentialAction":[{"@type":"ReadAction","target":["https:\/\/fastlanerentacar.com\/es\/producto\/rent-tesla-model-y-long-range-white-2022-in-dubai-2\/"]}]},{"@type":"ImageObject","inLanguage":"es","@id":"https:\/\/fastlanerentacar.com\/es\/producto\/rent-tesla-model-y-long-range-white-2022-in-dubai-2\/#primaryimage","url":"https:\/\/fastlanerentacar.com\/wp-content\/uploads\/white_tesla-model-y-long-range_2022Img1-1.webp","contentUrl":"https:\/\/fastlanerentacar.com\/wp-content\/uploads\/white_tesla-model-y-long-range_2022Img1-1.webp","width":1479,"height":924},{"@type":"BreadcrumbList","@id":"https:\/\/fastlanerentacar.com\/es\/producto\/rent-tesla-model-y-long-range-white-2022-in-dubai-2\/#breadcrumb","itemListElement":[{"@type":"ListItem","position":1,"name":"Home","item":"https:\/\/fastlanerentacar.com\/es\/inicio\/"},{"@type":"ListItem","position":2,"name":"Products","item":"https:\/\/fastlanerentacar.com\/shop\/"},{"@type":"ListItem","position":3,"name":"Alquiler Tesla Model Y Long Range (Blanco), 2022 en Dubai"}]},{"@type":"WebSite","@id":"https:\/\/fastlanerentacar.com\/#website","url":"https:\/\/fastlanerentacar.com\/","name":"Fastlane","description":"","publisher":{"@id":"https:\/\/fastlanerentacar.com\/#organization"},"potentialAction":[{"@type":"SearchAction","target":{"@type":"EntryPoint","urlTemplate":"https:\/\/fastlanerentacar.com\/?s={search_term_string}"},"query-input":{"@type":"PropertyValueSpecification","valueRequired":true,"valueName":"search_term_string"}}],"inLanguage":"es"},{"@type":"Organization","@id":"https:\/\/fastlanerentacar.com\/#organization","name":"Fastlane","url":"https:\/\/fastlanerentacar.com\/","logo":{"@type":"ImageObject","inLanguage":"es","@id":"https:\/\/fastlanerentacar.com\/#\/schema\/logo\/image\/","url":"https:\/\/fastlanerentacar.com\/wp-content\/uploads\/Asset-2@2x-8.png","contentUrl":"https:\/\/fastlanerentacar.com\/wp-content\/uploads\/Asset-2@2x-8.png","width":1641,"height":316,"caption":"Fastlane"},"image":{"@id":"https:\/\/fastlanerentacar.com\/#\/schema\/logo\/image\/"}}]}},"_links":{"self":[{"href":"https:\/\/fastlanerentacar.com\/es\/wp-json\/wp\/v2\/product\/5813","targetHints":{"allow":["GET"]}}],"collection":[{"href":"https:\/\/fastlanerentacar.com\/es\/wp-json\/wp\/v2\/product"}],"about":[{"href":"https:\/\/fastlanerentacar.com\/es\/wp-json\/wp\/v2\/types\/product"}],"replies":[{"embeddable":true,"href":"https:\/\/fastlanerentacar.com\/es\/wp-json\/wp\/v2\/comments?post=5813"}],"wp:featuredmedia":[{"embeddable":true,"href":"https:\/\/fastlanerentacar.com\/es\/wp-json\/wp\/v2\/media\/25338"}],"wp:attachment":[{"href":"https:\/\/fastlanerentacar.com\/es\/wp-json\/wp\/v2\/media?parent=5813"}],"wp:term":[{"taxonomy":"product_brand","embeddable":true,"href":"https:\/\/fastlanerentacar.com\/es\/wp-json\/wp\/v2\/product_brand?post=5813"},{"taxonomy":"product_cat","embeddable":true,"href":"https:\/\/fastlanerentacar.com\/es\/wp-json\/wp\/v2\/product_cat?post=5813"},{"taxonomy":"product_tag","embeddable":true,"href":"https:\/\/fastlanerentacar.com\/es\/wp-json\/wp\/v2\/product_tag?post=5813"}],"curies":[{"name":"wp","href":"https:\/\/api.w.org\/{rel}","templated":true}]}}