{"id":5841,"date":"2023-08-14T11:19:54","date_gmt":"2023-08-14T11:19:54","guid":{"rendered":"https:\/\/turboplus.digitality-agency.com\/product\/alquiler-chevrolet-blazer-rs-awd-amarillo-2023-en-dubai\/"},"modified":"2023-10-18T13:31:08","modified_gmt":"2023-10-18T13:31:08","slug":"alquiler-chevrolet-blazer-rs-awd-amarillo-2023-en-dubai","status":"publish","type":"product","link":"https:\/\/fastlanerentacar.com\/es\/product\/alquiler-chevrolet-blazer-rs-awd-amarillo-2023-en-dubai\/","title":{"rendered":"Alquiler Chevrolet Blazer RS AWD (Amarillo), 2023 en Dubai"},"content":{"rendered":"","protected":false},"excerpt":{"rendered":"<p class=\"text-justify fs-14\">Puede alquilar Chevrolet Blazer RS AWD (Amarillo), 2023 en Dubai, EAU por el siguiente precio 124,41 \u20ac por d\u00eda o 1.991 \u20ac por mes. El precio del alquiler incluye el seguro b\u00e1sico y un l\u00edmite de kilometraje est\u00e1ndar de 250 km\/d\u00eda (con un recargo de 2,49 \u20ac por km adicional). Se requiere un dep\u00f3sito de seguridad de 746,49 euros. As\u00ed que no espere m\u00e1s. Si desea conducir este coche &#8211; p\u00f3ngase en contacto con nosotros para reservar o cualquier pregunta ahora mismo.<\/p>\n","protected":false},"featured_media":18356,"comment_status":"closed","ping_status":"closed","template":"","meta":{"_acf_changed":false},"product_brand":[],"product_cat":[186],"product_tag":[205],"class_list":{"0":"post-5841","1":"product","2":"type-product","3":"status-publish","4":"has-post-thumbnail","6":"product_cat-chevrolet-es","7":"product_tag-coches-economicos","8":"yith_booking_service-deposit-free","10":"first","11":"instock","12":"virtual","13":"sold-individually","14":"purchasable","15":"product-type-booking"},"acf":[],"yoast_head":"<!-- This site is optimized with the Yoast SEO plugin v25.0 - https:\/\/yoast.com\/wordpress\/plugins\/seo\/ -->\n<title>Alquiler Chevrolet Blazer RS AWD (Amarillo), 2023 en Dubai - Fastlane<\/title>\n<meta name=\"robots\" content=\"index, follow, max-snippet:-1, max-image-preview:large, max-video-preview:-1\" \/>\n<link rel=\"canonical\" href=\"https:\/\/fastlanerentacar.com\/ar\/?post_type=product&p=54272\" \/>\n<meta property=\"og:locale\" content=\"es_ES\" \/>\n<meta property=\"og:type\" content=\"article\" \/>\n<meta property=\"og:title\" content=\"Alquiler Chevrolet Blazer RS AWD (Amarillo), 2023 en Dubai - Fastlane\" \/>\n<meta property=\"og:description\" content=\"Puede alquilar Chevrolet Blazer RS AWD (Amarillo), 2023 en Dubai, EAU por el siguiente precio 124,41 \u20ac por d\u00eda o 1.991 \u20ac por mes. El precio del alquiler incluye el seguro b\u00e1sico y un l\u00edmite de kilometraje est\u00e1ndar de 250 km\/d\u00eda (con un recargo de 2,49 \u20ac por km adicional). Se requiere un dep\u00f3sito de seguridad de 746,49 euros. As\u00ed que no espere m\u00e1s. Si desea conducir este coche - p\u00f3ngase en contacto con nosotros para reservar o cualquier pregunta ahora mismo.\" \/>\n<meta property=\"og:url\" content=\"https:\/\/fastlanerentacar.com\/ar\/?post_type=product&amp;p=54272\" \/>\n<meta property=\"og:site_name\" content=\"Fastlane\" \/>\n<meta property=\"article:modified_time\" content=\"2023-10-18T13:31:08+00:00\" \/>\n<meta property=\"og:image\" content=\"http:\/\/fastlanerentacar.com\/wp-content\/uploads\/yellow_chevrolet-blazer-rs-awd_2023img1-min.png\" \/>\n\t<meta property=\"og:image:width\" content=\"1525\" \/>\n\t<meta property=\"og:image:height\" content=\"953\" \/>\n\t<meta property=\"og:image:type\" content=\"image\/png\" \/>\n<meta name=\"twitter:card\" content=\"summary_large_image\" \/>\n<script type=\"application\/ld+json\" class=\"yoast-schema-graph\">{\"@context\":\"https:\/\/schema.org\",\"@graph\":[{\"@type\":\"WebPage\",\"@id\":\"https:\/\/fastlanerentacar.com\/ar\/?post_type=product&p=54272\",\"url\":\"https:\/\/fastlanerentacar.com\/ar\/?post_type=product&p=54272\",\"name\":\"Alquiler Chevrolet Blazer RS AWD (Amarillo), 2023 en Dubai - Fastlane\",\"isPartOf\":{\"@id\":\"https:\/\/fastlanerentacar.com\/#website\"},\"primaryImageOfPage\":{\"@id\":\"https:\/\/fastlanerentacar.com\/ar\/?post_type=product&p=54272#primaryimage\"},\"image\":{\"@id\":\"https:\/\/fastlanerentacar.com\/ar\/?post_type=product&p=54272#primaryimage\"},\"thumbnailUrl\":\"https:\/\/fastlanerentacar.com\/wp-content\/uploads\/yellow_chevrolet-blazer-rs-awd_2023img1-min.png\",\"datePublished\":\"2023-08-14T11:19:54+00:00\",\"dateModified\":\"2023-10-18T13:31:08+00:00\",\"breadcrumb\":{\"@id\":\"https:\/\/fastlanerentacar.com\/ar\/?post_type=product&p=54272#breadcrumb\"},\"inLanguage\":\"es\",\"potentialAction\":[{\"@type\":\"ReadAction\",\"target\":[\"https:\/\/fastlanerentacar.com\/ar\/?post_type=product&p=54272\"]}]},{\"@type\":\"ImageObject\",\"inLanguage\":\"es\",\"@id\":\"https:\/\/fastlanerentacar.com\/ar\/?post_type=product&p=54272#primaryimage\",\"url\":\"https:\/\/fastlanerentacar.com\/wp-content\/uploads\/yellow_chevrolet-blazer-rs-awd_2023img1-min.png\",\"contentUrl\":\"https:\/\/fastlanerentacar.com\/wp-content\/uploads\/yellow_chevrolet-blazer-rs-awd_2023img1-min.png\",\"width\":1525,\"height\":953},{\"@type\":\"BreadcrumbList\",\"@id\":\"https:\/\/fastlanerentacar.com\/ar\/?post_type=product&p=54272#breadcrumb\",\"itemListElement\":[{\"@type\":\"ListItem\",\"position\":1,\"name\":\"Home\",\"item\":\"https:\/\/fastlanerentacar.com\/es\/inicio\/\"},{\"@type\":\"ListItem\",\"position\":2,\"name\":\"Products\",\"item\":\"https:\/\/fastlanerentacar.com\/shop\/\"},{\"@type\":\"ListItem\",\"position\":3,\"name\":\"Alquiler Chevrolet Blazer RS AWD (Amarillo), 2023 en Dubai\"}]},{\"@type\":\"WebSite\",\"@id\":\"https:\/\/fastlanerentacar.com\/#website\",\"url\":\"https:\/\/fastlanerentacar.com\/\",\"name\":\"Fastlane\",\"description\":\"\",\"publisher\":{\"@id\":\"https:\/\/fastlanerentacar.com\/#organization\"},\"potentialAction\":[{\"@type\":\"SearchAction\",\"target\":{\"@type\":\"EntryPoint\",\"urlTemplate\":\"https:\/\/fastlanerentacar.com\/?s={search_term_string}\"},\"query-input\":{\"@type\":\"PropertyValueSpecification\",\"valueRequired\":true,\"valueName\":\"search_term_string\"}}],\"inLanguage\":\"es\"},{\"@type\":\"Organization\",\"@id\":\"https:\/\/fastlanerentacar.com\/#organization\",\"name\":\"Fastlane\",\"url\":\"https:\/\/fastlanerentacar.com\/\",\"logo\":{\"@type\":\"ImageObject\",\"inLanguage\":\"es\",\"@id\":\"https:\/\/fastlanerentacar.com\/#\/schema\/logo\/image\/\",\"url\":\"https:\/\/fastlanerentacar.com\/wp-content\/uploads\/Asset-2@2x-8.png\",\"contentUrl\":\"https:\/\/fastlanerentacar.com\/wp-content\/uploads\/Asset-2@2x-8.png\",\"width\":1641,\"height\":316,\"caption\":\"Fastlane\"},\"image\":{\"@id\":\"https:\/\/fastlanerentacar.com\/#\/schema\/logo\/image\/\"}}]}<\/script>\n<!-- \/ Yoast SEO plugin. -->","yoast_head_json":{"title":"Alquiler Chevrolet Blazer RS AWD (Amarillo), 2023 en Dubai - Fastlane","robots":{"index":"index","follow":"follow","max-snippet":"max-snippet:-1","max-image-preview":"max-image-preview:large","max-video-preview":"max-video-preview:-1"},"canonical":"https:\/\/fastlanerentacar.com\/ar\/?post_type=product&p=54272","og_locale":"es_ES","og_type":"article","og_title":"Alquiler Chevrolet Blazer RS AWD (Amarillo), 2023 en Dubai - Fastlane","og_description":"Puede alquilar Chevrolet Blazer RS AWD (Amarillo), 2023 en Dubai, EAU por el siguiente precio 124,41 \u20ac por d\u00eda o 1.991 \u20ac por mes. El precio del alquiler incluye el seguro b\u00e1sico y un l\u00edmite de kilometraje est\u00e1ndar de 250 km\/d\u00eda (con un recargo de 2,49 \u20ac por km adicional). Se requiere un dep\u00f3sito de seguridad de 746,49 euros. As\u00ed que no espere m\u00e1s. Si desea conducir este coche - p\u00f3ngase en contacto con nosotros para reservar o cualquier pregunta ahora mismo.","og_url":"https:\/\/fastlanerentacar.com\/ar\/?post_type=product&p=54272","og_site_name":"Fastlane","article_modified_time":"2023-10-18T13:31:08+00:00","og_image":[{"width":1525,"height":953,"url":"http:\/\/fastlanerentacar.com\/wp-content\/uploads\/yellow_chevrolet-blazer-rs-awd_2023img1-min.png","type":"image\/png"}],"twitter_card":"summary_large_image","schema":{"@context":"https:\/\/schema.org","@graph":[{"@type":"WebPage","@id":"https:\/\/fastlanerentacar.com\/ar\/?post_type=product&p=54272","url":"https:\/\/fastlanerentacar.com\/ar\/?post_type=product&p=54272","name":"Alquiler Chevrolet Blazer RS AWD (Amarillo), 2023 en Dubai - Fastlane","isPartOf":{"@id":"https:\/\/fastlanerentacar.com\/#website"},"primaryImageOfPage":{"@id":"https:\/\/fastlanerentacar.com\/ar\/?post_type=product&p=54272#primaryimage"},"image":{"@id":"https:\/\/fastlanerentacar.com\/ar\/?post_type=product&p=54272#primaryimage"},"thumbnailUrl":"https:\/\/fastlanerentacar.com\/wp-content\/uploads\/yellow_chevrolet-blazer-rs-awd_2023img1-min.png","datePublished":"2023-08-14T11:19:54+00:00","dateModified":"2023-10-18T13:31:08+00:00","breadcrumb":{"@id":"https:\/\/fastlanerentacar.com\/ar\/?post_type=product&p=54272#breadcrumb"},"inLanguage":"es","potentialAction":[{"@type":"ReadAction","target":["https:\/\/fastlanerentacar.com\/ar\/?post_type=product&p=54272"]}]},{"@type":"ImageObject","inLanguage":"es","@id":"https:\/\/fastlanerentacar.com\/ar\/?post_type=product&p=54272#primaryimage","url":"https:\/\/fastlanerentacar.com\/wp-content\/uploads\/yellow_chevrolet-blazer-rs-awd_2023img1-min.png","contentUrl":"https:\/\/fastlanerentacar.com\/wp-content\/uploads\/yellow_chevrolet-blazer-rs-awd_2023img1-min.png","width":1525,"height":953},{"@type":"BreadcrumbList","@id":"https:\/\/fastlanerentacar.com\/ar\/?post_type=product&p=54272#breadcrumb","itemListElement":[{"@type":"ListItem","position":1,"name":"Home","item":"https:\/\/fastlanerentacar.com\/es\/inicio\/"},{"@type":"ListItem","position":2,"name":"Products","item":"https:\/\/fastlanerentacar.com\/shop\/"},{"@type":"ListItem","position":3,"name":"Alquiler Chevrolet Blazer RS AWD (Amarillo), 2023 en Dubai"}]},{"@type":"WebSite","@id":"https:\/\/fastlanerentacar.com\/#website","url":"https:\/\/fastlanerentacar.com\/","name":"Fastlane","description":"","publisher":{"@id":"https:\/\/fastlanerentacar.com\/#organization"},"potentialAction":[{"@type":"SearchAction","target":{"@type":"EntryPoint","urlTemplate":"https:\/\/fastlanerentacar.com\/?s={search_term_string}"},"query-input":{"@type":"PropertyValueSpecification","valueRequired":true,"valueName":"search_term_string"}}],"inLanguage":"es"},{"@type":"Organization","@id":"https:\/\/fastlanerentacar.com\/#organization","name":"Fastlane","url":"https:\/\/fastlanerentacar.com\/","logo":{"@type":"ImageObject","inLanguage":"es","@id":"https:\/\/fastlanerentacar.com\/#\/schema\/logo\/image\/","url":"https:\/\/fastlanerentacar.com\/wp-content\/uploads\/Asset-2@2x-8.png","contentUrl":"https:\/\/fastlanerentacar.com\/wp-content\/uploads\/Asset-2@2x-8.png","width":1641,"height":316,"caption":"Fastlane"},"image":{"@id":"https:\/\/fastlanerentacar.com\/#\/schema\/logo\/image\/"}}]}},"_links":{"self":[{"href":"https:\/\/fastlanerentacar.com\/es\/wp-json\/wp\/v2\/product\/5841","targetHints":{"allow":["GET"]}}],"collection":[{"href":"https:\/\/fastlanerentacar.com\/es\/wp-json\/wp\/v2\/product"}],"about":[{"href":"https:\/\/fastlanerentacar.com\/es\/wp-json\/wp\/v2\/types\/product"}],"replies":[{"embeddable":true,"href":"https:\/\/fastlanerentacar.com\/es\/wp-json\/wp\/v2\/comments?post=5841"}],"wp:featuredmedia":[{"embeddable":true,"href":"https:\/\/fastlanerentacar.com\/es\/wp-json\/wp\/v2\/media\/18356"}],"wp:attachment":[{"href":"https:\/\/fastlanerentacar.com\/es\/wp-json\/wp\/v2\/media?parent=5841"}],"wp:term":[{"taxonomy":"product_brand","embeddable":true,"href":"https:\/\/fastlanerentacar.com\/es\/wp-json\/wp\/v2\/product_brand?post=5841"},{"taxonomy":"product_cat","embeddable":true,"href":"https:\/\/fastlanerentacar.com\/es\/wp-json\/wp\/v2\/product_cat?post=5841"},{"taxonomy":"product_tag","embeddable":true,"href":"https:\/\/fastlanerentacar.com\/es\/wp-json\/wp\/v2\/product_tag?post=5841"}],"curies":[{"name":"wp","href":"https:\/\/api.w.org\/{rel}","templated":true}]}}