{"id":5903,"date":"2023-08-03T11:10:22","date_gmt":"2023-08-03T11:10:22","guid":{"rendered":"https:\/\/turboplus.digitality-agency.com\/product\/rolls-royce-cullinan-2022-blanco\/"},"modified":"2024-01-10T19:52:08","modified_gmt":"2024-01-10T19:52:08","slug":"rolls-royce-cullinan-2022-white-2","status":"publish","type":"product","link":"https:\/\/fastlanerentacar.com\/es\/product\/rolls-royce-cullinan-2022-white-2\/","title":{"rendered":"Rolls Royce Cullinan 2022 (Blanco)"},"content":{"rendered":"","protected":false},"excerpt":{"rendered":"<p>Alquilar Rolls Royce Cullinan 2020 en Dubai con Turbo Plus Rolls lleg\u00f3 con el Cullinan, el pin\u00e1culo de la especie SUV. Esta gigantesca m\u00e1quina toma su nombre de un diamante gigante, lo que resulta apropiado teniendo en cuenta la abrumadora opulencia de la ute.<\/p>\n","protected":false},"featured_media":38535,"comment_status":"open","ping_status":"closed","template":"","meta":{"_acf_changed":false},"product_brand":[],"product_cat":[201],"product_tag":[126,351],"class_list":{"0":"post-5903","1":"product","2":"type-product","3":"status-publish","4":"has-post-thumbnail","6":"product_cat-rolls-royce-es","7":"product_tag-coches-de-lujo","8":"product_tag-suv-es","9":"yith_booking_service-deposit-free","11":"first","12":"instock","13":"virtual","14":"sold-individually","15":"purchasable","16":"product-type-booking"},"acf":[],"yoast_head":"<!-- This site is optimized with the Yoast SEO plugin v27.4 - https:\/\/yoast.com\/product\/yoast-seo-wordpress\/ -->\n<title>Rolls Royce Cullinan 2022 (Blanco) - Fastlane<\/title>\n<meta name=\"robots\" content=\"index, follow, max-snippet:-1, max-image-preview:large, max-video-preview:-1\" \/>\n<link rel=\"canonical\" href=\"https:\/\/fastlanerentacar.com\/es\/producto\/rolls-royce-cullinan-2022-white-2\/\" \/>\n<meta property=\"og:locale\" content=\"es_ES\" \/>\n<meta property=\"og:type\" content=\"article\" \/>\n<meta property=\"og:title\" content=\"Rolls Royce Cullinan 2022 (Blanco) - Fastlane\" \/>\n<meta property=\"og:description\" content=\"Alquilar Rolls Royce Cullinan 2020 en Dubai con Turbo Plus Rolls lleg\u00f3 con el Cullinan, el pin\u00e1culo de la especie SUV. Esta gigantesca m\u00e1quina toma su nombre de un diamante gigante, lo que resulta apropiado teniendo en cuenta la abrumadora opulencia de la ute.\" \/>\n<meta property=\"og:url\" content=\"https:\/\/fastlanerentacar.com\/es\/producto\/rolls-royce-cullinan-2022-white-2\/\" \/>\n<meta property=\"og:site_name\" content=\"Fastlane\" \/>\n<meta property=\"article:modified_time\" content=\"2024-01-10T19:52:08+00:00\" \/>\n<meta property=\"og:image\" content=\"https:\/\/i0.wp.com\/turboplusdxb.com\/wp-content\/uploads\/rolls-royce-cullinan-black-badge-white-1.jpg?fit=1460%2C1320&ssl=1\" \/>\n\t<meta property=\"og:image:width\" content=\"1460\" \/>\n\t<meta property=\"og:image:height\" content=\"1320\" \/>\n\t<meta property=\"og:image:type\" content=\"image\/jpeg\" \/>\n<meta name=\"twitter:card\" content=\"summary_large_image\" \/>\n<script type=\"application\/ld+json\" class=\"yoast-schema-graph\">{\"@context\":\"https:\\\/\\\/schema.org\",\"@graph\":[{\"@type\":\"WebPage\",\"@id\":\"https:\\\/\\\/fastlanerentacar.com\\\/es\\\/producto\\\/rolls-royce-cullinan-2022-white-2\\\/\",\"url\":\"https:\\\/\\\/fastlanerentacar.com\\\/es\\\/producto\\\/rolls-royce-cullinan-2022-white-2\\\/\",\"name\":\"Rolls Royce Cullinan 2022 (Blanco) - Fastlane\",\"isPartOf\":{\"@id\":\"https:\\\/\\\/fastlanerentacar.com\\\/#website\"},\"primaryImageOfPage\":{\"@id\":\"https:\\\/\\\/fastlanerentacar.com\\\/es\\\/producto\\\/rolls-royce-cullinan-2022-white-2\\\/#primaryimage\"},\"image\":{\"@id\":\"https:\\\/\\\/fastlanerentacar.com\\\/es\\\/producto\\\/rolls-royce-cullinan-2022-white-2\\\/#primaryimage\"},\"thumbnailUrl\":\"https:\\\/\\\/fastlanerentacar.com\\\/wp-content\\\/uploads\\\/rolls-royce-cullinan-black-badge-white-1.jpg\",\"datePublished\":\"2023-08-03T11:10:22+00:00\",\"dateModified\":\"2024-01-10T19:52:08+00:00\",\"breadcrumb\":{\"@id\":\"https:\\\/\\\/fastlanerentacar.com\\\/es\\\/producto\\\/rolls-royce-cullinan-2022-white-2\\\/#breadcrumb\"},\"inLanguage\":\"es\",\"potentialAction\":[{\"@type\":\"ReadAction\",\"target\":[\"https:\\\/\\\/fastlanerentacar.com\\\/es\\\/producto\\\/rolls-royce-cullinan-2022-white-2\\\/\"]}]},{\"@type\":\"ImageObject\",\"inLanguage\":\"es\",\"@id\":\"https:\\\/\\\/fastlanerentacar.com\\\/es\\\/producto\\\/rolls-royce-cullinan-2022-white-2\\\/#primaryimage\",\"url\":\"https:\\\/\\\/fastlanerentacar.com\\\/wp-content\\\/uploads\\\/rolls-royce-cullinan-black-badge-white-1.jpg\",\"contentUrl\":\"https:\\\/\\\/fastlanerentacar.com\\\/wp-content\\\/uploads\\\/rolls-royce-cullinan-black-badge-white-1.jpg\",\"width\":1460,\"height\":1320},{\"@type\":\"BreadcrumbList\",\"@id\":\"https:\\\/\\\/fastlanerentacar.com\\\/es\\\/producto\\\/rolls-royce-cullinan-2022-white-2\\\/#breadcrumb\",\"itemListElement\":[{\"@type\":\"ListItem\",\"position\":1,\"name\":\"Home\",\"item\":\"https:\\\/\\\/fastlanerentacar.com\\\/es\\\/inicio\\\/\"},{\"@type\":\"ListItem\",\"position\":2,\"name\":\"Products\",\"item\":\"https:\\\/\\\/fastlanerentacar.com\\\/shop\\\/\"},{\"@type\":\"ListItem\",\"position\":3,\"name\":\"Rolls Royce Cullinan 2022 (Blanco)\"}]},{\"@type\":\"WebSite\",\"@id\":\"https:\\\/\\\/fastlanerentacar.com\\\/#website\",\"url\":\"https:\\\/\\\/fastlanerentacar.com\\\/\",\"name\":\"Fastlane\",\"description\":\"\",\"publisher\":{\"@id\":\"https:\\\/\\\/fastlanerentacar.com\\\/#organization\"},\"potentialAction\":[{\"@type\":\"SearchAction\",\"target\":{\"@type\":\"EntryPoint\",\"urlTemplate\":\"https:\\\/\\\/fastlanerentacar.com\\\/?s={search_term_string}\"},\"query-input\":{\"@type\":\"PropertyValueSpecification\",\"valueRequired\":true,\"valueName\":\"search_term_string\"}}],\"inLanguage\":\"es\"},{\"@type\":\"Organization\",\"@id\":\"https:\\\/\\\/fastlanerentacar.com\\\/#organization\",\"name\":\"Fastlane\",\"url\":\"https:\\\/\\\/fastlanerentacar.com\\\/\",\"logo\":{\"@type\":\"ImageObject\",\"inLanguage\":\"es\",\"@id\":\"https:\\\/\\\/fastlanerentacar.com\\\/#\\\/schema\\\/logo\\\/image\\\/\",\"url\":\"https:\\\/\\\/fastlanerentacar.com\\\/wp-content\\\/uploads\\\/Asset-2@2x-8.png\",\"contentUrl\":\"https:\\\/\\\/fastlanerentacar.com\\\/wp-content\\\/uploads\\\/Asset-2@2x-8.png\",\"width\":1641,\"height\":316,\"caption\":\"Fastlane\"},\"image\":{\"@id\":\"https:\\\/\\\/fastlanerentacar.com\\\/#\\\/schema\\\/logo\\\/image\\\/\"}}]}<\/script>\n<!-- \/ Yoast SEO plugin. -->","yoast_head_json":{"title":"Rolls Royce Cullinan 2022 (Blanco) - Fastlane","robots":{"index":"index","follow":"follow","max-snippet":"max-snippet:-1","max-image-preview":"max-image-preview:large","max-video-preview":"max-video-preview:-1"},"canonical":"https:\/\/fastlanerentacar.com\/es\/producto\/rolls-royce-cullinan-2022-white-2\/","og_locale":"es_ES","og_type":"article","og_title":"Rolls Royce Cullinan 2022 (Blanco) - Fastlane","og_description":"Alquilar Rolls Royce Cullinan 2020 en Dubai con Turbo Plus Rolls lleg\u00f3 con el Cullinan, el pin\u00e1culo de la especie SUV. Esta gigantesca m\u00e1quina toma su nombre de un diamante gigante, lo que resulta apropiado teniendo en cuenta la abrumadora opulencia de la ute.","og_url":"https:\/\/fastlanerentacar.com\/es\/producto\/rolls-royce-cullinan-2022-white-2\/","og_site_name":"Fastlane","article_modified_time":"2024-01-10T19:52:08+00:00","og_image":[{"width":1460,"height":1320,"url":"https:\/\/i0.wp.com\/turboplusdxb.com\/wp-content\/uploads\/rolls-royce-cullinan-black-badge-white-1.jpg?fit=1460%2C1320&ssl=1","type":"image\/jpeg"}],"twitter_card":"summary_large_image","schema":{"@context":"https:\/\/schema.org","@graph":[{"@type":"WebPage","@id":"https:\/\/fastlanerentacar.com\/es\/producto\/rolls-royce-cullinan-2022-white-2\/","url":"https:\/\/fastlanerentacar.com\/es\/producto\/rolls-royce-cullinan-2022-white-2\/","name":"Rolls Royce Cullinan 2022 (Blanco) - Fastlane","isPartOf":{"@id":"https:\/\/fastlanerentacar.com\/#website"},"primaryImageOfPage":{"@id":"https:\/\/fastlanerentacar.com\/es\/producto\/rolls-royce-cullinan-2022-white-2\/#primaryimage"},"image":{"@id":"https:\/\/fastlanerentacar.com\/es\/producto\/rolls-royce-cullinan-2022-white-2\/#primaryimage"},"thumbnailUrl":"https:\/\/fastlanerentacar.com\/wp-content\/uploads\/rolls-royce-cullinan-black-badge-white-1.jpg","datePublished":"2023-08-03T11:10:22+00:00","dateModified":"2024-01-10T19:52:08+00:00","breadcrumb":{"@id":"https:\/\/fastlanerentacar.com\/es\/producto\/rolls-royce-cullinan-2022-white-2\/#breadcrumb"},"inLanguage":"es","potentialAction":[{"@type":"ReadAction","target":["https:\/\/fastlanerentacar.com\/es\/producto\/rolls-royce-cullinan-2022-white-2\/"]}]},{"@type":"ImageObject","inLanguage":"es","@id":"https:\/\/fastlanerentacar.com\/es\/producto\/rolls-royce-cullinan-2022-white-2\/#primaryimage","url":"https:\/\/fastlanerentacar.com\/wp-content\/uploads\/rolls-royce-cullinan-black-badge-white-1.jpg","contentUrl":"https:\/\/fastlanerentacar.com\/wp-content\/uploads\/rolls-royce-cullinan-black-badge-white-1.jpg","width":1460,"height":1320},{"@type":"BreadcrumbList","@id":"https:\/\/fastlanerentacar.com\/es\/producto\/rolls-royce-cullinan-2022-white-2\/#breadcrumb","itemListElement":[{"@type":"ListItem","position":1,"name":"Home","item":"https:\/\/fastlanerentacar.com\/es\/inicio\/"},{"@type":"ListItem","position":2,"name":"Products","item":"https:\/\/fastlanerentacar.com\/shop\/"},{"@type":"ListItem","position":3,"name":"Rolls Royce Cullinan 2022 (Blanco)"}]},{"@type":"WebSite","@id":"https:\/\/fastlanerentacar.com\/#website","url":"https:\/\/fastlanerentacar.com\/","name":"Fastlane","description":"","publisher":{"@id":"https:\/\/fastlanerentacar.com\/#organization"},"potentialAction":[{"@type":"SearchAction","target":{"@type":"EntryPoint","urlTemplate":"https:\/\/fastlanerentacar.com\/?s={search_term_string}"},"query-input":{"@type":"PropertyValueSpecification","valueRequired":true,"valueName":"search_term_string"}}],"inLanguage":"es"},{"@type":"Organization","@id":"https:\/\/fastlanerentacar.com\/#organization","name":"Fastlane","url":"https:\/\/fastlanerentacar.com\/","logo":{"@type":"ImageObject","inLanguage":"es","@id":"https:\/\/fastlanerentacar.com\/#\/schema\/logo\/image\/","url":"https:\/\/fastlanerentacar.com\/wp-content\/uploads\/Asset-2@2x-8.png","contentUrl":"https:\/\/fastlanerentacar.com\/wp-content\/uploads\/Asset-2@2x-8.png","width":1641,"height":316,"caption":"Fastlane"},"image":{"@id":"https:\/\/fastlanerentacar.com\/#\/schema\/logo\/image\/"}}]}},"_links":{"self":[{"href":"https:\/\/fastlanerentacar.com\/es\/wp-json\/wp\/v2\/product\/5903","targetHints":{"allow":["GET"]}}],"collection":[{"href":"https:\/\/fastlanerentacar.com\/es\/wp-json\/wp\/v2\/product"}],"about":[{"href":"https:\/\/fastlanerentacar.com\/es\/wp-json\/wp\/v2\/types\/product"}],"replies":[{"embeddable":true,"href":"https:\/\/fastlanerentacar.com\/es\/wp-json\/wp\/v2\/comments?post=5903"}],"wp:featuredmedia":[{"embeddable":true,"href":"https:\/\/fastlanerentacar.com\/es\/wp-json\/wp\/v2\/media\/38535"}],"wp:attachment":[{"href":"https:\/\/fastlanerentacar.com\/es\/wp-json\/wp\/v2\/media?parent=5903"}],"wp:term":[{"taxonomy":"product_brand","embeddable":true,"href":"https:\/\/fastlanerentacar.com\/es\/wp-json\/wp\/v2\/product_brand?post=5903"},{"taxonomy":"product_cat","embeddable":true,"href":"https:\/\/fastlanerentacar.com\/es\/wp-json\/wp\/v2\/product_cat?post=5903"},{"taxonomy":"product_tag","embeddable":true,"href":"https:\/\/fastlanerentacar.com\/es\/wp-json\/wp\/v2\/product_tag?post=5903"}],"curies":[{"name":"wp","href":"https:\/\/api.w.org\/{rel}","templated":true}]}}