{"id":59413,"date":"2024-01-30T15:23:46","date_gmt":"2024-01-30T15:23:46","guid":{"rendered":"https:\/\/turboplusdxb.com\/product\/alquila-el-bmw-m4-competition-verde\/"},"modified":"2024-01-30T17:19:42","modified_gmt":"2024-01-30T17:19:42","slug":"alquila-el-bmw-m4-competition-verde","status":"publish","type":"product","link":"https:\/\/fastlanerentacar.com\/es\/product\/alquila-el-bmw-m4-competition-verde\/","title":{"rendered":"Alquila el BMW M4 Competition (Verde)"},"content":{"rendered":"<p>Desata la emoci\u00f3n de conducir con el BMW M4 Competition. Alquila este ic\u00f3nico coche deportivo en Dub\u00e1i exclusivamente en Turbo Plus y experimenta una potencia, precisi\u00f3n y lujo incomparables en la carretera. <\/p>\n","protected":false},"excerpt":{"rendered":"<p>Desata la emoci\u00f3n de conducir con el BMW M4 Competition. Alquila este ic\u00f3nico coche deportivo en Dub\u00e1i exclusivamente en Turbo Plus y experimenta una potencia, precisi\u00f3n y lujo incomparables en la carretera. <\/p>\n","protected":false},"featured_media":59258,"comment_status":"closed","ping_status":"closed","template":"","meta":{"_acf_changed":false},"product_brand":[],"product_cat":[185],"product_tag":[],"class_list":{"0":"post-59413","1":"product","2":"type-product","3":"status-publish","4":"has-post-thumbnail","6":"product_cat-bmw-es","7":"yith_booking_service-deposit-free","9":"first","10":"instock","11":"shipping-taxable","12":"purchasable","13":"product-type-simple"},"acf":[],"yoast_head":"<!-- This site is optimized with the Yoast SEO plugin v25.0 - https:\/\/yoast.com\/wordpress\/plugins\/seo\/ -->\n<title>Alquila el BMW M4 Competition (Verde) - Fastlane<\/title>\n<meta name=\"description\" content=\"Desata la emoci\u00f3n de conducir con el BMW M4 Competition. Alquila este ic\u00f3nico coche deportivo en Dub\u00e1i exclusivamente en Turbo Plus y experimenta una potencia, precisi\u00f3n y lujo incomparables en la carretera.\" \/>\n<meta name=\"robots\" content=\"index, follow, max-snippet:-1, max-image-preview:large, max-video-preview:-1\" \/>\n<link rel=\"canonical\" href=\"https:\/\/fastlanerentacar.com\/fr\/?post_type=product&p=59407\" \/>\n<meta property=\"og:locale\" content=\"es_ES\" \/>\n<meta property=\"og:type\" content=\"article\" \/>\n<meta property=\"og:title\" content=\"Alquila el BMW M4 Competition (Verde) - Fastlane\" \/>\n<meta property=\"og:description\" content=\"Desata la emoci\u00f3n de conducir con el BMW M4 Competition. Alquila este ic\u00f3nico coche deportivo en Dub\u00e1i exclusivamente en Turbo Plus y experimenta una potencia, precisi\u00f3n y lujo incomparables en la carretera.\" \/>\n<meta property=\"og:url\" content=\"https:\/\/fastlanerentacar.com\/fr\/?post_type=product&amp;p=59407\" \/>\n<meta property=\"og:site_name\" content=\"Fastlane\" \/>\n<meta property=\"article:modified_time\" content=\"2024-01-30T17:19:42+00:00\" \/>\n<meta property=\"og:image\" content=\"http:\/\/fastlanerentacar.com\/wp-content\/uploads\/IMG_1416-scaled.jpg\" \/>\n\t<meta property=\"og:image:width\" content=\"2560\" \/>\n\t<meta property=\"og:image:height\" content=\"1707\" \/>\n\t<meta property=\"og:image:type\" content=\"image\/jpeg\" \/>\n<meta name=\"twitter:card\" content=\"summary_large_image\" \/>\n<script type=\"application\/ld+json\" class=\"yoast-schema-graph\">{\"@context\":\"https:\/\/schema.org\",\"@graph\":[{\"@type\":\"WebPage\",\"@id\":\"https:\/\/fastlanerentacar.com\/fr\/?post_type=product&p=59407\",\"url\":\"https:\/\/fastlanerentacar.com\/fr\/?post_type=product&p=59407\",\"name\":\"Alquila el BMW M4 Competition (Verde) - Fastlane\",\"isPartOf\":{\"@id\":\"https:\/\/fastlanerentacar.com\/#website\"},\"primaryImageOfPage\":{\"@id\":\"https:\/\/fastlanerentacar.com\/fr\/?post_type=product&p=59407#primaryimage\"},\"image\":{\"@id\":\"https:\/\/fastlanerentacar.com\/fr\/?post_type=product&p=59407#primaryimage\"},\"thumbnailUrl\":\"https:\/\/fastlanerentacar.com\/wp-content\/uploads\/IMG_1416-scaled.jpg\",\"datePublished\":\"2024-01-30T15:23:46+00:00\",\"dateModified\":\"2024-01-30T17:19:42+00:00\",\"description\":\"Desata la emoci\u00f3n de conducir con el BMW M4 Competition. Alquila este ic\u00f3nico coche deportivo en Dub\u00e1i exclusivamente en Turbo Plus y experimenta una potencia, precisi\u00f3n y lujo incomparables en la carretera.\",\"breadcrumb\":{\"@id\":\"https:\/\/fastlanerentacar.com\/fr\/?post_type=product&p=59407#breadcrumb\"},\"inLanguage\":\"es\",\"potentialAction\":[{\"@type\":\"ReadAction\",\"target\":[\"https:\/\/fastlanerentacar.com\/fr\/?post_type=product&p=59407\"]}]},{\"@type\":\"ImageObject\",\"inLanguage\":\"es\",\"@id\":\"https:\/\/fastlanerentacar.com\/fr\/?post_type=product&p=59407#primaryimage\",\"url\":\"https:\/\/fastlanerentacar.com\/wp-content\/uploads\/IMG_1416-scaled.jpg\",\"contentUrl\":\"https:\/\/fastlanerentacar.com\/wp-content\/uploads\/IMG_1416-scaled.jpg\",\"width\":2560,\"height\":1707},{\"@type\":\"BreadcrumbList\",\"@id\":\"https:\/\/fastlanerentacar.com\/fr\/?post_type=product&p=59407#breadcrumb\",\"itemListElement\":[{\"@type\":\"ListItem\",\"position\":1,\"name\":\"Home\",\"item\":\"https:\/\/fastlanerentacar.com\/es\/inicio\/\"},{\"@type\":\"ListItem\",\"position\":2,\"name\":\"Products\",\"item\":\"https:\/\/fastlanerentacar.com\/shop\/\"},{\"@type\":\"ListItem\",\"position\":3,\"name\":\"Alquila el BMW M4 Competition (Verde)\"}]},{\"@type\":\"WebSite\",\"@id\":\"https:\/\/fastlanerentacar.com\/#website\",\"url\":\"https:\/\/fastlanerentacar.com\/\",\"name\":\"Fastlane\",\"description\":\"\",\"publisher\":{\"@id\":\"https:\/\/fastlanerentacar.com\/#organization\"},\"potentialAction\":[{\"@type\":\"SearchAction\",\"target\":{\"@type\":\"EntryPoint\",\"urlTemplate\":\"https:\/\/fastlanerentacar.com\/?s={search_term_string}\"},\"query-input\":{\"@type\":\"PropertyValueSpecification\",\"valueRequired\":true,\"valueName\":\"search_term_string\"}}],\"inLanguage\":\"es\"},{\"@type\":\"Organization\",\"@id\":\"https:\/\/fastlanerentacar.com\/#organization\",\"name\":\"Fastlane\",\"url\":\"https:\/\/fastlanerentacar.com\/\",\"logo\":{\"@type\":\"ImageObject\",\"inLanguage\":\"es\",\"@id\":\"https:\/\/fastlanerentacar.com\/#\/schema\/logo\/image\/\",\"url\":\"https:\/\/fastlanerentacar.com\/wp-content\/uploads\/Asset-2@2x-8.png\",\"contentUrl\":\"https:\/\/fastlanerentacar.com\/wp-content\/uploads\/Asset-2@2x-8.png\",\"width\":1641,\"height\":316,\"caption\":\"Fastlane\"},\"image\":{\"@id\":\"https:\/\/fastlanerentacar.com\/#\/schema\/logo\/image\/\"}}]}<\/script>\n<!-- \/ Yoast SEO plugin. -->","yoast_head_json":{"title":"Alquila el BMW M4 Competition (Verde) - Fastlane","description":"Desata la emoci\u00f3n de conducir con el BMW M4 Competition. Alquila este ic\u00f3nico coche deportivo en Dub\u00e1i exclusivamente en Turbo Plus y experimenta una potencia, precisi\u00f3n y lujo incomparables en la carretera.","robots":{"index":"index","follow":"follow","max-snippet":"max-snippet:-1","max-image-preview":"max-image-preview:large","max-video-preview":"max-video-preview:-1"},"canonical":"https:\/\/fastlanerentacar.com\/fr\/?post_type=product&p=59407","og_locale":"es_ES","og_type":"article","og_title":"Alquila el BMW M4 Competition (Verde) - Fastlane","og_description":"Desata la emoci\u00f3n de conducir con el BMW M4 Competition. Alquila este ic\u00f3nico coche deportivo en Dub\u00e1i exclusivamente en Turbo Plus y experimenta una potencia, precisi\u00f3n y lujo incomparables en la carretera.","og_url":"https:\/\/fastlanerentacar.com\/fr\/?post_type=product&p=59407","og_site_name":"Fastlane","article_modified_time":"2024-01-30T17:19:42+00:00","og_image":[{"width":2560,"height":1707,"url":"http:\/\/fastlanerentacar.com\/wp-content\/uploads\/IMG_1416-scaled.jpg","type":"image\/jpeg"}],"twitter_card":"summary_large_image","schema":{"@context":"https:\/\/schema.org","@graph":[{"@type":"WebPage","@id":"https:\/\/fastlanerentacar.com\/fr\/?post_type=product&p=59407","url":"https:\/\/fastlanerentacar.com\/fr\/?post_type=product&p=59407","name":"Alquila el BMW M4 Competition (Verde) - Fastlane","isPartOf":{"@id":"https:\/\/fastlanerentacar.com\/#website"},"primaryImageOfPage":{"@id":"https:\/\/fastlanerentacar.com\/fr\/?post_type=product&p=59407#primaryimage"},"image":{"@id":"https:\/\/fastlanerentacar.com\/fr\/?post_type=product&p=59407#primaryimage"},"thumbnailUrl":"https:\/\/fastlanerentacar.com\/wp-content\/uploads\/IMG_1416-scaled.jpg","datePublished":"2024-01-30T15:23:46+00:00","dateModified":"2024-01-30T17:19:42+00:00","description":"Desata la emoci\u00f3n de conducir con el BMW M4 Competition. Alquila este ic\u00f3nico coche deportivo en Dub\u00e1i exclusivamente en Turbo Plus y experimenta una potencia, precisi\u00f3n y lujo incomparables en la carretera.","breadcrumb":{"@id":"https:\/\/fastlanerentacar.com\/fr\/?post_type=product&p=59407#breadcrumb"},"inLanguage":"es","potentialAction":[{"@type":"ReadAction","target":["https:\/\/fastlanerentacar.com\/fr\/?post_type=product&p=59407"]}]},{"@type":"ImageObject","inLanguage":"es","@id":"https:\/\/fastlanerentacar.com\/fr\/?post_type=product&p=59407#primaryimage","url":"https:\/\/fastlanerentacar.com\/wp-content\/uploads\/IMG_1416-scaled.jpg","contentUrl":"https:\/\/fastlanerentacar.com\/wp-content\/uploads\/IMG_1416-scaled.jpg","width":2560,"height":1707},{"@type":"BreadcrumbList","@id":"https:\/\/fastlanerentacar.com\/fr\/?post_type=product&p=59407#breadcrumb","itemListElement":[{"@type":"ListItem","position":1,"name":"Home","item":"https:\/\/fastlanerentacar.com\/es\/inicio\/"},{"@type":"ListItem","position":2,"name":"Products","item":"https:\/\/fastlanerentacar.com\/shop\/"},{"@type":"ListItem","position":3,"name":"Alquila el BMW M4 Competition (Verde)"}]},{"@type":"WebSite","@id":"https:\/\/fastlanerentacar.com\/#website","url":"https:\/\/fastlanerentacar.com\/","name":"Fastlane","description":"","publisher":{"@id":"https:\/\/fastlanerentacar.com\/#organization"},"potentialAction":[{"@type":"SearchAction","target":{"@type":"EntryPoint","urlTemplate":"https:\/\/fastlanerentacar.com\/?s={search_term_string}"},"query-input":{"@type":"PropertyValueSpecification","valueRequired":true,"valueName":"search_term_string"}}],"inLanguage":"es"},{"@type":"Organization","@id":"https:\/\/fastlanerentacar.com\/#organization","name":"Fastlane","url":"https:\/\/fastlanerentacar.com\/","logo":{"@type":"ImageObject","inLanguage":"es","@id":"https:\/\/fastlanerentacar.com\/#\/schema\/logo\/image\/","url":"https:\/\/fastlanerentacar.com\/wp-content\/uploads\/Asset-2@2x-8.png","contentUrl":"https:\/\/fastlanerentacar.com\/wp-content\/uploads\/Asset-2@2x-8.png","width":1641,"height":316,"caption":"Fastlane"},"image":{"@id":"https:\/\/fastlanerentacar.com\/#\/schema\/logo\/image\/"}}]}},"_links":{"self":[{"href":"https:\/\/fastlanerentacar.com\/es\/wp-json\/wp\/v2\/product\/59413","targetHints":{"allow":["GET"]}}],"collection":[{"href":"https:\/\/fastlanerentacar.com\/es\/wp-json\/wp\/v2\/product"}],"about":[{"href":"https:\/\/fastlanerentacar.com\/es\/wp-json\/wp\/v2\/types\/product"}],"replies":[{"embeddable":true,"href":"https:\/\/fastlanerentacar.com\/es\/wp-json\/wp\/v2\/comments?post=59413"}],"wp:featuredmedia":[{"embeddable":true,"href":"https:\/\/fastlanerentacar.com\/es\/wp-json\/wp\/v2\/media\/59258"}],"wp:attachment":[{"href":"https:\/\/fastlanerentacar.com\/es\/wp-json\/wp\/v2\/media?parent=59413"}],"wp:term":[{"taxonomy":"product_brand","embeddable":true,"href":"https:\/\/fastlanerentacar.com\/es\/wp-json\/wp\/v2\/product_brand?post=59413"},{"taxonomy":"product_cat","embeddable":true,"href":"https:\/\/fastlanerentacar.com\/es\/wp-json\/wp\/v2\/product_cat?post=59413"},{"taxonomy":"product_tag","embeddable":true,"href":"https:\/\/fastlanerentacar.com\/es\/wp-json\/wp\/v2\/product_tag?post=59413"}],"curies":[{"name":"wp","href":"https:\/\/api.w.org\/{rel}","templated":true}]}}