{"id":6546,"date":"2023-08-03T11:10:03","date_gmt":"2023-08-03T11:10:03","guid":{"rendered":"https:\/\/turboplus.digitality-agency.com\/product\/lamborghini-huracan-evo-spyder-verde\/"},"modified":"2024-01-10T20:24:53","modified_gmt":"2024-01-10T20:24:53","slug":"lamborghini-huracan-evo-spyder-verde","status":"publish","type":"product","link":"https:\/\/fastlanerentacar.com\/es\/product\/lamborghini-huracan-evo-spyder-verde\/","title":{"rendered":"Lamborghini Hurac\u00e1n Evo Spyder (Verde)"},"content":{"rendered":"","protected":false},"excerpt":{"rendered":"<p>ALQUILER DEL LAMBORGHINI HURACAN EVO SPYDER RESUMEN Alquile el Lamborghini Huracan Evo Spyder 2022 en Dubai y d\u00e9 rienda suelta a las aut\u00e9nticas prestaciones de un coche musculoso. El Hurac\u00e1n EVO Spyder es un supercoche definitivo de la marca Lamborghini con motor V10 y 640 caballos de potencia.<\/p>\n","protected":false},"featured_media":40141,"comment_status":"open","ping_status":"closed","template":"","meta":{"_acf_changed":false},"product_brand":[],"product_cat":[194],"product_tag":[126,127],"class_list":{"0":"post-6546","1":"product","2":"type-product","3":"status-publish","4":"has-post-thumbnail","6":"product_cat-lamborghini-es","7":"product_tag-coches-de-lujo","8":"product_tag-coches-deportivos-es","9":"yith_booking_service-deposit-free","11":"first","12":"instock","13":"virtual","14":"sold-individually","15":"purchasable","16":"product-type-booking"},"acf":[],"yoast_head":"<!-- This site is optimized with the Yoast SEO plugin v25.0 - https:\/\/yoast.com\/wordpress\/plugins\/seo\/ -->\n<title>Lamborghini Hurac\u00e1n Evo Spyder (Verde) - Fastlane<\/title>\n<meta name=\"robots\" content=\"index, follow, max-snippet:-1, max-image-preview:large, max-video-preview:-1\" \/>\n<link rel=\"canonical\" href=\"https:\/\/fastlanerentacar.com\/es\/product\/lamborghini-huracan-evo-spyder-verde\/\" \/>\n<meta property=\"og:locale\" content=\"es_ES\" \/>\n<meta property=\"og:type\" content=\"article\" \/>\n<meta property=\"og:title\" content=\"Lamborghini Hurac\u00e1n Evo Spyder (Verde) - Fastlane\" \/>\n<meta property=\"og:description\" content=\"ALQUILER DEL LAMBORGHINI HURACAN EVO SPYDER RESUMEN Alquile el Lamborghini Huracan Evo Spyder 2022 en Dubai y d\u00e9 rienda suelta a las aut\u00e9nticas prestaciones de un coche musculoso. El Hurac\u00e1n EVO Spyder es un supercoche definitivo de la marca Lamborghini con motor V10 y 640 caballos de potencia.\" \/>\n<meta property=\"og:url\" content=\"https:\/\/fastlanerentacar.com\/es\/product\/lamborghini-huracan-evo-spyder-verde\/\" \/>\n<meta property=\"og:site_name\" content=\"Fastlane\" \/>\n<meta property=\"article:modified_time\" content=\"2024-01-10T20:24:53+00:00\" \/>\n<meta property=\"og:image\" content=\"http:\/\/fastlanerentacar.com\/wp-content\/uploads\/Lamborghini-Huracan-6.jpg\" \/>\n\t<meta property=\"og:image:width\" content=\"934\" \/>\n\t<meta property=\"og:image:height\" content=\"848\" \/>\n\t<meta property=\"og:image:type\" content=\"image\/jpeg\" \/>\n<meta name=\"twitter:card\" content=\"summary_large_image\" \/>\n<script type=\"application\/ld+json\" class=\"yoast-schema-graph\">{\"@context\":\"https:\/\/schema.org\",\"@graph\":[{\"@type\":\"WebPage\",\"@id\":\"https:\/\/fastlanerentacar.com\/es\/product\/lamborghini-huracan-evo-spyder-verde\/\",\"url\":\"https:\/\/fastlanerentacar.com\/es\/product\/lamborghini-huracan-evo-spyder-verde\/\",\"name\":\"Lamborghini Hurac\u00e1n Evo Spyder (Verde) - Fastlane\",\"isPartOf\":{\"@id\":\"https:\/\/fastlanerentacar.com\/#website\"},\"primaryImageOfPage\":{\"@id\":\"https:\/\/fastlanerentacar.com\/es\/product\/lamborghini-huracan-evo-spyder-verde\/#primaryimage\"},\"image\":{\"@id\":\"https:\/\/fastlanerentacar.com\/es\/product\/lamborghini-huracan-evo-spyder-verde\/#primaryimage\"},\"thumbnailUrl\":\"https:\/\/fastlanerentacar.com\/wp-content\/uploads\/Lamborghini-Huracan-6.jpg\",\"datePublished\":\"2023-08-03T11:10:03+00:00\",\"dateModified\":\"2024-01-10T20:24:53+00:00\",\"breadcrumb\":{\"@id\":\"https:\/\/fastlanerentacar.com\/es\/product\/lamborghini-huracan-evo-spyder-verde\/#breadcrumb\"},\"inLanguage\":\"es\",\"potentialAction\":[{\"@type\":\"ReadAction\",\"target\":[\"https:\/\/fastlanerentacar.com\/es\/product\/lamborghini-huracan-evo-spyder-verde\/\"]}]},{\"@type\":\"ImageObject\",\"inLanguage\":\"es\",\"@id\":\"https:\/\/fastlanerentacar.com\/es\/product\/lamborghini-huracan-evo-spyder-verde\/#primaryimage\",\"url\":\"https:\/\/fastlanerentacar.com\/wp-content\/uploads\/Lamborghini-Huracan-6.jpg\",\"contentUrl\":\"https:\/\/fastlanerentacar.com\/wp-content\/uploads\/Lamborghini-Huracan-6.jpg\",\"width\":934,\"height\":848},{\"@type\":\"BreadcrumbList\",\"@id\":\"https:\/\/fastlanerentacar.com\/es\/product\/lamborghini-huracan-evo-spyder-verde\/#breadcrumb\",\"itemListElement\":[{\"@type\":\"ListItem\",\"position\":1,\"name\":\"Home\",\"item\":\"https:\/\/fastlanerentacar.com\/es\/inicio\/\"},{\"@type\":\"ListItem\",\"position\":2,\"name\":\"Products\",\"item\":\"https:\/\/fastlanerentacar.com\/shop\/\"},{\"@type\":\"ListItem\",\"position\":3,\"name\":\"Lamborghini Hurac\u00e1n Evo Spyder (Verde)\"}]},{\"@type\":\"WebSite\",\"@id\":\"https:\/\/fastlanerentacar.com\/#website\",\"url\":\"https:\/\/fastlanerentacar.com\/\",\"name\":\"Fastlane\",\"description\":\"\",\"publisher\":{\"@id\":\"https:\/\/fastlanerentacar.com\/#organization\"},\"potentialAction\":[{\"@type\":\"SearchAction\",\"target\":{\"@type\":\"EntryPoint\",\"urlTemplate\":\"https:\/\/fastlanerentacar.com\/?s={search_term_string}\"},\"query-input\":{\"@type\":\"PropertyValueSpecification\",\"valueRequired\":true,\"valueName\":\"search_term_string\"}}],\"inLanguage\":\"es\"},{\"@type\":\"Organization\",\"@id\":\"https:\/\/fastlanerentacar.com\/#organization\",\"name\":\"Fastlane\",\"url\":\"https:\/\/fastlanerentacar.com\/\",\"logo\":{\"@type\":\"ImageObject\",\"inLanguage\":\"es\",\"@id\":\"https:\/\/fastlanerentacar.com\/#\/schema\/logo\/image\/\",\"url\":\"https:\/\/fastlanerentacar.com\/wp-content\/uploads\/Asset-2@2x-8.png\",\"contentUrl\":\"https:\/\/fastlanerentacar.com\/wp-content\/uploads\/Asset-2@2x-8.png\",\"width\":1641,\"height\":316,\"caption\":\"Fastlane\"},\"image\":{\"@id\":\"https:\/\/fastlanerentacar.com\/#\/schema\/logo\/image\/\"}}]}<\/script>\n<!-- \/ Yoast SEO plugin. -->","yoast_head_json":{"title":"Lamborghini Hurac\u00e1n Evo Spyder (Verde) - Fastlane","robots":{"index":"index","follow":"follow","max-snippet":"max-snippet:-1","max-image-preview":"max-image-preview:large","max-video-preview":"max-video-preview:-1"},"canonical":"https:\/\/fastlanerentacar.com\/es\/product\/lamborghini-huracan-evo-spyder-verde\/","og_locale":"es_ES","og_type":"article","og_title":"Lamborghini Hurac\u00e1n Evo Spyder (Verde) - Fastlane","og_description":"ALQUILER DEL LAMBORGHINI HURACAN EVO SPYDER RESUMEN Alquile el Lamborghini Huracan Evo Spyder 2022 en Dubai y d\u00e9 rienda suelta a las aut\u00e9nticas prestaciones de un coche musculoso. El Hurac\u00e1n EVO Spyder es un supercoche definitivo de la marca Lamborghini con motor V10 y 640 caballos de potencia.","og_url":"https:\/\/fastlanerentacar.com\/es\/product\/lamborghini-huracan-evo-spyder-verde\/","og_site_name":"Fastlane","article_modified_time":"2024-01-10T20:24:53+00:00","og_image":[{"width":934,"height":848,"url":"http:\/\/fastlanerentacar.com\/wp-content\/uploads\/Lamborghini-Huracan-6.jpg","type":"image\/jpeg"}],"twitter_card":"summary_large_image","schema":{"@context":"https:\/\/schema.org","@graph":[{"@type":"WebPage","@id":"https:\/\/fastlanerentacar.com\/es\/product\/lamborghini-huracan-evo-spyder-verde\/","url":"https:\/\/fastlanerentacar.com\/es\/product\/lamborghini-huracan-evo-spyder-verde\/","name":"Lamborghini Hurac\u00e1n Evo Spyder (Verde) - Fastlane","isPartOf":{"@id":"https:\/\/fastlanerentacar.com\/#website"},"primaryImageOfPage":{"@id":"https:\/\/fastlanerentacar.com\/es\/product\/lamborghini-huracan-evo-spyder-verde\/#primaryimage"},"image":{"@id":"https:\/\/fastlanerentacar.com\/es\/product\/lamborghini-huracan-evo-spyder-verde\/#primaryimage"},"thumbnailUrl":"https:\/\/fastlanerentacar.com\/wp-content\/uploads\/Lamborghini-Huracan-6.jpg","datePublished":"2023-08-03T11:10:03+00:00","dateModified":"2024-01-10T20:24:53+00:00","breadcrumb":{"@id":"https:\/\/fastlanerentacar.com\/es\/product\/lamborghini-huracan-evo-spyder-verde\/#breadcrumb"},"inLanguage":"es","potentialAction":[{"@type":"ReadAction","target":["https:\/\/fastlanerentacar.com\/es\/product\/lamborghini-huracan-evo-spyder-verde\/"]}]},{"@type":"ImageObject","inLanguage":"es","@id":"https:\/\/fastlanerentacar.com\/es\/product\/lamborghini-huracan-evo-spyder-verde\/#primaryimage","url":"https:\/\/fastlanerentacar.com\/wp-content\/uploads\/Lamborghini-Huracan-6.jpg","contentUrl":"https:\/\/fastlanerentacar.com\/wp-content\/uploads\/Lamborghini-Huracan-6.jpg","width":934,"height":848},{"@type":"BreadcrumbList","@id":"https:\/\/fastlanerentacar.com\/es\/product\/lamborghini-huracan-evo-spyder-verde\/#breadcrumb","itemListElement":[{"@type":"ListItem","position":1,"name":"Home","item":"https:\/\/fastlanerentacar.com\/es\/inicio\/"},{"@type":"ListItem","position":2,"name":"Products","item":"https:\/\/fastlanerentacar.com\/shop\/"},{"@type":"ListItem","position":3,"name":"Lamborghini Hurac\u00e1n Evo Spyder (Verde)"}]},{"@type":"WebSite","@id":"https:\/\/fastlanerentacar.com\/#website","url":"https:\/\/fastlanerentacar.com\/","name":"Fastlane","description":"","publisher":{"@id":"https:\/\/fastlanerentacar.com\/#organization"},"potentialAction":[{"@type":"SearchAction","target":{"@type":"EntryPoint","urlTemplate":"https:\/\/fastlanerentacar.com\/?s={search_term_string}"},"query-input":{"@type":"PropertyValueSpecification","valueRequired":true,"valueName":"search_term_string"}}],"inLanguage":"es"},{"@type":"Organization","@id":"https:\/\/fastlanerentacar.com\/#organization","name":"Fastlane","url":"https:\/\/fastlanerentacar.com\/","logo":{"@type":"ImageObject","inLanguage":"es","@id":"https:\/\/fastlanerentacar.com\/#\/schema\/logo\/image\/","url":"https:\/\/fastlanerentacar.com\/wp-content\/uploads\/Asset-2@2x-8.png","contentUrl":"https:\/\/fastlanerentacar.com\/wp-content\/uploads\/Asset-2@2x-8.png","width":1641,"height":316,"caption":"Fastlane"},"image":{"@id":"https:\/\/fastlanerentacar.com\/#\/schema\/logo\/image\/"}}]}},"_links":{"self":[{"href":"https:\/\/fastlanerentacar.com\/es\/wp-json\/wp\/v2\/product\/6546","targetHints":{"allow":["GET"]}}],"collection":[{"href":"https:\/\/fastlanerentacar.com\/es\/wp-json\/wp\/v2\/product"}],"about":[{"href":"https:\/\/fastlanerentacar.com\/es\/wp-json\/wp\/v2\/types\/product"}],"replies":[{"embeddable":true,"href":"https:\/\/fastlanerentacar.com\/es\/wp-json\/wp\/v2\/comments?post=6546"}],"wp:featuredmedia":[{"embeddable":true,"href":"https:\/\/fastlanerentacar.com\/es\/wp-json\/wp\/v2\/media\/40141"}],"wp:attachment":[{"href":"https:\/\/fastlanerentacar.com\/es\/wp-json\/wp\/v2\/media?parent=6546"}],"wp:term":[{"taxonomy":"product_brand","embeddable":true,"href":"https:\/\/fastlanerentacar.com\/es\/wp-json\/wp\/v2\/product_brand?post=6546"},{"taxonomy":"product_cat","embeddable":true,"href":"https:\/\/fastlanerentacar.com\/es\/wp-json\/wp\/v2\/product_cat?post=6546"},{"taxonomy":"product_tag","embeddable":true,"href":"https:\/\/fastlanerentacar.com\/es\/wp-json\/wp\/v2\/product_tag?post=6546"}],"curies":[{"name":"wp","href":"https:\/\/api.w.org\/{rel}","templated":true}]}}