{"id":19649,"date":"2023-08-28T10:14:48","date_gmt":"2023-08-28T10:14:48","guid":{"rendered":"https:\/\/turboplus.digitality-agency.com\/client-soin\/"},"modified":"2023-08-28T10:51:07","modified_gmt":"2023-08-28T10:51:07","slug":"client-soin","status":"publish","type":"page","link":"https:\/\/fastlanerentacar.com\/fr\/client-soin\/","title":{"rendered":"Customer Care New"},"content":{"rendered":"\t\t<div data-elementor-type=\"wp-page\" data-elementor-id=\"19649\" class=\"elementor elementor-19649\" data-elementor-post-type=\"page\">\n\t\t\t\t<div class=\"elementor-element elementor-element-b0ba9fe hero-wrapper e-flex e-con-boxed e-con e-parent\" data-id=\"b0ba9fe\" data-element_type=\"container\" data-e-type=\"container\" data-settings=\"{&quot;background_background&quot;:&quot;classic&quot;,&quot;jet_parallax_layout_list&quot;:[]}\">\n\t\t\t\t\t<div class=\"e-con-inner\">\n\t\t<div class=\"elementor-element elementor-element-8cf5de0 e-con-full e-flex e-con e-parent\" data-id=\"8cf5de0\" data-element_type=\"container\" data-e-type=\"container\" data-settings=\"{&quot;jet_parallax_layout_list&quot;:[]}\">\n\t\t\t\t<div class=\"elementor-element elementor-element-e6a225b elementor-widget-tablet__width-inherit elementor-widget-mobile__width-inherit elementor-widget elementor-widget-heading\" data-id=\"e6a225b\" data-element_type=\"widget\" data-e-type=\"widget\" data-widget_type=\"heading.default\">\n\t\t\t\t<div class=\"elementor-widget-container\">\n\t\t\t\t\t<h1 class=\"elementor-heading-title elementor-size-default\">Client<\/h1>\t\t\t\t<\/div>\n\t\t\t\t<\/div>\n\t\t\t\t<div class=\"elementor-element elementor-element-f815772 core-img elementor-widget elementor-widget-image\" data-id=\"f815772\" data-element_type=\"widget\" data-e-type=\"widget\" data-widget_type=\"image.default\">\n\t\t\t\t<div class=\"elementor-widget-container\">\n\t\t\t\t\t\t\t\t\t\t\t\t\t\t\t<img decoding=\"async\" width=\"263\" height=\"86\" src=\"https:\/\/fastlanerentacar.com\/wp-content\/uploads\/Core-fr-Stroke.svg\" class=\"attachment-full size-full wp-image-19486\" alt=\"\" \/>\t\t\t\t\t\t\t\t\t\t\t\t\t\t\t<\/div>\n\t\t\t\t<\/div>\n\t\t\t\t<\/div>\n\t\t\t\t<div class=\"elementor-element elementor-element-e01e4df elementor-widget-mobile__width-initial elementor-widget elementor-widget-heading\" data-id=\"e01e4df\" data-element_type=\"widget\" data-e-type=\"widget\" data-widget_type=\"heading.default\">\n\t\t\t\t<div class=\"elementor-widget-container\">\n\t\t\t\t\t<p class=\"elementor-heading-title elementor-size-default\">Chat en ligne avec un repr\u00e9sentant du service client\u00e8le<\/p>\t\t\t\t<\/div>\n\t\t\t\t<\/div>\n\t\t<div class=\"elementor-element elementor-element-fd16afc e-flex e-con-boxed e-con e-parent\" data-id=\"fd16afc\" data-element_type=\"container\" data-e-type=\"container\" data-settings=\"{&quot;jet_parallax_layout_list&quot;:[]}\">\n\t\t\t\t\t<div class=\"e-con-inner\">\n\t\t\t\t<div class=\"elementor-element elementor-element-bf32934 elementor-widget-mobile__width-initial elementor-widget elementor-widget-heading\" data-id=\"bf32934\" data-element_type=\"widget\" data-e-type=\"widget\" data-widget_type=\"heading.default\">\n\t\t\t\t<div class=\"elementor-widget-container\">\n\t\t\t\t\t<p class=\"elementor-heading-title elementor-size-default\">Les heures de travail de l'\u00e9quipe d'assistance \u00e0 la client\u00e8le de Renty sont  <\/p>\t\t\t\t<\/div>\n\t\t\t\t<\/div>\n\t\t\t\t<div class=\"elementor-element elementor-element-ad3cc5d elementor-widget elementor-widget-heading\" data-id=\"ad3cc5d\" data-element_type=\"widget\" data-e-type=\"widget\" data-widget_type=\"heading.default\">\n\t\t\t\t<div class=\"elementor-widget-container\">\n\t\t\t\t\t<p class=\"elementor-heading-title elementor-size-default\">9h00 - 18h00<\/p>\t\t\t\t<\/div>\n\t\t\t\t<\/div>\n\t\t\t\t\t<\/div>\n\t\t\t\t<\/div>\n\t\t\t\t<div class=\"elementor-element elementor-element-82820d2 elementor-widget elementor-widget-button\" data-id=\"82820d2\" data-element_type=\"widget\" data-e-type=\"widget\" data-widget_type=\"button.default\">\n\t\t\t\t<div class=\"elementor-widget-container\">\n\t\t\t\t\t\t\t\t\t<div class=\"elementor-button-wrapper\">\n\t\t\t\t\t<a class=\"elementor-button elementor-button-link elementor-size-sm\" href=\"https:\/\/api.whatsapp.com\/send?phone=971566229782\" target=\"_blank\" aria-label=\"whatsapp-btn\">\n\t\t\t\t\t\t<span class=\"elementor-button-content-wrapper\">\n\t\t\t\t\t\t<span class=\"elementor-button-icon\">\n\t\t\t\t<svg xmlns=\"http:\/\/www.w3.org\/2000\/svg\" width=\"29\" height=\"29\" viewBox=\"0 0 29 29\" fill=\"none\"><path fill-rule=\"evenodd\" clip-rule=\"evenodd\" d=\"M14.5607 28.7503H14.5546C12.1384 28.7503 9.76378 28.1461 7.65419 27.0012L0 29L2.04786 21.5537C0.782296 19.369 0.117819 16.8909 0.121416 14.3691C0.124451 6.4465 6.60193 4.9942e-05 14.5597 4.9942e-05C16.4578 -0.00494613 18.3381 0.364952 20.0915 1.08831C21.845 1.81168 23.4368 2.87412 24.7747 4.2141C26.1193 5.5465 27.1851 7.13104 27.9103 8.87603C28.6356 10.621 29.0059 12.4918 28.9999 14.3802C28.9969 22.3018 22.5214 28.7473 14.5607 28.7503ZM8.00933 24.4003L8.44744 24.6591C10.2967 25.749 12.4064 26.3239 14.5556 26.3235H14.5607C21.1758 26.3235 26.5595 20.9666 26.5615 14.3802C26.5667 12.8106 26.259 11.2556 25.6564 9.80516C25.0537 8.35469 24.1681 7.03755 23.0506 5.92994C21.9395 4.81648 20.6174 3.9335 19.1609 3.33217C17.7044 2.73084 16.1426 2.4231 14.5657 2.42678C7.94559 2.42678 2.56185 7.78472 2.55882 14.3701C2.55882 16.6267 3.1922 18.8248 4.39421 20.727L4.67953 21.1781L3.46639 25.5855L8.00933 24.4003ZM21.3407 17.4745C21.5926 17.5954 21.7626 17.6769 21.8354 17.7978C21.9255 17.9478 21.9255 18.6668 21.625 19.5055C21.3245 20.3443 19.8827 21.1096 19.1896 21.2123C18.5684 21.3049 17.7812 21.3432 16.9171 21.0703C16.2185 20.8546 15.5319 20.6021 14.8602 20.3141C11.4777 18.8601 9.19211 15.5976 8.76008 14.9813C8.72973 14.938 8.70949 14.9078 8.69634 14.8927L8.69431 14.8887C8.50207 14.635 7.22317 12.9352 7.22317 11.1781C7.22317 9.52371 8.03969 8.65674 8.41607 8.25799L8.4869 8.18247C8.60735 8.04571 8.75492 7.93522 8.92033 7.85794C9.08574 7.78065 9.26543 7.73824 9.4481 7.73337C9.6889 7.73337 9.92971 7.73538 10.1402 7.74545C10.1655 7.74747 10.1928 7.74747 10.2211 7.74646C10.4305 7.74646 10.6926 7.74445 10.9516 8.36271L11.3503 9.32434C11.6609 10.0765 12.0039 10.9083 12.0646 11.0281C12.1546 11.2083 12.2143 11.4178 12.0949 11.6574C12.0757 11.6937 12.0595 11.7279 12.0444 11.7601C11.9533 11.9434 11.8865 12.0783 11.7337 12.2566C11.673 12.327 11.6103 12.4016 11.5486 12.4781C11.4241 12.6281 11.3007 12.7782 11.1924 12.8849C11.0113 13.0641 10.8231 13.2585 11.0336 13.6179C11.244 13.9774 11.9685 15.1535 13.041 16.1051C13.8266 16.81 14.7272 17.3766 15.704 17.7806C15.8032 17.8239 15.8841 17.8582 15.9428 17.8874C16.303 18.0676 16.5134 18.0374 16.7239 17.7978C16.9343 17.5581 17.6264 16.7495 17.8672 16.3901C18.107 16.0306 18.3478 16.09 18.6787 16.2098C19.0095 16.3306 20.7832 17.1986 21.1434 17.3779L21.3407 17.4745Z\" fill=\"white\"><\/path><\/svg>\t\t\t<\/span>\n\t\t\t\t\t\t\t\t\t<span class=\"elementor-button-text\">Whatsapp<\/span>\n\t\t\t\t\t<\/span>\n\t\t\t\t\t<\/a>\n\t\t\t\t<\/div>\n\t\t\t\t\t\t\t\t<\/div>\n\t\t\t\t<\/div>\n\t\t\t\t\t<\/div>\n\t\t\t\t<\/div>\n\t\t<div class=\"elementor-element elementor-element-cbebc6a e-flex e-con-boxed e-con e-parent\" data-id=\"cbebc6a\" data-element_type=\"container\" data-e-type=\"container\" data-settings=\"{&quot;jet_parallax_layout_list&quot;:[]}\">\n\t\t\t\t\t<div class=\"e-con-inner\">\n\t\t<div class=\"elementor-element elementor-element-6f9b137 e-flex e-con-boxed e-con e-parent\" data-id=\"6f9b137\" data-element_type=\"container\" data-e-type=\"container\" data-settings=\"{&quot;background_background&quot;:&quot;classic&quot;,&quot;jet_parallax_layout_list&quot;:[]}\">\n\t\t\t\t\t<div class=\"e-con-inner\">\n\t\t\t\t<div class=\"elementor-element elementor-element-3578e12 elementor-widget elementor-widget-heading\" data-id=\"3578e12\" data-element_type=\"widget\" data-e-type=\"widget\" data-widget_type=\"heading.default\">\n\t\t\t\t<div class=\"elementor-widget-container\">\n\t\t\t\t\t<h2 class=\"elementor-heading-title elementor-size-default\">Report a problem<\/h2>\t\t\t\t<\/div>\n\t\t\t\t<\/div>\n\t\t\t\t<div class=\"elementor-element elementor-element-4713043 elementor-widget elementor-widget-heading\" data-id=\"4713043\" data-element_type=\"widget\" data-e-type=\"widget\" data-widget_type=\"heading.default\">\n\t\t\t\t<div class=\"elementor-widget-container\">\n\t\t\t\t\t<p class=\"elementor-heading-title elementor-size-default\">Choose an inquiry your are interested in and we will try to help you<\/p>\t\t\t\t<\/div>\n\t\t\t\t<\/div>\n\t\t\t\t<div class=\"elementor-element elementor-element-73018e0 e-n-tabs-none elementor-widget__width-initial elementor-widget-mobile__width-inherit elementor-widget elementor-widget-n-tabs\" data-id=\"73018e0\" data-element_type=\"widget\" data-e-type=\"widget\" data-settings=\"{&quot;tabs_justify_horizontal&quot;:&quot;stretch&quot;,&quot;tabs_justify_horizontal_mobile&quot;:&quot;stretch&quot;,&quot;horizontal_scroll_tablet&quot;:&quot;enable&quot;,&quot;horizontal_scroll_mobile&quot;:&quot;enable&quot;,&quot;horizontal_scroll&quot;:&quot;enable&quot;}\" data-widget_type=\"nested-tabs.default\">\n\t\t\t\t<div class=\"elementor-widget-container\">\n\t\t\t\t\t\t\t<div class=\"e-n-tabs\" data-widget-number=\"120592608\" aria-label=\"Onglets. Ouvrez des \u00e9l\u00e9ments avec Entrer ou Espace, fermez-les avec Echape et naviguez \u00e0 l&#039;aide des touches fl\u00e9ch\u00e9es.\">\n\t\t\t<div class=\"e-n-tabs-heading\" role=\"tablist\">\n\t\t\t\t\t<button id=\"e-n-tab-title-1205926081\" data-tab-title-id=\"e-n-tab-title-1205926081\" class=\"e-n-tab-title\" aria-selected=\"true\" data-tab-index=\"1\" role=\"tab\" tabindex=\"0\" aria-controls=\"e-n-tab-content-1205926081\" style=\"--n-tabs-title-order: 1;\">\n\t\t\t\t\t\t<span class=\"e-n-tab-title-text\">\n\t\t\t\tDeposit refund \t\t\t<\/span>\n\t\t<\/button>\n\t\t\t\t<button id=\"e-n-tab-title-1205926082\" data-tab-title-id=\"e-n-tab-title-1205926082\" class=\"e-n-tab-title\" aria-selected=\"false\" data-tab-index=\"2\" role=\"tab\" tabindex=\"-1\" aria-controls=\"e-n-tab-content-1205926082\" style=\"--n-tabs-title-order: 2;\">\n\t\t\t\t\t\t<span class=\"e-n-tab-title-text\">\n\t\t\t\tTraffic fines investigation\t\t\t<\/span>\n\t\t<\/button>\n\t\t\t\t<button id=\"e-n-tab-title-1205926083\" data-tab-title-id=\"e-n-tab-title-1205926083\" class=\"e-n-tab-title\" aria-selected=\"false\" data-tab-index=\"3\" role=\"tab\" tabindex=\"-1\" aria-controls=\"e-n-tab-content-1205926083\" style=\"--n-tabs-title-order: 3;\">\n\t\t\t\t\t\t<span class=\"e-n-tab-title-text\">\n\t\t\t\tCustomer service\t\t\t<\/span>\n\t\t<\/button>\n\t\t\t\t\t<\/div>\n\t\t\t<div class=\"e-n-tabs-content\">\n\t\t\t\t<div id=\"e-n-tab-content-1205926081\" role=\"tabpanel\" aria-labelledby=\"e-n-tab-title-1205926081\" data-tab-index=\"1\" style=\"--n-tabs-title-order: 1;\" class=\"e-active elementor-element elementor-element-c0c4e3e e-con-full e-flex e-con e-parent\" data-id=\"c0c4e3e\" data-element_type=\"container\" data-e-type=\"container\" data-settings=\"{&quot;jet_parallax_layout_list&quot;:[]}\">\n\t\t\t\t<div class=\"elementor-element elementor-element-307d41b elementor-button-align-stretch elementor-widget elementor-widget-form\" data-id=\"307d41b\" data-element_type=\"widget\" data-e-type=\"widget\" data-settings=\"{&quot;step_next_label&quot;:&quot;Next&quot;,&quot;step_previous_label&quot;:&quot;Previous&quot;,&quot;button_width&quot;:&quot;100&quot;,&quot;step_type&quot;:&quot;number_text&quot;,&quot;step_icon_shape&quot;:&quot;circle&quot;}\" data-widget_type=\"form.default\">\n\t\t\t\t<div class=\"elementor-widget-container\">\n\t\t\t\t\t\t\t<form class=\"elementor-form\" method=\"post\" name=\"New Form\">\n\t\t\t<input type=\"hidden\" name=\"post_id\" value=\"19649\"\/>\n\t\t\t<input type=\"hidden\" name=\"form_id\" value=\"307d41b\"\/>\n\t\t\t<input type=\"hidden\" name=\"referer_title\" value=\"Customer Care New - Fastlane\" \/>\n\n\t\t\t\t\t\t\t<input type=\"hidden\" name=\"queried_id\" value=\"19649\"\/>\n\t\t\t\n\t\t\t<div class=\"elementor-form-fields-wrapper elementor-labels-above\">\n\t\t\t\t\t\t\t\t<div class=\"elementor-field-type-text elementor-field-group elementor-column elementor-field-group-name elementor-col-100\">\n\t\t\t\t\t\t\t\t\t\t\t\t<label for=\"form-field-name\" class=\"elementor-field-label\">\n\t\t\t\t\t\t\t\tName\t\t\t\t\t\t\t<\/label>\n\t\t\t\t\t\t\t\t\t\t\t\t\t\t<input size=\"1\" type=\"text\" name=\"form_fields[name]\" id=\"form-field-name\" class=\"elementor-field elementor-size-sm  elementor-field-textual\" placeholder=\"Name\">\n\t\t\t\t\t\t\t\t\t\t\t<\/div>\n\t\t\t\t\t\t\t\t<div class=\"elementor-field-type-email elementor-field-group elementor-column elementor-field-group-email elementor-col-100 elementor-field-required\">\n\t\t\t\t\t\t\t\t\t\t\t\t<label for=\"form-field-email\" class=\"elementor-field-label\">\n\t\t\t\t\t\t\t\tEmail\t\t\t\t\t\t\t<\/label>\n\t\t\t\t\t\t\t\t\t\t\t\t\t\t<input size=\"1\" type=\"email\" name=\"form_fields[email]\" id=\"form-field-email\" class=\"elementor-field elementor-size-sm  elementor-field-textual\" placeholder=\"Email\" required=\"required\">\n\t\t\t\t\t\t\t\t\t\t\t<\/div>\n\t\t\t\t\t\t\t\t<div class=\"elementor-field-type-textarea elementor-field-group elementor-column elementor-field-group-message elementor-col-100\">\n\t\t\t\t\t\t\t\t\t\t\t\t<label for=\"form-field-message\" class=\"elementor-field-label\">\n\t\t\t\t\t\t\t\tMessage\t\t\t\t\t\t\t<\/label>\n\t\t\t\t\t\t<textarea class=\"elementor-field-textual elementor-field  elementor-size-sm\" name=\"form_fields[message]\" id=\"form-field-message\" rows=\"4\" placeholder=\"Message\"><\/textarea>\t\t\t\t<\/div>\n\t\t\t\t\t\t\t\t<div class=\"elementor-field-group elementor-column elementor-field-type-submit elementor-col-100 e-form__buttons\">\n\t\t\t\t\t<button class=\"elementor-button elementor-size-sm\" type=\"submit\">\n\t\t\t\t\t\t<span class=\"elementor-button-content-wrapper\">\n\t\t\t\t\t\t\t\t\t\t\t\t\t\t\t\t\t\t\t\t\t\t<span class=\"elementor-button-text\">Send<\/span>\n\t\t\t\t\t\t\t\t\t\t\t\t\t<\/span>\n\t\t\t\t\t<\/button>\n\t\t\t\t<\/div>\n\t\t\t<\/div>\n\t\t<\/form>\n\t\t\t\t\t\t<\/div>\n\t\t\t\t<\/div>\n\t\t\t\t<\/div>\n\t\t<div id=\"e-n-tab-content-1205926082\" role=\"tabpanel\" aria-labelledby=\"e-n-tab-title-1205926082\" data-tab-index=\"2\" style=\"--n-tabs-title-order: 2;\" class=\" elementor-element elementor-element-a0ba2c9 e-con-full e-flex e-con e-parent\" data-id=\"a0ba2c9\" data-element_type=\"container\" data-e-type=\"container\" data-settings=\"{&quot;jet_parallax_layout_list&quot;:[]}\">\n\t\t\t\t<\/div>\n\t\t<div id=\"e-n-tab-content-1205926083\" role=\"tabpanel\" aria-labelledby=\"e-n-tab-title-1205926083\" data-tab-index=\"3\" style=\"--n-tabs-title-order: 3;\" class=\" elementor-element elementor-element-f201dcf e-con-full e-flex e-con e-parent\" data-id=\"f201dcf\" data-element_type=\"container\" data-e-type=\"container\" data-settings=\"{&quot;jet_parallax_layout_list&quot;:[]}\">\n\t\t\t\t<\/div>\n\t\t\t\t\t<\/div>\n\t\t<\/div>\n\t\t\t\t\t\t<\/div>\n\t\t\t\t<\/div>\n\t\t\t\t\t<\/div>\n\t\t\t\t<\/div>\n\t\t\t\t\t<\/div>\n\t\t\t\t<\/div>\n\t\t\t\t<\/div>\n\t\t","protected":false},"excerpt":{"rendered":"<p>Client Chat en ligne avec un repr\u00e9sentant du service client\u00e8le Les heures de travail de l&rsquo;\u00e9quipe d&rsquo;assistance \u00e0 la client\u00e8le de Renty sont 9h00 &#8211; 18h00 Whatsapp Report a problem Choose an inquiry your are interested in and we will try to help you Deposit refund Traffic fines investigation Customer service Deposit refund Traffic fines [&hellip;]<\/p>\n","protected":false},"author":3,"featured_media":0,"parent":0,"menu_order":0,"comment_status":"closed","ping_status":"closed","template":"elementor_header_footer","meta":{"_acf_changed":false,"footnotes":""},"class_list":["post-19649","page","type-page","status-publish","hentry"],"acf":[],"yoast_head":"<!-- This site is optimized with the Yoast SEO plugin v27.4 - https:\/\/yoast.com\/product\/yoast-seo-wordpress\/ -->\n<title>Customer Care New - Fastlane<\/title>\n<meta name=\"robots\" content=\"index, follow, max-snippet:-1, max-image-preview:large, max-video-preview:-1\" \/>\n<link rel=\"canonical\" href=\"https:\/\/fastlanerentacar.com\/fr\/client-soin\/\" \/>\n<meta property=\"og:locale\" content=\"fr_FR\" \/>\n<meta property=\"og:type\" content=\"article\" \/>\n<meta property=\"og:title\" content=\"Customer Care New - Fastlane\" \/>\n<meta property=\"og:description\" content=\"Client Chat en ligne avec un repr\u00e9sentant du service client\u00e8le Les heures de travail de l&rsquo;\u00e9quipe d&rsquo;assistance \u00e0 la client\u00e8le de Renty sont 9h00 &#8211; 18h00 Whatsapp Report a problem Choose an inquiry your are interested in and we will try to help you Deposit refund Traffic fines investigation Customer service Deposit refund Traffic fines [&hellip;]\" \/>\n<meta property=\"og:url\" content=\"https:\/\/fastlanerentacar.com\/fr\/client-soin\/\" \/>\n<meta property=\"og:site_name\" content=\"Fastlane\" \/>\n<meta property=\"article:modified_time\" content=\"2023-08-28T10:51:07+00:00\" \/>\n<meta property=\"og:image\" content=\"https:\/\/fastlanerentacar.com\/wp-content\/uploads\/Core-fr-Stroke.svg\" \/>\n<meta name=\"twitter:card\" content=\"summary_large_image\" \/>\n<script type=\"application\/ld+json\" class=\"yoast-schema-graph\">{\"@context\":\"https:\\\/\\\/schema.org\",\"@graph\":[{\"@type\":\"WebPage\",\"@id\":\"https:\\\/\\\/fastlanerentacar.com\\\/fr\\\/client-soin\\\/\",\"url\":\"https:\\\/\\\/fastlanerentacar.com\\\/fr\\\/client-soin\\\/\",\"name\":\"Customer Care New - Fastlane\",\"isPartOf\":{\"@id\":\"https:\\\/\\\/fastlanerentacar.com\\\/#website\"},\"primaryImageOfPage\":{\"@id\":\"https:\\\/\\\/fastlanerentacar.com\\\/fr\\\/client-soin\\\/#primaryimage\"},\"image\":{\"@id\":\"https:\\\/\\\/fastlanerentacar.com\\\/fr\\\/client-soin\\\/#primaryimage\"},\"thumbnailUrl\":\"https:\\\/\\\/fastlanerentacar.com\\\/wp-content\\\/uploads\\\/Core-fr-Stroke.svg\",\"datePublished\":\"2023-08-28T10:14:48+00:00\",\"dateModified\":\"2023-08-28T10:51:07+00:00\",\"breadcrumb\":{\"@id\":\"https:\\\/\\\/fastlanerentacar.com\\\/fr\\\/client-soin\\\/#breadcrumb\"},\"inLanguage\":\"fr-FR\",\"potentialAction\":[{\"@type\":\"ReadAction\",\"target\":[\"https:\\\/\\\/fastlanerentacar.com\\\/fr\\\/client-soin\\\/\"]}]},{\"@type\":\"ImageObject\",\"inLanguage\":\"fr-FR\",\"@id\":\"https:\\\/\\\/fastlanerentacar.com\\\/fr\\\/client-soin\\\/#primaryimage\",\"url\":\"https:\\\/\\\/fastlanerentacar.com\\\/wp-content\\\/uploads\\\/Core-fr-Stroke.svg\",\"contentUrl\":\"https:\\\/\\\/fastlanerentacar.com\\\/wp-content\\\/uploads\\\/Core-fr-Stroke.svg\"},{\"@type\":\"BreadcrumbList\",\"@id\":\"https:\\\/\\\/fastlanerentacar.com\\\/fr\\\/client-soin\\\/#breadcrumb\",\"itemListElement\":[{\"@type\":\"ListItem\",\"position\":1,\"name\":\"Home\",\"item\":\"https:\\\/\\\/fastlanerentacar.com\\\/fr\\\/accueil\\\/\"},{\"@type\":\"ListItem\",\"position\":2,\"name\":\"Customer Care New\"}]},{\"@type\":\"WebSite\",\"@id\":\"https:\\\/\\\/fastlanerentacar.com\\\/#website\",\"url\":\"https:\\\/\\\/fastlanerentacar.com\\\/\",\"name\":\"Fastlane\",\"description\":\"\",\"publisher\":{\"@id\":\"https:\\\/\\\/fastlanerentacar.com\\\/#organization\"},\"potentialAction\":[{\"@type\":\"SearchAction\",\"target\":{\"@type\":\"EntryPoint\",\"urlTemplate\":\"https:\\\/\\\/fastlanerentacar.com\\\/?s={search_term_string}\"},\"query-input\":{\"@type\":\"PropertyValueSpecification\",\"valueRequired\":true,\"valueName\":\"search_term_string\"}}],\"inLanguage\":\"fr-FR\"},{\"@type\":\"Organization\",\"@id\":\"https:\\\/\\\/fastlanerentacar.com\\\/#organization\",\"name\":\"Fastlane\",\"url\":\"https:\\\/\\\/fastlanerentacar.com\\\/\",\"logo\":{\"@type\":\"ImageObject\",\"inLanguage\":\"fr-FR\",\"@id\":\"https:\\\/\\\/fastlanerentacar.com\\\/#\\\/schema\\\/logo\\\/image\\\/\",\"url\":\"https:\\\/\\\/fastlanerentacar.com\\\/wp-content\\\/uploads\\\/Asset-2@2x-8.png\",\"contentUrl\":\"https:\\\/\\\/fastlanerentacar.com\\\/wp-content\\\/uploads\\\/Asset-2@2x-8.png\",\"width\":1641,\"height\":316,\"caption\":\"Fastlane\"},\"image\":{\"@id\":\"https:\\\/\\\/fastlanerentacar.com\\\/#\\\/schema\\\/logo\\\/image\\\/\"}}]}<\/script>\n<!-- \/ Yoast SEO plugin. -->","yoast_head_json":{"title":"Customer Care New - Fastlane","robots":{"index":"index","follow":"follow","max-snippet":"max-snippet:-1","max-image-preview":"max-image-preview:large","max-video-preview":"max-video-preview:-1"},"canonical":"https:\/\/fastlanerentacar.com\/fr\/client-soin\/","og_locale":"fr_FR","og_type":"article","og_title":"Customer Care New - Fastlane","og_description":"Client Chat en ligne avec un repr\u00e9sentant du service client\u00e8le Les heures de travail de l&rsquo;\u00e9quipe d&rsquo;assistance \u00e0 la client\u00e8le de Renty sont 9h00 &#8211; 18h00 Whatsapp Report a problem Choose an inquiry your are interested in and we will try to help you Deposit refund Traffic fines investigation Customer service Deposit refund Traffic fines [&hellip;]","og_url":"https:\/\/fastlanerentacar.com\/fr\/client-soin\/","og_site_name":"Fastlane","article_modified_time":"2023-08-28T10:51:07+00:00","og_image":[{"url":"https:\/\/fastlanerentacar.com\/wp-content\/uploads\/Core-fr-Stroke.svg","type":"","width":"","height":""}],"twitter_card":"summary_large_image","schema":{"@context":"https:\/\/schema.org","@graph":[{"@type":"WebPage","@id":"https:\/\/fastlanerentacar.com\/fr\/client-soin\/","url":"https:\/\/fastlanerentacar.com\/fr\/client-soin\/","name":"Customer Care New - Fastlane","isPartOf":{"@id":"https:\/\/fastlanerentacar.com\/#website"},"primaryImageOfPage":{"@id":"https:\/\/fastlanerentacar.com\/fr\/client-soin\/#primaryimage"},"image":{"@id":"https:\/\/fastlanerentacar.com\/fr\/client-soin\/#primaryimage"},"thumbnailUrl":"https:\/\/fastlanerentacar.com\/wp-content\/uploads\/Core-fr-Stroke.svg","datePublished":"2023-08-28T10:14:48+00:00","dateModified":"2023-08-28T10:51:07+00:00","breadcrumb":{"@id":"https:\/\/fastlanerentacar.com\/fr\/client-soin\/#breadcrumb"},"inLanguage":"fr-FR","potentialAction":[{"@type":"ReadAction","target":["https:\/\/fastlanerentacar.com\/fr\/client-soin\/"]}]},{"@type":"ImageObject","inLanguage":"fr-FR","@id":"https:\/\/fastlanerentacar.com\/fr\/client-soin\/#primaryimage","url":"https:\/\/fastlanerentacar.com\/wp-content\/uploads\/Core-fr-Stroke.svg","contentUrl":"https:\/\/fastlanerentacar.com\/wp-content\/uploads\/Core-fr-Stroke.svg"},{"@type":"BreadcrumbList","@id":"https:\/\/fastlanerentacar.com\/fr\/client-soin\/#breadcrumb","itemListElement":[{"@type":"ListItem","position":1,"name":"Home","item":"https:\/\/fastlanerentacar.com\/fr\/accueil\/"},{"@type":"ListItem","position":2,"name":"Customer Care New"}]},{"@type":"WebSite","@id":"https:\/\/fastlanerentacar.com\/#website","url":"https:\/\/fastlanerentacar.com\/","name":"Fastlane","description":"","publisher":{"@id":"https:\/\/fastlanerentacar.com\/#organization"},"potentialAction":[{"@type":"SearchAction","target":{"@type":"EntryPoint","urlTemplate":"https:\/\/fastlanerentacar.com\/?s={search_term_string}"},"query-input":{"@type":"PropertyValueSpecification","valueRequired":true,"valueName":"search_term_string"}}],"inLanguage":"fr-FR"},{"@type":"Organization","@id":"https:\/\/fastlanerentacar.com\/#organization","name":"Fastlane","url":"https:\/\/fastlanerentacar.com\/","logo":{"@type":"ImageObject","inLanguage":"fr-FR","@id":"https:\/\/fastlanerentacar.com\/#\/schema\/logo\/image\/","url":"https:\/\/fastlanerentacar.com\/wp-content\/uploads\/Asset-2@2x-8.png","contentUrl":"https:\/\/fastlanerentacar.com\/wp-content\/uploads\/Asset-2@2x-8.png","width":1641,"height":316,"caption":"Fastlane"},"image":{"@id":"https:\/\/fastlanerentacar.com\/#\/schema\/logo\/image\/"}}]}},"_links":{"self":[{"href":"https:\/\/fastlanerentacar.com\/fr\/wp-json\/wp\/v2\/pages\/19649","targetHints":{"allow":["GET"]}}],"collection":[{"href":"https:\/\/fastlanerentacar.com\/fr\/wp-json\/wp\/v2\/pages"}],"about":[{"href":"https:\/\/fastlanerentacar.com\/fr\/wp-json\/wp\/v2\/types\/page"}],"author":[{"embeddable":true,"href":"https:\/\/fastlanerentacar.com\/fr\/wp-json\/wp\/v2\/users\/3"}],"replies":[{"embeddable":true,"href":"https:\/\/fastlanerentacar.com\/fr\/wp-json\/wp\/v2\/comments?post=19649"}],"version-history":[{"count":0,"href":"https:\/\/fastlanerentacar.com\/fr\/wp-json\/wp\/v2\/pages\/19649\/revisions"}],"wp:attachment":[{"href":"https:\/\/fastlanerentacar.com\/fr\/wp-json\/wp\/v2\/media?parent=19649"}],"curies":[{"name":"wp","href":"https:\/\/api.w.org\/{rel}","templated":true}]}}