{"id":5062,"date":"2023-08-04T09:11:05","date_gmt":"2023-08-04T09:11:05","guid":{"rendered":"https:\/\/turboplus.digitality-agency.com\/politique-de-confidentialite\/"},"modified":"2025-05-13T11:43:09","modified_gmt":"2025-05-13T11:43:09","slug":"politique-de-confidentialite","status":"publish","type":"page","link":"https:\/\/fastlanerentacar.com\/fr\/politique-de-confidentialite\/","title":{"rendered":"Politique de confidentialit\u00e9"},"content":{"rendered":"\t\t<div data-elementor-type=\"wp-page\" data-elementor-id=\"5062\" class=\"elementor elementor-5062 elementor-4686\" data-elementor-post-type=\"page\">\n\t\t\t\t<div class=\"elementor-element elementor-element-41e186f e-flex e-con-boxed e-con e-parent\" data-id=\"41e186f\" data-element_type=\"container\" data-e-type=\"container\" data-settings=\"{&quot;jet_parallax_layout_list&quot;:[]}\">\n\t\t\t\t\t<div class=\"e-con-inner\">\n\t\t\t\t<div class=\"elementor-element elementor-element-d280165 elementor-widget elementor-widget-heading\" data-id=\"d280165\" data-element_type=\"widget\" data-e-type=\"widget\" data-widget_type=\"heading.default\">\n\t\t\t\t<div class=\"elementor-widget-container\">\n\t\t\t\t\t<h2 class=\"elementor-heading-title elementor-size-default\">Politique de confidentialit\u00e9<\/h2>\t\t\t\t<\/div>\n\t\t\t\t<\/div>\n\t\t\t\t<div class=\"elementor-element elementor-element-0cc6f75 elementor-widget elementor-widget-text-editor\" data-id=\"0cc6f75\" data-element_type=\"widget\" data-e-type=\"widget\" data-widget_type=\"text-editor.default\">\n\t\t\t\t<div class=\"elementor-widget-container\">\n\t\t\t\t\t\t\t\t\t<div class=\"vc_row wpb_row vc_row-fluid\"><div class=\"wpb_column vc_column_container vc_col-sm-12\"><div class=\"vc_column-inner\"><div class=\"wpb_wrapper\"><p class=\"vc_custom_heading wpb_animate_when_almost_visible wpb_bounceInLeft bounceInLeft wpb_start_animation animated\"> <\/p><\/div><\/div><\/div><\/div><div class=\"vc_row wpb_row vc_row-fluid\"><div class=\"wpb_column vc_column_container vc_col-sm-12\"><div class=\"vc_column-inner\"><div class=\"wpb_wrapper\"><div class=\"wpb_text_column wpb_content_element \"><div class=\"wpb_wrapper\"><p>Cette politique de confidentialit\u00e9 d\u00e9crit la mani\u00e8re dont https:\/\/fastlanerentacar.com\/ recueille, utilise et partage vos informations par l&rsquo;interm\u00e9diaire du site web. La pr\u00e9sente politique de confidentialit\u00e9 ne s&rsquo;applique pas \u00e0 nos activit\u00e9s de collecte de donn\u00e9es hors ligne ou en dehors de nos services (sauf indication contraire). En utilisant nos services, vous acceptez nos conditions d&rsquo;utilisation.<\/p><p><strong>Les donn\u00e9es que nous collectons<\/strong><\/p><p>Lorsque vous vous inscrivez et devenez notre utilisateur, vous pouvez \u00eatre invit\u00e9 \u00e0 nous fournir des donn\u00e9es personnelles et des informations vous concernant, et ces informations sont collect\u00e9es par les moyens suivants :<\/p><p>Informations relatives \u00e0 l&rsquo;inscription : telles que votre nom, votre adresse \u00e9lectronique, votre nom d&rsquo;utilisateur, votre mot de passe et toute autre information demand\u00e9e lors de l&rsquo;inscription.<\/p><p>Informations provenant de votre activit\u00e9 : Ces informations comprennent les adresses IP utilis\u00e9es pour connecter votre ordinateur \u00e0 Internet, le type et la langue du navigateur, les pages et URL de r\u00e9f\u00e9rence et de sortie, la date et l&rsquo;heure, la dur\u00e9e des visites sur des pages sp\u00e9cifiques et vos informations de connexion.<\/p><p>Informations provenant des cookies : Nous collectons des informations par le biais de cookies qui sont stock\u00e9s par les sites web sur votre disque dur.<\/p><p>Informations que vous nous avez fournies : Vous pouvez nous fournir volontairement des informations suppl\u00e9mentaires vous concernant qui ne vous identifient pas personnellement, y compris, mais sans s&rsquo;y limiter, le nom, l&rsquo;adresse, le sexe, le pays, les pr\u00e9f\u00e9rences en mati\u00e8re de services et d&rsquo;autres informations que vous nous avez fournies en remplissant les formulaires disponibles sur notre plateforme ou en nous contactant par t\u00e9l\u00e9phone, par courrier \u00e9lectronique ou par tout autre moyen.<\/p><p>Informations relatives au paiement et \u00e0 la carte : Vous pouvez nous fournir des informations de paiement, y compris le num\u00e9ro de votre carte de cr\u00e9dit ou de d\u00e9bit, la date d&rsquo;expiration de la carte, le code CVV et d&rsquo;autres donn\u00e9es.<\/p><p>Les informations que vous nous fournissez lorsque vous nous contactez pour obtenir de l&rsquo;aide.<\/p><p>Par cons\u00e9quent, vous devez \u00eatre tenu de fournir des informations compl\u00e8tes, correctes et pr\u00e9cises, de pr\u00e9server la confidentialit\u00e9 des informations relatives \u00e0 votre compte et de votre mot de passe, et de sp\u00e9cifier les personnes autoris\u00e9es \u00e0 acc\u00e9der \u00e0 votre compte et \u00e0 l&rsquo;utiliser. Dans le cas contraire, vous serez responsable de tout dommage r\u00e9sultant de l&rsquo;inexactitude ou de l&rsquo;absence de mise \u00e0 jour de ces donn\u00e9es une fois qu&rsquo;elles ont \u00e9t\u00e9 modifi\u00e9es. Nous pouvons partager les informations susmentionn\u00e9es avec des tiers dans le but de concevoir, d&rsquo;analyser, de g\u00e9rer, de rapporter et d&rsquo;am\u00e9liorer les publicit\u00e9s sur le site et autres.<\/p><p><strong>Utilisation des donn\u00e9es personnelles<\/strong><\/p><p>Nous pouvons utiliser les donn\u00e9es personnelles que nous collectons conform\u00e9ment aux dispositions de la loi sur la protection des donn\u00e9es pour :<\/p><p>Pour v\u00e9rifier votre identit\u00e9.<\/p><p>Pour fournir un meilleur service \u00e0 nos clients, pour \u00e9valuer, am\u00e9liorer et d\u00e9velopper nos services et pour vous informer de ces changements.<\/p><p>Utilisation \u00e0 des fins promotionnelles et informatives, y compris le marketing direct, les \u00e9tudes de march\u00e9 et les sondages.<\/p><p>Pour nous assurer que nous vous fournissons les informations les plus pertinentes pour vous et vos int\u00e9r\u00eats, et pour vous envoyer des messages marketing.<\/p><p>Aux fins de notre activit\u00e9 et de nos int\u00e9r\u00eats l\u00e9gitimes, tels que l&rsquo;analyse des donn\u00e9es, l&rsquo;audit, le contr\u00f4le et la r\u00e9duction et la pr\u00e9vention de la fraude et du piratage de logiciels.<\/p><p>Distinguer ou am\u00e9liorer votre exp\u00e9rience dans l&rsquo;utilisation du site web et des services.<\/p><p>Contribuer \u00e0 maintenir l&rsquo;int\u00e9grit\u00e9 et la s\u00e9curit\u00e9 des syst\u00e8mes et des services.<\/p><p>Fournir des services de paiement et des services connexes sur le site.<\/p><p>Pour mesurer l&rsquo;efficacit\u00e9 des publicit\u00e9s pr\u00e9sent\u00e9es sur le site et vous proposer les publicit\u00e9s qui vous conviennent, ce qui peut d\u00e9pendre de votre activit\u00e9 sur le site.<\/p><p>Pour toute autre utilisation apr\u00e8s avoir obtenu votre consentement, dans le cas o\u00f9 nous souhaitons utiliser vos informations personnelles \u00e0 des fins autres que celles auxquelles vous avez pr\u00e9alablement consenti.<\/p><p><strong>Partager l&rsquo;information<\/strong><\/p><p>Nous pouvons partager des informations vous concernant &#8211; si n\u00e9cessaire &#8211; aux fins suivantes :<\/p><p>Respecter les proc\u00e9dures l\u00e9gales et r\u00e9pondre aux demandes des autorit\u00e9s publiques et gouvernementales.<\/p><p>Mettre en \u0153uvre nos conditions g\u00e9n\u00e9rales.<\/p><p>Prot\u00e9ger nos droits, notre vie priv\u00e9e, notre s\u00e9curit\u00e9, nos biens et\/ou vos droits ou ceux d&rsquo;autres personnes.<\/p><p>limiter ou minimiser les dommages que nous pourrions subir.<\/p><p>Nous pouvons \u00e9galement partager des informations avec nos affili\u00e9s \u00e0 des fins commerciales internes. Par exemple<\/p><p>Traiter et satisfaire vos demandes.<\/p><p>Fournir un service \u00e0 la client\u00e8le<\/p><p><strong>Am\u00e9liorer nos services<\/strong><\/p><p>Nous pouvons \u00e9galement communiquer des informations \u00e0 un tiers dans le cadre d&rsquo;une r\u00e9organisation, d&rsquo;une fusion, d&rsquo;une vente, d&rsquo;une coentreprise, d&rsquo;une cession, d&rsquo;un transfert ou de toute autre forme d&rsquo;ali\u00e9nation de tout ou partie de notre entreprise ou de nos actifs au cours de n\u00e9gociations.<\/p><p>Lorsque https:\/\/fastlanerentacar.com\/ fait appel \u00e0 des prestataires de services tiers et que la divulgation d&rsquo;informations personnelles \u00e0 ces prestataires de services est n\u00e9cessaire pour fournir un tel service, https:\/\/fastlanerentacar.com\/ garantit que ces prestataires de services prot\u00e8gent les informations personnelles d&rsquo;une mani\u00e8re conforme \u00e0 la politique de la pr\u00e9sente d\u00e9claration de confidentialit\u00e9.<\/p><p><strong>le stockage des donn\u00e9es \u00e0 caract\u00e8re personnel<\/strong><\/p><p>Nous ne conservons vos donn\u00e9es personnelles qu&rsquo;aussi longtemps que cela est n\u00e9cessaire aux fins pour lesquelles les donn\u00e9es personnelles sont trait\u00e9es et li\u00e9es \u00e0 celles-ci. Nous nous r\u00e9servons \u00e9galement le droit de revoir la politique actuelle en mati\u00e8re de protection de la vie priv\u00e9e, et nous vous conseillons de consulter cette politique de temps \u00e0 autre<\/p><p><strong>Prot\u00e9gez vos donn\u00e9es personnelles<\/strong><\/p><p>Fastlane Rent A Car LLC s&rsquo;engage \u00e0 traiter les informations de votre compte avec un haut niveau de s\u00e9curit\u00e9 et \u00e0 prot\u00e9ger les donn\u00e9es personnelles contre l&rsquo;acc\u00e8s, l&rsquo;utilisation ou la divulgation non autoris\u00e9s. Les donn\u00e9es relatives aux cartes de cr\u00e9dit et de d\u00e9bit et aux comptes bancaires sont uniquement stock\u00e9es sous forme crypt\u00e9e sur des ordinateurs qui ne sont pas connect\u00e9s \u00e0 l&rsquo;internet. Toutefois, ce niveau de protection ne peut \u00eatre efficace \u00e0 100 % que si vous suivez vos propres politiques de s\u00e9curit\u00e9. Vous ne devez pas partager les donn\u00e9es de votre compte avec qui que ce soit. Si vous craignez que l&rsquo;une de vos donn\u00e9es personnelles ait \u00e9t\u00e9 divulgu\u00e9e, vous devez la modifier imm\u00e9diatement apr\u00e8s vous \u00eatre connect\u00e9 \u00e0 votre compte.<\/p><p><strong>Traitement des donn\u00e9es<\/strong><\/p><p>Fastlane Rent A Car LLC s&rsquo;efforce de ne traiter que des donn\u00e9es personnelles correctes et mises \u00e0 jour. Par cons\u00e9quent, vous avez le droit d&rsquo;obtenir la rectification des donn\u00e9es personnelles inexactes vous concernant.<\/p><p>Fastlane Rent A Car LLC a le droit de supprimer les donn\u00e9es personnelles inutiles en relation avec les \u00e9l\u00e9ments qui ont \u00e9t\u00e9 collect\u00e9s ou trait\u00e9s dans Other.<\/p><p>Vous avez le droit de demander la correction ou l&rsquo;effacement des donn\u00e9es \u00e0 caract\u00e8re personnel ou de restreindre le traitement des donn\u00e9es \u00e0 caract\u00e8re personnel li\u00e9es au propri\u00e9taire des donn\u00e9es ou de vous opposer \u00e0 un tel traitement.<\/p><p>Vous avez le droit d&#8217;emp\u00eacher Fastlane Rent A Car LLC de traiter vos donn\u00e9es si vous avez une raison sp\u00e9cifique de le faire.<\/p><p>Vous avez le droit de vous opposer au traitement des donn\u00e9es \u00e0 caract\u00e8re personnel vous concernant sur la base de d\u00e9cisions automatis\u00e9es.<\/p><p>Vous avez le droit de d\u00e9poser une plainte aupr\u00e8s de l&rsquo;autorit\u00e9 de contr\u00f4le.<\/p><p>Fastlane Rent A Car LLC n&rsquo;utilise que des sous-traitants de donn\u00e9es qui fournissent des garanties ad\u00e9quates pour mettre en \u0153uvre des mesures techniques et organisationnelles appropri\u00e9es de mani\u00e8re \u00e0 ce que le traitement respecte et assure la protection des droits de toutes les personnes concern\u00e9es.<\/p><p><strong>Liens vers des sites web externes<\/strong><\/p><p>Fastlane Rent A Car LLC peut contenir des liens qui renvoient l&rsquo;utilisateur ou le visiteur \u00e0 des applications, liens ou sites web externes qui collecteraient des informations vous concernant et les divulgueraient d&rsquo;une mani\u00e8re diff\u00e9rente de la n\u00f4tre.<\/p><p>Fastlane Rent A Car LLC ne contr\u00f4le pas les pratiques de confidentialit\u00e9 des applications et sites web externes, et nous ne sommes pas responsables du contenu ou des politiques de confidentialit\u00e9 de ces applications et sites web externes. Vous devez prendre connaissance de la politique de confidentialit\u00e9 et des conditions d&rsquo;utilisation des tiers applicables lorsque vous visitez des applications ou des sites externes.<\/p><p>Nous ne sommes pas responsables de la collecte, de l&rsquo;utilisation ou de la divulgation d&rsquo;informations par une autre application ou un autre site web ayant un lien sur notre site. Nous recommandons aux utilisateurs du site de lire la politique de confidentialit\u00e9 du site web Fastlane.<\/p><p><strong>Modifications de la politique de confidentialit\u00e9<\/strong><\/p><p>Fastlane Rent A Car LLC peut amender, modifier ou changer cette politique en tout ou en partie \u00e0 tout moment et sans pr\u00e9avis. Veuillez noter que nous ne sommes pas responsables du fait que vous n&rsquo;ayez pas revu cette politique avant ou apr\u00e8s toute action y aff\u00e9rente. Si vous n&rsquo;\u00eates pas d&rsquo;accord avec une modification que nous avons apport\u00e9e \u00e0 cette politique, la seule solution est de mettre fin \u00e0 votre utilisation du site. Veuillez noter que nous ne sommes pas responsables du fait que vous n&rsquo;ayez pas revu cette politique avant d&rsquo;utiliser le site. La navigation sur le site et la lecture de cette politique par les utilisateurs et les surfeurs du site constituent une approbation et une reconnaissance totales de tout ce qui est \u00e9nonc\u00e9 dans cette politique et un accord sur tout ce qui est \u00e9nonc\u00e9 dans celle-ci.<\/p><p><strong>Accord sur les cookies<\/strong><\/p><p>Lorsque vous visitez Fastlane Rent A Car LLC, le site enregistre des cookies dans votre navigateur web, qu&rsquo;il s&rsquo;agisse d&rsquo;un ordinateur ou d&rsquo;un appareil mobile, et les cookies sont de petits fichiers texte envoy\u00e9s par les sites web et stock\u00e9s sur votre ordinateur ou tablette, smartphone, ou tout autre appareil mobile, et ils sont utilis\u00e9s pour l&rsquo;une des raisons suivantes :<\/p><p>Pour vous reconna\u00eetre lorsque vous revenez sur le site.<\/p><p>Stocker les informations personnelles que vous enregistrez sur le site, afin de les fournir sur demande, telles que votre nom, votre e-mail.<\/p><p>Pour vous aider \u00e0 recevoir des messages ou des services le plus rapidement possible, en fonction de vos pr\u00e9f\u00e9rences ant\u00e9rieures.<\/p><p>Fastlane Rent A Car LLC ne divulgue pas les cookies des utilisateurs ou des visiteurs \u00e0 des tiers, \u00e0 l&rsquo;exception de ceux mentionn\u00e9s dans la politique de confidentialit\u00e9, sauf en cas d&rsquo;action judiciaire requise, telle qu&rsquo;un mandat de perquisition, une ordonnance du tribunal ou un ordre juridique.<\/p><p>Les cookies ne sont pas des fichiers ex\u00e9cutables, ce sont de simples fichiers texte ; les cookies ne sont ni des logiciels espions ni des virus.<\/p><p>Cookies de tiers<\/p><p>Les cookies de sites web tiers peuvent \u00eatre plac\u00e9s par des services apparaissant sur le site web tiers. Fastlane Rent A Car LLC n&rsquo;a aucun contr\u00f4le sur ces fichiers. Il peut s&rsquo;agir, par exemple, de cookies mis en place par Google, Facebook ou Twitter. Pour plus d&rsquo;informations sur les cookies de tiers, nous vous recommandons de visiter les sites web de ces tiers.<\/p><p>Acceptation de la politique<\/p><p>Vous reconnaissez avoir lu la pr\u00e9sente politique de confidentialit\u00e9 et en accepter tous les termes et conditions. En continuant \u00e0 utiliser le site web ou les services de Fastlane Car Rental LLC, vous acceptez d&rsquo;\u00eatre li\u00e9 par cette politique. Si vous n&rsquo;acceptez pas de respecter les termes de cette politique, vous n&rsquo;\u00eates pas autoris\u00e9 \u00e0 utiliser ou \u00e0 acc\u00e9der au site web Fastlane Rent A Car LLC et \u00e0 ses services. <\/p><p><strong>Informations sur les contacts<\/strong><\/p><p>Si vous avez des questions, des plaintes ou des demandes concernant les pr\u00e9sentes conditions g\u00e9n\u00e9rales, le site web, les services ou les informations, vous pouvez contacter<\/p><\/div><\/div><\/div><\/div><\/div><\/div>\t\t\t\t\t\t\t\t<\/div>\n\t\t\t\t<\/div>\n\t\t\t\t\t<\/div>\n\t\t\t\t<\/div>\n\t\t\t\t<\/div>\n\t\t","protected":false},"excerpt":{"rendered":"<p>Politique de confidentialit\u00e9 Cette politique de confidentialit\u00e9 d\u00e9crit la mani\u00e8re dont https:\/\/fastlanerentacar.com\/ recueille, utilise et partage vos informations par l&rsquo;interm\u00e9diaire du site web. La pr\u00e9sente politique de confidentialit\u00e9 ne s&rsquo;applique pas \u00e0 nos activit\u00e9s de collecte de donn\u00e9es hors ligne ou en dehors de nos services (sauf indication contraire). En utilisant nos services, vous acceptez [&hellip;]<\/p>\n","protected":false},"author":1,"featured_media":0,"parent":0,"menu_order":0,"comment_status":"closed","ping_status":"closed","template":"elementor_header_footer","meta":{"_acf_changed":false,"footnotes":""},"class_list":["post-5062","page","type-page","status-publish","hentry"],"acf":[],"yoast_head":"<!-- This site is optimized with the Yoast SEO plugin v27.4 - https:\/\/yoast.com\/product\/yoast-seo-wordpress\/ -->\n<title>Politique de confidentialit\u00e9 - Fastlane<\/title>\n<meta name=\"robots\" content=\"index, follow, max-snippet:-1, max-image-preview:large, max-video-preview:-1\" \/>\n<link rel=\"canonical\" href=\"https:\/\/fastlanerentacar.com\/fr\/politique-de-confidentialite\/\" \/>\n<meta property=\"og:locale\" content=\"fr_FR\" \/>\n<meta property=\"og:type\" content=\"article\" \/>\n<meta property=\"og:title\" content=\"Politique de confidentialit\u00e9 - Fastlane\" \/>\n<meta property=\"og:description\" content=\"Politique de confidentialit\u00e9 Cette politique de confidentialit\u00e9 d\u00e9crit la mani\u00e8re dont https:\/\/fastlanerentacar.com\/ recueille, utilise et partage vos informations par l&rsquo;interm\u00e9diaire du site web. La pr\u00e9sente politique de confidentialit\u00e9 ne s&rsquo;applique pas \u00e0 nos activit\u00e9s de collecte de donn\u00e9es hors ligne ou en dehors de nos services (sauf indication contraire). En utilisant nos services, vous acceptez [&hellip;]\" \/>\n<meta property=\"og:url\" content=\"https:\/\/fastlanerentacar.com\/fr\/politique-de-confidentialite\/\" \/>\n<meta property=\"og:site_name\" content=\"Fastlane\" \/>\n<meta property=\"article:modified_time\" content=\"2025-05-13T11:43:09+00:00\" \/>\n<meta property=\"og:image\" content=\"https:\/\/fastlanerentacar.com\/wp-content\/uploads\/logo3.png\" \/>\n\t<meta property=\"og:image:width\" content=\"657\" \/>\n\t<meta property=\"og:image:height\" content=\"54\" \/>\n\t<meta property=\"og:image:type\" content=\"image\/png\" \/>\n<meta name=\"twitter:card\" content=\"summary_large_image\" \/>\n<meta name=\"twitter:label1\" content=\"Dur\u00e9e de lecture estim\u00e9e\" \/>\n\t<meta name=\"twitter:data1\" content=\"10 minutes\" \/>\n<script type=\"application\/ld+json\" class=\"yoast-schema-graph\">{\"@context\":\"https:\\\/\\\/schema.org\",\"@graph\":[{\"@type\":\"WebPage\",\"@id\":\"https:\\\/\\\/fastlanerentacar.com\\\/fr\\\/politique-de-confidentialite\\\/\",\"url\":\"https:\\\/\\\/fastlanerentacar.com\\\/fr\\\/politique-de-confidentialite\\\/\",\"name\":\"Politique de confidentialit\u00e9 - Fastlane\",\"isPartOf\":{\"@id\":\"https:\\\/\\\/fastlanerentacar.com\\\/#website\"},\"datePublished\":\"2023-08-04T09:11:05+00:00\",\"dateModified\":\"2025-05-13T11:43:09+00:00\",\"breadcrumb\":{\"@id\":\"https:\\\/\\\/fastlanerentacar.com\\\/fr\\\/politique-de-confidentialite\\\/#breadcrumb\"},\"inLanguage\":\"fr-FR\",\"potentialAction\":[{\"@type\":\"ReadAction\",\"target\":[\"https:\\\/\\\/fastlanerentacar.com\\\/fr\\\/politique-de-confidentialite\\\/\"]}]},{\"@type\":\"BreadcrumbList\",\"@id\":\"https:\\\/\\\/fastlanerentacar.com\\\/fr\\\/politique-de-confidentialite\\\/#breadcrumb\",\"itemListElement\":[{\"@type\":\"ListItem\",\"position\":1,\"name\":\"Home\",\"item\":\"https:\\\/\\\/fastlanerentacar.com\\\/fr\\\/accueil\\\/\"},{\"@type\":\"ListItem\",\"position\":2,\"name\":\"Politique de confidentialit\u00e9\"}]},{\"@type\":\"WebSite\",\"@id\":\"https:\\\/\\\/fastlanerentacar.com\\\/#website\",\"url\":\"https:\\\/\\\/fastlanerentacar.com\\\/\",\"name\":\"Fastlane\",\"description\":\"\",\"publisher\":{\"@id\":\"https:\\\/\\\/fastlanerentacar.com\\\/#organization\"},\"potentialAction\":[{\"@type\":\"SearchAction\",\"target\":{\"@type\":\"EntryPoint\",\"urlTemplate\":\"https:\\\/\\\/fastlanerentacar.com\\\/?s={search_term_string}\"},\"query-input\":{\"@type\":\"PropertyValueSpecification\",\"valueRequired\":true,\"valueName\":\"search_term_string\"}}],\"inLanguage\":\"fr-FR\"},{\"@type\":\"Organization\",\"@id\":\"https:\\\/\\\/fastlanerentacar.com\\\/#organization\",\"name\":\"Fastlane\",\"url\":\"https:\\\/\\\/fastlanerentacar.com\\\/\",\"logo\":{\"@type\":\"ImageObject\",\"inLanguage\":\"fr-FR\",\"@id\":\"https:\\\/\\\/fastlanerentacar.com\\\/#\\\/schema\\\/logo\\\/image\\\/\",\"url\":\"https:\\\/\\\/fastlanerentacar.com\\\/wp-content\\\/uploads\\\/Asset-2@2x-8.png\",\"contentUrl\":\"https:\\\/\\\/fastlanerentacar.com\\\/wp-content\\\/uploads\\\/Asset-2@2x-8.png\",\"width\":1641,\"height\":316,\"caption\":\"Fastlane\"},\"image\":{\"@id\":\"https:\\\/\\\/fastlanerentacar.com\\\/#\\\/schema\\\/logo\\\/image\\\/\"}}]}<\/script>\n<!-- \/ Yoast SEO plugin. -->","yoast_head_json":{"title":"Politique de confidentialit\u00e9 - Fastlane","robots":{"index":"index","follow":"follow","max-snippet":"max-snippet:-1","max-image-preview":"max-image-preview:large","max-video-preview":"max-video-preview:-1"},"canonical":"https:\/\/fastlanerentacar.com\/fr\/politique-de-confidentialite\/","og_locale":"fr_FR","og_type":"article","og_title":"Politique de confidentialit\u00e9 - Fastlane","og_description":"Politique de confidentialit\u00e9 Cette politique de confidentialit\u00e9 d\u00e9crit la mani\u00e8re dont https:\/\/fastlanerentacar.com\/ recueille, utilise et partage vos informations par l&rsquo;interm\u00e9diaire du site web. La pr\u00e9sente politique de confidentialit\u00e9 ne s&rsquo;applique pas \u00e0 nos activit\u00e9s de collecte de donn\u00e9es hors ligne ou en dehors de nos services (sauf indication contraire). En utilisant nos services, vous acceptez [&hellip;]","og_url":"https:\/\/fastlanerentacar.com\/fr\/politique-de-confidentialite\/","og_site_name":"Fastlane","article_modified_time":"2025-05-13T11:43:09+00:00","og_image":[{"width":657,"height":54,"url":"https:\/\/fastlanerentacar.com\/wp-content\/uploads\/logo3.png","type":"image\/png"}],"twitter_card":"summary_large_image","twitter_misc":{"Dur\u00e9e de lecture estim\u00e9e":"10 minutes"},"schema":{"@context":"https:\/\/schema.org","@graph":[{"@type":"WebPage","@id":"https:\/\/fastlanerentacar.com\/fr\/politique-de-confidentialite\/","url":"https:\/\/fastlanerentacar.com\/fr\/politique-de-confidentialite\/","name":"Politique de confidentialit\u00e9 - Fastlane","isPartOf":{"@id":"https:\/\/fastlanerentacar.com\/#website"},"datePublished":"2023-08-04T09:11:05+00:00","dateModified":"2025-05-13T11:43:09+00:00","breadcrumb":{"@id":"https:\/\/fastlanerentacar.com\/fr\/politique-de-confidentialite\/#breadcrumb"},"inLanguage":"fr-FR","potentialAction":[{"@type":"ReadAction","target":["https:\/\/fastlanerentacar.com\/fr\/politique-de-confidentialite\/"]}]},{"@type":"BreadcrumbList","@id":"https:\/\/fastlanerentacar.com\/fr\/politique-de-confidentialite\/#breadcrumb","itemListElement":[{"@type":"ListItem","position":1,"name":"Home","item":"https:\/\/fastlanerentacar.com\/fr\/accueil\/"},{"@type":"ListItem","position":2,"name":"Politique de confidentialit\u00e9"}]},{"@type":"WebSite","@id":"https:\/\/fastlanerentacar.com\/#website","url":"https:\/\/fastlanerentacar.com\/","name":"Fastlane","description":"","publisher":{"@id":"https:\/\/fastlanerentacar.com\/#organization"},"potentialAction":[{"@type":"SearchAction","target":{"@type":"EntryPoint","urlTemplate":"https:\/\/fastlanerentacar.com\/?s={search_term_string}"},"query-input":{"@type":"PropertyValueSpecification","valueRequired":true,"valueName":"search_term_string"}}],"inLanguage":"fr-FR"},{"@type":"Organization","@id":"https:\/\/fastlanerentacar.com\/#organization","name":"Fastlane","url":"https:\/\/fastlanerentacar.com\/","logo":{"@type":"ImageObject","inLanguage":"fr-FR","@id":"https:\/\/fastlanerentacar.com\/#\/schema\/logo\/image\/","url":"https:\/\/fastlanerentacar.com\/wp-content\/uploads\/Asset-2@2x-8.png","contentUrl":"https:\/\/fastlanerentacar.com\/wp-content\/uploads\/Asset-2@2x-8.png","width":1641,"height":316,"caption":"Fastlane"},"image":{"@id":"https:\/\/fastlanerentacar.com\/#\/schema\/logo\/image\/"}}]}},"_links":{"self":[{"href":"https:\/\/fastlanerentacar.com\/fr\/wp-json\/wp\/v2\/pages\/5062","targetHints":{"allow":["GET"]}}],"collection":[{"href":"https:\/\/fastlanerentacar.com\/fr\/wp-json\/wp\/v2\/pages"}],"about":[{"href":"https:\/\/fastlanerentacar.com\/fr\/wp-json\/wp\/v2\/types\/page"}],"author":[{"embeddable":true,"href":"https:\/\/fastlanerentacar.com\/fr\/wp-json\/wp\/v2\/users\/1"}],"replies":[{"embeddable":true,"href":"https:\/\/fastlanerentacar.com\/fr\/wp-json\/wp\/v2\/comments?post=5062"}],"version-history":[{"count":2,"href":"https:\/\/fastlanerentacar.com\/fr\/wp-json\/wp\/v2\/pages\/5062\/revisions"}],"predecessor-version":[{"id":63439,"href":"https:\/\/fastlanerentacar.com\/fr\/wp-json\/wp\/v2\/pages\/5062\/revisions\/63439"}],"wp:attachment":[{"href":"https:\/\/fastlanerentacar.com\/fr\/wp-json\/wp\/v2\/media?parent=5062"}],"curies":[{"name":"wp","href":"https:\/\/api.w.org\/{rel}","templated":true}]}}