{"id":7770,"date":"2023-08-04T09:43:43","date_gmt":"2023-08-04T09:43:43","guid":{"rendered":"https:\/\/turboplus.digitality-agency.com\/conditions-generales-dutilisation\/"},"modified":"2025-05-07T17:22:32","modified_gmt":"2025-05-07T17:22:32","slug":"conditions-generales-dutilisation","status":"publish","type":"page","link":"https:\/\/fastlanerentacar.com\/fr\/conditions-generales-dutilisation\/","title":{"rendered":"Conditions g\u00e9n\u00e9rales d&rsquo;utilisation"},"content":{"rendered":"\t\t<div data-elementor-type=\"wp-page\" data-elementor-id=\"7770\" class=\"elementor elementor-7770 elementor-4695\" data-elementor-post-type=\"page\">\n\t\t\t\t<div class=\"elementor-element elementor-element-08e60ae e-flex e-con-boxed e-con e-parent\" data-id=\"08e60ae\" data-element_type=\"container\" data-e-type=\"container\" data-settings=\"{&quot;jet_parallax_layout_list&quot;:[]}\">\n\t\t\t\t\t<div class=\"e-con-inner\">\n\t\t\t\t<div class=\"elementor-element elementor-element-42cff2a elementor-widget elementor-widget-heading\" data-id=\"42cff2a\" data-element_type=\"widget\" data-e-type=\"widget\" data-widget_type=\"heading.default\">\n\t\t\t\t<div class=\"elementor-widget-container\">\n\t\t\t\t\t<h2 class=\"elementor-heading-title elementor-size-default\">Conditions g\u00e9n\u00e9rales d'utilisation<\/h2>\t\t\t\t<\/div>\n\t\t\t\t<\/div>\n\t\t\t\t<div class=\"elementor-element elementor-element-e7df42f elementor-widget elementor-widget-text-editor\" data-id=\"e7df42f\" data-element_type=\"widget\" data-e-type=\"widget\" data-widget_type=\"text-editor.default\">\n\t\t\t\t<div class=\"elementor-widget-container\">\n\t\t\t\t\t\t\t\t\t<div>\n<div>\n<div>\n<div>\n<\/div>\n<\/div>\n<\/div>\n<\/div>\n<div>\n<div>\n<div>\n<div>\n<div>\n<div>\n<p><strong>Responsabilit\u00e9s<\/strong><\/p>\n<p>Le locataire d\u00e9clare remettre le v\u00e9hicule choisi en bon \u00e9tat. Le locataire comprend et reconna\u00eet \u00e9galement que le v\u00e9hicule sera restitu\u00e9 \u00e0 la soci\u00e9t\u00e9 de location de voitures turbo plus dans le m\u00eame \u00e9tat \u00e0 la fin de la p\u00e9riode de location (y compris tous les accessoires).<\/p>\n<p>Turbo Plus Car Rental se r\u00e9serve le droit de reprendre le v\u00e9hicule \u00e0 tout moment si le locataire enfreint les conditions g\u00e9n\u00e9rales de la soci\u00e9t\u00e9.<\/p>\n<p>Turbo Plus Rent A Car LLC n&rsquo;est pas responsable de la perte de bagages.<\/p>\n<p>Turbo Plus Rent A Car LLC se r\u00e9serve le droit de modifier ses conditions g\u00e9n\u00e9rales sans pr\u00e9avis.<\/p>\n<p><strong>Limites g\u00e9ographiques<\/strong><\/p>\n<p>Les v\u00e9hicules lou\u00e9s par Turbo Plus Rent A Car ne peuvent \u00eatre conduits qu&rsquo;\u00e0 l&rsquo;int\u00e9rieur des fronti\u00e8res g\u00e9ographiques des \u00c9mirats arabes unis.<\/p>\n<p><strong>Limites de kilom\u00e9trage<\/strong><\/p>\n<p>Location \u00e0 la journ\u00e9e \/ \u00e0 la semaine<\/p>\n<p>La distance journali\u00e8re autoris\u00e9e est de 200 kilom\u00e8tres. Ensuite, tout est factur\u00e9 (1-25 dirhams \/ km) en fonction du type de voiture.<\/p>\n<p><strong>Politique des carburants<\/strong><\/p>\n<p>Le v\u00e9hicule doit \u00eatre restitu\u00e9 apr\u00e8s la fin de la p\u00e9riode de location avec le m\u00eame niveau de carburant que celui avec lequel il a \u00e9t\u00e9 lou\u00e9. Des frais de carburant seront appliqu\u00e9s si le niveau de carburant est inf\u00e9rieur.<\/p>\n<p>Dommages et int\u00e9r\u00eats<\/p>\n<p>Le locataire est tenu de s&rsquo;assurer que les pneus sont correctement gonfl\u00e9s \u00e0 tout moment.<\/p>\n<p>Le locataire est tenu de veiller \u00e0 ce que le v\u00e9hicule et ses \u00e9quipements ne soient pas endommag\u00e9s ou manipul\u00e9s.<\/p>\n<p>Le locataire est tenu de veiller \u00e0 ce que le v\u00e9hicule soit propre, tant \u00e0 l&rsquo;int\u00e9rieur qu&rsquo;\u00e0 l&rsquo;ext\u00e9rieur.<\/p>\n<p>Le locataire est responsable de tous les frais de r\u00e9paration encourus pendant la p\u00e9riode de location.<\/p>\n<p>Le locataire n&rsquo;est pas autoris\u00e9 \u00e0 utiliser un service de r\u00e9paration d&rsquo;un tiers &#8211; et si le locataire tente de r\u00e9parer le v\u00e9hicule dans l&rsquo;agence ou le garage, le locataire se verra infliger une amende estim\u00e9e par Turbo Plus pour la location de voitures.<\/p>\n<p>En cas de dommage ou d&rsquo;accident, le locataire doit contacter la police (999) et la soci\u00e9t\u00e9 Turbo Plus Rent a Car (+971566668793).<\/p>\n<p>Le locataire doit obtenir un rapport de police pour tout dommage survenu pendant la p\u00e9riode de location.<\/p>\n<p><strong>P\u00e9riode de location et politique de retour<\/strong><\/p>\n<p>Les frais de location sont calcul\u00e9s sur une base de 24 heures<\/p>\n<p>Si la voiture est retourn\u00e9e apr\u00e8s l&rsquo;heure de livraison convenue \u00e0 partir de la date de retour, elle est consid\u00e9r\u00e9e comme un colis d&rsquo;une journ\u00e9e enti\u00e8re.<\/p>\n<p>L&rsquo;enregistrement n&rsquo;est pas effectu\u00e9 les vendredis et les jours f\u00e9ri\u00e9s.<\/p>\n<p>Pour le service de prise en charge \u00e0 la date de retour (\u00e0 Duba\u00ef), le locataire doit informer Turbo Plus Rent A Car LLC au moins 4 heures avant l&rsquo;heure de prise en charge.<\/p>\n<p>En ce qui concerne le service de prise en charge \u00e0 la date de retour (dans tous les autres \u00c9mirats), le locataire doit informer Turbo Plus Rent A Car LLC au moins 24 heures avant l&rsquo;heure de la prise en charge.<\/p>\n<p><strong>Paiements et autres frais<\/strong><\/p>\n<p><strong>D\u00e9p\u00f4t de garantie<\/strong><\/p>\n<p>Turbo Plus se charge de l&rsquo;entretien de la voiture de location. Un montant de garantie d\u00e9termin\u00e9 en fonction du type de voiture avant que le locataire ne re\u00e7oive la voiture.<\/p>\n<p>Les montants de l&rsquo;assurance peuvent varier en fonction de la cat\u00e9gorie de voiture choisie pour la location.<\/p>\n<p>Le montant sera conserv\u00e9 pendant une p\u00e9riode de 25 jours apr\u00e8s la date d&rsquo;enregistrement pour faire face aux amendes ou aux frais de Salik engag\u00e9s par le locataire.<\/p>\n<p><strong>Salik<\/strong><\/p>\n<p>Un montant de 5 AED est per\u00e7u pour chaque travers\u00e9e de Salik<\/p>\n<p>Les tarifs des p\u00e9ages de Salik peuvent \u00eatre modifi\u00e9s sans pr\u00e9avis.<\/p>\n<p>Une taxe de 5% sera appliqu\u00e9e aux frais de service de Turbo Plus Car Rental LLC.<\/p>\n<p><strong>Amendes<\/strong><\/p>\n<p>Le locataire supporte toutes les amendes commises pendant la p\u00e9riode de location.<\/p>\n<p>Les amendes inf\u00e9rieures \u00e0 200 dirhams entra\u00eenent des frais de service d&rsquo;au moins 20 dirhams.<\/p>\n<p>Une taxe sur la valeur ajout\u00e9e de 5 % s&rsquo;applique aux frais de service.<\/p>\n<p><strong>Service \/ maintenance<\/strong><\/p>\n<p>Tous les frais de location comprennent des frais de service p\u00e9riodiques<\/p>\n<p>Le locataire doit avertir Turbo Plus Rent A Car LLC au moins deux jours avant le prochain entretien.<\/p>\n<p>En cas de panne du v\u00e9hicule, Turbo Plus Rent A Car LLC fournira un v\u00e9hicule de remplacement dans les plus brefs d\u00e9lais.<\/p>\n<p>Le locataire est responsable des v\u00e9hicules qui n&rsquo;ont pas \u00e9t\u00e9 entretenus aux heures pr\u00e9vues et qui ont \u00e9t\u00e9 endommag\u00e9s.<\/p>\n<p>Le locataire supportera tous les co\u00fbts de la r\u00e9paration et la p\u00e9riode de location sera prolong\u00e9e pour couvrir le temps n\u00e9cessaire \u00e0 la r\u00e9paration des dommages.<\/p>\n<p>Le locataire n&rsquo;autorise aucun tiers \u00e0 r\u00e9parer le v\u00e9hicule de location sans l&rsquo;accord \u00e9crit de Turbo Plus Rent A Car LLC.<\/p>\n<p>Le locataire est responsable de la r\u00e9paration de toutes les crevaisons.<\/p>\n<p>L&rsquo;\u00e9quipe d&rsquo;inspection v\u00e9rifie que les pneus ne sont pas endommag\u00e9s par des crevaisons et une redevance est factur\u00e9e au locataire.<\/p>\n<p>Le locataire doit informer Turbo Plus Rent A Car LLC de tout dommage ou d\u00e9faillance m\u00e9canique. Le locataire sera responsable de tout dommage survenu en raison d&rsquo;une d\u00e9claration tardive.<\/p>\n<p>Le locataire prend en charge la totalit\u00e9 des frais de r\u00e9paration si le v\u00e9hicule est endommag\u00e9 en raison d&rsquo;une crevaison.<\/p>\n<p>Les probl\u00e8mes li\u00e9s \u00e0 l&rsquo;entretien ou aux pannes peuvent \u00eatre r\u00e9solus en appelant le +971566668793.<\/p>\n<p><strong>Assurance<\/strong><\/p>\n<p>Toute voiture lou\u00e9e aupr\u00e8s de Turbo Plus Rent a Car n&rsquo;est assur\u00e9e que pour la conduite sur les routes goudronn\u00e9es des \u00c9mirats arabes unis.<\/p>\n<p>En cas de dommage au v\u00e9hicule, un rapport de police doit \u00eatre obtenu du locataire, faute de quoi le locataire sera responsable de tous les co\u00fbts de r\u00e9paration du dommage.<\/p>\n<p>Les dommages caus\u00e9s au pare-brise, aux pneus, aux roues, aux outils et \u00e0 l&rsquo;enjoliveur ne sont pas couverts par l&rsquo;assurance.<\/p>\n<p><strong>Questions juridiques<\/strong><\/p>\n<p><strong>L&rsquo;\u00e2ge<\/strong><\/p>\n<p>Tous les locataires doivent \u00eatre \u00e2g\u00e9s d&rsquo;au moins 18 ans<\/p>\n<p><strong>Confiscation du v\u00e9hicule<\/strong><\/p>\n<p>Le locataire sera responsable du paiement des frais de r\u00e9servation \u00e0 Turbo Plus Rent A Car LLC en plus de la perte des frais de location au cas o\u00f9 la voiture serait saisie par le parking.<\/p>\n<p>Le locataire doit s&rsquo;assurer que la voiture de location est toujours gar\u00e9e dans un endroit s\u00fbr et s\u00e9curis\u00e9 et que toutes les portes sont ferm\u00e9es.<\/p>\n<p>Le locataire est responsable de tout dommage caus\u00e9 au v\u00e9hicule.<\/p>\n<p>Le locataire est responsable de la perte des cl\u00e9s.<\/p>\n<p>Le montant minimum de la perte de cl\u00e9 est de 2 000 AED &#8211; Les frais de perte de cl\u00e9 peuvent varier en fonction de la cat\u00e9gorie du v\u00e9hicule de location.<\/p>\n<p>Toute amende de stationnement encourue par le locataire lui sera impos\u00e9e, en plus des frais administratifs.<br><br>En cas d&rsquo;annulation de la r\u00e9servation de la voiture, des frais d&rsquo;annulation de 1000 AED seront appliqu\u00e9s.<br><\/p>\n<p><strong>Politique en mati\u00e8re de cookies<\/strong><\/p>\n<p><strong>&nbsp;Qu&rsquo;est-ce qu&rsquo;un biscuit ?<\/strong><\/p>\n<p>Un cookie est un fichier texte d&rsquo;identification unique<\/p>\n<p>Une s\u00e9rie d&rsquo;informations personnelles est automatiquement collect\u00e9e lorsque vous visitez notre site.<\/p>\n<p>Ces informations sont collect\u00e9es dans le but d&rsquo;am\u00e9liorer votre exp\u00e9rience en ligne<\/p>\n<p>En continuant \u00e0 utiliser ce site, vous acceptez notre politique en mati\u00e8re de cookies.<\/p>\n<p><strong>Quels sont les cookies que nous utilisons ?<\/strong><\/p>\n<p>Cookies de session<\/p>\n<p>Dossiers permanents<\/p>\n<p>Cibler les fichiers<\/p>\n<p>Fiches analytiques<\/p>\n<p>Marqueurs de pixels<\/p>\n<p>En outre, les balises Pixel peuvent \u00eatre utilis\u00e9es sur certaines pages web HTML et dans certains courriels.<\/p>\n<p>Les balises pixel permettent \u00e0 l&rsquo;entreprise de suivre le comportement des utilisateurs et de rechercher des donn\u00e9es sur les destinations populaires, les taux de location moyens, les taux de conversion, etc.<\/p>\n<p>Les marques Pixel nous aident \u00e0 fournir une meilleure exp\u00e9rience globale \u00e0 nos clients et \u00e0 nous assurer que nous cherchons toujours \u00e0 am\u00e9liorer nos services et nos services \u00e0 la client\u00e8le.<\/p>\n<p><strong>D\u00e9sactiver et supprimer les cookies<\/strong><\/p>\n<p>Si vous n&rsquo;avez pas le droit d&rsquo;utiliser nos cookies, vous avez la possibilit\u00e9 de les supprimer apr\u00e8s votre visite sur le site web via l&rsquo;onglet \u00ab\u00a0Historique de navigation\u00a0\u00bb.<\/p>\n<p>R\u00e9servation en ligne &#8211; conditions g\u00e9n\u00e9rales<\/p>\n<p>Les conditions de r\u00e9servation en ligne sont en vigueur \u00e0 partir du 01\/01\/2020.<\/p>\n<p>Confirmer la s\u00e9lection<\/p>\n<p>Apr\u00e8s avoir r\u00e9serv\u00e9 le service de son choix, le client sera invit\u00e9 \u00e0 remplir ses informations et \u00e0 v\u00e9rifier le r\u00e9capitulatif de sa r\u00e9servation.<\/p>\n<p>Acceptation d\u00e9finitive des termes et conditions de la r\u00e9servation<\/p>\n<p><strong>Notification<\/strong><\/p>\n<p>Turbo Plus Rent A Car LLC vous enverra un e-mail de confirmation comprenant tous les d\u00e9tails de la r\u00e9servation.<\/p>\n<p><strong>Courrier de confirmation<\/strong><\/p>\n<p>Le client recevra un message final de confirmation de la r\u00e9servation apr\u00e8s avoir effectu\u00e9 toutes les \u00e9tapes du processus.<\/p>\n<p>les prix<\/p>\n<p>Votre devis final de Turbo Plus Rent A Car LLC sera inclus<\/p>\n<p>Sur les \u00e9l\u00e9ments suivants :<\/p>\n<p>Tous les frais obligatoires, la taxe sur la valeur ajout\u00e9e et toute autre taxe applicable par les autorit\u00e9s gouvernementales, les kilom\u00e8tres inclus, l&rsquo;assurance responsabilit\u00e9 civile collision et l&rsquo;assurance contre le vol.<\/p>\n<p><strong>Paiements<\/strong><\/p>\n<p>Il existe deux modes de paiement :<\/p>\n<p><strong>1:<\/strong> &nbsp;R\u00e9server Payer maintenant<\/p>\n<p><strong>2:<\/strong> &nbsp;R\u00e9server et payer au bureau<\/p>\n<p>R\u00e9server et payer maintenant indiquer le pr\u00e9paiement par virement bancaire sur le compte de l&rsquo;entreprise<\/p>\n<p>Les tarifs pr\u00e9pay\u00e9s seront disponibles en ligne<\/p>\n<p>Le montant estim\u00e9 doit \u00eatre pay\u00e9 en totalit\u00e9 au moment de la r\u00e9servation.<\/p>\n<p>La r\u00e9servation et le paiement par l&rsquo;entreprise se r\u00e9f\u00e8rent au paiement directement \u00e0 la succursale de Turbo Plus Rent A Car LLC.<\/p>\n<p><strong>Modes de paiement<\/strong><\/p>\n<p>Le paiement peut \u00eatre effectu\u00e9 par les m\u00e9thodes suivantes :<\/p>\n<p>Cartes de cr\u00e9dit &#8211; Les cartes de cr\u00e9dit g\u00e9n\u00e9ralement accept\u00e9es chez Turbo Plus Rent A Car LLC sont Mastercard et Visa.<\/p>\n<p>Cartes de d\u00e9bit &#8211; Les cartes de d\u00e9bit doivent \u00eatre li\u00e9es \u00e0 un compte bancaire pour \u00eatre accept\u00e9es.<\/p>\n<p>Cartes Maestro<\/p>\n<p>Cartes Visa Electron<\/p>\n<p><strong>D\u00e9p\u00f4t d&rsquo;assurance<\/strong><\/p>\n<p>Le d\u00e9p\u00f4t de garantie est un montant qui s&rsquo;ajoute au prix total du loyer.<\/p>\n<p>Le locataire sera inform\u00e9 de la forme exacte de la caution<\/p>\n<p>Le d\u00e9p\u00f4t permet \u00e0 la soci\u00e9t\u00e9 de location Turbo Plus d&rsquo;obtenir la s\u00e9curit\u00e9 et la protection de l&rsquo;autorisation avant le d\u00e9but de la p\u00e9riode de location.<\/p>\n<p>Le montant du d\u00e9p\u00f4t requis varie en fonction de la cat\u00e9gorie de v\u00e9hicule choisie<\/p>\n<p>Le d\u00e9p\u00f4t de garantie reste en place pendant toute la dur\u00e9e de la location.<\/p>\n<p>La caution doit \u00eatre restitu\u00e9e au locataire dans un d\u00e9lai maximum de 30 jours \u00e0 compter de la date de restitution du v\u00e9hicule.<\/p>\n<p>Au moment de l&rsquo;enregistrement, tous les paiements doivent \u00eatre r\u00e9gl\u00e9s<\/p>\n<p><strong>Autres demandes<\/strong><\/p>\n<p>Si vous avez besoin de plus d&rsquo;informations, vous pouvez contacter le centre de r\u00e9servation Turbo Plus pour Rent A Car LLC. Nous sommes heureux de r\u00e9pondre \u00e0 toutes les questions (+971566668793)<\/p>\n<p><strong>Autres conditions g\u00e9n\u00e9rales<\/strong><\/p>\n<p>Si le locataire est un touriste et qu&rsquo;il est titulaire d&rsquo;un permis de conduire d&rsquo;un pays approuv\u00e9 par les \u00c9mirats arabes unis, il doit signer un contrat stipulant ce qui suit : Lorsque le locataire obtient la r\u00e9sidence aux \u00c9mirats arabes unis, il doit changer son permis pour un permis des \u00c9mirats arabes unis, et le locataire s&rsquo;engage \u00e9galement \u00e0 le faire. Toutefois, il est ill\u00e9gal de conduire dans les \u00c9mirats arabes unis avec un permis de conduire d\u00e9livr\u00e9 \u00e0 l&rsquo;\u00e9tranger une fois que l&rsquo;on a obtenu le statut de r\u00e9sident.<\/p>\n<p>Tout accident ou dommage caus\u00e9 \u00e0 la voiture de location par un conducteur sous l&rsquo;influence de l&rsquo;alcool ou d&rsquo;une drogue quelconque entra\u00eene l&rsquo;enti\u00e8re responsabilit\u00e9 du locataire.<\/p>\n<p>Le loueur doit s&rsquo;assurer que seuls les conducteurs dont les noms ont \u00e9t\u00e9 inscrits dans le contrat sont autoris\u00e9s \u00e0 conduire le v\u00e9hicule.<\/p>\n<p>Le locataire n&rsquo;est pas autoris\u00e9 \u00e0 colorer les vitres de la voiture ni \u00e0 y apposer ses propres autocollants. Une amende sera impos\u00e9e pour ces violations par Turbo Plus Rent A Car LLC et le locataire sera enti\u00e8rement responsable des p\u00e9nalit\u00e9s impos\u00e9es par le gouvernement.<\/p>\n<p>Tous les litiges et contestations relatifs \u00e0 la facturation, aux comptes et aux litiges relatifs \u00e0 la maintenance et aux services sont trait\u00e9s par : info@turboplus.ae<\/p>\n<\/div>\n<\/div>\n<\/div>\n<\/div>\n<\/div>\n<\/div>\t\t\t\t\t\t\t\t<\/div>\n\t\t\t\t<\/div>\n\t\t\t\t\t<\/div>\n\t\t\t\t<\/div>\n\t\t\t\t<\/div>\n\t\t","protected":false},"excerpt":{"rendered":"<p>Conditions g\u00e9n\u00e9rales d&rsquo;utilisation Responsabilit\u00e9s Le locataire d\u00e9clare remettre le v\u00e9hicule choisi en bon \u00e9tat. Le locataire comprend et reconna\u00eet \u00e9galement que le v\u00e9hicule sera restitu\u00e9 \u00e0 la soci\u00e9t\u00e9 de location de voitures turbo plus dans le m\u00eame \u00e9tat \u00e0 la fin de la p\u00e9riode de location (y compris tous les accessoires). Turbo Plus Car Rental [&hellip;]<\/p>\n","protected":false},"author":1,"featured_media":0,"parent":0,"menu_order":0,"comment_status":"closed","ping_status":"closed","template":"elementor_header_footer","meta":{"_acf_changed":false,"footnotes":""},"class_list":["post-7770","page","type-page","status-publish","hentry"],"acf":[],"yoast_head":"<!-- This site is optimized with the Yoast SEO plugin v27.4 - https:\/\/yoast.com\/product\/yoast-seo-wordpress\/ -->\n<title>Conditions g\u00e9n\u00e9rales d&#039;utilisation - Fastlane<\/title>\n<meta name=\"robots\" content=\"index, follow, max-snippet:-1, max-image-preview:large, max-video-preview:-1\" \/>\n<link rel=\"canonical\" href=\"https:\/\/fastlanerentacar.com\/fr\/conditions-generales-dutilisation\/\" \/>\n<meta property=\"og:locale\" content=\"fr_FR\" \/>\n<meta property=\"og:type\" content=\"article\" \/>\n<meta property=\"og:title\" content=\"Conditions g\u00e9n\u00e9rales d&#039;utilisation - Fastlane\" \/>\n<meta property=\"og:description\" content=\"Conditions g\u00e9n\u00e9rales d&rsquo;utilisation Responsabilit\u00e9s Le locataire d\u00e9clare remettre le v\u00e9hicule choisi en bon \u00e9tat. Le locataire comprend et reconna\u00eet \u00e9galement que le v\u00e9hicule sera restitu\u00e9 \u00e0 la soci\u00e9t\u00e9 de location de voitures turbo plus dans le m\u00eame \u00e9tat \u00e0 la fin de la p\u00e9riode de location (y compris tous les accessoires). Turbo Plus Car Rental [&hellip;]\" \/>\n<meta property=\"og:url\" content=\"https:\/\/fastlanerentacar.com\/fr\/conditions-generales-dutilisation\/\" \/>\n<meta property=\"og:site_name\" content=\"Fastlane\" \/>\n<meta property=\"article:modified_time\" content=\"2025-05-07T17:22:32+00:00\" \/>\n<meta property=\"og:image\" content=\"https:\/\/fastlanerentacar.com\/wp-content\/uploads\/logo3.png\" \/>\n\t<meta property=\"og:image:width\" content=\"657\" \/>\n\t<meta property=\"og:image:height\" content=\"54\" \/>\n\t<meta property=\"og:image:type\" content=\"image\/png\" \/>\n<meta name=\"twitter:card\" content=\"summary_large_image\" \/>\n<meta name=\"twitter:label1\" content=\"Dur\u00e9e de lecture estim\u00e9e\" \/>\n\t<meta name=\"twitter:data1\" content=\"10 minutes\" \/>\n<script type=\"application\/ld+json\" class=\"yoast-schema-graph\">{\"@context\":\"https:\\\/\\\/schema.org\",\"@graph\":[{\"@type\":\"WebPage\",\"@id\":\"https:\\\/\\\/fastlanerentacar.com\\\/fr\\\/conditions-generales-dutilisation\\\/\",\"url\":\"https:\\\/\\\/fastlanerentacar.com\\\/fr\\\/conditions-generales-dutilisation\\\/\",\"name\":\"Conditions g\u00e9n\u00e9rales d'utilisation - Fastlane\",\"isPartOf\":{\"@id\":\"https:\\\/\\\/fastlanerentacar.com\\\/#website\"},\"datePublished\":\"2023-08-04T09:43:43+00:00\",\"dateModified\":\"2025-05-07T17:22:32+00:00\",\"breadcrumb\":{\"@id\":\"https:\\\/\\\/fastlanerentacar.com\\\/fr\\\/conditions-generales-dutilisation\\\/#breadcrumb\"},\"inLanguage\":\"fr-FR\",\"potentialAction\":[{\"@type\":\"ReadAction\",\"target\":[\"https:\\\/\\\/fastlanerentacar.com\\\/fr\\\/conditions-generales-dutilisation\\\/\"]}]},{\"@type\":\"BreadcrumbList\",\"@id\":\"https:\\\/\\\/fastlanerentacar.com\\\/fr\\\/conditions-generales-dutilisation\\\/#breadcrumb\",\"itemListElement\":[{\"@type\":\"ListItem\",\"position\":1,\"name\":\"Home\",\"item\":\"https:\\\/\\\/fastlanerentacar.com\\\/fr\\\/accueil\\\/\"},{\"@type\":\"ListItem\",\"position\":2,\"name\":\"Conditions g\u00e9n\u00e9rales d&#8217;utilisation\"}]},{\"@type\":\"WebSite\",\"@id\":\"https:\\\/\\\/fastlanerentacar.com\\\/#website\",\"url\":\"https:\\\/\\\/fastlanerentacar.com\\\/\",\"name\":\"Fastlane\",\"description\":\"\",\"publisher\":{\"@id\":\"https:\\\/\\\/fastlanerentacar.com\\\/#organization\"},\"potentialAction\":[{\"@type\":\"SearchAction\",\"target\":{\"@type\":\"EntryPoint\",\"urlTemplate\":\"https:\\\/\\\/fastlanerentacar.com\\\/?s={search_term_string}\"},\"query-input\":{\"@type\":\"PropertyValueSpecification\",\"valueRequired\":true,\"valueName\":\"search_term_string\"}}],\"inLanguage\":\"fr-FR\"},{\"@type\":\"Organization\",\"@id\":\"https:\\\/\\\/fastlanerentacar.com\\\/#organization\",\"name\":\"Fastlane\",\"url\":\"https:\\\/\\\/fastlanerentacar.com\\\/\",\"logo\":{\"@type\":\"ImageObject\",\"inLanguage\":\"fr-FR\",\"@id\":\"https:\\\/\\\/fastlanerentacar.com\\\/#\\\/schema\\\/logo\\\/image\\\/\",\"url\":\"https:\\\/\\\/fastlanerentacar.com\\\/wp-content\\\/uploads\\\/Asset-2@2x-8.png\",\"contentUrl\":\"https:\\\/\\\/fastlanerentacar.com\\\/wp-content\\\/uploads\\\/Asset-2@2x-8.png\",\"width\":1641,\"height\":316,\"caption\":\"Fastlane\"},\"image\":{\"@id\":\"https:\\\/\\\/fastlanerentacar.com\\\/#\\\/schema\\\/logo\\\/image\\\/\"}}]}<\/script>\n<!-- \/ Yoast SEO plugin. -->","yoast_head_json":{"title":"Conditions g\u00e9n\u00e9rales d'utilisation - Fastlane","robots":{"index":"index","follow":"follow","max-snippet":"max-snippet:-1","max-image-preview":"max-image-preview:large","max-video-preview":"max-video-preview:-1"},"canonical":"https:\/\/fastlanerentacar.com\/fr\/conditions-generales-dutilisation\/","og_locale":"fr_FR","og_type":"article","og_title":"Conditions g\u00e9n\u00e9rales d'utilisation - Fastlane","og_description":"Conditions g\u00e9n\u00e9rales d&rsquo;utilisation Responsabilit\u00e9s Le locataire d\u00e9clare remettre le v\u00e9hicule choisi en bon \u00e9tat. Le locataire comprend et reconna\u00eet \u00e9galement que le v\u00e9hicule sera restitu\u00e9 \u00e0 la soci\u00e9t\u00e9 de location de voitures turbo plus dans le m\u00eame \u00e9tat \u00e0 la fin de la p\u00e9riode de location (y compris tous les accessoires). Turbo Plus Car Rental [&hellip;]","og_url":"https:\/\/fastlanerentacar.com\/fr\/conditions-generales-dutilisation\/","og_site_name":"Fastlane","article_modified_time":"2025-05-07T17:22:32+00:00","og_image":[{"width":657,"height":54,"url":"https:\/\/fastlanerentacar.com\/wp-content\/uploads\/logo3.png","type":"image\/png"}],"twitter_card":"summary_large_image","twitter_misc":{"Dur\u00e9e de lecture estim\u00e9e":"10 minutes"},"schema":{"@context":"https:\/\/schema.org","@graph":[{"@type":"WebPage","@id":"https:\/\/fastlanerentacar.com\/fr\/conditions-generales-dutilisation\/","url":"https:\/\/fastlanerentacar.com\/fr\/conditions-generales-dutilisation\/","name":"Conditions g\u00e9n\u00e9rales d'utilisation - Fastlane","isPartOf":{"@id":"https:\/\/fastlanerentacar.com\/#website"},"datePublished":"2023-08-04T09:43:43+00:00","dateModified":"2025-05-07T17:22:32+00:00","breadcrumb":{"@id":"https:\/\/fastlanerentacar.com\/fr\/conditions-generales-dutilisation\/#breadcrumb"},"inLanguage":"fr-FR","potentialAction":[{"@type":"ReadAction","target":["https:\/\/fastlanerentacar.com\/fr\/conditions-generales-dutilisation\/"]}]},{"@type":"BreadcrumbList","@id":"https:\/\/fastlanerentacar.com\/fr\/conditions-generales-dutilisation\/#breadcrumb","itemListElement":[{"@type":"ListItem","position":1,"name":"Home","item":"https:\/\/fastlanerentacar.com\/fr\/accueil\/"},{"@type":"ListItem","position":2,"name":"Conditions g\u00e9n\u00e9rales d&#8217;utilisation"}]},{"@type":"WebSite","@id":"https:\/\/fastlanerentacar.com\/#website","url":"https:\/\/fastlanerentacar.com\/","name":"Fastlane","description":"","publisher":{"@id":"https:\/\/fastlanerentacar.com\/#organization"},"potentialAction":[{"@type":"SearchAction","target":{"@type":"EntryPoint","urlTemplate":"https:\/\/fastlanerentacar.com\/?s={search_term_string}"},"query-input":{"@type":"PropertyValueSpecification","valueRequired":true,"valueName":"search_term_string"}}],"inLanguage":"fr-FR"},{"@type":"Organization","@id":"https:\/\/fastlanerentacar.com\/#organization","name":"Fastlane","url":"https:\/\/fastlanerentacar.com\/","logo":{"@type":"ImageObject","inLanguage":"fr-FR","@id":"https:\/\/fastlanerentacar.com\/#\/schema\/logo\/image\/","url":"https:\/\/fastlanerentacar.com\/wp-content\/uploads\/Asset-2@2x-8.png","contentUrl":"https:\/\/fastlanerentacar.com\/wp-content\/uploads\/Asset-2@2x-8.png","width":1641,"height":316,"caption":"Fastlane"},"image":{"@id":"https:\/\/fastlanerentacar.com\/#\/schema\/logo\/image\/"}}]}},"_links":{"self":[{"href":"https:\/\/fastlanerentacar.com\/fr\/wp-json\/wp\/v2\/pages\/7770","targetHints":{"allow":["GET"]}}],"collection":[{"href":"https:\/\/fastlanerentacar.com\/fr\/wp-json\/wp\/v2\/pages"}],"about":[{"href":"https:\/\/fastlanerentacar.com\/fr\/wp-json\/wp\/v2\/types\/page"}],"author":[{"embeddable":true,"href":"https:\/\/fastlanerentacar.com\/fr\/wp-json\/wp\/v2\/users\/1"}],"replies":[{"embeddable":true,"href":"https:\/\/fastlanerentacar.com\/fr\/wp-json\/wp\/v2\/comments?post=7770"}],"version-history":[{"count":2,"href":"https:\/\/fastlanerentacar.com\/fr\/wp-json\/wp\/v2\/pages\/7770\/revisions"}],"predecessor-version":[{"id":62955,"href":"https:\/\/fastlanerentacar.com\/fr\/wp-json\/wp\/v2\/pages\/7770\/revisions\/62955"}],"wp:attachment":[{"href":"https:\/\/fastlanerentacar.com\/fr\/wp-json\/wp\/v2\/media?parent=7770"}],"curies":[{"name":"wp","href":"https:\/\/api.w.org\/{rel}","templated":true}]}}