{"id":34840,"date":"2023-08-18T14:37:53","date_gmt":"2023-08-18T14:37:53","guid":{"rendered":"https:\/\/turboplus.digitality-agency.com\/product\/louer-volkswagen-tiguan-noir-2021-a-dubai\/"},"modified":"2023-10-18T09:57:41","modified_gmt":"2023-10-18T09:57:41","slug":"rent-volkswagen-tiguan-black-2021-in-dubai","status":"publish","type":"product","link":"https:\/\/fastlanerentacar.com\/fr\/product\/rent-volkswagen-tiguan-black-2021-in-dubai\/","title":{"rendered":"Louer Volkswagen Tiguan (Noir), 2021 \u00e0 Dubai"},"content":{"rendered":"","protected":false},"excerpt":{"rendered":"<p>Vous pouvez louer Volkswagen Tiguan (Noir), 2021 \u00e0 Dubai, UAE pour le prix suivant \u20ac 150.25 par jour ou \u20ac 3,005 par mois. Le co\u00fbt de la location comprend l&rsquo;assurance de base et la limite de kilom\u00e9trage standard de 250 km\/jour (avec des frais de d\u00e9passement de 5,01 \u20ac par km suppl\u00e9mentaire). Un d\u00e9p\u00f4t de garantie de 751,27 \u20ac est demand\u00e9. N&rsquo;attendez donc pas plus longtemps. Si vous souhaitez conduire cette voiture, contactez-nous d\u00e8s maintenant pour r\u00e9server ou pour toute autre question.<\/p>\n","protected":false},"featured_media":31629,"comment_status":"closed","ping_status":"closed","template":"","meta":{"_acf_changed":false},"product_brand":[],"product_cat":[387],"product_tag":[347],"class_list":{"0":"post-34840","1":"product","2":"type-product","3":"status-publish","4":"has-post-thumbnail","6":"product_cat-volkswagen-fr","7":"product_tag-suv-fr","8":"yith_booking_service-deposit-free","10":"first","11":"instock","12":"virtual","13":"sold-individually","14":"purchasable","15":"product-type-booking"},"acf":[],"yoast_head":"<!-- This site is optimized with the Yoast SEO plugin v27.4 - https:\/\/yoast.com\/product\/yoast-seo-wordpress\/ -->\n<title>Louer Volkswagen Tiguan (Noir), 2021 \u00e0 Dubai - Fastlane<\/title>\n<meta name=\"robots\" content=\"index, follow, max-snippet:-1, max-image-preview:large, max-video-preview:-1\" \/>\n<link rel=\"canonical\" href=\"https:\/\/fastlanerentacar.com\/fr\/produit\/rent-volkswagen-tiguan-black-2021-in-dubai\/\" \/>\n<meta property=\"og:locale\" content=\"fr_FR\" \/>\n<meta property=\"og:type\" content=\"article\" \/>\n<meta property=\"og:title\" content=\"Louer Volkswagen Tiguan (Noir), 2021 \u00e0 Dubai - Fastlane\" \/>\n<meta property=\"og:description\" content=\"Vous pouvez louer Volkswagen Tiguan (Noir), 2021 \u00e0 Dubai, UAE pour le prix suivant \u20ac 150.25 par jour ou \u20ac 3,005 par mois. Le co\u00fbt de la location comprend l&#039;assurance de base et la limite de kilom\u00e9trage standard de 250 km\/jour (avec des frais de d\u00e9passement de 5,01 \u20ac par km suppl\u00e9mentaire). Un d\u00e9p\u00f4t de garantie de 751,27 \u20ac est demand\u00e9. N&#039;attendez donc pas plus longtemps. Si vous souhaitez conduire cette voiture, contactez-nous d\u00e8s maintenant pour r\u00e9server ou pour toute autre question.\" \/>\n<meta property=\"og:url\" content=\"https:\/\/fastlanerentacar.com\/fr\/produit\/rent-volkswagen-tiguan-black-2021-in-dubai\/\" \/>\n<meta property=\"og:site_name\" content=\"Fastlane\" \/>\n<meta property=\"article:modified_time\" content=\"2023-10-18T09:57:41+00:00\" \/>\n<meta property=\"og:image\" content=\"https:\/\/i0.wp.com\/turboplusdxb.com\/wp-content\/uploads\/black_volkswagen-tiguan_2021Img1.webp?fit=1257%2C785&ssl=1\" \/>\n\t<meta property=\"og:image:width\" content=\"1257\" \/>\n\t<meta property=\"og:image:height\" content=\"785\" \/>\n\t<meta property=\"og:image:type\" content=\"image\/webp\" \/>\n<meta name=\"twitter:card\" content=\"summary_large_image\" \/>\n<script type=\"application\/ld+json\" class=\"yoast-schema-graph\">{\"@context\":\"https:\\\/\\\/schema.org\",\"@graph\":[{\"@type\":\"WebPage\",\"@id\":\"https:\\\/\\\/fastlanerentacar.com\\\/fr\\\/produit\\\/rent-volkswagen-tiguan-black-2021-in-dubai\\\/\",\"url\":\"https:\\\/\\\/fastlanerentacar.com\\\/fr\\\/produit\\\/rent-volkswagen-tiguan-black-2021-in-dubai\\\/\",\"name\":\"Louer Volkswagen Tiguan (Noir), 2021 \u00e0 Dubai - Fastlane\",\"isPartOf\":{\"@id\":\"https:\\\/\\\/fastlanerentacar.com\\\/#website\"},\"primaryImageOfPage\":{\"@id\":\"https:\\\/\\\/fastlanerentacar.com\\\/fr\\\/produit\\\/rent-volkswagen-tiguan-black-2021-in-dubai\\\/#primaryimage\"},\"image\":{\"@id\":\"https:\\\/\\\/fastlanerentacar.com\\\/fr\\\/produit\\\/rent-volkswagen-tiguan-black-2021-in-dubai\\\/#primaryimage\"},\"thumbnailUrl\":\"https:\\\/\\\/fastlanerentacar.com\\\/wp-content\\\/uploads\\\/black_volkswagen-tiguan_2021Img1.webp\",\"datePublished\":\"2023-08-18T14:37:53+00:00\",\"dateModified\":\"2023-10-18T09:57:41+00:00\",\"breadcrumb\":{\"@id\":\"https:\\\/\\\/fastlanerentacar.com\\\/fr\\\/produit\\\/rent-volkswagen-tiguan-black-2021-in-dubai\\\/#breadcrumb\"},\"inLanguage\":\"fr-FR\",\"potentialAction\":[{\"@type\":\"ReadAction\",\"target\":[\"https:\\\/\\\/fastlanerentacar.com\\\/fr\\\/produit\\\/rent-volkswagen-tiguan-black-2021-in-dubai\\\/\"]}]},{\"@type\":\"ImageObject\",\"inLanguage\":\"fr-FR\",\"@id\":\"https:\\\/\\\/fastlanerentacar.com\\\/fr\\\/produit\\\/rent-volkswagen-tiguan-black-2021-in-dubai\\\/#primaryimage\",\"url\":\"https:\\\/\\\/fastlanerentacar.com\\\/wp-content\\\/uploads\\\/black_volkswagen-tiguan_2021Img1.webp\",\"contentUrl\":\"https:\\\/\\\/fastlanerentacar.com\\\/wp-content\\\/uploads\\\/black_volkswagen-tiguan_2021Img1.webp\",\"width\":1257,\"height\":785},{\"@type\":\"BreadcrumbList\",\"@id\":\"https:\\\/\\\/fastlanerentacar.com\\\/fr\\\/produit\\\/rent-volkswagen-tiguan-black-2021-in-dubai\\\/#breadcrumb\",\"itemListElement\":[{\"@type\":\"ListItem\",\"position\":1,\"name\":\"Home\",\"item\":\"https:\\\/\\\/fastlanerentacar.com\\\/fr\\\/accueil\\\/\"},{\"@type\":\"ListItem\",\"position\":2,\"name\":\"Products\",\"item\":\"https:\\\/\\\/fastlanerentacar.com\\\/shop\\\/\"},{\"@type\":\"ListItem\",\"position\":3,\"name\":\"Louer Volkswagen Tiguan (Noir), 2021 \u00e0 Dubai\"}]},{\"@type\":\"WebSite\",\"@id\":\"https:\\\/\\\/fastlanerentacar.com\\\/#website\",\"url\":\"https:\\\/\\\/fastlanerentacar.com\\\/\",\"name\":\"Fastlane\",\"description\":\"\",\"publisher\":{\"@id\":\"https:\\\/\\\/fastlanerentacar.com\\\/#organization\"},\"potentialAction\":[{\"@type\":\"SearchAction\",\"target\":{\"@type\":\"EntryPoint\",\"urlTemplate\":\"https:\\\/\\\/fastlanerentacar.com\\\/?s={search_term_string}\"},\"query-input\":{\"@type\":\"PropertyValueSpecification\",\"valueRequired\":true,\"valueName\":\"search_term_string\"}}],\"inLanguage\":\"fr-FR\"},{\"@type\":\"Organization\",\"@id\":\"https:\\\/\\\/fastlanerentacar.com\\\/#organization\",\"name\":\"Fastlane\",\"url\":\"https:\\\/\\\/fastlanerentacar.com\\\/\",\"logo\":{\"@type\":\"ImageObject\",\"inLanguage\":\"fr-FR\",\"@id\":\"https:\\\/\\\/fastlanerentacar.com\\\/#\\\/schema\\\/logo\\\/image\\\/\",\"url\":\"https:\\\/\\\/fastlanerentacar.com\\\/wp-content\\\/uploads\\\/Asset-2@2x-8.png\",\"contentUrl\":\"https:\\\/\\\/fastlanerentacar.com\\\/wp-content\\\/uploads\\\/Asset-2@2x-8.png\",\"width\":1641,\"height\":316,\"caption\":\"Fastlane\"},\"image\":{\"@id\":\"https:\\\/\\\/fastlanerentacar.com\\\/#\\\/schema\\\/logo\\\/image\\\/\"}}]}<\/script>\n<!-- \/ Yoast SEO plugin. -->","yoast_head_json":{"title":"Louer Volkswagen Tiguan (Noir), 2021 \u00e0 Dubai - Fastlane","robots":{"index":"index","follow":"follow","max-snippet":"max-snippet:-1","max-image-preview":"max-image-preview:large","max-video-preview":"max-video-preview:-1"},"canonical":"https:\/\/fastlanerentacar.com\/fr\/produit\/rent-volkswagen-tiguan-black-2021-in-dubai\/","og_locale":"fr_FR","og_type":"article","og_title":"Louer Volkswagen Tiguan (Noir), 2021 \u00e0 Dubai - Fastlane","og_description":"Vous pouvez louer Volkswagen Tiguan (Noir), 2021 \u00e0 Dubai, UAE pour le prix suivant \u20ac 150.25 par jour ou \u20ac 3,005 par mois. Le co\u00fbt de la location comprend l'assurance de base et la limite de kilom\u00e9trage standard de 250 km\/jour (avec des frais de d\u00e9passement de 5,01 \u20ac par km suppl\u00e9mentaire). Un d\u00e9p\u00f4t de garantie de 751,27 \u20ac est demand\u00e9. N'attendez donc pas plus longtemps. Si vous souhaitez conduire cette voiture, contactez-nous d\u00e8s maintenant pour r\u00e9server ou pour toute autre question.","og_url":"https:\/\/fastlanerentacar.com\/fr\/produit\/rent-volkswagen-tiguan-black-2021-in-dubai\/","og_site_name":"Fastlane","article_modified_time":"2023-10-18T09:57:41+00:00","og_image":[{"width":1257,"height":785,"url":"https:\/\/i0.wp.com\/turboplusdxb.com\/wp-content\/uploads\/black_volkswagen-tiguan_2021Img1.webp?fit=1257%2C785&ssl=1","type":"image\/webp"}],"twitter_card":"summary_large_image","schema":{"@context":"https:\/\/schema.org","@graph":[{"@type":"WebPage","@id":"https:\/\/fastlanerentacar.com\/fr\/produit\/rent-volkswagen-tiguan-black-2021-in-dubai\/","url":"https:\/\/fastlanerentacar.com\/fr\/produit\/rent-volkswagen-tiguan-black-2021-in-dubai\/","name":"Louer Volkswagen Tiguan (Noir), 2021 \u00e0 Dubai - Fastlane","isPartOf":{"@id":"https:\/\/fastlanerentacar.com\/#website"},"primaryImageOfPage":{"@id":"https:\/\/fastlanerentacar.com\/fr\/produit\/rent-volkswagen-tiguan-black-2021-in-dubai\/#primaryimage"},"image":{"@id":"https:\/\/fastlanerentacar.com\/fr\/produit\/rent-volkswagen-tiguan-black-2021-in-dubai\/#primaryimage"},"thumbnailUrl":"https:\/\/fastlanerentacar.com\/wp-content\/uploads\/black_volkswagen-tiguan_2021Img1.webp","datePublished":"2023-08-18T14:37:53+00:00","dateModified":"2023-10-18T09:57:41+00:00","breadcrumb":{"@id":"https:\/\/fastlanerentacar.com\/fr\/produit\/rent-volkswagen-tiguan-black-2021-in-dubai\/#breadcrumb"},"inLanguage":"fr-FR","potentialAction":[{"@type":"ReadAction","target":["https:\/\/fastlanerentacar.com\/fr\/produit\/rent-volkswagen-tiguan-black-2021-in-dubai\/"]}]},{"@type":"ImageObject","inLanguage":"fr-FR","@id":"https:\/\/fastlanerentacar.com\/fr\/produit\/rent-volkswagen-tiguan-black-2021-in-dubai\/#primaryimage","url":"https:\/\/fastlanerentacar.com\/wp-content\/uploads\/black_volkswagen-tiguan_2021Img1.webp","contentUrl":"https:\/\/fastlanerentacar.com\/wp-content\/uploads\/black_volkswagen-tiguan_2021Img1.webp","width":1257,"height":785},{"@type":"BreadcrumbList","@id":"https:\/\/fastlanerentacar.com\/fr\/produit\/rent-volkswagen-tiguan-black-2021-in-dubai\/#breadcrumb","itemListElement":[{"@type":"ListItem","position":1,"name":"Home","item":"https:\/\/fastlanerentacar.com\/fr\/accueil\/"},{"@type":"ListItem","position":2,"name":"Products","item":"https:\/\/fastlanerentacar.com\/shop\/"},{"@type":"ListItem","position":3,"name":"Louer Volkswagen Tiguan (Noir), 2021 \u00e0 Dubai"}]},{"@type":"WebSite","@id":"https:\/\/fastlanerentacar.com\/#website","url":"https:\/\/fastlanerentacar.com\/","name":"Fastlane","description":"","publisher":{"@id":"https:\/\/fastlanerentacar.com\/#organization"},"potentialAction":[{"@type":"SearchAction","target":{"@type":"EntryPoint","urlTemplate":"https:\/\/fastlanerentacar.com\/?s={search_term_string}"},"query-input":{"@type":"PropertyValueSpecification","valueRequired":true,"valueName":"search_term_string"}}],"inLanguage":"fr-FR"},{"@type":"Organization","@id":"https:\/\/fastlanerentacar.com\/#organization","name":"Fastlane","url":"https:\/\/fastlanerentacar.com\/","logo":{"@type":"ImageObject","inLanguage":"fr-FR","@id":"https:\/\/fastlanerentacar.com\/#\/schema\/logo\/image\/","url":"https:\/\/fastlanerentacar.com\/wp-content\/uploads\/Asset-2@2x-8.png","contentUrl":"https:\/\/fastlanerentacar.com\/wp-content\/uploads\/Asset-2@2x-8.png","width":1641,"height":316,"caption":"Fastlane"},"image":{"@id":"https:\/\/fastlanerentacar.com\/#\/schema\/logo\/image\/"}}]}},"_links":{"self":[{"href":"https:\/\/fastlanerentacar.com\/fr\/wp-json\/wp\/v2\/product\/34840","targetHints":{"allow":["GET"]}}],"collection":[{"href":"https:\/\/fastlanerentacar.com\/fr\/wp-json\/wp\/v2\/product"}],"about":[{"href":"https:\/\/fastlanerentacar.com\/fr\/wp-json\/wp\/v2\/types\/product"}],"replies":[{"embeddable":true,"href":"https:\/\/fastlanerentacar.com\/fr\/wp-json\/wp\/v2\/comments?post=34840"}],"wp:featuredmedia":[{"embeddable":true,"href":"https:\/\/fastlanerentacar.com\/fr\/wp-json\/wp\/v2\/media\/31629"}],"wp:attachment":[{"href":"https:\/\/fastlanerentacar.com\/fr\/wp-json\/wp\/v2\/media?parent=34840"}],"wp:term":[{"taxonomy":"product_brand","embeddable":true,"href":"https:\/\/fastlanerentacar.com\/fr\/wp-json\/wp\/v2\/product_brand?post=34840"},{"taxonomy":"product_cat","embeddable":true,"href":"https:\/\/fastlanerentacar.com\/fr\/wp-json\/wp\/v2\/product_cat?post=34840"},{"taxonomy":"product_tag","embeddable":true,"href":"https:\/\/fastlanerentacar.com\/fr\/wp-json\/wp\/v2\/product_tag?post=34840"}],"curies":[{"name":"wp","href":"https:\/\/api.w.org\/{rel}","templated":true}]}}