{"id":34873,"date":"2023-08-18T14:03:15","date_gmt":"2023-08-18T14:03:15","guid":{"rendered":"https:\/\/turboplus.digitality-agency.com\/product\/louer-range-rover-vogue-noir-2023-a-dubai\/"},"modified":"2023-10-18T09:58:58","modified_gmt":"2023-10-18T09:58:58","slug":"rent-range-rover-vogue-black-2023-in-dubai-3","status":"publish","type":"product","link":"https:\/\/fastlanerentacar.com\/fr\/product\/rent-range-rover-vogue-black-2023-in-dubai-3\/","title":{"rendered":"Louer Range Rover Vogue (Noir), 2023 \u00e0 Dubai"},"content":{"rendered":"","protected":false},"excerpt":{"rendered":"<p>Vous pouvez louer Range Rover Vogue (Black), 2023 \u00e0 Dubai, UAE pour le prix suivant \u20ac 500.59 par jour ou \u20ac 11,269 par mois. Le co\u00fbt de la location comprend l&rsquo;assurance de base et la limite de kilom\u00e9trage standard de 250 km\/jour (avec des frais de d\u00e9passement de 2,5 \u20ac par km suppl\u00e9mentaire). Un d\u00e9p\u00f4t de garantie de 751,27 \u20ac est demand\u00e9. N&rsquo;attendez donc pas plus longtemps. Si vous souhaitez conduire cette voiture, contactez-nous d\u00e8s maintenant pour r\u00e9server ou pour toute autre question.<\/p>\n","protected":false},"featured_media":31386,"comment_status":"closed","ping_status":"closed","template":"","meta":{"_acf_changed":false},"product_brand":[],"product_cat":[312],"product_tag":[347,273,143],"class_list":{"0":"post-34873","1":"product","2":"type-product","3":"status-publish","4":"has-post-thumbnail","6":"product_cat-range-rover-fr","7":"product_tag-suv-fr","8":"product_tag-voitures-de-fonction","9":"product_tag-luxury-cars-fr","10":"yith_booking_service-deposit-free","12":"first","13":"instock","14":"virtual","15":"sold-individually","16":"purchasable","17":"product-type-booking"},"acf":[],"yoast_head":"<!-- This site is optimized with the Yoast SEO plugin v25.0 - https:\/\/yoast.com\/wordpress\/plugins\/seo\/ -->\n<title>Louer Range Rover Vogue (Noir), 2023 \u00e0 Dubai - Fastlane<\/title>\n<meta name=\"robots\" content=\"index, follow, max-snippet:-1, max-image-preview:large, max-video-preview:-1\" \/>\n<link rel=\"canonical\" href=\"https:\/\/fastlanerentacar.com\/produit\/rent-range-rover-vogue-black-2023-in-dubai-3\/\" \/>\n<meta property=\"og:locale\" content=\"fr_FR\" \/>\n<meta property=\"og:type\" content=\"article\" \/>\n<meta property=\"og:title\" content=\"Louer Range Rover Vogue (Noir), 2023 \u00e0 Dubai - Fastlane\" \/>\n<meta property=\"og:description\" content=\"Vous pouvez louer Range Rover Vogue (Black), 2023 \u00e0 Dubai, UAE pour le prix suivant \u20ac 500.59 par jour ou \u20ac 11,269 par mois. Le co\u00fbt de la location comprend l&#039;assurance de base et la limite de kilom\u00e9trage standard de 250 km\/jour (avec des frais de d\u00e9passement de 2,5 \u20ac par km suppl\u00e9mentaire). Un d\u00e9p\u00f4t de garantie de 751,27 \u20ac est demand\u00e9. N&#039;attendez donc pas plus longtemps. Si vous souhaitez conduire cette voiture, contactez-nous d\u00e8s maintenant pour r\u00e9server ou pour toute autre question.\" \/>\n<meta property=\"og:url\" content=\"https:\/\/fastlanerentacar.com\/produit\/rent-range-rover-vogue-black-2023-in-dubai-3\/\" \/>\n<meta property=\"og:site_name\" content=\"Fastlane\" \/>\n<meta property=\"article:modified_time\" content=\"2023-10-18T09:58:58+00:00\" \/>\n<meta property=\"og:image\" content=\"https:\/\/i0.wp.com\/turboplusdxb.com\/wp-content\/uploads\/black_range-rover-vogue_2022Img1-I7VsXzMhu.webp?fit=932%2C582&ssl=1\" \/>\n\t<meta property=\"og:image:width\" content=\"932\" \/>\n\t<meta property=\"og:image:height\" content=\"582\" \/>\n\t<meta property=\"og:image:type\" content=\"image\/webp\" \/>\n<meta name=\"twitter:card\" content=\"summary_large_image\" \/>\n<script type=\"application\/ld+json\" class=\"yoast-schema-graph\">{\"@context\":\"https:\/\/schema.org\",\"@graph\":[{\"@type\":\"WebPage\",\"@id\":\"https:\/\/fastlanerentacar.com\/produit\/rent-range-rover-vogue-black-2023-in-dubai-3\/\",\"url\":\"https:\/\/fastlanerentacar.com\/produit\/rent-range-rover-vogue-black-2023-in-dubai-3\/\",\"name\":\"Louer Range Rover Vogue (Noir), 2023 \u00e0 Dubai - Fastlane\",\"isPartOf\":{\"@id\":\"https:\/\/fastlanerentacar.com\/#website\"},\"primaryImageOfPage\":{\"@id\":\"https:\/\/fastlanerentacar.com\/produit\/rent-range-rover-vogue-black-2023-in-dubai-3\/#primaryimage\"},\"image\":{\"@id\":\"https:\/\/fastlanerentacar.com\/produit\/rent-range-rover-vogue-black-2023-in-dubai-3\/#primaryimage\"},\"thumbnailUrl\":\"https:\/\/fastlanerentacar.com\/wp-content\/uploads\/black_range-rover-vogue_2022Img1-I7VsXzMhu.webp\",\"datePublished\":\"2023-08-18T14:03:15+00:00\",\"dateModified\":\"2023-10-18T09:58:58+00:00\",\"breadcrumb\":{\"@id\":\"https:\/\/fastlanerentacar.com\/produit\/rent-range-rover-vogue-black-2023-in-dubai-3\/#breadcrumb\"},\"inLanguage\":\"fr-FR\",\"potentialAction\":[{\"@type\":\"ReadAction\",\"target\":[\"https:\/\/fastlanerentacar.com\/produit\/rent-range-rover-vogue-black-2023-in-dubai-3\/\"]}]},{\"@type\":\"ImageObject\",\"inLanguage\":\"fr-FR\",\"@id\":\"https:\/\/fastlanerentacar.com\/produit\/rent-range-rover-vogue-black-2023-in-dubai-3\/#primaryimage\",\"url\":\"https:\/\/fastlanerentacar.com\/wp-content\/uploads\/black_range-rover-vogue_2022Img1-I7VsXzMhu.webp\",\"contentUrl\":\"https:\/\/fastlanerentacar.com\/wp-content\/uploads\/black_range-rover-vogue_2022Img1-I7VsXzMhu.webp\",\"width\":932,\"height\":582},{\"@type\":\"BreadcrumbList\",\"@id\":\"https:\/\/fastlanerentacar.com\/produit\/rent-range-rover-vogue-black-2023-in-dubai-3\/#breadcrumb\",\"itemListElement\":[{\"@type\":\"ListItem\",\"position\":1,\"name\":\"Home\",\"item\":\"https:\/\/fastlanerentacar.com\/fr\/accueil\/\"},{\"@type\":\"ListItem\",\"position\":2,\"name\":\"Products\",\"item\":\"https:\/\/fastlanerentacar.com\/shop\/\"},{\"@type\":\"ListItem\",\"position\":3,\"name\":\"Louer Range Rover Vogue (Noir), 2023 \u00e0 Dubai\"}]},{\"@type\":\"WebSite\",\"@id\":\"https:\/\/fastlanerentacar.com\/#website\",\"url\":\"https:\/\/fastlanerentacar.com\/\",\"name\":\"Fastlane\",\"description\":\"\",\"publisher\":{\"@id\":\"https:\/\/fastlanerentacar.com\/#organization\"},\"potentialAction\":[{\"@type\":\"SearchAction\",\"target\":{\"@type\":\"EntryPoint\",\"urlTemplate\":\"https:\/\/fastlanerentacar.com\/?s={search_term_string}\"},\"query-input\":{\"@type\":\"PropertyValueSpecification\",\"valueRequired\":true,\"valueName\":\"search_term_string\"}}],\"inLanguage\":\"fr-FR\"},{\"@type\":\"Organization\",\"@id\":\"https:\/\/fastlanerentacar.com\/#organization\",\"name\":\"Fastlane\",\"url\":\"https:\/\/fastlanerentacar.com\/\",\"logo\":{\"@type\":\"ImageObject\",\"inLanguage\":\"fr-FR\",\"@id\":\"https:\/\/fastlanerentacar.com\/#\/schema\/logo\/image\/\",\"url\":\"https:\/\/fastlanerentacar.com\/wp-content\/uploads\/Asset-2@2x-8.png\",\"contentUrl\":\"https:\/\/fastlanerentacar.com\/wp-content\/uploads\/Asset-2@2x-8.png\",\"width\":1641,\"height\":316,\"caption\":\"Fastlane\"},\"image\":{\"@id\":\"https:\/\/fastlanerentacar.com\/#\/schema\/logo\/image\/\"}}]}<\/script>\n<!-- \/ Yoast SEO plugin. -->","yoast_head_json":{"title":"Louer Range Rover Vogue (Noir), 2023 \u00e0 Dubai - Fastlane","robots":{"index":"index","follow":"follow","max-snippet":"max-snippet:-1","max-image-preview":"max-image-preview:large","max-video-preview":"max-video-preview:-1"},"canonical":"https:\/\/fastlanerentacar.com\/produit\/rent-range-rover-vogue-black-2023-in-dubai-3\/","og_locale":"fr_FR","og_type":"article","og_title":"Louer Range Rover Vogue (Noir), 2023 \u00e0 Dubai - Fastlane","og_description":"Vous pouvez louer Range Rover Vogue (Black), 2023 \u00e0 Dubai, UAE pour le prix suivant \u20ac 500.59 par jour ou \u20ac 11,269 par mois. Le co\u00fbt de la location comprend l'assurance de base et la limite de kilom\u00e9trage standard de 250 km\/jour (avec des frais de d\u00e9passement de 2,5 \u20ac par km suppl\u00e9mentaire). Un d\u00e9p\u00f4t de garantie de 751,27 \u20ac est demand\u00e9. N'attendez donc pas plus longtemps. Si vous souhaitez conduire cette voiture, contactez-nous d\u00e8s maintenant pour r\u00e9server ou pour toute autre question.","og_url":"https:\/\/fastlanerentacar.com\/produit\/rent-range-rover-vogue-black-2023-in-dubai-3\/","og_site_name":"Fastlane","article_modified_time":"2023-10-18T09:58:58+00:00","og_image":[{"width":932,"height":582,"url":"https:\/\/i0.wp.com\/turboplusdxb.com\/wp-content\/uploads\/black_range-rover-vogue_2022Img1-I7VsXzMhu.webp?fit=932%2C582&ssl=1","type":"image\/webp"}],"twitter_card":"summary_large_image","schema":{"@context":"https:\/\/schema.org","@graph":[{"@type":"WebPage","@id":"https:\/\/fastlanerentacar.com\/produit\/rent-range-rover-vogue-black-2023-in-dubai-3\/","url":"https:\/\/fastlanerentacar.com\/produit\/rent-range-rover-vogue-black-2023-in-dubai-3\/","name":"Louer Range Rover Vogue (Noir), 2023 \u00e0 Dubai - Fastlane","isPartOf":{"@id":"https:\/\/fastlanerentacar.com\/#website"},"primaryImageOfPage":{"@id":"https:\/\/fastlanerentacar.com\/produit\/rent-range-rover-vogue-black-2023-in-dubai-3\/#primaryimage"},"image":{"@id":"https:\/\/fastlanerentacar.com\/produit\/rent-range-rover-vogue-black-2023-in-dubai-3\/#primaryimage"},"thumbnailUrl":"https:\/\/fastlanerentacar.com\/wp-content\/uploads\/black_range-rover-vogue_2022Img1-I7VsXzMhu.webp","datePublished":"2023-08-18T14:03:15+00:00","dateModified":"2023-10-18T09:58:58+00:00","breadcrumb":{"@id":"https:\/\/fastlanerentacar.com\/produit\/rent-range-rover-vogue-black-2023-in-dubai-3\/#breadcrumb"},"inLanguage":"fr-FR","potentialAction":[{"@type":"ReadAction","target":["https:\/\/fastlanerentacar.com\/produit\/rent-range-rover-vogue-black-2023-in-dubai-3\/"]}]},{"@type":"ImageObject","inLanguage":"fr-FR","@id":"https:\/\/fastlanerentacar.com\/produit\/rent-range-rover-vogue-black-2023-in-dubai-3\/#primaryimage","url":"https:\/\/fastlanerentacar.com\/wp-content\/uploads\/black_range-rover-vogue_2022Img1-I7VsXzMhu.webp","contentUrl":"https:\/\/fastlanerentacar.com\/wp-content\/uploads\/black_range-rover-vogue_2022Img1-I7VsXzMhu.webp","width":932,"height":582},{"@type":"BreadcrumbList","@id":"https:\/\/fastlanerentacar.com\/produit\/rent-range-rover-vogue-black-2023-in-dubai-3\/#breadcrumb","itemListElement":[{"@type":"ListItem","position":1,"name":"Home","item":"https:\/\/fastlanerentacar.com\/fr\/accueil\/"},{"@type":"ListItem","position":2,"name":"Products","item":"https:\/\/fastlanerentacar.com\/shop\/"},{"@type":"ListItem","position":3,"name":"Louer Range Rover Vogue (Noir), 2023 \u00e0 Dubai"}]},{"@type":"WebSite","@id":"https:\/\/fastlanerentacar.com\/#website","url":"https:\/\/fastlanerentacar.com\/","name":"Fastlane","description":"","publisher":{"@id":"https:\/\/fastlanerentacar.com\/#organization"},"potentialAction":[{"@type":"SearchAction","target":{"@type":"EntryPoint","urlTemplate":"https:\/\/fastlanerentacar.com\/?s={search_term_string}"},"query-input":{"@type":"PropertyValueSpecification","valueRequired":true,"valueName":"search_term_string"}}],"inLanguage":"fr-FR"},{"@type":"Organization","@id":"https:\/\/fastlanerentacar.com\/#organization","name":"Fastlane","url":"https:\/\/fastlanerentacar.com\/","logo":{"@type":"ImageObject","inLanguage":"fr-FR","@id":"https:\/\/fastlanerentacar.com\/#\/schema\/logo\/image\/","url":"https:\/\/fastlanerentacar.com\/wp-content\/uploads\/Asset-2@2x-8.png","contentUrl":"https:\/\/fastlanerentacar.com\/wp-content\/uploads\/Asset-2@2x-8.png","width":1641,"height":316,"caption":"Fastlane"},"image":{"@id":"https:\/\/fastlanerentacar.com\/#\/schema\/logo\/image\/"}}]}},"_links":{"self":[{"href":"https:\/\/fastlanerentacar.com\/fr\/wp-json\/wp\/v2\/product\/34873","targetHints":{"allow":["GET"]}}],"collection":[{"href":"https:\/\/fastlanerentacar.com\/fr\/wp-json\/wp\/v2\/product"}],"about":[{"href":"https:\/\/fastlanerentacar.com\/fr\/wp-json\/wp\/v2\/types\/product"}],"replies":[{"embeddable":true,"href":"https:\/\/fastlanerentacar.com\/fr\/wp-json\/wp\/v2\/comments?post=34873"}],"wp:featuredmedia":[{"embeddable":true,"href":"https:\/\/fastlanerentacar.com\/fr\/wp-json\/wp\/v2\/media\/31386"}],"wp:attachment":[{"href":"https:\/\/fastlanerentacar.com\/fr\/wp-json\/wp\/v2\/media?parent=34873"}],"wp:term":[{"taxonomy":"product_brand","embeddable":true,"href":"https:\/\/fastlanerentacar.com\/fr\/wp-json\/wp\/v2\/product_brand?post=34873"},{"taxonomy":"product_cat","embeddable":true,"href":"https:\/\/fastlanerentacar.com\/fr\/wp-json\/wp\/v2\/product_cat?post=34873"},{"taxonomy":"product_tag","embeddable":true,"href":"https:\/\/fastlanerentacar.com\/fr\/wp-json\/wp\/v2\/product_tag?post=34873"}],"curies":[{"name":"wp","href":"https:\/\/api.w.org\/{rel}","templated":true}]}}