{"id":35406,"date":"2023-08-17T15:13:37","date_gmt":"2023-08-17T15:13:37","guid":{"rendered":"https:\/\/turboplus.digitality-agency.com\/product\/location-mercedes-gle-53-coupe-blanc-2023-a-dubai\/"},"modified":"2024-01-10T19:37:47","modified_gmt":"2024-01-10T19:37:47","slug":"rent-mercedes-gle-53-coupe-white-2023-in-dubai","status":"publish","type":"product","link":"https:\/\/fastlanerentacar.com\/fr\/product\/rent-mercedes-gle-53-coupe-white-2023-in-dubai\/","title":{"rendered":"Location MERCEDES GLE 53 COUPE (Blanc), 2023 \u00e0 Dubai"},"content":{"rendered":"","protected":false},"excerpt":{"rendered":"<p>Vous pouvez louer MERCEDES GLE 53 COUPE (White), 2023 \u00e0 Dubai, UAE pour le prix suivant \u20ac 250.46 par jour ou \u20ac 6,011 par mois. Le co\u00fbt de la location comprend l&rsquo;assurance de base et la limite de kilom\u00e9trage standard de 250 km\/jour (avec des frais de d\u00e9passement de 1,25 \u20ac par km suppl\u00e9mentaire). Un d\u00e9p\u00f4t de garantie de 626,14 \u20ac est demand\u00e9. N&rsquo;attendez donc pas plus longtemps. Si vous souhaitez conduire cette voiture, contactez-nous d\u00e8s maintenant pour r\u00e9server ou pour toute autre question.<\/p>\n","protected":false},"featured_media":28727,"comment_status":"closed","ping_status":"closed","template":"","meta":{"_acf_changed":false},"product_brand":[],"product_cat":[308],"product_tag":[347],"class_list":{"0":"post-35406","1":"product","2":"type-product","3":"status-publish","4":"has-post-thumbnail","6":"product_cat-mercedes-fr","7":"product_tag-suv-fr","8":"yith_booking_service-deposit-free","10":"first","11":"instock","12":"virtual","13":"sold-individually","14":"purchasable","15":"product-type-booking"},"acf":[],"yoast_head":"<!-- This site is optimized with the Yoast SEO plugin v27.4 - https:\/\/yoast.com\/product\/yoast-seo-wordpress\/ -->\n<title>Location MERCEDES GLE 53 COUPE (Blanc), 2023 \u00e0 Dubai - Fastlane<\/title>\n<meta name=\"robots\" content=\"index, follow, max-snippet:-1, max-image-preview:large, max-video-preview:-1\" \/>\n<link rel=\"canonical\" href=\"https:\/\/fastlanerentacar.com\/produit\/rent-mercedes-gle-53-coupe-white-2023-in-dubai\/\" \/>\n<meta property=\"og:locale\" content=\"fr_FR\" \/>\n<meta property=\"og:type\" content=\"article\" \/>\n<meta property=\"og:title\" content=\"Location MERCEDES GLE 53 COUPE (Blanc), 2023 \u00e0 Dubai - Fastlane\" \/>\n<meta property=\"og:description\" content=\"Vous pouvez louer MERCEDES GLE 53 COUPE (White), 2023 \u00e0 Dubai, UAE pour le prix suivant \u20ac 250.46 par jour ou \u20ac 6,011 par mois. Le co\u00fbt de la location comprend l&#039;assurance de base et la limite de kilom\u00e9trage standard de 250 km\/jour (avec des frais de d\u00e9passement de 1,25 \u20ac par km suppl\u00e9mentaire). Un d\u00e9p\u00f4t de garantie de 626,14 \u20ac est demand\u00e9. N&#039;attendez donc pas plus longtemps. Si vous souhaitez conduire cette voiture, contactez-nous d\u00e8s maintenant pour r\u00e9server ou pour toute autre question.\" \/>\n<meta property=\"og:url\" content=\"https:\/\/fastlanerentacar.com\/produit\/rent-mercedes-gle-53-coupe-white-2023-in-dubai\/\" \/>\n<meta property=\"og:site_name\" content=\"Fastlane\" \/>\n<meta property=\"article:modified_time\" content=\"2024-01-10T19:37:47+00:00\" \/>\n<meta property=\"og:image\" content=\"https:\/\/i0.wp.com\/turboplusdxb.com\/wp-content\/uploads\/white_mercedes-gle-coupe_2022Img1.webp?fit=1101%2C688&ssl=1\" \/>\n\t<meta property=\"og:image:width\" content=\"1101\" \/>\n\t<meta property=\"og:image:height\" content=\"688\" \/>\n\t<meta property=\"og:image:type\" content=\"image\/webp\" \/>\n<meta name=\"twitter:card\" content=\"summary_large_image\" \/>\n<script type=\"application\/ld+json\" class=\"yoast-schema-graph\">{\"@context\":\"https:\\\/\\\/schema.org\",\"@graph\":[{\"@type\":\"WebPage\",\"@id\":\"https:\\\/\\\/fastlanerentacar.com\\\/produit\\\/rent-mercedes-gle-53-coupe-white-2023-in-dubai\\\/\",\"url\":\"https:\\\/\\\/fastlanerentacar.com\\\/produit\\\/rent-mercedes-gle-53-coupe-white-2023-in-dubai\\\/\",\"name\":\"Location MERCEDES GLE 53 COUPE (Blanc), 2023 \u00e0 Dubai - Fastlane\",\"isPartOf\":{\"@id\":\"https:\\\/\\\/fastlanerentacar.com\\\/#website\"},\"primaryImageOfPage\":{\"@id\":\"https:\\\/\\\/fastlanerentacar.com\\\/produit\\\/rent-mercedes-gle-53-coupe-white-2023-in-dubai\\\/#primaryimage\"},\"image\":{\"@id\":\"https:\\\/\\\/fastlanerentacar.com\\\/produit\\\/rent-mercedes-gle-53-coupe-white-2023-in-dubai\\\/#primaryimage\"},\"thumbnailUrl\":\"https:\\\/\\\/fastlanerentacar.com\\\/wp-content\\\/uploads\\\/white_mercedes-gle-coupe_2022Img1.webp\",\"datePublished\":\"2023-08-17T15:13:37+00:00\",\"dateModified\":\"2024-01-10T19:37:47+00:00\",\"breadcrumb\":{\"@id\":\"https:\\\/\\\/fastlanerentacar.com\\\/produit\\\/rent-mercedes-gle-53-coupe-white-2023-in-dubai\\\/#breadcrumb\"},\"inLanguage\":\"fr-FR\",\"potentialAction\":[{\"@type\":\"ReadAction\",\"target\":[\"https:\\\/\\\/fastlanerentacar.com\\\/produit\\\/rent-mercedes-gle-53-coupe-white-2023-in-dubai\\\/\"]}]},{\"@type\":\"ImageObject\",\"inLanguage\":\"fr-FR\",\"@id\":\"https:\\\/\\\/fastlanerentacar.com\\\/produit\\\/rent-mercedes-gle-53-coupe-white-2023-in-dubai\\\/#primaryimage\",\"url\":\"https:\\\/\\\/fastlanerentacar.com\\\/wp-content\\\/uploads\\\/white_mercedes-gle-coupe_2022Img1.webp\",\"contentUrl\":\"https:\\\/\\\/fastlanerentacar.com\\\/wp-content\\\/uploads\\\/white_mercedes-gle-coupe_2022Img1.webp\",\"width\":1101,\"height\":688},{\"@type\":\"BreadcrumbList\",\"@id\":\"https:\\\/\\\/fastlanerentacar.com\\\/produit\\\/rent-mercedes-gle-53-coupe-white-2023-in-dubai\\\/#breadcrumb\",\"itemListElement\":[{\"@type\":\"ListItem\",\"position\":1,\"name\":\"Home\",\"item\":\"https:\\\/\\\/fastlanerentacar.com\\\/fr\\\/accueil\\\/\"},{\"@type\":\"ListItem\",\"position\":2,\"name\":\"Products\",\"item\":\"https:\\\/\\\/fastlanerentacar.com\\\/shop\\\/\"},{\"@type\":\"ListItem\",\"position\":3,\"name\":\"Location MERCEDES GLE 53 COUPE (Blanc), 2023 \u00e0 Dubai\"}]},{\"@type\":\"WebSite\",\"@id\":\"https:\\\/\\\/fastlanerentacar.com\\\/#website\",\"url\":\"https:\\\/\\\/fastlanerentacar.com\\\/\",\"name\":\"Fastlane\",\"description\":\"\",\"publisher\":{\"@id\":\"https:\\\/\\\/fastlanerentacar.com\\\/#organization\"},\"potentialAction\":[{\"@type\":\"SearchAction\",\"target\":{\"@type\":\"EntryPoint\",\"urlTemplate\":\"https:\\\/\\\/fastlanerentacar.com\\\/?s={search_term_string}\"},\"query-input\":{\"@type\":\"PropertyValueSpecification\",\"valueRequired\":true,\"valueName\":\"search_term_string\"}}],\"inLanguage\":\"fr-FR\"},{\"@type\":\"Organization\",\"@id\":\"https:\\\/\\\/fastlanerentacar.com\\\/#organization\",\"name\":\"Fastlane\",\"url\":\"https:\\\/\\\/fastlanerentacar.com\\\/\",\"logo\":{\"@type\":\"ImageObject\",\"inLanguage\":\"fr-FR\",\"@id\":\"https:\\\/\\\/fastlanerentacar.com\\\/#\\\/schema\\\/logo\\\/image\\\/\",\"url\":\"https:\\\/\\\/fastlanerentacar.com\\\/wp-content\\\/uploads\\\/Asset-2@2x-8.png\",\"contentUrl\":\"https:\\\/\\\/fastlanerentacar.com\\\/wp-content\\\/uploads\\\/Asset-2@2x-8.png\",\"width\":1641,\"height\":316,\"caption\":\"Fastlane\"},\"image\":{\"@id\":\"https:\\\/\\\/fastlanerentacar.com\\\/#\\\/schema\\\/logo\\\/image\\\/\"}}]}<\/script>\n<!-- \/ Yoast SEO plugin. -->","yoast_head_json":{"title":"Location MERCEDES GLE 53 COUPE (Blanc), 2023 \u00e0 Dubai - Fastlane","robots":{"index":"index","follow":"follow","max-snippet":"max-snippet:-1","max-image-preview":"max-image-preview:large","max-video-preview":"max-video-preview:-1"},"canonical":"https:\/\/fastlanerentacar.com\/produit\/rent-mercedes-gle-53-coupe-white-2023-in-dubai\/","og_locale":"fr_FR","og_type":"article","og_title":"Location MERCEDES GLE 53 COUPE (Blanc), 2023 \u00e0 Dubai - Fastlane","og_description":"Vous pouvez louer MERCEDES GLE 53 COUPE (White), 2023 \u00e0 Dubai, UAE pour le prix suivant \u20ac 250.46 par jour ou \u20ac 6,011 par mois. Le co\u00fbt de la location comprend l'assurance de base et la limite de kilom\u00e9trage standard de 250 km\/jour (avec des frais de d\u00e9passement de 1,25 \u20ac par km suppl\u00e9mentaire). Un d\u00e9p\u00f4t de garantie de 626,14 \u20ac est demand\u00e9. N'attendez donc pas plus longtemps. Si vous souhaitez conduire cette voiture, contactez-nous d\u00e8s maintenant pour r\u00e9server ou pour toute autre question.","og_url":"https:\/\/fastlanerentacar.com\/produit\/rent-mercedes-gle-53-coupe-white-2023-in-dubai\/","og_site_name":"Fastlane","article_modified_time":"2024-01-10T19:37:47+00:00","og_image":[{"width":1101,"height":688,"url":"https:\/\/i0.wp.com\/turboplusdxb.com\/wp-content\/uploads\/white_mercedes-gle-coupe_2022Img1.webp?fit=1101%2C688&ssl=1","type":"image\/webp"}],"twitter_card":"summary_large_image","schema":{"@context":"https:\/\/schema.org","@graph":[{"@type":"WebPage","@id":"https:\/\/fastlanerentacar.com\/produit\/rent-mercedes-gle-53-coupe-white-2023-in-dubai\/","url":"https:\/\/fastlanerentacar.com\/produit\/rent-mercedes-gle-53-coupe-white-2023-in-dubai\/","name":"Location MERCEDES GLE 53 COUPE (Blanc), 2023 \u00e0 Dubai - Fastlane","isPartOf":{"@id":"https:\/\/fastlanerentacar.com\/#website"},"primaryImageOfPage":{"@id":"https:\/\/fastlanerentacar.com\/produit\/rent-mercedes-gle-53-coupe-white-2023-in-dubai\/#primaryimage"},"image":{"@id":"https:\/\/fastlanerentacar.com\/produit\/rent-mercedes-gle-53-coupe-white-2023-in-dubai\/#primaryimage"},"thumbnailUrl":"https:\/\/fastlanerentacar.com\/wp-content\/uploads\/white_mercedes-gle-coupe_2022Img1.webp","datePublished":"2023-08-17T15:13:37+00:00","dateModified":"2024-01-10T19:37:47+00:00","breadcrumb":{"@id":"https:\/\/fastlanerentacar.com\/produit\/rent-mercedes-gle-53-coupe-white-2023-in-dubai\/#breadcrumb"},"inLanguage":"fr-FR","potentialAction":[{"@type":"ReadAction","target":["https:\/\/fastlanerentacar.com\/produit\/rent-mercedes-gle-53-coupe-white-2023-in-dubai\/"]}]},{"@type":"ImageObject","inLanguage":"fr-FR","@id":"https:\/\/fastlanerentacar.com\/produit\/rent-mercedes-gle-53-coupe-white-2023-in-dubai\/#primaryimage","url":"https:\/\/fastlanerentacar.com\/wp-content\/uploads\/white_mercedes-gle-coupe_2022Img1.webp","contentUrl":"https:\/\/fastlanerentacar.com\/wp-content\/uploads\/white_mercedes-gle-coupe_2022Img1.webp","width":1101,"height":688},{"@type":"BreadcrumbList","@id":"https:\/\/fastlanerentacar.com\/produit\/rent-mercedes-gle-53-coupe-white-2023-in-dubai\/#breadcrumb","itemListElement":[{"@type":"ListItem","position":1,"name":"Home","item":"https:\/\/fastlanerentacar.com\/fr\/accueil\/"},{"@type":"ListItem","position":2,"name":"Products","item":"https:\/\/fastlanerentacar.com\/shop\/"},{"@type":"ListItem","position":3,"name":"Location MERCEDES GLE 53 COUPE (Blanc), 2023 \u00e0 Dubai"}]},{"@type":"WebSite","@id":"https:\/\/fastlanerentacar.com\/#website","url":"https:\/\/fastlanerentacar.com\/","name":"Fastlane","description":"","publisher":{"@id":"https:\/\/fastlanerentacar.com\/#organization"},"potentialAction":[{"@type":"SearchAction","target":{"@type":"EntryPoint","urlTemplate":"https:\/\/fastlanerentacar.com\/?s={search_term_string}"},"query-input":{"@type":"PropertyValueSpecification","valueRequired":true,"valueName":"search_term_string"}}],"inLanguage":"fr-FR"},{"@type":"Organization","@id":"https:\/\/fastlanerentacar.com\/#organization","name":"Fastlane","url":"https:\/\/fastlanerentacar.com\/","logo":{"@type":"ImageObject","inLanguage":"fr-FR","@id":"https:\/\/fastlanerentacar.com\/#\/schema\/logo\/image\/","url":"https:\/\/fastlanerentacar.com\/wp-content\/uploads\/Asset-2@2x-8.png","contentUrl":"https:\/\/fastlanerentacar.com\/wp-content\/uploads\/Asset-2@2x-8.png","width":1641,"height":316,"caption":"Fastlane"},"image":{"@id":"https:\/\/fastlanerentacar.com\/#\/schema\/logo\/image\/"}}]}},"_links":{"self":[{"href":"https:\/\/fastlanerentacar.com\/fr\/wp-json\/wp\/v2\/product\/35406","targetHints":{"allow":["GET"]}}],"collection":[{"href":"https:\/\/fastlanerentacar.com\/fr\/wp-json\/wp\/v2\/product"}],"about":[{"href":"https:\/\/fastlanerentacar.com\/fr\/wp-json\/wp\/v2\/types\/product"}],"replies":[{"embeddable":true,"href":"https:\/\/fastlanerentacar.com\/fr\/wp-json\/wp\/v2\/comments?post=35406"}],"wp:featuredmedia":[{"embeddable":true,"href":"https:\/\/fastlanerentacar.com\/fr\/wp-json\/wp\/v2\/media\/28727"}],"wp:attachment":[{"href":"https:\/\/fastlanerentacar.com\/fr\/wp-json\/wp\/v2\/media?parent=35406"}],"wp:term":[{"taxonomy":"product_brand","embeddable":true,"href":"https:\/\/fastlanerentacar.com\/fr\/wp-json\/wp\/v2\/product_brand?post=35406"},{"taxonomy":"product_cat","embeddable":true,"href":"https:\/\/fastlanerentacar.com\/fr\/wp-json\/wp\/v2\/product_cat?post=35406"},{"taxonomy":"product_tag","embeddable":true,"href":"https:\/\/fastlanerentacar.com\/fr\/wp-json\/wp\/v2\/product_tag?post=35406"}],"curies":[{"name":"wp","href":"https:\/\/api.w.org\/{rel}","templated":true}]}}