{"id":36055,"date":"2023-08-14T14:13:21","date_gmt":"2023-08-14T14:13:21","guid":{"rendered":"https:\/\/turboplus.digitality-agency.com\/product\/louer-tesla-model-x-plaid-noir-2022-a-dubai\/"},"modified":"2023-10-18T12:58:31","modified_gmt":"2023-10-18T12:58:31","slug":"rent-tesla-model-x-plaid-black-2022-in-dubai","status":"publish","type":"product","link":"https:\/\/fastlanerentacar.com\/fr\/product\/rent-tesla-model-x-plaid-black-2022-in-dubai\/","title":{"rendered":"Louer Tesla Model X Plaid (Noir), 2022 \u00e0 Duba\u00ef"},"content":{"rendered":"","protected":false},"excerpt":{"rendered":"<p class=\"text-justify fs-14\">Vous pouvez louer Tesla Model X Plaid (Black), 2022 \u00e0 Dubai, UAE pour le prix suivant \u20ac 622.07 par jour ou \u20ac 13,437 par mois. Le co\u00fbt de la location comprend l&rsquo;assurance de base et la limite de kilom\u00e9trage standard de 250 km\/jour (avec des frais de d\u00e9passement de 4,98 \u20ac par km suppl\u00e9mentaire). Un d\u00e9p\u00f4t de garantie de 1368,56 \u20ac est demand\u00e9. N&rsquo;attendez donc pas plus longtemps. Si vous souhaitez conduire cette voiture, contactez-nous d\u00e8s maintenant pour r\u00e9server ou pour toute autre question.<\/p>\n","protected":false},"featured_media":18952,"comment_status":"closed","ping_status":"closed","template":"","meta":{"_acf_changed":false},"product_brand":[],"product_cat":[314],"product_tag":[347,273],"class_list":{"0":"post-36055","1":"product","2":"type-product","3":"status-publish","4":"has-post-thumbnail","6":"product_cat-tesla-fr","7":"product_tag-suv-fr","8":"product_tag-voitures-de-fonction","9":"yith_booking_service-deposit-free","11":"first","12":"instock","13":"virtual","14":"sold-individually","15":"purchasable","16":"product-type-booking"},"acf":[],"yoast_head":"<!-- This site is optimized with the Yoast SEO plugin v27.4 - https:\/\/yoast.com\/product\/yoast-seo-wordpress\/ -->\n<title>Louer Tesla Model X Plaid (Noir), 2022 \u00e0 Duba\u00ef - Fastlane<\/title>\n<meta name=\"robots\" content=\"index, follow, max-snippet:-1, max-image-preview:large, max-video-preview:-1\" \/>\n<link rel=\"canonical\" href=\"https:\/\/fastlanerentacar.com\/produit\/rent-tesla-model-x-plaid-black-2022-in-dubai\/\" \/>\n<meta property=\"og:locale\" content=\"fr_FR\" \/>\n<meta property=\"og:type\" content=\"article\" \/>\n<meta property=\"og:title\" content=\"Louer Tesla Model X Plaid (Noir), 2022 \u00e0 Duba\u00ef - Fastlane\" \/>\n<meta property=\"og:description\" content=\"Vous pouvez louer Tesla Model X Plaid (Black), 2022 \u00e0 Dubai, UAE pour le prix suivant \u20ac 622.07 par jour ou \u20ac 13,437 par mois. Le co\u00fbt de la location comprend l&#039;assurance de base et la limite de kilom\u00e9trage standard de 250 km\/jour (avec des frais de d\u00e9passement de 4,98 \u20ac par km suppl\u00e9mentaire). Un d\u00e9p\u00f4t de garantie de 1368,56 \u20ac est demand\u00e9. N&#039;attendez donc pas plus longtemps. Si vous souhaitez conduire cette voiture, contactez-nous d\u00e8s maintenant pour r\u00e9server ou pour toute autre question.\" \/>\n<meta property=\"og:url\" content=\"https:\/\/fastlanerentacar.com\/produit\/rent-tesla-model-x-plaid-black-2022-in-dubai\/\" \/>\n<meta property=\"og:site_name\" content=\"Fastlane\" \/>\n<meta property=\"article:modified_time\" content=\"2023-10-18T12:58:31+00:00\" \/>\n<meta property=\"og:image\" content=\"https:\/\/i0.wp.com\/turboplusdxb.com\/wp-content\/uploads\/black_tesla-model-x-plaid_2022img1-min.png?fit=1360%2C850&ssl=1\" \/>\n\t<meta property=\"og:image:width\" content=\"1360\" \/>\n\t<meta property=\"og:image:height\" content=\"850\" \/>\n\t<meta property=\"og:image:type\" content=\"image\/png\" \/>\n<meta name=\"twitter:card\" content=\"summary_large_image\" \/>\n<script type=\"application\/ld+json\" class=\"yoast-schema-graph\">{\"@context\":\"https:\\\/\\\/schema.org\",\"@graph\":[{\"@type\":\"WebPage\",\"@id\":\"https:\\\/\\\/fastlanerentacar.com\\\/produit\\\/rent-tesla-model-x-plaid-black-2022-in-dubai\\\/\",\"url\":\"https:\\\/\\\/fastlanerentacar.com\\\/produit\\\/rent-tesla-model-x-plaid-black-2022-in-dubai\\\/\",\"name\":\"Louer Tesla Model X Plaid (Noir), 2022 \u00e0 Duba\u00ef - Fastlane\",\"isPartOf\":{\"@id\":\"https:\\\/\\\/fastlanerentacar.com\\\/#website\"},\"primaryImageOfPage\":{\"@id\":\"https:\\\/\\\/fastlanerentacar.com\\\/produit\\\/rent-tesla-model-x-plaid-black-2022-in-dubai\\\/#primaryimage\"},\"image\":{\"@id\":\"https:\\\/\\\/fastlanerentacar.com\\\/produit\\\/rent-tesla-model-x-plaid-black-2022-in-dubai\\\/#primaryimage\"},\"thumbnailUrl\":\"https:\\\/\\\/fastlanerentacar.com\\\/wp-content\\\/uploads\\\/black_tesla-model-x-plaid_2022img1-min.png\",\"datePublished\":\"2023-08-14T14:13:21+00:00\",\"dateModified\":\"2023-10-18T12:58:31+00:00\",\"breadcrumb\":{\"@id\":\"https:\\\/\\\/fastlanerentacar.com\\\/produit\\\/rent-tesla-model-x-plaid-black-2022-in-dubai\\\/#breadcrumb\"},\"inLanguage\":\"fr-FR\",\"potentialAction\":[{\"@type\":\"ReadAction\",\"target\":[\"https:\\\/\\\/fastlanerentacar.com\\\/produit\\\/rent-tesla-model-x-plaid-black-2022-in-dubai\\\/\"]}]},{\"@type\":\"ImageObject\",\"inLanguage\":\"fr-FR\",\"@id\":\"https:\\\/\\\/fastlanerentacar.com\\\/produit\\\/rent-tesla-model-x-plaid-black-2022-in-dubai\\\/#primaryimage\",\"url\":\"https:\\\/\\\/fastlanerentacar.com\\\/wp-content\\\/uploads\\\/black_tesla-model-x-plaid_2022img1-min.png\",\"contentUrl\":\"https:\\\/\\\/fastlanerentacar.com\\\/wp-content\\\/uploads\\\/black_tesla-model-x-plaid_2022img1-min.png\",\"width\":1360,\"height\":850},{\"@type\":\"BreadcrumbList\",\"@id\":\"https:\\\/\\\/fastlanerentacar.com\\\/produit\\\/rent-tesla-model-x-plaid-black-2022-in-dubai\\\/#breadcrumb\",\"itemListElement\":[{\"@type\":\"ListItem\",\"position\":1,\"name\":\"Home\",\"item\":\"https:\\\/\\\/fastlanerentacar.com\\\/fr\\\/accueil\\\/\"},{\"@type\":\"ListItem\",\"position\":2,\"name\":\"Products\",\"item\":\"https:\\\/\\\/fastlanerentacar.com\\\/shop\\\/\"},{\"@type\":\"ListItem\",\"position\":3,\"name\":\"Louer Tesla Model X Plaid (Noir), 2022 \u00e0 Duba\u00ef\"}]},{\"@type\":\"WebSite\",\"@id\":\"https:\\\/\\\/fastlanerentacar.com\\\/#website\",\"url\":\"https:\\\/\\\/fastlanerentacar.com\\\/\",\"name\":\"Fastlane\",\"description\":\"\",\"publisher\":{\"@id\":\"https:\\\/\\\/fastlanerentacar.com\\\/#organization\"},\"potentialAction\":[{\"@type\":\"SearchAction\",\"target\":{\"@type\":\"EntryPoint\",\"urlTemplate\":\"https:\\\/\\\/fastlanerentacar.com\\\/?s={search_term_string}\"},\"query-input\":{\"@type\":\"PropertyValueSpecification\",\"valueRequired\":true,\"valueName\":\"search_term_string\"}}],\"inLanguage\":\"fr-FR\"},{\"@type\":\"Organization\",\"@id\":\"https:\\\/\\\/fastlanerentacar.com\\\/#organization\",\"name\":\"Fastlane\",\"url\":\"https:\\\/\\\/fastlanerentacar.com\\\/\",\"logo\":{\"@type\":\"ImageObject\",\"inLanguage\":\"fr-FR\",\"@id\":\"https:\\\/\\\/fastlanerentacar.com\\\/#\\\/schema\\\/logo\\\/image\\\/\",\"url\":\"https:\\\/\\\/fastlanerentacar.com\\\/wp-content\\\/uploads\\\/Asset-2@2x-8.png\",\"contentUrl\":\"https:\\\/\\\/fastlanerentacar.com\\\/wp-content\\\/uploads\\\/Asset-2@2x-8.png\",\"width\":1641,\"height\":316,\"caption\":\"Fastlane\"},\"image\":{\"@id\":\"https:\\\/\\\/fastlanerentacar.com\\\/#\\\/schema\\\/logo\\\/image\\\/\"}}]}<\/script>\n<!-- \/ Yoast SEO plugin. -->","yoast_head_json":{"title":"Louer Tesla Model X Plaid (Noir), 2022 \u00e0 Duba\u00ef - Fastlane","robots":{"index":"index","follow":"follow","max-snippet":"max-snippet:-1","max-image-preview":"max-image-preview:large","max-video-preview":"max-video-preview:-1"},"canonical":"https:\/\/fastlanerentacar.com\/produit\/rent-tesla-model-x-plaid-black-2022-in-dubai\/","og_locale":"fr_FR","og_type":"article","og_title":"Louer Tesla Model X Plaid (Noir), 2022 \u00e0 Duba\u00ef - Fastlane","og_description":"Vous pouvez louer Tesla Model X Plaid (Black), 2022 \u00e0 Dubai, UAE pour le prix suivant \u20ac 622.07 par jour ou \u20ac 13,437 par mois. Le co\u00fbt de la location comprend l'assurance de base et la limite de kilom\u00e9trage standard de 250 km\/jour (avec des frais de d\u00e9passement de 4,98 \u20ac par km suppl\u00e9mentaire). Un d\u00e9p\u00f4t de garantie de 1368,56 \u20ac est demand\u00e9. N'attendez donc pas plus longtemps. Si vous souhaitez conduire cette voiture, contactez-nous d\u00e8s maintenant pour r\u00e9server ou pour toute autre question.","og_url":"https:\/\/fastlanerentacar.com\/produit\/rent-tesla-model-x-plaid-black-2022-in-dubai\/","og_site_name":"Fastlane","article_modified_time":"2023-10-18T12:58:31+00:00","og_image":[{"width":1360,"height":850,"url":"https:\/\/i0.wp.com\/turboplusdxb.com\/wp-content\/uploads\/black_tesla-model-x-plaid_2022img1-min.png?fit=1360%2C850&ssl=1","type":"image\/png"}],"twitter_card":"summary_large_image","schema":{"@context":"https:\/\/schema.org","@graph":[{"@type":"WebPage","@id":"https:\/\/fastlanerentacar.com\/produit\/rent-tesla-model-x-plaid-black-2022-in-dubai\/","url":"https:\/\/fastlanerentacar.com\/produit\/rent-tesla-model-x-plaid-black-2022-in-dubai\/","name":"Louer Tesla Model X Plaid (Noir), 2022 \u00e0 Duba\u00ef - Fastlane","isPartOf":{"@id":"https:\/\/fastlanerentacar.com\/#website"},"primaryImageOfPage":{"@id":"https:\/\/fastlanerentacar.com\/produit\/rent-tesla-model-x-plaid-black-2022-in-dubai\/#primaryimage"},"image":{"@id":"https:\/\/fastlanerentacar.com\/produit\/rent-tesla-model-x-plaid-black-2022-in-dubai\/#primaryimage"},"thumbnailUrl":"https:\/\/fastlanerentacar.com\/wp-content\/uploads\/black_tesla-model-x-plaid_2022img1-min.png","datePublished":"2023-08-14T14:13:21+00:00","dateModified":"2023-10-18T12:58:31+00:00","breadcrumb":{"@id":"https:\/\/fastlanerentacar.com\/produit\/rent-tesla-model-x-plaid-black-2022-in-dubai\/#breadcrumb"},"inLanguage":"fr-FR","potentialAction":[{"@type":"ReadAction","target":["https:\/\/fastlanerentacar.com\/produit\/rent-tesla-model-x-plaid-black-2022-in-dubai\/"]}]},{"@type":"ImageObject","inLanguage":"fr-FR","@id":"https:\/\/fastlanerentacar.com\/produit\/rent-tesla-model-x-plaid-black-2022-in-dubai\/#primaryimage","url":"https:\/\/fastlanerentacar.com\/wp-content\/uploads\/black_tesla-model-x-plaid_2022img1-min.png","contentUrl":"https:\/\/fastlanerentacar.com\/wp-content\/uploads\/black_tesla-model-x-plaid_2022img1-min.png","width":1360,"height":850},{"@type":"BreadcrumbList","@id":"https:\/\/fastlanerentacar.com\/produit\/rent-tesla-model-x-plaid-black-2022-in-dubai\/#breadcrumb","itemListElement":[{"@type":"ListItem","position":1,"name":"Home","item":"https:\/\/fastlanerentacar.com\/fr\/accueil\/"},{"@type":"ListItem","position":2,"name":"Products","item":"https:\/\/fastlanerentacar.com\/shop\/"},{"@type":"ListItem","position":3,"name":"Louer Tesla Model X Plaid (Noir), 2022 \u00e0 Duba\u00ef"}]},{"@type":"WebSite","@id":"https:\/\/fastlanerentacar.com\/#website","url":"https:\/\/fastlanerentacar.com\/","name":"Fastlane","description":"","publisher":{"@id":"https:\/\/fastlanerentacar.com\/#organization"},"potentialAction":[{"@type":"SearchAction","target":{"@type":"EntryPoint","urlTemplate":"https:\/\/fastlanerentacar.com\/?s={search_term_string}"},"query-input":{"@type":"PropertyValueSpecification","valueRequired":true,"valueName":"search_term_string"}}],"inLanguage":"fr-FR"},{"@type":"Organization","@id":"https:\/\/fastlanerentacar.com\/#organization","name":"Fastlane","url":"https:\/\/fastlanerentacar.com\/","logo":{"@type":"ImageObject","inLanguage":"fr-FR","@id":"https:\/\/fastlanerentacar.com\/#\/schema\/logo\/image\/","url":"https:\/\/fastlanerentacar.com\/wp-content\/uploads\/Asset-2@2x-8.png","contentUrl":"https:\/\/fastlanerentacar.com\/wp-content\/uploads\/Asset-2@2x-8.png","width":1641,"height":316,"caption":"Fastlane"},"image":{"@id":"https:\/\/fastlanerentacar.com\/#\/schema\/logo\/image\/"}}]}},"_links":{"self":[{"href":"https:\/\/fastlanerentacar.com\/fr\/wp-json\/wp\/v2\/product\/36055","targetHints":{"allow":["GET"]}}],"collection":[{"href":"https:\/\/fastlanerentacar.com\/fr\/wp-json\/wp\/v2\/product"}],"about":[{"href":"https:\/\/fastlanerentacar.com\/fr\/wp-json\/wp\/v2\/types\/product"}],"replies":[{"embeddable":true,"href":"https:\/\/fastlanerentacar.com\/fr\/wp-json\/wp\/v2\/comments?post=36055"}],"wp:featuredmedia":[{"embeddable":true,"href":"https:\/\/fastlanerentacar.com\/fr\/wp-json\/wp\/v2\/media\/18952"}],"wp:attachment":[{"href":"https:\/\/fastlanerentacar.com\/fr\/wp-json\/wp\/v2\/media?parent=36055"}],"wp:term":[{"taxonomy":"product_brand","embeddable":true,"href":"https:\/\/fastlanerentacar.com\/fr\/wp-json\/wp\/v2\/product_brand?post=36055"},{"taxonomy":"product_cat","embeddable":true,"href":"https:\/\/fastlanerentacar.com\/fr\/wp-json\/wp\/v2\/product_cat?post=36055"},{"taxonomy":"product_tag","embeddable":true,"href":"https:\/\/fastlanerentacar.com\/fr\/wp-json\/wp\/v2\/product_tag?post=36055"}],"curies":[{"name":"wp","href":"https:\/\/api.w.org\/{rel}","templated":true}]}}