{"id":36152,"date":"2023-08-14T11:19:54","date_gmt":"2023-08-14T11:19:54","guid":{"rendered":"https:\/\/turboplus.digitality-agency.com\/product\/louer-chevrolet-blazer-rs-awd-jaune-2023-a-dubai\/"},"modified":"2023-10-18T13:22:43","modified_gmt":"2023-10-18T13:22:43","slug":"rent-chevrolet-blazer-rs-awd-yellow-2023-in-dubai","status":"publish","type":"product","link":"https:\/\/fastlanerentacar.com\/fr\/product\/rent-chevrolet-blazer-rs-awd-yellow-2023-in-dubai\/","title":{"rendered":"Louer Chevrolet Blazer RS AWD (Jaune), 2023 \u00e0 Dubai"},"content":{"rendered":"","protected":false},"excerpt":{"rendered":"<p class=\"text-justify fs-14\">Vous pouvez louer Chevrolet Blazer RS AWD (Yellow), 2023 \u00e0 Dubai, UAE pour le prochain prix \u20ac 124.41 par jour ou \u20ac 1,991 par mois. Le co\u00fbt de la location comprend l&rsquo;assurance de base et la limite de kilom\u00e9trage standard de 250 km\/jour (avec des frais de d\u00e9passement de 2,49 \u20ac par km suppl\u00e9mentaire). Un d\u00e9p\u00f4t de garantie de 746,49 \u20ac est demand\u00e9. N&rsquo;attendez donc pas plus longtemps. Si vous souhaitez conduire cette voiture, contactez-nous d\u00e8s maintenant pour r\u00e9server ou pour toute autre question.<\/p>\n","protected":false},"featured_media":18352,"comment_status":"closed","ping_status":"closed","template":"","meta":{"_acf_changed":false},"product_brand":[],"product_cat":[267],"product_tag":[279],"class_list":{"0":"post-36152","1":"product","2":"type-product","3":"status-publish","4":"has-post-thumbnail","6":"product_cat-chevrolet-fr","7":"product_tag-voitures-economiques","8":"yith_booking_service-deposit-free","10":"first","11":"instock","12":"virtual","13":"sold-individually","14":"purchasable","15":"product-type-booking"},"acf":[],"yoast_head":"<!-- This site is optimized with the Yoast SEO plugin v27.4 - https:\/\/yoast.com\/product\/yoast-seo-wordpress\/ -->\n<title>Louer Chevrolet Blazer RS AWD (Jaune), 2023 \u00e0 Dubai - Fastlane<\/title>\n<meta name=\"robots\" content=\"index, follow, max-snippet:-1, max-image-preview:large, max-video-preview:-1\" \/>\n<link rel=\"canonical\" href=\"https:\/\/fastlanerentacar.com\/ar\/?post_type=product&p=54272\" \/>\n<meta property=\"og:locale\" content=\"fr_FR\" \/>\n<meta property=\"og:type\" content=\"article\" \/>\n<meta property=\"og:title\" content=\"Louer Chevrolet Blazer RS AWD (Jaune), 2023 \u00e0 Dubai - Fastlane\" \/>\n<meta property=\"og:description\" content=\"Vous pouvez louer Chevrolet Blazer RS AWD (Yellow), 2023 \u00e0 Dubai, UAE pour le prochain prix \u20ac 124.41 par jour ou \u20ac 1,991 par mois. Le co\u00fbt de la location comprend l&#039;assurance de base et la limite de kilom\u00e9trage standard de 250 km\/jour (avec des frais de d\u00e9passement de 2,49 \u20ac par km suppl\u00e9mentaire). Un d\u00e9p\u00f4t de garantie de 746,49 \u20ac est demand\u00e9. N&#039;attendez donc pas plus longtemps. Si vous souhaitez conduire cette voiture, contactez-nous d\u00e8s maintenant pour r\u00e9server ou pour toute autre question.\" \/>\n<meta property=\"og:url\" content=\"https:\/\/fastlanerentacar.com\/ar\/?post_type=product&amp;p=54272\" \/>\n<meta property=\"og:site_name\" content=\"Fastlane\" \/>\n<meta property=\"article:modified_time\" content=\"2023-10-18T13:22:43+00:00\" \/>\n<meta property=\"og:image\" content=\"http:\/\/fastlanerentacar.com\/wp-content\/uploads\/yellow_chevrolet-blazer-rs-awd_2023img1-min.png\" \/>\n\t<meta property=\"og:image:width\" content=\"1525\" \/>\n\t<meta property=\"og:image:height\" content=\"953\" \/>\n\t<meta property=\"og:image:type\" content=\"image\/png\" \/>\n<meta name=\"twitter:card\" content=\"summary_large_image\" \/>\n<script type=\"application\/ld+json\" class=\"yoast-schema-graph\">{\"@context\":\"https:\\\/\\\/schema.org\",\"@graph\":[{\"@type\":\"WebPage\",\"@id\":\"https:\\\/\\\/fastlanerentacar.com\\\/ar\\\/?post_type=product&p=54272\",\"url\":\"https:\\\/\\\/fastlanerentacar.com\\\/ar\\\/?post_type=product&p=54272\",\"name\":\"Louer Chevrolet Blazer RS AWD (Jaune), 2023 \u00e0 Dubai - Fastlane\",\"isPartOf\":{\"@id\":\"https:\\\/\\\/fastlanerentacar.com\\\/#website\"},\"primaryImageOfPage\":{\"@id\":\"https:\\\/\\\/fastlanerentacar.com\\\/ar\\\/?post_type=product&p=54272#primaryimage\"},\"image\":{\"@id\":\"https:\\\/\\\/fastlanerentacar.com\\\/ar\\\/?post_type=product&p=54272#primaryimage\"},\"thumbnailUrl\":\"https:\\\/\\\/fastlanerentacar.com\\\/wp-content\\\/uploads\\\/yellow_chevrolet-blazer-rs-awd_2023img1-min.png\",\"datePublished\":\"2023-08-14T11:19:54+00:00\",\"dateModified\":\"2023-10-18T13:22:43+00:00\",\"breadcrumb\":{\"@id\":\"https:\\\/\\\/fastlanerentacar.com\\\/ar\\\/?post_type=product&p=54272#breadcrumb\"},\"inLanguage\":\"fr-FR\",\"potentialAction\":[{\"@type\":\"ReadAction\",\"target\":[\"https:\\\/\\\/fastlanerentacar.com\\\/ar\\\/?post_type=product&p=54272\"]}]},{\"@type\":\"ImageObject\",\"inLanguage\":\"fr-FR\",\"@id\":\"https:\\\/\\\/fastlanerentacar.com\\\/ar\\\/?post_type=product&p=54272#primaryimage\",\"url\":\"https:\\\/\\\/fastlanerentacar.com\\\/wp-content\\\/uploads\\\/yellow_chevrolet-blazer-rs-awd_2023img1-min.png\",\"contentUrl\":\"https:\\\/\\\/fastlanerentacar.com\\\/wp-content\\\/uploads\\\/yellow_chevrolet-blazer-rs-awd_2023img1-min.png\",\"width\":1525,\"height\":953},{\"@type\":\"BreadcrumbList\",\"@id\":\"https:\\\/\\\/fastlanerentacar.com\\\/ar\\\/?post_type=product&p=54272#breadcrumb\",\"itemListElement\":[{\"@type\":\"ListItem\",\"position\":1,\"name\":\"Home\",\"item\":\"https:\\\/\\\/fastlanerentacar.com\\\/fr\\\/accueil\\\/\"},{\"@type\":\"ListItem\",\"position\":2,\"name\":\"Products\",\"item\":\"https:\\\/\\\/fastlanerentacar.com\\\/shop\\\/\"},{\"@type\":\"ListItem\",\"position\":3,\"name\":\"Louer Chevrolet Blazer RS AWD (Jaune), 2023 \u00e0 Dubai\"}]},{\"@type\":\"WebSite\",\"@id\":\"https:\\\/\\\/fastlanerentacar.com\\\/#website\",\"url\":\"https:\\\/\\\/fastlanerentacar.com\\\/\",\"name\":\"Fastlane\",\"description\":\"\",\"publisher\":{\"@id\":\"https:\\\/\\\/fastlanerentacar.com\\\/#organization\"},\"potentialAction\":[{\"@type\":\"SearchAction\",\"target\":{\"@type\":\"EntryPoint\",\"urlTemplate\":\"https:\\\/\\\/fastlanerentacar.com\\\/?s={search_term_string}\"},\"query-input\":{\"@type\":\"PropertyValueSpecification\",\"valueRequired\":true,\"valueName\":\"search_term_string\"}}],\"inLanguage\":\"fr-FR\"},{\"@type\":\"Organization\",\"@id\":\"https:\\\/\\\/fastlanerentacar.com\\\/#organization\",\"name\":\"Fastlane\",\"url\":\"https:\\\/\\\/fastlanerentacar.com\\\/\",\"logo\":{\"@type\":\"ImageObject\",\"inLanguage\":\"fr-FR\",\"@id\":\"https:\\\/\\\/fastlanerentacar.com\\\/#\\\/schema\\\/logo\\\/image\\\/\",\"url\":\"https:\\\/\\\/fastlanerentacar.com\\\/wp-content\\\/uploads\\\/Asset-2@2x-8.png\",\"contentUrl\":\"https:\\\/\\\/fastlanerentacar.com\\\/wp-content\\\/uploads\\\/Asset-2@2x-8.png\",\"width\":1641,\"height\":316,\"caption\":\"Fastlane\"},\"image\":{\"@id\":\"https:\\\/\\\/fastlanerentacar.com\\\/#\\\/schema\\\/logo\\\/image\\\/\"}}]}<\/script>\n<!-- \/ Yoast SEO plugin. -->","yoast_head_json":{"title":"Louer Chevrolet Blazer RS AWD (Jaune), 2023 \u00e0 Dubai - Fastlane","robots":{"index":"index","follow":"follow","max-snippet":"max-snippet:-1","max-image-preview":"max-image-preview:large","max-video-preview":"max-video-preview:-1"},"canonical":"https:\/\/fastlanerentacar.com\/ar\/?post_type=product&p=54272","og_locale":"fr_FR","og_type":"article","og_title":"Louer Chevrolet Blazer RS AWD (Jaune), 2023 \u00e0 Dubai - Fastlane","og_description":"Vous pouvez louer Chevrolet Blazer RS AWD (Yellow), 2023 \u00e0 Dubai, UAE pour le prochain prix \u20ac 124.41 par jour ou \u20ac 1,991 par mois. Le co\u00fbt de la location comprend l'assurance de base et la limite de kilom\u00e9trage standard de 250 km\/jour (avec des frais de d\u00e9passement de 2,49 \u20ac par km suppl\u00e9mentaire). Un d\u00e9p\u00f4t de garantie de 746,49 \u20ac est demand\u00e9. N'attendez donc pas plus longtemps. Si vous souhaitez conduire cette voiture, contactez-nous d\u00e8s maintenant pour r\u00e9server ou pour toute autre question.","og_url":"https:\/\/fastlanerentacar.com\/ar\/?post_type=product&p=54272","og_site_name":"Fastlane","article_modified_time":"2023-10-18T13:22:43+00:00","og_image":[{"width":1525,"height":953,"url":"http:\/\/fastlanerentacar.com\/wp-content\/uploads\/yellow_chevrolet-blazer-rs-awd_2023img1-min.png","type":"image\/png"}],"twitter_card":"summary_large_image","schema":{"@context":"https:\/\/schema.org","@graph":[{"@type":"WebPage","@id":"https:\/\/fastlanerentacar.com\/ar\/?post_type=product&p=54272","url":"https:\/\/fastlanerentacar.com\/ar\/?post_type=product&p=54272","name":"Louer Chevrolet Blazer RS AWD (Jaune), 2023 \u00e0 Dubai - Fastlane","isPartOf":{"@id":"https:\/\/fastlanerentacar.com\/#website"},"primaryImageOfPage":{"@id":"https:\/\/fastlanerentacar.com\/ar\/?post_type=product&p=54272#primaryimage"},"image":{"@id":"https:\/\/fastlanerentacar.com\/ar\/?post_type=product&p=54272#primaryimage"},"thumbnailUrl":"https:\/\/fastlanerentacar.com\/wp-content\/uploads\/yellow_chevrolet-blazer-rs-awd_2023img1-min.png","datePublished":"2023-08-14T11:19:54+00:00","dateModified":"2023-10-18T13:22:43+00:00","breadcrumb":{"@id":"https:\/\/fastlanerentacar.com\/ar\/?post_type=product&p=54272#breadcrumb"},"inLanguage":"fr-FR","potentialAction":[{"@type":"ReadAction","target":["https:\/\/fastlanerentacar.com\/ar\/?post_type=product&p=54272"]}]},{"@type":"ImageObject","inLanguage":"fr-FR","@id":"https:\/\/fastlanerentacar.com\/ar\/?post_type=product&p=54272#primaryimage","url":"https:\/\/fastlanerentacar.com\/wp-content\/uploads\/yellow_chevrolet-blazer-rs-awd_2023img1-min.png","contentUrl":"https:\/\/fastlanerentacar.com\/wp-content\/uploads\/yellow_chevrolet-blazer-rs-awd_2023img1-min.png","width":1525,"height":953},{"@type":"BreadcrumbList","@id":"https:\/\/fastlanerentacar.com\/ar\/?post_type=product&p=54272#breadcrumb","itemListElement":[{"@type":"ListItem","position":1,"name":"Home","item":"https:\/\/fastlanerentacar.com\/fr\/accueil\/"},{"@type":"ListItem","position":2,"name":"Products","item":"https:\/\/fastlanerentacar.com\/shop\/"},{"@type":"ListItem","position":3,"name":"Louer Chevrolet Blazer RS AWD (Jaune), 2023 \u00e0 Dubai"}]},{"@type":"WebSite","@id":"https:\/\/fastlanerentacar.com\/#website","url":"https:\/\/fastlanerentacar.com\/","name":"Fastlane","description":"","publisher":{"@id":"https:\/\/fastlanerentacar.com\/#organization"},"potentialAction":[{"@type":"SearchAction","target":{"@type":"EntryPoint","urlTemplate":"https:\/\/fastlanerentacar.com\/?s={search_term_string}"},"query-input":{"@type":"PropertyValueSpecification","valueRequired":true,"valueName":"search_term_string"}}],"inLanguage":"fr-FR"},{"@type":"Organization","@id":"https:\/\/fastlanerentacar.com\/#organization","name":"Fastlane","url":"https:\/\/fastlanerentacar.com\/","logo":{"@type":"ImageObject","inLanguage":"fr-FR","@id":"https:\/\/fastlanerentacar.com\/#\/schema\/logo\/image\/","url":"https:\/\/fastlanerentacar.com\/wp-content\/uploads\/Asset-2@2x-8.png","contentUrl":"https:\/\/fastlanerentacar.com\/wp-content\/uploads\/Asset-2@2x-8.png","width":1641,"height":316,"caption":"Fastlane"},"image":{"@id":"https:\/\/fastlanerentacar.com\/#\/schema\/logo\/image\/"}}]}},"_links":{"self":[{"href":"https:\/\/fastlanerentacar.com\/fr\/wp-json\/wp\/v2\/product\/36152","targetHints":{"allow":["GET"]}}],"collection":[{"href":"https:\/\/fastlanerentacar.com\/fr\/wp-json\/wp\/v2\/product"}],"about":[{"href":"https:\/\/fastlanerentacar.com\/fr\/wp-json\/wp\/v2\/types\/product"}],"replies":[{"embeddable":true,"href":"https:\/\/fastlanerentacar.com\/fr\/wp-json\/wp\/v2\/comments?post=36152"}],"wp:featuredmedia":[{"embeddable":true,"href":"https:\/\/fastlanerentacar.com\/fr\/wp-json\/wp\/v2\/media\/18352"}],"wp:attachment":[{"href":"https:\/\/fastlanerentacar.com\/fr\/wp-json\/wp\/v2\/media?parent=36152"}],"wp:term":[{"taxonomy":"product_brand","embeddable":true,"href":"https:\/\/fastlanerentacar.com\/fr\/wp-json\/wp\/v2\/product_brand?post=36152"},{"taxonomy":"product_cat","embeddable":true,"href":"https:\/\/fastlanerentacar.com\/fr\/wp-json\/wp\/v2\/product_cat?post=36152"},{"taxonomy":"product_tag","embeddable":true,"href":"https:\/\/fastlanerentacar.com\/fr\/wp-json\/wp\/v2\/product_tag?post=36152"}],"curies":[{"name":"wp","href":"https:\/\/api.w.org\/{rel}","templated":true}]}}