{"id":36170,"date":"2023-08-14T09:57:26","date_gmt":"2023-08-14T09:57:26","guid":{"rendered":"https:\/\/turboplus.digitality-agency.com\/product\/louer-chevrolet-tahoe-blanc-2023-a-dubai\/"},"modified":"2023-10-18T13:24:47","modified_gmt":"2023-10-18T13:24:47","slug":"rent-chevrolet-tahoe-white-2023-in-dubai-2","status":"publish","type":"product","link":"https:\/\/fastlanerentacar.com\/fr\/product\/rent-chevrolet-tahoe-white-2023-in-dubai-2\/","title":{"rendered":"Louer Chevrolet Tahoe (Blanc), 2023 \u00e0 Dubai"},"content":{"rendered":"","protected":false},"excerpt":{"rendered":"<p class=\"text-justify fs-14\">Vous pouvez louer Chevrolet Tahoe (White), 2023 \u00e0 Dubai, UAE pour le prix suivant \u20ac 136.86 par jour ou \u20ac 3,240 par mois. Le co\u00fbt de la location comprend l&rsquo;assurance de base et la limite de kilom\u00e9trage standard de 300 km\/jour (avec des frais de d\u00e9passement de 1,24 \u20ac par km suppl\u00e9mentaire). D\u00e9p\u00f4t de garantie non n\u00e9cessaire. N&rsquo;attendez donc pas plus longtemps. Si vous souhaitez conduire cette voiture, contactez-nous d\u00e8s maintenant pour r\u00e9server ou pour toute autre question.<\/p>\n","protected":false},"featured_media":18223,"comment_status":"closed","ping_status":"closed","template":"","meta":{"_acf_changed":false},"product_brand":[],"product_cat":[267],"product_tag":[347,273],"class_list":{"0":"post-36170","1":"product","2":"type-product","3":"status-publish","4":"has-post-thumbnail","6":"product_cat-chevrolet-fr","7":"product_tag-suv-fr","8":"product_tag-voitures-de-fonction","9":"yith_booking_service-deposit-free","11":"first","12":"instock","13":"virtual","14":"sold-individually","15":"purchasable","16":"product-type-booking"},"acf":[],"yoast_head":"<!-- This site is optimized with the Yoast SEO plugin v25.0 - https:\/\/yoast.com\/wordpress\/plugins\/seo\/ -->\n<title>Louer Chevrolet Tahoe (Blanc), 2023 \u00e0 Dubai - Fastlane<\/title>\n<meta name=\"robots\" content=\"index, follow, max-snippet:-1, max-image-preview:large, max-video-preview:-1\" \/>\n<link rel=\"canonical\" href=\"https:\/\/fastlanerentacar.com\/ar\/?post_type=product&p=54409\" \/>\n<meta property=\"og:locale\" content=\"fr_FR\" \/>\n<meta property=\"og:type\" content=\"article\" \/>\n<meta property=\"og:title\" content=\"Louer Chevrolet Tahoe (Blanc), 2023 \u00e0 Dubai - Fastlane\" \/>\n<meta property=\"og:description\" content=\"Vous pouvez louer Chevrolet Tahoe (White), 2023 \u00e0 Dubai, UAE pour le prix suivant \u20ac 136.86 par jour ou \u20ac 3,240 par mois. Le co\u00fbt de la location comprend l&#039;assurance de base et la limite de kilom\u00e9trage standard de 300 km\/jour (avec des frais de d\u00e9passement de 1,24 \u20ac par km suppl\u00e9mentaire). D\u00e9p\u00f4t de garantie non n\u00e9cessaire. N&#039;attendez donc pas plus longtemps. Si vous souhaitez conduire cette voiture, contactez-nous d\u00e8s maintenant pour r\u00e9server ou pour toute autre question.\" \/>\n<meta property=\"og:url\" content=\"https:\/\/fastlanerentacar.com\/ar\/?post_type=product&amp;p=54409\" \/>\n<meta property=\"og:site_name\" content=\"Fastlane\" \/>\n<meta property=\"article:modified_time\" content=\"2023-10-18T13:24:47+00:00\" \/>\n<meta property=\"og:image\" content=\"http:\/\/fastlanerentacar.com\/wp-content\/uploads\/white_chevrolet-tahoe_2023img1-min-1.png\" \/>\n\t<meta property=\"og:image:width\" content=\"1681\" \/>\n\t<meta property=\"og:image:height\" content=\"1050\" \/>\n\t<meta property=\"og:image:type\" content=\"image\/png\" \/>\n<meta name=\"twitter:card\" content=\"summary_large_image\" \/>\n<script type=\"application\/ld+json\" class=\"yoast-schema-graph\">{\"@context\":\"https:\/\/schema.org\",\"@graph\":[{\"@type\":\"WebPage\",\"@id\":\"https:\/\/fastlanerentacar.com\/ar\/?post_type=product&p=54409\",\"url\":\"https:\/\/fastlanerentacar.com\/ar\/?post_type=product&p=54409\",\"name\":\"Louer Chevrolet Tahoe (Blanc), 2023 \u00e0 Dubai - Fastlane\",\"isPartOf\":{\"@id\":\"https:\/\/fastlanerentacar.com\/#website\"},\"primaryImageOfPage\":{\"@id\":\"https:\/\/fastlanerentacar.com\/ar\/?post_type=product&p=54409#primaryimage\"},\"image\":{\"@id\":\"https:\/\/fastlanerentacar.com\/ar\/?post_type=product&p=54409#primaryimage\"},\"thumbnailUrl\":\"https:\/\/fastlanerentacar.com\/wp-content\/uploads\/white_chevrolet-tahoe_2023img1-min-1.png\",\"datePublished\":\"2023-08-14T09:57:26+00:00\",\"dateModified\":\"2023-10-18T13:24:47+00:00\",\"breadcrumb\":{\"@id\":\"https:\/\/fastlanerentacar.com\/ar\/?post_type=product&p=54409#breadcrumb\"},\"inLanguage\":\"fr-FR\",\"potentialAction\":[{\"@type\":\"ReadAction\",\"target\":[\"https:\/\/fastlanerentacar.com\/ar\/?post_type=product&p=54409\"]}]},{\"@type\":\"ImageObject\",\"inLanguage\":\"fr-FR\",\"@id\":\"https:\/\/fastlanerentacar.com\/ar\/?post_type=product&p=54409#primaryimage\",\"url\":\"https:\/\/fastlanerentacar.com\/wp-content\/uploads\/white_chevrolet-tahoe_2023img1-min-1.png\",\"contentUrl\":\"https:\/\/fastlanerentacar.com\/wp-content\/uploads\/white_chevrolet-tahoe_2023img1-min-1.png\",\"width\":1681,\"height\":1050},{\"@type\":\"BreadcrumbList\",\"@id\":\"https:\/\/fastlanerentacar.com\/ar\/?post_type=product&p=54409#breadcrumb\",\"itemListElement\":[{\"@type\":\"ListItem\",\"position\":1,\"name\":\"Home\",\"item\":\"https:\/\/fastlanerentacar.com\/fr\/accueil\/\"},{\"@type\":\"ListItem\",\"position\":2,\"name\":\"Products\",\"item\":\"https:\/\/fastlanerentacar.com\/shop\/\"},{\"@type\":\"ListItem\",\"position\":3,\"name\":\"Louer Chevrolet Tahoe (Blanc), 2023 \u00e0 Dubai\"}]},{\"@type\":\"WebSite\",\"@id\":\"https:\/\/fastlanerentacar.com\/#website\",\"url\":\"https:\/\/fastlanerentacar.com\/\",\"name\":\"Fastlane\",\"description\":\"\",\"publisher\":{\"@id\":\"https:\/\/fastlanerentacar.com\/#organization\"},\"potentialAction\":[{\"@type\":\"SearchAction\",\"target\":{\"@type\":\"EntryPoint\",\"urlTemplate\":\"https:\/\/fastlanerentacar.com\/?s={search_term_string}\"},\"query-input\":{\"@type\":\"PropertyValueSpecification\",\"valueRequired\":true,\"valueName\":\"search_term_string\"}}],\"inLanguage\":\"fr-FR\"},{\"@type\":\"Organization\",\"@id\":\"https:\/\/fastlanerentacar.com\/#organization\",\"name\":\"Fastlane\",\"url\":\"https:\/\/fastlanerentacar.com\/\",\"logo\":{\"@type\":\"ImageObject\",\"inLanguage\":\"fr-FR\",\"@id\":\"https:\/\/fastlanerentacar.com\/#\/schema\/logo\/image\/\",\"url\":\"https:\/\/fastlanerentacar.com\/wp-content\/uploads\/Asset-2@2x-8.png\",\"contentUrl\":\"https:\/\/fastlanerentacar.com\/wp-content\/uploads\/Asset-2@2x-8.png\",\"width\":1641,\"height\":316,\"caption\":\"Fastlane\"},\"image\":{\"@id\":\"https:\/\/fastlanerentacar.com\/#\/schema\/logo\/image\/\"}}]}<\/script>\n<!-- \/ Yoast SEO plugin. -->","yoast_head_json":{"title":"Louer Chevrolet Tahoe (Blanc), 2023 \u00e0 Dubai - Fastlane","robots":{"index":"index","follow":"follow","max-snippet":"max-snippet:-1","max-image-preview":"max-image-preview:large","max-video-preview":"max-video-preview:-1"},"canonical":"https:\/\/fastlanerentacar.com\/ar\/?post_type=product&p=54409","og_locale":"fr_FR","og_type":"article","og_title":"Louer Chevrolet Tahoe (Blanc), 2023 \u00e0 Dubai - Fastlane","og_description":"Vous pouvez louer Chevrolet Tahoe (White), 2023 \u00e0 Dubai, UAE pour le prix suivant \u20ac 136.86 par jour ou \u20ac 3,240 par mois. Le co\u00fbt de la location comprend l'assurance de base et la limite de kilom\u00e9trage standard de 300 km\/jour (avec des frais de d\u00e9passement de 1,24 \u20ac par km suppl\u00e9mentaire). D\u00e9p\u00f4t de garantie non n\u00e9cessaire. N'attendez donc pas plus longtemps. Si vous souhaitez conduire cette voiture, contactez-nous d\u00e8s maintenant pour r\u00e9server ou pour toute autre question.","og_url":"https:\/\/fastlanerentacar.com\/ar\/?post_type=product&p=54409","og_site_name":"Fastlane","article_modified_time":"2023-10-18T13:24:47+00:00","og_image":[{"width":1681,"height":1050,"url":"http:\/\/fastlanerentacar.com\/wp-content\/uploads\/white_chevrolet-tahoe_2023img1-min-1.png","type":"image\/png"}],"twitter_card":"summary_large_image","schema":{"@context":"https:\/\/schema.org","@graph":[{"@type":"WebPage","@id":"https:\/\/fastlanerentacar.com\/ar\/?post_type=product&p=54409","url":"https:\/\/fastlanerentacar.com\/ar\/?post_type=product&p=54409","name":"Louer Chevrolet Tahoe (Blanc), 2023 \u00e0 Dubai - Fastlane","isPartOf":{"@id":"https:\/\/fastlanerentacar.com\/#website"},"primaryImageOfPage":{"@id":"https:\/\/fastlanerentacar.com\/ar\/?post_type=product&p=54409#primaryimage"},"image":{"@id":"https:\/\/fastlanerentacar.com\/ar\/?post_type=product&p=54409#primaryimage"},"thumbnailUrl":"https:\/\/fastlanerentacar.com\/wp-content\/uploads\/white_chevrolet-tahoe_2023img1-min-1.png","datePublished":"2023-08-14T09:57:26+00:00","dateModified":"2023-10-18T13:24:47+00:00","breadcrumb":{"@id":"https:\/\/fastlanerentacar.com\/ar\/?post_type=product&p=54409#breadcrumb"},"inLanguage":"fr-FR","potentialAction":[{"@type":"ReadAction","target":["https:\/\/fastlanerentacar.com\/ar\/?post_type=product&p=54409"]}]},{"@type":"ImageObject","inLanguage":"fr-FR","@id":"https:\/\/fastlanerentacar.com\/ar\/?post_type=product&p=54409#primaryimage","url":"https:\/\/fastlanerentacar.com\/wp-content\/uploads\/white_chevrolet-tahoe_2023img1-min-1.png","contentUrl":"https:\/\/fastlanerentacar.com\/wp-content\/uploads\/white_chevrolet-tahoe_2023img1-min-1.png","width":1681,"height":1050},{"@type":"BreadcrumbList","@id":"https:\/\/fastlanerentacar.com\/ar\/?post_type=product&p=54409#breadcrumb","itemListElement":[{"@type":"ListItem","position":1,"name":"Home","item":"https:\/\/fastlanerentacar.com\/fr\/accueil\/"},{"@type":"ListItem","position":2,"name":"Products","item":"https:\/\/fastlanerentacar.com\/shop\/"},{"@type":"ListItem","position":3,"name":"Louer Chevrolet Tahoe (Blanc), 2023 \u00e0 Dubai"}]},{"@type":"WebSite","@id":"https:\/\/fastlanerentacar.com\/#website","url":"https:\/\/fastlanerentacar.com\/","name":"Fastlane","description":"","publisher":{"@id":"https:\/\/fastlanerentacar.com\/#organization"},"potentialAction":[{"@type":"SearchAction","target":{"@type":"EntryPoint","urlTemplate":"https:\/\/fastlanerentacar.com\/?s={search_term_string}"},"query-input":{"@type":"PropertyValueSpecification","valueRequired":true,"valueName":"search_term_string"}}],"inLanguage":"fr-FR"},{"@type":"Organization","@id":"https:\/\/fastlanerentacar.com\/#organization","name":"Fastlane","url":"https:\/\/fastlanerentacar.com\/","logo":{"@type":"ImageObject","inLanguage":"fr-FR","@id":"https:\/\/fastlanerentacar.com\/#\/schema\/logo\/image\/","url":"https:\/\/fastlanerentacar.com\/wp-content\/uploads\/Asset-2@2x-8.png","contentUrl":"https:\/\/fastlanerentacar.com\/wp-content\/uploads\/Asset-2@2x-8.png","width":1641,"height":316,"caption":"Fastlane"},"image":{"@id":"https:\/\/fastlanerentacar.com\/#\/schema\/logo\/image\/"}}]}},"_links":{"self":[{"href":"https:\/\/fastlanerentacar.com\/fr\/wp-json\/wp\/v2\/product\/36170","targetHints":{"allow":["GET"]}}],"collection":[{"href":"https:\/\/fastlanerentacar.com\/fr\/wp-json\/wp\/v2\/product"}],"about":[{"href":"https:\/\/fastlanerentacar.com\/fr\/wp-json\/wp\/v2\/types\/product"}],"replies":[{"embeddable":true,"href":"https:\/\/fastlanerentacar.com\/fr\/wp-json\/wp\/v2\/comments?post=36170"}],"wp:featuredmedia":[{"embeddable":true,"href":"https:\/\/fastlanerentacar.com\/fr\/wp-json\/wp\/v2\/media\/18223"}],"wp:attachment":[{"href":"https:\/\/fastlanerentacar.com\/fr\/wp-json\/wp\/v2\/media?parent=36170"}],"wp:term":[{"taxonomy":"product_brand","embeddable":true,"href":"https:\/\/fastlanerentacar.com\/fr\/wp-json\/wp\/v2\/product_brand?post=36170"},{"taxonomy":"product_cat","embeddable":true,"href":"https:\/\/fastlanerentacar.com\/fr\/wp-json\/wp\/v2\/product_cat?post=36170"},{"taxonomy":"product_tag","embeddable":true,"href":"https:\/\/fastlanerentacar.com\/fr\/wp-json\/wp\/v2\/product_tag?post=36170"}],"curies":[{"name":"wp","href":"https:\/\/api.w.org\/{rel}","templated":true}]}}