{"id":36360,"date":"2023-08-03T11:10:20","date_gmt":"2023-08-03T11:10:20","guid":{"rendered":"https:\/\/turboplus.digitality-agency.com\/product\/nissan-patrol-2022-blanc\/"},"modified":"2023-10-18T13:56:30","modified_gmt":"2023-10-18T13:56:30","slug":"nissan-patrol-2022-white","status":"publish","type":"product","link":"https:\/\/fastlanerentacar.com\/fr\/product\/nissan-patrol-2022-white\/","title":{"rendered":"Nissan Patrol 2022 (Blanc)"},"content":{"rendered":"","protected":false},"excerpt":{"rendered":"<p>Louez un Nissan Patrol \u00e0 Duba\u00ef avec Turbo Plus Duba\u00ef, c\u00e9l\u00e8bre pour ses vibrations tropicales et sa vie urbaine joyeuse, devient encore plus excitante \u00e0 explorer lorsque vous conduisez un v\u00e9hicule \u00e0 la mode qui donne l&rsquo;essence d&rsquo;une exp\u00e9rience urbaine.<\/p>\n","protected":false},"featured_media":38735,"comment_status":"open","ping_status":"closed","template":"","meta":{"_acf_changed":false},"product_brand":[],"product_cat":[309],"product_tag":[347,273],"class_list":{"0":"post-36360","1":"product","2":"type-product","3":"status-publish","4":"has-post-thumbnail","6":"product_cat-nissan-fr","7":"product_tag-suv-fr","8":"product_tag-voitures-de-fonction","9":"yith_booking_service-deposit-free","11":"first","12":"instock","13":"virtual","14":"sold-individually","15":"purchasable","16":"product-type-booking"},"acf":[],"yoast_head":"<!-- This site is optimized with the Yoast SEO plugin v27.4 - https:\/\/yoast.com\/product\/yoast-seo-wordpress\/ -->\n<title>Nissan Patrol 2022 (Blanc) - Fastlane<\/title>\n<meta name=\"robots\" content=\"index, follow, max-snippet:-1, max-image-preview:large, max-video-preview:-1\" \/>\n<link rel=\"canonical\" href=\"https:\/\/fastlanerentacar.com\/produit\/nissan-patrol-2022-white\/\" \/>\n<meta property=\"og:locale\" content=\"fr_FR\" \/>\n<meta property=\"og:type\" content=\"article\" \/>\n<meta property=\"og:title\" content=\"Nissan Patrol 2022 (Blanc) - Fastlane\" \/>\n<meta property=\"og:description\" content=\"Louez un Nissan Patrol \u00e0 Duba\u00ef avec Turbo Plus Duba\u00ef, c\u00e9l\u00e8bre pour ses vibrations tropicales et sa vie urbaine joyeuse, devient encore plus excitante \u00e0 explorer lorsque vous conduisez un v\u00e9hicule \u00e0 la mode qui donne l&#039;essence d&#039;une exp\u00e9rience urbaine.\" \/>\n<meta property=\"og:url\" content=\"https:\/\/fastlanerentacar.com\/produit\/nissan-patrol-2022-white\/\" \/>\n<meta property=\"og:site_name\" content=\"Fastlane\" \/>\n<meta property=\"article:modified_time\" content=\"2023-10-18T13:56:30+00:00\" \/>\n<meta property=\"og:image\" content=\"https:\/\/i0.wp.com\/turboplusdxb.com\/wp-content\/uploads\/nissan-patrol-3.jpg?fit=841%2C841&ssl=1\" \/>\n\t<meta property=\"og:image:width\" content=\"841\" \/>\n\t<meta property=\"og:image:height\" content=\"841\" \/>\n\t<meta property=\"og:image:type\" content=\"image\/jpeg\" \/>\n<meta name=\"twitter:card\" content=\"summary_large_image\" \/>\n<script type=\"application\/ld+json\" class=\"yoast-schema-graph\">{\"@context\":\"https:\\\/\\\/schema.org\",\"@graph\":[{\"@type\":\"WebPage\",\"@id\":\"https:\\\/\\\/fastlanerentacar.com\\\/produit\\\/nissan-patrol-2022-white\\\/\",\"url\":\"https:\\\/\\\/fastlanerentacar.com\\\/produit\\\/nissan-patrol-2022-white\\\/\",\"name\":\"Nissan Patrol 2022 (Blanc) - Fastlane\",\"isPartOf\":{\"@id\":\"https:\\\/\\\/fastlanerentacar.com\\\/#website\"},\"primaryImageOfPage\":{\"@id\":\"https:\\\/\\\/fastlanerentacar.com\\\/produit\\\/nissan-patrol-2022-white\\\/#primaryimage\"},\"image\":{\"@id\":\"https:\\\/\\\/fastlanerentacar.com\\\/produit\\\/nissan-patrol-2022-white\\\/#primaryimage\"},\"thumbnailUrl\":\"https:\\\/\\\/fastlanerentacar.com\\\/wp-content\\\/uploads\\\/nissan-patrol-3.jpg\",\"datePublished\":\"2023-08-03T11:10:20+00:00\",\"dateModified\":\"2023-10-18T13:56:30+00:00\",\"breadcrumb\":{\"@id\":\"https:\\\/\\\/fastlanerentacar.com\\\/produit\\\/nissan-patrol-2022-white\\\/#breadcrumb\"},\"inLanguage\":\"fr-FR\",\"potentialAction\":[{\"@type\":\"ReadAction\",\"target\":[\"https:\\\/\\\/fastlanerentacar.com\\\/produit\\\/nissan-patrol-2022-white\\\/\"]}]},{\"@type\":\"ImageObject\",\"inLanguage\":\"fr-FR\",\"@id\":\"https:\\\/\\\/fastlanerentacar.com\\\/produit\\\/nissan-patrol-2022-white\\\/#primaryimage\",\"url\":\"https:\\\/\\\/fastlanerentacar.com\\\/wp-content\\\/uploads\\\/nissan-patrol-3.jpg\",\"contentUrl\":\"https:\\\/\\\/fastlanerentacar.com\\\/wp-content\\\/uploads\\\/nissan-patrol-3.jpg\",\"width\":841,\"height\":841},{\"@type\":\"BreadcrumbList\",\"@id\":\"https:\\\/\\\/fastlanerentacar.com\\\/produit\\\/nissan-patrol-2022-white\\\/#breadcrumb\",\"itemListElement\":[{\"@type\":\"ListItem\",\"position\":1,\"name\":\"Home\",\"item\":\"https:\\\/\\\/fastlanerentacar.com\\\/fr\\\/accueil\\\/\"},{\"@type\":\"ListItem\",\"position\":2,\"name\":\"Products\",\"item\":\"https:\\\/\\\/fastlanerentacar.com\\\/shop\\\/\"},{\"@type\":\"ListItem\",\"position\":3,\"name\":\"Nissan Patrol 2022 (Blanc)\"}]},{\"@type\":\"WebSite\",\"@id\":\"https:\\\/\\\/fastlanerentacar.com\\\/#website\",\"url\":\"https:\\\/\\\/fastlanerentacar.com\\\/\",\"name\":\"Fastlane\",\"description\":\"\",\"publisher\":{\"@id\":\"https:\\\/\\\/fastlanerentacar.com\\\/#organization\"},\"potentialAction\":[{\"@type\":\"SearchAction\",\"target\":{\"@type\":\"EntryPoint\",\"urlTemplate\":\"https:\\\/\\\/fastlanerentacar.com\\\/?s={search_term_string}\"},\"query-input\":{\"@type\":\"PropertyValueSpecification\",\"valueRequired\":true,\"valueName\":\"search_term_string\"}}],\"inLanguage\":\"fr-FR\"},{\"@type\":\"Organization\",\"@id\":\"https:\\\/\\\/fastlanerentacar.com\\\/#organization\",\"name\":\"Fastlane\",\"url\":\"https:\\\/\\\/fastlanerentacar.com\\\/\",\"logo\":{\"@type\":\"ImageObject\",\"inLanguage\":\"fr-FR\",\"@id\":\"https:\\\/\\\/fastlanerentacar.com\\\/#\\\/schema\\\/logo\\\/image\\\/\",\"url\":\"https:\\\/\\\/fastlanerentacar.com\\\/wp-content\\\/uploads\\\/Asset-2@2x-8.png\",\"contentUrl\":\"https:\\\/\\\/fastlanerentacar.com\\\/wp-content\\\/uploads\\\/Asset-2@2x-8.png\",\"width\":1641,\"height\":316,\"caption\":\"Fastlane\"},\"image\":{\"@id\":\"https:\\\/\\\/fastlanerentacar.com\\\/#\\\/schema\\\/logo\\\/image\\\/\"}}]}<\/script>\n<!-- \/ Yoast SEO plugin. -->","yoast_head_json":{"title":"Nissan Patrol 2022 (Blanc) - Fastlane","robots":{"index":"index","follow":"follow","max-snippet":"max-snippet:-1","max-image-preview":"max-image-preview:large","max-video-preview":"max-video-preview:-1"},"canonical":"https:\/\/fastlanerentacar.com\/produit\/nissan-patrol-2022-white\/","og_locale":"fr_FR","og_type":"article","og_title":"Nissan Patrol 2022 (Blanc) - Fastlane","og_description":"Louez un Nissan Patrol \u00e0 Duba\u00ef avec Turbo Plus Duba\u00ef, c\u00e9l\u00e8bre pour ses vibrations tropicales et sa vie urbaine joyeuse, devient encore plus excitante \u00e0 explorer lorsque vous conduisez un v\u00e9hicule \u00e0 la mode qui donne l'essence d'une exp\u00e9rience urbaine.","og_url":"https:\/\/fastlanerentacar.com\/produit\/nissan-patrol-2022-white\/","og_site_name":"Fastlane","article_modified_time":"2023-10-18T13:56:30+00:00","og_image":[{"width":841,"height":841,"url":"https:\/\/i0.wp.com\/turboplusdxb.com\/wp-content\/uploads\/nissan-patrol-3.jpg?fit=841%2C841&ssl=1","type":"image\/jpeg"}],"twitter_card":"summary_large_image","schema":{"@context":"https:\/\/schema.org","@graph":[{"@type":"WebPage","@id":"https:\/\/fastlanerentacar.com\/produit\/nissan-patrol-2022-white\/","url":"https:\/\/fastlanerentacar.com\/produit\/nissan-patrol-2022-white\/","name":"Nissan Patrol 2022 (Blanc) - Fastlane","isPartOf":{"@id":"https:\/\/fastlanerentacar.com\/#website"},"primaryImageOfPage":{"@id":"https:\/\/fastlanerentacar.com\/produit\/nissan-patrol-2022-white\/#primaryimage"},"image":{"@id":"https:\/\/fastlanerentacar.com\/produit\/nissan-patrol-2022-white\/#primaryimage"},"thumbnailUrl":"https:\/\/fastlanerentacar.com\/wp-content\/uploads\/nissan-patrol-3.jpg","datePublished":"2023-08-03T11:10:20+00:00","dateModified":"2023-10-18T13:56:30+00:00","breadcrumb":{"@id":"https:\/\/fastlanerentacar.com\/produit\/nissan-patrol-2022-white\/#breadcrumb"},"inLanguage":"fr-FR","potentialAction":[{"@type":"ReadAction","target":["https:\/\/fastlanerentacar.com\/produit\/nissan-patrol-2022-white\/"]}]},{"@type":"ImageObject","inLanguage":"fr-FR","@id":"https:\/\/fastlanerentacar.com\/produit\/nissan-patrol-2022-white\/#primaryimage","url":"https:\/\/fastlanerentacar.com\/wp-content\/uploads\/nissan-patrol-3.jpg","contentUrl":"https:\/\/fastlanerentacar.com\/wp-content\/uploads\/nissan-patrol-3.jpg","width":841,"height":841},{"@type":"BreadcrumbList","@id":"https:\/\/fastlanerentacar.com\/produit\/nissan-patrol-2022-white\/#breadcrumb","itemListElement":[{"@type":"ListItem","position":1,"name":"Home","item":"https:\/\/fastlanerentacar.com\/fr\/accueil\/"},{"@type":"ListItem","position":2,"name":"Products","item":"https:\/\/fastlanerentacar.com\/shop\/"},{"@type":"ListItem","position":3,"name":"Nissan Patrol 2022 (Blanc)"}]},{"@type":"WebSite","@id":"https:\/\/fastlanerentacar.com\/#website","url":"https:\/\/fastlanerentacar.com\/","name":"Fastlane","description":"","publisher":{"@id":"https:\/\/fastlanerentacar.com\/#organization"},"potentialAction":[{"@type":"SearchAction","target":{"@type":"EntryPoint","urlTemplate":"https:\/\/fastlanerentacar.com\/?s={search_term_string}"},"query-input":{"@type":"PropertyValueSpecification","valueRequired":true,"valueName":"search_term_string"}}],"inLanguage":"fr-FR"},{"@type":"Organization","@id":"https:\/\/fastlanerentacar.com\/#organization","name":"Fastlane","url":"https:\/\/fastlanerentacar.com\/","logo":{"@type":"ImageObject","inLanguage":"fr-FR","@id":"https:\/\/fastlanerentacar.com\/#\/schema\/logo\/image\/","url":"https:\/\/fastlanerentacar.com\/wp-content\/uploads\/Asset-2@2x-8.png","contentUrl":"https:\/\/fastlanerentacar.com\/wp-content\/uploads\/Asset-2@2x-8.png","width":1641,"height":316,"caption":"Fastlane"},"image":{"@id":"https:\/\/fastlanerentacar.com\/#\/schema\/logo\/image\/"}}]}},"_links":{"self":[{"href":"https:\/\/fastlanerentacar.com\/fr\/wp-json\/wp\/v2\/product\/36360","targetHints":{"allow":["GET"]}}],"collection":[{"href":"https:\/\/fastlanerentacar.com\/fr\/wp-json\/wp\/v2\/product"}],"about":[{"href":"https:\/\/fastlanerentacar.com\/fr\/wp-json\/wp\/v2\/types\/product"}],"replies":[{"embeddable":true,"href":"https:\/\/fastlanerentacar.com\/fr\/wp-json\/wp\/v2\/comments?post=36360"}],"wp:featuredmedia":[{"embeddable":true,"href":"https:\/\/fastlanerentacar.com\/fr\/wp-json\/wp\/v2\/media\/38735"}],"wp:attachment":[{"href":"https:\/\/fastlanerentacar.com\/fr\/wp-json\/wp\/v2\/media?parent=36360"}],"wp:term":[{"taxonomy":"product_brand","embeddable":true,"href":"https:\/\/fastlanerentacar.com\/fr\/wp-json\/wp\/v2\/product_brand?post=36360"},{"taxonomy":"product_cat","embeddable":true,"href":"https:\/\/fastlanerentacar.com\/fr\/wp-json\/wp\/v2\/product_cat?post=36360"},{"taxonomy":"product_tag","embeddable":true,"href":"https:\/\/fastlanerentacar.com\/fr\/wp-json\/wp\/v2\/product_tag?post=36360"}],"curies":[{"name":"wp","href":"https:\/\/api.w.org\/{rel}","templated":true}]}}