{"id":37020,"date":"2023-08-03T11:10:10","date_gmt":"2023-08-03T11:10:10","guid":{"rendered":"https:\/\/turboplus.digitality-agency.com\/product\/audi-a3-2022-blanc\/"},"modified":"2023-10-18T14:56:22","modified_gmt":"2023-10-18T14:56:22","slug":"audi-a3-2022-white","status":"publish","type":"product","link":"https:\/\/fastlanerentacar.com\/fr\/product\/audi-a3-2022-white\/","title":{"rendered":"Audi A3 2022 Blanc"},"content":{"rendered":"","protected":false},"excerpt":{"rendered":"<p>Louer une Audi A3 2021 \u00e0 Duba\u00ef<\/p>\n<p>Lorsqu&rsquo;il s&rsquo;agit de profiter d&rsquo;une d\u00e9licieuse balade dans les \u00c9mirats arabes unis au volant de la voiture de vos r\u00eaves, l&rsquo;Audi A3 est un mod\u00e8le id\u00e9al \u00e0 acqu\u00e9rir. Cette beaut\u00e9 s&rsquo;accompagne d&rsquo;une s\u00e9lection d&rsquo;excellents d\u00e9tails que tout conducteur appr\u00e9ciera sur la route. C&rsquo;est une voiture qui fait tourner les t\u00eates ! L&rsquo;A3 est un v\u00e9hicule de qualit\u00e9 sup\u00e9rieure con\u00e7u pour \u00eatre conduit. Il s&rsquo;agit non seulement d&rsquo;une belle voiture, mais aussi d&rsquo;une voiture aux caract\u00e9ristiques impressionnantes. L&rsquo;A3 est un v\u00e9hicule fait pour \u00eatre appr\u00e9ci\u00e9, avec un int\u00e9rieur confortable et un ext\u00e9rieur \u00e9l\u00e9gant.<\/p>\n","protected":false},"featured_media":39710,"comment_status":"open","ping_status":"closed","template":"","meta":{"_acf_changed":false},"product_brand":[],"product_cat":[262],"product_tag":[273],"class_list":{"0":"post-37020","1":"product","2":"type-product","3":"status-publish","4":"has-post-thumbnail","6":"product_cat-audi-fr","7":"product_tag-voitures-de-fonction","8":"yith_booking_service-deposit-free","10":"first","11":"instock","12":"virtual","13":"sold-individually","14":"purchasable","15":"product-type-booking"},"acf":[],"yoast_head":"<!-- This site is optimized with the Yoast SEO plugin v27.4 - https:\/\/yoast.com\/product\/yoast-seo-wordpress\/ -->\n<title>Audi A3 2022 Blanc - Fastlane<\/title>\n<meta name=\"robots\" content=\"index, follow, max-snippet:-1, max-image-preview:large, max-video-preview:-1\" \/>\n<link rel=\"canonical\" href=\"https:\/\/fastlanerentacar.com\/produit\/audi-a3-2022-white\/\" \/>\n<meta property=\"og:locale\" content=\"fr_FR\" \/>\n<meta property=\"og:type\" content=\"article\" \/>\n<meta property=\"og:title\" content=\"Audi A3 2022 Blanc - Fastlane\" \/>\n<meta property=\"og:description\" content=\"Louer une Audi A3 2021 \u00e0 Duba\u00ef Lorsqu&#039;il s&#039;agit de profiter d&#039;une d\u00e9licieuse balade dans les \u00c9mirats arabes unis au volant de la voiture de vos r\u00eaves, l&#039;Audi A3 est un mod\u00e8le id\u00e9al \u00e0 acqu\u00e9rir. Cette beaut\u00e9 s&#039;accompagne d&#039;une s\u00e9lection d&#039;excellents d\u00e9tails que tout conducteur appr\u00e9ciera sur la route. C&#039;est une voiture qui fait tourner les t\u00eates ! L&#039;A3 est un v\u00e9hicule de qualit\u00e9 sup\u00e9rieure con\u00e7u pour \u00eatre conduit. Il s&#039;agit non seulement d&#039;une belle voiture, mais aussi d&#039;une voiture aux caract\u00e9ristiques impressionnantes. L&#039;A3 est un v\u00e9hicule fait pour \u00eatre appr\u00e9ci\u00e9, avec un int\u00e9rieur confortable et un ext\u00e9rieur \u00e9l\u00e9gant.\" \/>\n<meta property=\"og:url\" content=\"https:\/\/fastlanerentacar.com\/produit\/audi-a3-2022-white\/\" \/>\n<meta property=\"og:site_name\" content=\"Fastlane\" \/>\n<meta property=\"article:modified_time\" content=\"2023-10-18T14:56:22+00:00\" \/>\n<meta property=\"og:image\" content=\"https:\/\/i0.wp.com\/turboplusdxb.com\/wp-content\/uploads\/audi-a3-white-1.png?fit=1500%2C1000&ssl=1\" \/>\n\t<meta property=\"og:image:width\" content=\"1500\" \/>\n\t<meta property=\"og:image:height\" content=\"1000\" \/>\n\t<meta property=\"og:image:type\" content=\"image\/png\" \/>\n<meta name=\"twitter:card\" content=\"summary_large_image\" \/>\n<script type=\"application\/ld+json\" class=\"yoast-schema-graph\">{\"@context\":\"https:\\\/\\\/schema.org\",\"@graph\":[{\"@type\":\"WebPage\",\"@id\":\"https:\\\/\\\/fastlanerentacar.com\\\/produit\\\/audi-a3-2022-white\\\/\",\"url\":\"https:\\\/\\\/fastlanerentacar.com\\\/produit\\\/audi-a3-2022-white\\\/\",\"name\":\"Audi A3 2022 Blanc - Fastlane\",\"isPartOf\":{\"@id\":\"https:\\\/\\\/fastlanerentacar.com\\\/#website\"},\"primaryImageOfPage\":{\"@id\":\"https:\\\/\\\/fastlanerentacar.com\\\/produit\\\/audi-a3-2022-white\\\/#primaryimage\"},\"image\":{\"@id\":\"https:\\\/\\\/fastlanerentacar.com\\\/produit\\\/audi-a3-2022-white\\\/#primaryimage\"},\"thumbnailUrl\":\"https:\\\/\\\/fastlanerentacar.com\\\/wp-content\\\/uploads\\\/audi-a3-white-1.png\",\"datePublished\":\"2023-08-03T11:10:10+00:00\",\"dateModified\":\"2023-10-18T14:56:22+00:00\",\"breadcrumb\":{\"@id\":\"https:\\\/\\\/fastlanerentacar.com\\\/produit\\\/audi-a3-2022-white\\\/#breadcrumb\"},\"inLanguage\":\"fr-FR\",\"potentialAction\":[{\"@type\":\"ReadAction\",\"target\":[\"https:\\\/\\\/fastlanerentacar.com\\\/produit\\\/audi-a3-2022-white\\\/\"]}]},{\"@type\":\"ImageObject\",\"inLanguage\":\"fr-FR\",\"@id\":\"https:\\\/\\\/fastlanerentacar.com\\\/produit\\\/audi-a3-2022-white\\\/#primaryimage\",\"url\":\"https:\\\/\\\/fastlanerentacar.com\\\/wp-content\\\/uploads\\\/audi-a3-white-1.png\",\"contentUrl\":\"https:\\\/\\\/fastlanerentacar.com\\\/wp-content\\\/uploads\\\/audi-a3-white-1.png\",\"width\":1500,\"height\":1000},{\"@type\":\"BreadcrumbList\",\"@id\":\"https:\\\/\\\/fastlanerentacar.com\\\/produit\\\/audi-a3-2022-white\\\/#breadcrumb\",\"itemListElement\":[{\"@type\":\"ListItem\",\"position\":1,\"name\":\"Home\",\"item\":\"https:\\\/\\\/fastlanerentacar.com\\\/fr\\\/accueil\\\/\"},{\"@type\":\"ListItem\",\"position\":2,\"name\":\"Products\",\"item\":\"https:\\\/\\\/fastlanerentacar.com\\\/shop\\\/\"},{\"@type\":\"ListItem\",\"position\":3,\"name\":\"Audi A3 2022 Blanc\"}]},{\"@type\":\"WebSite\",\"@id\":\"https:\\\/\\\/fastlanerentacar.com\\\/#website\",\"url\":\"https:\\\/\\\/fastlanerentacar.com\\\/\",\"name\":\"Fastlane\",\"description\":\"\",\"publisher\":{\"@id\":\"https:\\\/\\\/fastlanerentacar.com\\\/#organization\"},\"potentialAction\":[{\"@type\":\"SearchAction\",\"target\":{\"@type\":\"EntryPoint\",\"urlTemplate\":\"https:\\\/\\\/fastlanerentacar.com\\\/?s={search_term_string}\"},\"query-input\":{\"@type\":\"PropertyValueSpecification\",\"valueRequired\":true,\"valueName\":\"search_term_string\"}}],\"inLanguage\":\"fr-FR\"},{\"@type\":\"Organization\",\"@id\":\"https:\\\/\\\/fastlanerentacar.com\\\/#organization\",\"name\":\"Fastlane\",\"url\":\"https:\\\/\\\/fastlanerentacar.com\\\/\",\"logo\":{\"@type\":\"ImageObject\",\"inLanguage\":\"fr-FR\",\"@id\":\"https:\\\/\\\/fastlanerentacar.com\\\/#\\\/schema\\\/logo\\\/image\\\/\",\"url\":\"https:\\\/\\\/fastlanerentacar.com\\\/wp-content\\\/uploads\\\/Asset-2@2x-8.png\",\"contentUrl\":\"https:\\\/\\\/fastlanerentacar.com\\\/wp-content\\\/uploads\\\/Asset-2@2x-8.png\",\"width\":1641,\"height\":316,\"caption\":\"Fastlane\"},\"image\":{\"@id\":\"https:\\\/\\\/fastlanerentacar.com\\\/#\\\/schema\\\/logo\\\/image\\\/\"}}]}<\/script>\n<!-- \/ Yoast SEO plugin. -->","yoast_head_json":{"title":"Audi A3 2022 Blanc - Fastlane","robots":{"index":"index","follow":"follow","max-snippet":"max-snippet:-1","max-image-preview":"max-image-preview:large","max-video-preview":"max-video-preview:-1"},"canonical":"https:\/\/fastlanerentacar.com\/produit\/audi-a3-2022-white\/","og_locale":"fr_FR","og_type":"article","og_title":"Audi A3 2022 Blanc - Fastlane","og_description":"Louer une Audi A3 2021 \u00e0 Duba\u00ef Lorsqu'il s'agit de profiter d'une d\u00e9licieuse balade dans les \u00c9mirats arabes unis au volant de la voiture de vos r\u00eaves, l'Audi A3 est un mod\u00e8le id\u00e9al \u00e0 acqu\u00e9rir. Cette beaut\u00e9 s'accompagne d'une s\u00e9lection d'excellents d\u00e9tails que tout conducteur appr\u00e9ciera sur la route. C'est une voiture qui fait tourner les t\u00eates ! L'A3 est un v\u00e9hicule de qualit\u00e9 sup\u00e9rieure con\u00e7u pour \u00eatre conduit. Il s'agit non seulement d'une belle voiture, mais aussi d'une voiture aux caract\u00e9ristiques impressionnantes. L'A3 est un v\u00e9hicule fait pour \u00eatre appr\u00e9ci\u00e9, avec un int\u00e9rieur confortable et un ext\u00e9rieur \u00e9l\u00e9gant.","og_url":"https:\/\/fastlanerentacar.com\/produit\/audi-a3-2022-white\/","og_site_name":"Fastlane","article_modified_time":"2023-10-18T14:56:22+00:00","og_image":[{"width":1500,"height":1000,"url":"https:\/\/i0.wp.com\/turboplusdxb.com\/wp-content\/uploads\/audi-a3-white-1.png?fit=1500%2C1000&ssl=1","type":"image\/png"}],"twitter_card":"summary_large_image","schema":{"@context":"https:\/\/schema.org","@graph":[{"@type":"WebPage","@id":"https:\/\/fastlanerentacar.com\/produit\/audi-a3-2022-white\/","url":"https:\/\/fastlanerentacar.com\/produit\/audi-a3-2022-white\/","name":"Audi A3 2022 Blanc - Fastlane","isPartOf":{"@id":"https:\/\/fastlanerentacar.com\/#website"},"primaryImageOfPage":{"@id":"https:\/\/fastlanerentacar.com\/produit\/audi-a3-2022-white\/#primaryimage"},"image":{"@id":"https:\/\/fastlanerentacar.com\/produit\/audi-a3-2022-white\/#primaryimage"},"thumbnailUrl":"https:\/\/fastlanerentacar.com\/wp-content\/uploads\/audi-a3-white-1.png","datePublished":"2023-08-03T11:10:10+00:00","dateModified":"2023-10-18T14:56:22+00:00","breadcrumb":{"@id":"https:\/\/fastlanerentacar.com\/produit\/audi-a3-2022-white\/#breadcrumb"},"inLanguage":"fr-FR","potentialAction":[{"@type":"ReadAction","target":["https:\/\/fastlanerentacar.com\/produit\/audi-a3-2022-white\/"]}]},{"@type":"ImageObject","inLanguage":"fr-FR","@id":"https:\/\/fastlanerentacar.com\/produit\/audi-a3-2022-white\/#primaryimage","url":"https:\/\/fastlanerentacar.com\/wp-content\/uploads\/audi-a3-white-1.png","contentUrl":"https:\/\/fastlanerentacar.com\/wp-content\/uploads\/audi-a3-white-1.png","width":1500,"height":1000},{"@type":"BreadcrumbList","@id":"https:\/\/fastlanerentacar.com\/produit\/audi-a3-2022-white\/#breadcrumb","itemListElement":[{"@type":"ListItem","position":1,"name":"Home","item":"https:\/\/fastlanerentacar.com\/fr\/accueil\/"},{"@type":"ListItem","position":2,"name":"Products","item":"https:\/\/fastlanerentacar.com\/shop\/"},{"@type":"ListItem","position":3,"name":"Audi A3 2022 Blanc"}]},{"@type":"WebSite","@id":"https:\/\/fastlanerentacar.com\/#website","url":"https:\/\/fastlanerentacar.com\/","name":"Fastlane","description":"","publisher":{"@id":"https:\/\/fastlanerentacar.com\/#organization"},"potentialAction":[{"@type":"SearchAction","target":{"@type":"EntryPoint","urlTemplate":"https:\/\/fastlanerentacar.com\/?s={search_term_string}"},"query-input":{"@type":"PropertyValueSpecification","valueRequired":true,"valueName":"search_term_string"}}],"inLanguage":"fr-FR"},{"@type":"Organization","@id":"https:\/\/fastlanerentacar.com\/#organization","name":"Fastlane","url":"https:\/\/fastlanerentacar.com\/","logo":{"@type":"ImageObject","inLanguage":"fr-FR","@id":"https:\/\/fastlanerentacar.com\/#\/schema\/logo\/image\/","url":"https:\/\/fastlanerentacar.com\/wp-content\/uploads\/Asset-2@2x-8.png","contentUrl":"https:\/\/fastlanerentacar.com\/wp-content\/uploads\/Asset-2@2x-8.png","width":1641,"height":316,"caption":"Fastlane"},"image":{"@id":"https:\/\/fastlanerentacar.com\/#\/schema\/logo\/image\/"}}]}},"_links":{"self":[{"href":"https:\/\/fastlanerentacar.com\/fr\/wp-json\/wp\/v2\/product\/37020","targetHints":{"allow":["GET"]}}],"collection":[{"href":"https:\/\/fastlanerentacar.com\/fr\/wp-json\/wp\/v2\/product"}],"about":[{"href":"https:\/\/fastlanerentacar.com\/fr\/wp-json\/wp\/v2\/types\/product"}],"replies":[{"embeddable":true,"href":"https:\/\/fastlanerentacar.com\/fr\/wp-json\/wp\/v2\/comments?post=37020"}],"wp:featuredmedia":[{"embeddable":true,"href":"https:\/\/fastlanerentacar.com\/fr\/wp-json\/wp\/v2\/media\/39710"}],"wp:attachment":[{"href":"https:\/\/fastlanerentacar.com\/fr\/wp-json\/wp\/v2\/media?parent=37020"}],"wp:term":[{"taxonomy":"product_brand","embeddable":true,"href":"https:\/\/fastlanerentacar.com\/fr\/wp-json\/wp\/v2\/product_brand?post=37020"},{"taxonomy":"product_cat","embeddable":true,"href":"https:\/\/fastlanerentacar.com\/fr\/wp-json\/wp\/v2\/product_cat?post=37020"},{"taxonomy":"product_tag","embeddable":true,"href":"https:\/\/fastlanerentacar.com\/fr\/wp-json\/wp\/v2\/product_tag?post=37020"}],"curies":[{"name":"wp","href":"https:\/\/api.w.org\/{rel}","templated":true}]}}