{"id":37214,"date":"2023-08-03T11:10:09","date_gmt":"2023-08-03T11:10:09","guid":{"rendered":"https:\/\/turboplus.digitality-agency.com\/product\/audi-rs5-noir\/"},"modified":"2023-10-18T14:56:24","modified_gmt":"2023-10-18T14:56:24","slug":"audi-rs5-black","status":"publish","type":"product","link":"https:\/\/fastlanerentacar.com\/fr\/product\/audi-rs5-black\/","title":{"rendered":"Audi Rs5 Noir"},"content":{"rendered":"","protected":false},"excerpt":{"rendered":"<p>Ce dispositif est un V8 de 4,2 litres de 331 kW (450 ch), un monstre absolu sur la route. Vous devez savoir comment conduire une voiture de course avant de la conduire sur l&rsquo;autoroute. Cette voiture a \u00e9t\u00e9 cr\u00e9\u00e9e pour faire rire des voitures comme Mercedes et Porsche. La nouvelle Audi RS5 a \u00e9t\u00e9 pr\u00e9sent\u00e9e au salon de l&rsquo;automobile de Gen\u00e8ve en 2010, et continue avec une puissance brutale depuis la m\u00eame ann\u00e9e sur les routes.<\/p>\n","protected":false},"featured_media":39736,"comment_status":"open","ping_status":"closed","template":"","meta":{"_acf_changed":false},"product_brand":[],"product_cat":[262],"product_tag":[],"class_list":{"0":"post-37214","1":"product","2":"type-product","3":"status-publish","4":"has-post-thumbnail","6":"product_cat-audi-fr","7":"yith_booking_service-deposit-free","9":"first","10":"instock","11":"virtual","12":"sold-individually","13":"purchasable","14":"product-type-booking"},"acf":[],"yoast_head":"<!-- This site is optimized with the Yoast SEO plugin v27.4 - https:\/\/yoast.com\/product\/yoast-seo-wordpress\/ -->\n<title>Audi Rs5 Noir - Fastlane<\/title>\n<meta name=\"robots\" content=\"index, follow, max-snippet:-1, max-image-preview:large, max-video-preview:-1\" \/>\n<link rel=\"canonical\" href=\"https:\/\/fastlanerentacar.com\/produit\/audi-rs5-black\/\" \/>\n<meta property=\"og:locale\" content=\"fr_FR\" \/>\n<meta property=\"og:type\" content=\"article\" \/>\n<meta property=\"og:title\" content=\"Audi Rs5 Noir - Fastlane\" \/>\n<meta property=\"og:description\" content=\"Ce dispositif est un V8 de 4,2 litres de 331 kW (450 ch), un monstre absolu sur la route. Vous devez savoir comment conduire une voiture de course avant de la conduire sur l&#039;autoroute. Cette voiture a \u00e9t\u00e9 cr\u00e9\u00e9e pour faire rire des voitures comme Mercedes et Porsche. La nouvelle Audi RS5 a \u00e9t\u00e9 pr\u00e9sent\u00e9e au salon de l&#039;automobile de Gen\u00e8ve en 2010, et continue avec une puissance brutale depuis la m\u00eame ann\u00e9e sur les routes.\" \/>\n<meta property=\"og:url\" content=\"https:\/\/fastlanerentacar.com\/produit\/audi-rs5-black\/\" \/>\n<meta property=\"og:site_name\" content=\"Fastlane\" \/>\n<meta property=\"article:modified_time\" content=\"2023-10-18T14:56:24+00:00\" \/>\n<meta property=\"og:image\" content=\"https:\/\/i0.wp.com\/turboplusdxb.com\/wp-content\/uploads\/1-28_jpeg.png?fit=642%2C642&ssl=1\" \/>\n\t<meta property=\"og:image:width\" content=\"642\" \/>\n\t<meta property=\"og:image:height\" content=\"642\" \/>\n\t<meta property=\"og:image:type\" content=\"image\/png\" \/>\n<meta name=\"twitter:card\" content=\"summary_large_image\" \/>\n<script type=\"application\/ld+json\" class=\"yoast-schema-graph\">{\"@context\":\"https:\\\/\\\/schema.org\",\"@graph\":[{\"@type\":\"WebPage\",\"@id\":\"https:\\\/\\\/fastlanerentacar.com\\\/produit\\\/audi-rs5-black\\\/\",\"url\":\"https:\\\/\\\/fastlanerentacar.com\\\/produit\\\/audi-rs5-black\\\/\",\"name\":\"Audi Rs5 Noir - Fastlane\",\"isPartOf\":{\"@id\":\"https:\\\/\\\/fastlanerentacar.com\\\/#website\"},\"primaryImageOfPage\":{\"@id\":\"https:\\\/\\\/fastlanerentacar.com\\\/produit\\\/audi-rs5-black\\\/#primaryimage\"},\"image\":{\"@id\":\"https:\\\/\\\/fastlanerentacar.com\\\/produit\\\/audi-rs5-black\\\/#primaryimage\"},\"thumbnailUrl\":\"https:\\\/\\\/fastlanerentacar.com\\\/wp-content\\\/uploads\\\/1-28_jpeg.png\",\"datePublished\":\"2023-08-03T11:10:09+00:00\",\"dateModified\":\"2023-10-18T14:56:24+00:00\",\"breadcrumb\":{\"@id\":\"https:\\\/\\\/fastlanerentacar.com\\\/produit\\\/audi-rs5-black\\\/#breadcrumb\"},\"inLanguage\":\"fr-FR\",\"potentialAction\":[{\"@type\":\"ReadAction\",\"target\":[\"https:\\\/\\\/fastlanerentacar.com\\\/produit\\\/audi-rs5-black\\\/\"]}]},{\"@type\":\"ImageObject\",\"inLanguage\":\"fr-FR\",\"@id\":\"https:\\\/\\\/fastlanerentacar.com\\\/produit\\\/audi-rs5-black\\\/#primaryimage\",\"url\":\"https:\\\/\\\/fastlanerentacar.com\\\/wp-content\\\/uploads\\\/1-28_jpeg.png\",\"contentUrl\":\"https:\\\/\\\/fastlanerentacar.com\\\/wp-content\\\/uploads\\\/1-28_jpeg.png\",\"width\":642,\"height\":642},{\"@type\":\"BreadcrumbList\",\"@id\":\"https:\\\/\\\/fastlanerentacar.com\\\/produit\\\/audi-rs5-black\\\/#breadcrumb\",\"itemListElement\":[{\"@type\":\"ListItem\",\"position\":1,\"name\":\"Home\",\"item\":\"https:\\\/\\\/fastlanerentacar.com\\\/fr\\\/accueil\\\/\"},{\"@type\":\"ListItem\",\"position\":2,\"name\":\"Products\",\"item\":\"https:\\\/\\\/fastlanerentacar.com\\\/shop\\\/\"},{\"@type\":\"ListItem\",\"position\":3,\"name\":\"Audi Rs5 Noir\"}]},{\"@type\":\"WebSite\",\"@id\":\"https:\\\/\\\/fastlanerentacar.com\\\/#website\",\"url\":\"https:\\\/\\\/fastlanerentacar.com\\\/\",\"name\":\"Fastlane\",\"description\":\"\",\"publisher\":{\"@id\":\"https:\\\/\\\/fastlanerentacar.com\\\/#organization\"},\"potentialAction\":[{\"@type\":\"SearchAction\",\"target\":{\"@type\":\"EntryPoint\",\"urlTemplate\":\"https:\\\/\\\/fastlanerentacar.com\\\/?s={search_term_string}\"},\"query-input\":{\"@type\":\"PropertyValueSpecification\",\"valueRequired\":true,\"valueName\":\"search_term_string\"}}],\"inLanguage\":\"fr-FR\"},{\"@type\":\"Organization\",\"@id\":\"https:\\\/\\\/fastlanerentacar.com\\\/#organization\",\"name\":\"Fastlane\",\"url\":\"https:\\\/\\\/fastlanerentacar.com\\\/\",\"logo\":{\"@type\":\"ImageObject\",\"inLanguage\":\"fr-FR\",\"@id\":\"https:\\\/\\\/fastlanerentacar.com\\\/#\\\/schema\\\/logo\\\/image\\\/\",\"url\":\"https:\\\/\\\/fastlanerentacar.com\\\/wp-content\\\/uploads\\\/Asset-2@2x-8.png\",\"contentUrl\":\"https:\\\/\\\/fastlanerentacar.com\\\/wp-content\\\/uploads\\\/Asset-2@2x-8.png\",\"width\":1641,\"height\":316,\"caption\":\"Fastlane\"},\"image\":{\"@id\":\"https:\\\/\\\/fastlanerentacar.com\\\/#\\\/schema\\\/logo\\\/image\\\/\"}}]}<\/script>\n<!-- \/ Yoast SEO plugin. -->","yoast_head_json":{"title":"Audi Rs5 Noir - Fastlane","robots":{"index":"index","follow":"follow","max-snippet":"max-snippet:-1","max-image-preview":"max-image-preview:large","max-video-preview":"max-video-preview:-1"},"canonical":"https:\/\/fastlanerentacar.com\/produit\/audi-rs5-black\/","og_locale":"fr_FR","og_type":"article","og_title":"Audi Rs5 Noir - Fastlane","og_description":"Ce dispositif est un V8 de 4,2 litres de 331 kW (450 ch), un monstre absolu sur la route. Vous devez savoir comment conduire une voiture de course avant de la conduire sur l'autoroute. Cette voiture a \u00e9t\u00e9 cr\u00e9\u00e9e pour faire rire des voitures comme Mercedes et Porsche. La nouvelle Audi RS5 a \u00e9t\u00e9 pr\u00e9sent\u00e9e au salon de l'automobile de Gen\u00e8ve en 2010, et continue avec une puissance brutale depuis la m\u00eame ann\u00e9e sur les routes.","og_url":"https:\/\/fastlanerentacar.com\/produit\/audi-rs5-black\/","og_site_name":"Fastlane","article_modified_time":"2023-10-18T14:56:24+00:00","og_image":[{"width":642,"height":642,"url":"https:\/\/i0.wp.com\/turboplusdxb.com\/wp-content\/uploads\/1-28_jpeg.png?fit=642%2C642&ssl=1","type":"image\/png"}],"twitter_card":"summary_large_image","schema":{"@context":"https:\/\/schema.org","@graph":[{"@type":"WebPage","@id":"https:\/\/fastlanerentacar.com\/produit\/audi-rs5-black\/","url":"https:\/\/fastlanerentacar.com\/produit\/audi-rs5-black\/","name":"Audi Rs5 Noir - Fastlane","isPartOf":{"@id":"https:\/\/fastlanerentacar.com\/#website"},"primaryImageOfPage":{"@id":"https:\/\/fastlanerentacar.com\/produit\/audi-rs5-black\/#primaryimage"},"image":{"@id":"https:\/\/fastlanerentacar.com\/produit\/audi-rs5-black\/#primaryimage"},"thumbnailUrl":"https:\/\/fastlanerentacar.com\/wp-content\/uploads\/1-28_jpeg.png","datePublished":"2023-08-03T11:10:09+00:00","dateModified":"2023-10-18T14:56:24+00:00","breadcrumb":{"@id":"https:\/\/fastlanerentacar.com\/produit\/audi-rs5-black\/#breadcrumb"},"inLanguage":"fr-FR","potentialAction":[{"@type":"ReadAction","target":["https:\/\/fastlanerentacar.com\/produit\/audi-rs5-black\/"]}]},{"@type":"ImageObject","inLanguage":"fr-FR","@id":"https:\/\/fastlanerentacar.com\/produit\/audi-rs5-black\/#primaryimage","url":"https:\/\/fastlanerentacar.com\/wp-content\/uploads\/1-28_jpeg.png","contentUrl":"https:\/\/fastlanerentacar.com\/wp-content\/uploads\/1-28_jpeg.png","width":642,"height":642},{"@type":"BreadcrumbList","@id":"https:\/\/fastlanerentacar.com\/produit\/audi-rs5-black\/#breadcrumb","itemListElement":[{"@type":"ListItem","position":1,"name":"Home","item":"https:\/\/fastlanerentacar.com\/fr\/accueil\/"},{"@type":"ListItem","position":2,"name":"Products","item":"https:\/\/fastlanerentacar.com\/shop\/"},{"@type":"ListItem","position":3,"name":"Audi Rs5 Noir"}]},{"@type":"WebSite","@id":"https:\/\/fastlanerentacar.com\/#website","url":"https:\/\/fastlanerentacar.com\/","name":"Fastlane","description":"","publisher":{"@id":"https:\/\/fastlanerentacar.com\/#organization"},"potentialAction":[{"@type":"SearchAction","target":{"@type":"EntryPoint","urlTemplate":"https:\/\/fastlanerentacar.com\/?s={search_term_string}"},"query-input":{"@type":"PropertyValueSpecification","valueRequired":true,"valueName":"search_term_string"}}],"inLanguage":"fr-FR"},{"@type":"Organization","@id":"https:\/\/fastlanerentacar.com\/#organization","name":"Fastlane","url":"https:\/\/fastlanerentacar.com\/","logo":{"@type":"ImageObject","inLanguage":"fr-FR","@id":"https:\/\/fastlanerentacar.com\/#\/schema\/logo\/image\/","url":"https:\/\/fastlanerentacar.com\/wp-content\/uploads\/Asset-2@2x-8.png","contentUrl":"https:\/\/fastlanerentacar.com\/wp-content\/uploads\/Asset-2@2x-8.png","width":1641,"height":316,"caption":"Fastlane"},"image":{"@id":"https:\/\/fastlanerentacar.com\/#\/schema\/logo\/image\/"}}]}},"_links":{"self":[{"href":"https:\/\/fastlanerentacar.com\/fr\/wp-json\/wp\/v2\/product\/37214","targetHints":{"allow":["GET"]}}],"collection":[{"href":"https:\/\/fastlanerentacar.com\/fr\/wp-json\/wp\/v2\/product"}],"about":[{"href":"https:\/\/fastlanerentacar.com\/fr\/wp-json\/wp\/v2\/types\/product"}],"replies":[{"embeddable":true,"href":"https:\/\/fastlanerentacar.com\/fr\/wp-json\/wp\/v2\/comments?post=37214"}],"wp:featuredmedia":[{"embeddable":true,"href":"https:\/\/fastlanerentacar.com\/fr\/wp-json\/wp\/v2\/media\/39736"}],"wp:attachment":[{"href":"https:\/\/fastlanerentacar.com\/fr\/wp-json\/wp\/v2\/media?parent=37214"}],"wp:term":[{"taxonomy":"product_brand","embeddable":true,"href":"https:\/\/fastlanerentacar.com\/fr\/wp-json\/wp\/v2\/product_brand?post=37214"},{"taxonomy":"product_cat","embeddable":true,"href":"https:\/\/fastlanerentacar.com\/fr\/wp-json\/wp\/v2\/product_cat?post=37214"},{"taxonomy":"product_tag","embeddable":true,"href":"https:\/\/fastlanerentacar.com\/fr\/wp-json\/wp\/v2\/product_tag?post=37214"}],"curies":[{"name":"wp","href":"https:\/\/api.w.org\/{rel}","templated":true}]}}