{"id":37540,"date":"2023-08-03T11:10:06","date_gmt":"2023-08-03T11:10:06","guid":{"rendered":"https:\/\/turboplus.digitality-agency.com\/product\/range-rover-vogue-2022\/"},"modified":"2024-01-10T20:19:27","modified_gmt":"2024-01-10T20:19:27","slug":"range-rover-vogue-2022","status":"publish","type":"product","link":"https:\/\/fastlanerentacar.com\/fr\/product\/range-rover-vogue-2022\/","title":{"rendered":"Range Rover Vogue 2022"},"content":{"rendered":"","protected":false},"excerpt":{"rendered":"<p>Range Rover Vogue 2022 HSE V8 \u00e0 louer \u00e0 Duba\u00ef Visiter les \u00c9mirats arabes unis et cr\u00e9er des souvenirs avec son charme ne consiste pas seulement \u00e0 visiter ses belles destinations, mais aussi \u00e0 profiter de la conduite et du voyage.<\/p>\n","protected":false},"featured_media":39984,"comment_status":"open","ping_status":"closed","template":"","meta":{"_acf_changed":false},"product_brand":[],"product_cat":[312],"product_tag":[347,273,143],"class_list":{"0":"post-37540","1":"product","2":"type-product","3":"status-publish","4":"has-post-thumbnail","6":"product_cat-range-rover-fr","7":"product_tag-suv-fr","8":"product_tag-voitures-de-fonction","9":"product_tag-luxury-cars-fr","10":"yith_booking_service-deposit-free","12":"first","13":"instock","14":"virtual","15":"sold-individually","16":"purchasable","17":"product-type-booking"},"acf":[],"yoast_head":"<!-- This site is optimized with the Yoast SEO plugin v27.4 - https:\/\/yoast.com\/product\/yoast-seo-wordpress\/ -->\n<title>Range Rover Vogue 2022 - Fastlane<\/title>\n<meta name=\"robots\" content=\"index, follow, max-snippet:-1, max-image-preview:large, max-video-preview:-1\" \/>\n<link rel=\"canonical\" href=\"https:\/\/fastlanerentacar.com\/produit\/range-rover-vogue-2022\/\" \/>\n<meta property=\"og:locale\" content=\"fr_FR\" \/>\n<meta property=\"og:type\" content=\"article\" \/>\n<meta property=\"og:title\" content=\"Range Rover Vogue 2022 - Fastlane\" \/>\n<meta property=\"og:description\" content=\"Range Rover Vogue 2022 HSE V8 \u00e0 louer \u00e0 Duba\u00ef Visiter les \u00c9mirats arabes unis et cr\u00e9er des souvenirs avec son charme ne consiste pas seulement \u00e0 visiter ses belles destinations, mais aussi \u00e0 profiter de la conduite et du voyage.\" \/>\n<meta property=\"og:url\" content=\"https:\/\/fastlanerentacar.com\/produit\/range-rover-vogue-2022\/\" \/>\n<meta property=\"og:site_name\" content=\"Fastlane\" \/>\n<meta property=\"article:modified_time\" content=\"2024-01-10T20:19:27+00:00\" \/>\n<meta property=\"og:image\" content=\"https:\/\/i0.wp.com\/turboplusdxb.com\/wp-content\/uploads\/Range-Rover-Vogue-HSE-V8-1.png?fit=1500%2C1000&ssl=1\" \/>\n\t<meta property=\"og:image:width\" content=\"1500\" \/>\n\t<meta property=\"og:image:height\" content=\"1000\" \/>\n\t<meta property=\"og:image:type\" content=\"image\/png\" \/>\n<meta name=\"twitter:card\" content=\"summary_large_image\" \/>\n<script type=\"application\/ld+json\" class=\"yoast-schema-graph\">{\"@context\":\"https:\\\/\\\/schema.org\",\"@graph\":[{\"@type\":\"WebPage\",\"@id\":\"https:\\\/\\\/fastlanerentacar.com\\\/produit\\\/range-rover-vogue-2022\\\/\",\"url\":\"https:\\\/\\\/fastlanerentacar.com\\\/produit\\\/range-rover-vogue-2022\\\/\",\"name\":\"Range Rover Vogue 2022 - Fastlane\",\"isPartOf\":{\"@id\":\"https:\\\/\\\/fastlanerentacar.com\\\/#website\"},\"primaryImageOfPage\":{\"@id\":\"https:\\\/\\\/fastlanerentacar.com\\\/produit\\\/range-rover-vogue-2022\\\/#primaryimage\"},\"image\":{\"@id\":\"https:\\\/\\\/fastlanerentacar.com\\\/produit\\\/range-rover-vogue-2022\\\/#primaryimage\"},\"thumbnailUrl\":\"https:\\\/\\\/fastlanerentacar.com\\\/wp-content\\\/uploads\\\/Range-Rover-Vogue-HSE-V8-1.png\",\"datePublished\":\"2023-08-03T11:10:06+00:00\",\"dateModified\":\"2024-01-10T20:19:27+00:00\",\"breadcrumb\":{\"@id\":\"https:\\\/\\\/fastlanerentacar.com\\\/produit\\\/range-rover-vogue-2022\\\/#breadcrumb\"},\"inLanguage\":\"fr-FR\",\"potentialAction\":[{\"@type\":\"ReadAction\",\"target\":[\"https:\\\/\\\/fastlanerentacar.com\\\/produit\\\/range-rover-vogue-2022\\\/\"]}]},{\"@type\":\"ImageObject\",\"inLanguage\":\"fr-FR\",\"@id\":\"https:\\\/\\\/fastlanerentacar.com\\\/produit\\\/range-rover-vogue-2022\\\/#primaryimage\",\"url\":\"https:\\\/\\\/fastlanerentacar.com\\\/wp-content\\\/uploads\\\/Range-Rover-Vogue-HSE-V8-1.png\",\"contentUrl\":\"https:\\\/\\\/fastlanerentacar.com\\\/wp-content\\\/uploads\\\/Range-Rover-Vogue-HSE-V8-1.png\",\"width\":1500,\"height\":1000},{\"@type\":\"BreadcrumbList\",\"@id\":\"https:\\\/\\\/fastlanerentacar.com\\\/produit\\\/range-rover-vogue-2022\\\/#breadcrumb\",\"itemListElement\":[{\"@type\":\"ListItem\",\"position\":1,\"name\":\"Home\",\"item\":\"https:\\\/\\\/fastlanerentacar.com\\\/fr\\\/accueil\\\/\"},{\"@type\":\"ListItem\",\"position\":2,\"name\":\"Products\",\"item\":\"https:\\\/\\\/fastlanerentacar.com\\\/shop\\\/\"},{\"@type\":\"ListItem\",\"position\":3,\"name\":\"Range Rover Vogue 2022\"}]},{\"@type\":\"WebSite\",\"@id\":\"https:\\\/\\\/fastlanerentacar.com\\\/#website\",\"url\":\"https:\\\/\\\/fastlanerentacar.com\\\/\",\"name\":\"Fastlane\",\"description\":\"\",\"publisher\":{\"@id\":\"https:\\\/\\\/fastlanerentacar.com\\\/#organization\"},\"potentialAction\":[{\"@type\":\"SearchAction\",\"target\":{\"@type\":\"EntryPoint\",\"urlTemplate\":\"https:\\\/\\\/fastlanerentacar.com\\\/?s={search_term_string}\"},\"query-input\":{\"@type\":\"PropertyValueSpecification\",\"valueRequired\":true,\"valueName\":\"search_term_string\"}}],\"inLanguage\":\"fr-FR\"},{\"@type\":\"Organization\",\"@id\":\"https:\\\/\\\/fastlanerentacar.com\\\/#organization\",\"name\":\"Fastlane\",\"url\":\"https:\\\/\\\/fastlanerentacar.com\\\/\",\"logo\":{\"@type\":\"ImageObject\",\"inLanguage\":\"fr-FR\",\"@id\":\"https:\\\/\\\/fastlanerentacar.com\\\/#\\\/schema\\\/logo\\\/image\\\/\",\"url\":\"https:\\\/\\\/fastlanerentacar.com\\\/wp-content\\\/uploads\\\/Asset-2@2x-8.png\",\"contentUrl\":\"https:\\\/\\\/fastlanerentacar.com\\\/wp-content\\\/uploads\\\/Asset-2@2x-8.png\",\"width\":1641,\"height\":316,\"caption\":\"Fastlane\"},\"image\":{\"@id\":\"https:\\\/\\\/fastlanerentacar.com\\\/#\\\/schema\\\/logo\\\/image\\\/\"}}]}<\/script>\n<!-- \/ Yoast SEO plugin. -->","yoast_head_json":{"title":"Range Rover Vogue 2022 - Fastlane","robots":{"index":"index","follow":"follow","max-snippet":"max-snippet:-1","max-image-preview":"max-image-preview:large","max-video-preview":"max-video-preview:-1"},"canonical":"https:\/\/fastlanerentacar.com\/produit\/range-rover-vogue-2022\/","og_locale":"fr_FR","og_type":"article","og_title":"Range Rover Vogue 2022 - Fastlane","og_description":"Range Rover Vogue 2022 HSE V8 \u00e0 louer \u00e0 Duba\u00ef Visiter les \u00c9mirats arabes unis et cr\u00e9er des souvenirs avec son charme ne consiste pas seulement \u00e0 visiter ses belles destinations, mais aussi \u00e0 profiter de la conduite et du voyage.","og_url":"https:\/\/fastlanerentacar.com\/produit\/range-rover-vogue-2022\/","og_site_name":"Fastlane","article_modified_time":"2024-01-10T20:19:27+00:00","og_image":[{"width":1500,"height":1000,"url":"https:\/\/i0.wp.com\/turboplusdxb.com\/wp-content\/uploads\/Range-Rover-Vogue-HSE-V8-1.png?fit=1500%2C1000&ssl=1","type":"image\/png"}],"twitter_card":"summary_large_image","schema":{"@context":"https:\/\/schema.org","@graph":[{"@type":"WebPage","@id":"https:\/\/fastlanerentacar.com\/produit\/range-rover-vogue-2022\/","url":"https:\/\/fastlanerentacar.com\/produit\/range-rover-vogue-2022\/","name":"Range Rover Vogue 2022 - Fastlane","isPartOf":{"@id":"https:\/\/fastlanerentacar.com\/#website"},"primaryImageOfPage":{"@id":"https:\/\/fastlanerentacar.com\/produit\/range-rover-vogue-2022\/#primaryimage"},"image":{"@id":"https:\/\/fastlanerentacar.com\/produit\/range-rover-vogue-2022\/#primaryimage"},"thumbnailUrl":"https:\/\/fastlanerentacar.com\/wp-content\/uploads\/Range-Rover-Vogue-HSE-V8-1.png","datePublished":"2023-08-03T11:10:06+00:00","dateModified":"2024-01-10T20:19:27+00:00","breadcrumb":{"@id":"https:\/\/fastlanerentacar.com\/produit\/range-rover-vogue-2022\/#breadcrumb"},"inLanguage":"fr-FR","potentialAction":[{"@type":"ReadAction","target":["https:\/\/fastlanerentacar.com\/produit\/range-rover-vogue-2022\/"]}]},{"@type":"ImageObject","inLanguage":"fr-FR","@id":"https:\/\/fastlanerentacar.com\/produit\/range-rover-vogue-2022\/#primaryimage","url":"https:\/\/fastlanerentacar.com\/wp-content\/uploads\/Range-Rover-Vogue-HSE-V8-1.png","contentUrl":"https:\/\/fastlanerentacar.com\/wp-content\/uploads\/Range-Rover-Vogue-HSE-V8-1.png","width":1500,"height":1000},{"@type":"BreadcrumbList","@id":"https:\/\/fastlanerentacar.com\/produit\/range-rover-vogue-2022\/#breadcrumb","itemListElement":[{"@type":"ListItem","position":1,"name":"Home","item":"https:\/\/fastlanerentacar.com\/fr\/accueil\/"},{"@type":"ListItem","position":2,"name":"Products","item":"https:\/\/fastlanerentacar.com\/shop\/"},{"@type":"ListItem","position":3,"name":"Range Rover Vogue 2022"}]},{"@type":"WebSite","@id":"https:\/\/fastlanerentacar.com\/#website","url":"https:\/\/fastlanerentacar.com\/","name":"Fastlane","description":"","publisher":{"@id":"https:\/\/fastlanerentacar.com\/#organization"},"potentialAction":[{"@type":"SearchAction","target":{"@type":"EntryPoint","urlTemplate":"https:\/\/fastlanerentacar.com\/?s={search_term_string}"},"query-input":{"@type":"PropertyValueSpecification","valueRequired":true,"valueName":"search_term_string"}}],"inLanguage":"fr-FR"},{"@type":"Organization","@id":"https:\/\/fastlanerentacar.com\/#organization","name":"Fastlane","url":"https:\/\/fastlanerentacar.com\/","logo":{"@type":"ImageObject","inLanguage":"fr-FR","@id":"https:\/\/fastlanerentacar.com\/#\/schema\/logo\/image\/","url":"https:\/\/fastlanerentacar.com\/wp-content\/uploads\/Asset-2@2x-8.png","contentUrl":"https:\/\/fastlanerentacar.com\/wp-content\/uploads\/Asset-2@2x-8.png","width":1641,"height":316,"caption":"Fastlane"},"image":{"@id":"https:\/\/fastlanerentacar.com\/#\/schema\/logo\/image\/"}}]}},"_links":{"self":[{"href":"https:\/\/fastlanerentacar.com\/fr\/wp-json\/wp\/v2\/product\/37540","targetHints":{"allow":["GET"]}}],"collection":[{"href":"https:\/\/fastlanerentacar.com\/fr\/wp-json\/wp\/v2\/product"}],"about":[{"href":"https:\/\/fastlanerentacar.com\/fr\/wp-json\/wp\/v2\/types\/product"}],"replies":[{"embeddable":true,"href":"https:\/\/fastlanerentacar.com\/fr\/wp-json\/wp\/v2\/comments?post=37540"}],"wp:featuredmedia":[{"embeddable":true,"href":"https:\/\/fastlanerentacar.com\/fr\/wp-json\/wp\/v2\/media\/39984"}],"wp:attachment":[{"href":"https:\/\/fastlanerentacar.com\/fr\/wp-json\/wp\/v2\/media?parent=37540"}],"wp:term":[{"taxonomy":"product_brand","embeddable":true,"href":"https:\/\/fastlanerentacar.com\/fr\/wp-json\/wp\/v2\/product_brand?post=37540"},{"taxonomy":"product_cat","embeddable":true,"href":"https:\/\/fastlanerentacar.com\/fr\/wp-json\/wp\/v2\/product_cat?post=37540"},{"taxonomy":"product_tag","embeddable":true,"href":"https:\/\/fastlanerentacar.com\/fr\/wp-json\/wp\/v2\/product_tag?post=37540"}],"curies":[{"name":"wp","href":"https:\/\/api.w.org\/{rel}","templated":true}]}}