{"id":37808,"date":"2023-08-03T11:10:03","date_gmt":"2023-08-03T11:10:03","guid":{"rendered":"https:\/\/turboplus.digitality-agency.com\/product\/nouveau-audi-rs-q8-gris\/"},"modified":"2023-10-18T15:18:36","modified_gmt":"2023-10-18T15:18:36","slug":"new-audi-rs-q8-grey","status":"publish","type":"product","link":"https:\/\/fastlanerentacar.com\/fr\/product\/new-audi-rs-q8-grey\/","title":{"rendered":"Nouveau ! Audi Rs Q8 (Gris)"},"content":{"rendered":"","protected":false},"excerpt":{"rendered":"<p>Louer une Audi RS Q8 \u00e0 Duba\u00ef Si vous \u00eates \u00e0 la recherche d&rsquo;une supercar amusante pour toute la famille, louez une Audi RSQ8 \u00e0 Duba\u00ef depuis Uptown DXB. Audi associe les hautes performances d&rsquo;un mod\u00e8le RS \u00e0 la praticit\u00e9 d&rsquo;un SUV.<\/p>\n","protected":false},"featured_media":40184,"comment_status":"open","ping_status":"closed","template":"","meta":{"_acf_changed":false},"product_brand":[],"product_cat":[262],"product_tag":[347,273],"class_list":{"0":"post-37808","1":"product","2":"type-product","3":"status-publish","4":"has-post-thumbnail","6":"product_cat-audi-fr","7":"product_tag-suv-fr","8":"product_tag-voitures-de-fonction","9":"yith_booking_service-deposit-free","11":"first","12":"instock","13":"virtual","14":"sold-individually","15":"purchasable","16":"product-type-booking"},"acf":[],"yoast_head":"<!-- This site is optimized with the Yoast SEO plugin v27.4 - https:\/\/yoast.com\/product\/yoast-seo-wordpress\/ -->\n<title>Nouveau ! Audi Rs Q8 (Gris) - Fastlane<\/title>\n<meta name=\"robots\" content=\"index, follow, max-snippet:-1, max-image-preview:large, max-video-preview:-1\" \/>\n<link rel=\"canonical\" href=\"https:\/\/fastlanerentacar.com\/produit\/new-audi-rs-q8-grey\/\" \/>\n<meta property=\"og:locale\" content=\"fr_FR\" \/>\n<meta property=\"og:type\" content=\"article\" \/>\n<meta property=\"og:title\" content=\"Nouveau ! Audi Rs Q8 (Gris) - Fastlane\" \/>\n<meta property=\"og:description\" content=\"Louer une Audi RS Q8 \u00e0 Duba\u00ef Si vous \u00eates \u00e0 la recherche d&#039;une supercar amusante pour toute la famille, louez une Audi RSQ8 \u00e0 Duba\u00ef depuis Uptown DXB. Audi associe les hautes performances d&#039;un mod\u00e8le RS \u00e0 la praticit\u00e9 d&#039;un SUV.\" \/>\n<meta property=\"og:url\" content=\"https:\/\/fastlanerentacar.com\/produit\/new-audi-rs-q8-grey\/\" \/>\n<meta property=\"og:site_name\" content=\"Fastlane\" \/>\n<meta property=\"article:modified_time\" content=\"2023-10-18T15:18:36+00:00\" \/>\n<meta property=\"og:image\" content=\"https:\/\/i0.wp.com\/turboplusdxb.com\/wp-content\/uploads\/Sanstitre_12.png?fit=900%2C900&ssl=1\" \/>\n\t<meta property=\"og:image:width\" content=\"900\" \/>\n\t<meta property=\"og:image:height\" content=\"900\" \/>\n\t<meta property=\"og:image:type\" content=\"image\/png\" \/>\n<meta name=\"twitter:card\" content=\"summary_large_image\" \/>\n<script type=\"application\/ld+json\" class=\"yoast-schema-graph\">{\"@context\":\"https:\\\/\\\/schema.org\",\"@graph\":[{\"@type\":\"WebPage\",\"@id\":\"https:\\\/\\\/fastlanerentacar.com\\\/produit\\\/new-audi-rs-q8-grey\\\/\",\"url\":\"https:\\\/\\\/fastlanerentacar.com\\\/produit\\\/new-audi-rs-q8-grey\\\/\",\"name\":\"Nouveau ! Audi Rs Q8 (Gris) - Fastlane\",\"isPartOf\":{\"@id\":\"https:\\\/\\\/fastlanerentacar.com\\\/#website\"},\"primaryImageOfPage\":{\"@id\":\"https:\\\/\\\/fastlanerentacar.com\\\/produit\\\/new-audi-rs-q8-grey\\\/#primaryimage\"},\"image\":{\"@id\":\"https:\\\/\\\/fastlanerentacar.com\\\/produit\\\/new-audi-rs-q8-grey\\\/#primaryimage\"},\"thumbnailUrl\":\"https:\\\/\\\/fastlanerentacar.com\\\/wp-content\\\/uploads\\\/Sanstitre_12.png\",\"datePublished\":\"2023-08-03T11:10:03+00:00\",\"dateModified\":\"2023-10-18T15:18:36+00:00\",\"breadcrumb\":{\"@id\":\"https:\\\/\\\/fastlanerentacar.com\\\/produit\\\/new-audi-rs-q8-grey\\\/#breadcrumb\"},\"inLanguage\":\"fr-FR\",\"potentialAction\":[{\"@type\":\"ReadAction\",\"target\":[\"https:\\\/\\\/fastlanerentacar.com\\\/produit\\\/new-audi-rs-q8-grey\\\/\"]}]},{\"@type\":\"ImageObject\",\"inLanguage\":\"fr-FR\",\"@id\":\"https:\\\/\\\/fastlanerentacar.com\\\/produit\\\/new-audi-rs-q8-grey\\\/#primaryimage\",\"url\":\"https:\\\/\\\/fastlanerentacar.com\\\/wp-content\\\/uploads\\\/Sanstitre_12.png\",\"contentUrl\":\"https:\\\/\\\/fastlanerentacar.com\\\/wp-content\\\/uploads\\\/Sanstitre_12.png\",\"width\":900,\"height\":900},{\"@type\":\"BreadcrumbList\",\"@id\":\"https:\\\/\\\/fastlanerentacar.com\\\/produit\\\/new-audi-rs-q8-grey\\\/#breadcrumb\",\"itemListElement\":[{\"@type\":\"ListItem\",\"position\":1,\"name\":\"Home\",\"item\":\"https:\\\/\\\/fastlanerentacar.com\\\/fr\\\/accueil\\\/\"},{\"@type\":\"ListItem\",\"position\":2,\"name\":\"Products\",\"item\":\"https:\\\/\\\/fastlanerentacar.com\\\/shop\\\/\"},{\"@type\":\"ListItem\",\"position\":3,\"name\":\"Nouveau ! Audi Rs Q8 (Gris)\"}]},{\"@type\":\"WebSite\",\"@id\":\"https:\\\/\\\/fastlanerentacar.com\\\/#website\",\"url\":\"https:\\\/\\\/fastlanerentacar.com\\\/\",\"name\":\"Fastlane\",\"description\":\"\",\"publisher\":{\"@id\":\"https:\\\/\\\/fastlanerentacar.com\\\/#organization\"},\"potentialAction\":[{\"@type\":\"SearchAction\",\"target\":{\"@type\":\"EntryPoint\",\"urlTemplate\":\"https:\\\/\\\/fastlanerentacar.com\\\/?s={search_term_string}\"},\"query-input\":{\"@type\":\"PropertyValueSpecification\",\"valueRequired\":true,\"valueName\":\"search_term_string\"}}],\"inLanguage\":\"fr-FR\"},{\"@type\":\"Organization\",\"@id\":\"https:\\\/\\\/fastlanerentacar.com\\\/#organization\",\"name\":\"Fastlane\",\"url\":\"https:\\\/\\\/fastlanerentacar.com\\\/\",\"logo\":{\"@type\":\"ImageObject\",\"inLanguage\":\"fr-FR\",\"@id\":\"https:\\\/\\\/fastlanerentacar.com\\\/#\\\/schema\\\/logo\\\/image\\\/\",\"url\":\"https:\\\/\\\/fastlanerentacar.com\\\/wp-content\\\/uploads\\\/Asset-2@2x-8.png\",\"contentUrl\":\"https:\\\/\\\/fastlanerentacar.com\\\/wp-content\\\/uploads\\\/Asset-2@2x-8.png\",\"width\":1641,\"height\":316,\"caption\":\"Fastlane\"},\"image\":{\"@id\":\"https:\\\/\\\/fastlanerentacar.com\\\/#\\\/schema\\\/logo\\\/image\\\/\"}}]}<\/script>\n<!-- \/ Yoast SEO plugin. -->","yoast_head_json":{"title":"Nouveau ! Audi Rs Q8 (Gris) - Fastlane","robots":{"index":"index","follow":"follow","max-snippet":"max-snippet:-1","max-image-preview":"max-image-preview:large","max-video-preview":"max-video-preview:-1"},"canonical":"https:\/\/fastlanerentacar.com\/produit\/new-audi-rs-q8-grey\/","og_locale":"fr_FR","og_type":"article","og_title":"Nouveau ! Audi Rs Q8 (Gris) - Fastlane","og_description":"Louer une Audi RS Q8 \u00e0 Duba\u00ef Si vous \u00eates \u00e0 la recherche d'une supercar amusante pour toute la famille, louez une Audi RSQ8 \u00e0 Duba\u00ef depuis Uptown DXB. Audi associe les hautes performances d'un mod\u00e8le RS \u00e0 la praticit\u00e9 d'un SUV.","og_url":"https:\/\/fastlanerentacar.com\/produit\/new-audi-rs-q8-grey\/","og_site_name":"Fastlane","article_modified_time":"2023-10-18T15:18:36+00:00","og_image":[{"width":900,"height":900,"url":"https:\/\/i0.wp.com\/turboplusdxb.com\/wp-content\/uploads\/Sanstitre_12.png?fit=900%2C900&ssl=1","type":"image\/png"}],"twitter_card":"summary_large_image","schema":{"@context":"https:\/\/schema.org","@graph":[{"@type":"WebPage","@id":"https:\/\/fastlanerentacar.com\/produit\/new-audi-rs-q8-grey\/","url":"https:\/\/fastlanerentacar.com\/produit\/new-audi-rs-q8-grey\/","name":"Nouveau ! Audi Rs Q8 (Gris) - Fastlane","isPartOf":{"@id":"https:\/\/fastlanerentacar.com\/#website"},"primaryImageOfPage":{"@id":"https:\/\/fastlanerentacar.com\/produit\/new-audi-rs-q8-grey\/#primaryimage"},"image":{"@id":"https:\/\/fastlanerentacar.com\/produit\/new-audi-rs-q8-grey\/#primaryimage"},"thumbnailUrl":"https:\/\/fastlanerentacar.com\/wp-content\/uploads\/Sanstitre_12.png","datePublished":"2023-08-03T11:10:03+00:00","dateModified":"2023-10-18T15:18:36+00:00","breadcrumb":{"@id":"https:\/\/fastlanerentacar.com\/produit\/new-audi-rs-q8-grey\/#breadcrumb"},"inLanguage":"fr-FR","potentialAction":[{"@type":"ReadAction","target":["https:\/\/fastlanerentacar.com\/produit\/new-audi-rs-q8-grey\/"]}]},{"@type":"ImageObject","inLanguage":"fr-FR","@id":"https:\/\/fastlanerentacar.com\/produit\/new-audi-rs-q8-grey\/#primaryimage","url":"https:\/\/fastlanerentacar.com\/wp-content\/uploads\/Sanstitre_12.png","contentUrl":"https:\/\/fastlanerentacar.com\/wp-content\/uploads\/Sanstitre_12.png","width":900,"height":900},{"@type":"BreadcrumbList","@id":"https:\/\/fastlanerentacar.com\/produit\/new-audi-rs-q8-grey\/#breadcrumb","itemListElement":[{"@type":"ListItem","position":1,"name":"Home","item":"https:\/\/fastlanerentacar.com\/fr\/accueil\/"},{"@type":"ListItem","position":2,"name":"Products","item":"https:\/\/fastlanerentacar.com\/shop\/"},{"@type":"ListItem","position":3,"name":"Nouveau ! Audi Rs Q8 (Gris)"}]},{"@type":"WebSite","@id":"https:\/\/fastlanerentacar.com\/#website","url":"https:\/\/fastlanerentacar.com\/","name":"Fastlane","description":"","publisher":{"@id":"https:\/\/fastlanerentacar.com\/#organization"},"potentialAction":[{"@type":"SearchAction","target":{"@type":"EntryPoint","urlTemplate":"https:\/\/fastlanerentacar.com\/?s={search_term_string}"},"query-input":{"@type":"PropertyValueSpecification","valueRequired":true,"valueName":"search_term_string"}}],"inLanguage":"fr-FR"},{"@type":"Organization","@id":"https:\/\/fastlanerentacar.com\/#organization","name":"Fastlane","url":"https:\/\/fastlanerentacar.com\/","logo":{"@type":"ImageObject","inLanguage":"fr-FR","@id":"https:\/\/fastlanerentacar.com\/#\/schema\/logo\/image\/","url":"https:\/\/fastlanerentacar.com\/wp-content\/uploads\/Asset-2@2x-8.png","contentUrl":"https:\/\/fastlanerentacar.com\/wp-content\/uploads\/Asset-2@2x-8.png","width":1641,"height":316,"caption":"Fastlane"},"image":{"@id":"https:\/\/fastlanerentacar.com\/#\/schema\/logo\/image\/"}}]}},"_links":{"self":[{"href":"https:\/\/fastlanerentacar.com\/fr\/wp-json\/wp\/v2\/product\/37808","targetHints":{"allow":["GET"]}}],"collection":[{"href":"https:\/\/fastlanerentacar.com\/fr\/wp-json\/wp\/v2\/product"}],"about":[{"href":"https:\/\/fastlanerentacar.com\/fr\/wp-json\/wp\/v2\/types\/product"}],"replies":[{"embeddable":true,"href":"https:\/\/fastlanerentacar.com\/fr\/wp-json\/wp\/v2\/comments?post=37808"}],"wp:featuredmedia":[{"embeddable":true,"href":"https:\/\/fastlanerentacar.com\/fr\/wp-json\/wp\/v2\/media\/40184"}],"wp:attachment":[{"href":"https:\/\/fastlanerentacar.com\/fr\/wp-json\/wp\/v2\/media?parent=37808"}],"wp:term":[{"taxonomy":"product_brand","embeddable":true,"href":"https:\/\/fastlanerentacar.com\/fr\/wp-json\/wp\/v2\/product_brand?post=37808"},{"taxonomy":"product_cat","embeddable":true,"href":"https:\/\/fastlanerentacar.com\/fr\/wp-json\/wp\/v2\/product_cat?post=37808"},{"taxonomy":"product_tag","embeddable":true,"href":"https:\/\/fastlanerentacar.com\/fr\/wp-json\/wp\/v2\/product_tag?post=37808"}],"curies":[{"name":"wp","href":"https:\/\/api.w.org\/{rel}","templated":true}]}}