{"id":37841,"date":"2023-08-03T11:10:02","date_gmt":"2023-08-03T11:10:02","guid":{"rendered":"https:\/\/turboplus.digitality-agency.com\/product\/range-rover-sport-v8-hse-2022-noir\/"},"modified":"2023-10-18T15:18:33","modified_gmt":"2023-10-18T15:18:33","slug":"range-rover-sport-v8-hse-2022-black","status":"publish","type":"product","link":"https:\/\/fastlanerentacar.com\/fr\/product\/range-rover-sport-v8-hse-2022-black\/","title":{"rendered":"Range Rover Sport V8 Hse 2022 (Noir)"},"content":{"rendered":"","protected":false},"excerpt":{"rendered":"<p>Louez un Range Rover Sport V8 HSE 2022 ( Black ) \u00e0 Duba\u00ef Louez un Range Rover \u00e0 Duba\u00ef aujourd&rsquo;hui, et ressentez le confort d\u00e9finitif que seul un SUV de luxe peut offrir. Cette voiture est con\u00e7ue pour les personnes qui aiment voyager en toute tranquillit\u00e9.<\/p>\n","protected":false},"featured_media":40316,"comment_status":"open","ping_status":"closed","template":"","meta":{"_acf_changed":false},"product_brand":[],"product_cat":[312],"product_tag":[347,143],"class_list":{"0":"post-37841","1":"product","2":"type-product","3":"status-publish","4":"has-post-thumbnail","6":"product_cat-range-rover-fr","7":"product_tag-suv-fr","8":"product_tag-luxury-cars-fr","9":"yith_booking_service-deposit-free","11":"first","12":"instock","13":"virtual","14":"sold-individually","15":"purchasable","16":"product-type-booking"},"acf":[],"yoast_head":"<!-- This site is optimized with the Yoast SEO plugin v27.4 - https:\/\/yoast.com\/product\/yoast-seo-wordpress\/ -->\n<title>Range Rover Sport V8 Hse 2022 (Noir) - Fastlane<\/title>\n<meta name=\"robots\" content=\"index, follow, max-snippet:-1, max-image-preview:large, max-video-preview:-1\" \/>\n<link rel=\"canonical\" href=\"https:\/\/fastlanerentacar.com\/produit\/range-rover-sport-v8-hse-2022-black\/\" \/>\n<meta property=\"og:locale\" content=\"fr_FR\" \/>\n<meta property=\"og:type\" content=\"article\" \/>\n<meta property=\"og:title\" content=\"Range Rover Sport V8 Hse 2022 (Noir) - Fastlane\" \/>\n<meta property=\"og:description\" content=\"Louez un Range Rover Sport V8 HSE 2022 ( Black ) \u00e0 Duba\u00ef Louez un Range Rover \u00e0 Duba\u00ef aujourd&#039;hui, et ressentez le confort d\u00e9finitif que seul un SUV de luxe peut offrir. Cette voiture est con\u00e7ue pour les personnes qui aiment voyager en toute tranquillit\u00e9.\" \/>\n<meta property=\"og:url\" content=\"https:\/\/fastlanerentacar.com\/produit\/range-rover-sport-v8-hse-2022-black\/\" \/>\n<meta property=\"og:site_name\" content=\"Fastlane\" \/>\n<meta property=\"article:modified_time\" content=\"2023-10-18T15:18:33+00:00\" \/>\n<meta property=\"og:image\" content=\"https:\/\/i0.wp.com\/turboplusdxb.com\/wp-content\/uploads\/WhatsAppImage2023-04-13at21.15.49.jpg?fit=631%2C631&ssl=1\" \/>\n\t<meta property=\"og:image:width\" content=\"631\" \/>\n\t<meta property=\"og:image:height\" content=\"631\" \/>\n\t<meta property=\"og:image:type\" content=\"image\/jpeg\" \/>\n<meta name=\"twitter:card\" content=\"summary_large_image\" \/>\n<script type=\"application\/ld+json\" class=\"yoast-schema-graph\">{\"@context\":\"https:\\\/\\\/schema.org\",\"@graph\":[{\"@type\":\"WebPage\",\"@id\":\"https:\\\/\\\/fastlanerentacar.com\\\/produit\\\/range-rover-sport-v8-hse-2022-black\\\/\",\"url\":\"https:\\\/\\\/fastlanerentacar.com\\\/produit\\\/range-rover-sport-v8-hse-2022-black\\\/\",\"name\":\"Range Rover Sport V8 Hse 2022 (Noir) - Fastlane\",\"isPartOf\":{\"@id\":\"https:\\\/\\\/fastlanerentacar.com\\\/#website\"},\"primaryImageOfPage\":{\"@id\":\"https:\\\/\\\/fastlanerentacar.com\\\/produit\\\/range-rover-sport-v8-hse-2022-black\\\/#primaryimage\"},\"image\":{\"@id\":\"https:\\\/\\\/fastlanerentacar.com\\\/produit\\\/range-rover-sport-v8-hse-2022-black\\\/#primaryimage\"},\"thumbnailUrl\":\"https:\\\/\\\/fastlanerentacar.com\\\/wp-content\\\/uploads\\\/WhatsAppImage2023-04-13at21.15.49.jpg\",\"datePublished\":\"2023-08-03T11:10:02+00:00\",\"dateModified\":\"2023-10-18T15:18:33+00:00\",\"breadcrumb\":{\"@id\":\"https:\\\/\\\/fastlanerentacar.com\\\/produit\\\/range-rover-sport-v8-hse-2022-black\\\/#breadcrumb\"},\"inLanguage\":\"fr-FR\",\"potentialAction\":[{\"@type\":\"ReadAction\",\"target\":[\"https:\\\/\\\/fastlanerentacar.com\\\/produit\\\/range-rover-sport-v8-hse-2022-black\\\/\"]}]},{\"@type\":\"ImageObject\",\"inLanguage\":\"fr-FR\",\"@id\":\"https:\\\/\\\/fastlanerentacar.com\\\/produit\\\/range-rover-sport-v8-hse-2022-black\\\/#primaryimage\",\"url\":\"https:\\\/\\\/fastlanerentacar.com\\\/wp-content\\\/uploads\\\/WhatsAppImage2023-04-13at21.15.49.jpg\",\"contentUrl\":\"https:\\\/\\\/fastlanerentacar.com\\\/wp-content\\\/uploads\\\/WhatsAppImage2023-04-13at21.15.49.jpg\",\"width\":631,\"height\":631},{\"@type\":\"BreadcrumbList\",\"@id\":\"https:\\\/\\\/fastlanerentacar.com\\\/produit\\\/range-rover-sport-v8-hse-2022-black\\\/#breadcrumb\",\"itemListElement\":[{\"@type\":\"ListItem\",\"position\":1,\"name\":\"Home\",\"item\":\"https:\\\/\\\/fastlanerentacar.com\\\/fr\\\/accueil\\\/\"},{\"@type\":\"ListItem\",\"position\":2,\"name\":\"Products\",\"item\":\"https:\\\/\\\/fastlanerentacar.com\\\/shop\\\/\"},{\"@type\":\"ListItem\",\"position\":3,\"name\":\"Range Rover Sport V8 Hse 2022 (Noir)\"}]},{\"@type\":\"WebSite\",\"@id\":\"https:\\\/\\\/fastlanerentacar.com\\\/#website\",\"url\":\"https:\\\/\\\/fastlanerentacar.com\\\/\",\"name\":\"Fastlane\",\"description\":\"\",\"publisher\":{\"@id\":\"https:\\\/\\\/fastlanerentacar.com\\\/#organization\"},\"potentialAction\":[{\"@type\":\"SearchAction\",\"target\":{\"@type\":\"EntryPoint\",\"urlTemplate\":\"https:\\\/\\\/fastlanerentacar.com\\\/?s={search_term_string}\"},\"query-input\":{\"@type\":\"PropertyValueSpecification\",\"valueRequired\":true,\"valueName\":\"search_term_string\"}}],\"inLanguage\":\"fr-FR\"},{\"@type\":\"Organization\",\"@id\":\"https:\\\/\\\/fastlanerentacar.com\\\/#organization\",\"name\":\"Fastlane\",\"url\":\"https:\\\/\\\/fastlanerentacar.com\\\/\",\"logo\":{\"@type\":\"ImageObject\",\"inLanguage\":\"fr-FR\",\"@id\":\"https:\\\/\\\/fastlanerentacar.com\\\/#\\\/schema\\\/logo\\\/image\\\/\",\"url\":\"https:\\\/\\\/fastlanerentacar.com\\\/wp-content\\\/uploads\\\/Asset-2@2x-8.png\",\"contentUrl\":\"https:\\\/\\\/fastlanerentacar.com\\\/wp-content\\\/uploads\\\/Asset-2@2x-8.png\",\"width\":1641,\"height\":316,\"caption\":\"Fastlane\"},\"image\":{\"@id\":\"https:\\\/\\\/fastlanerentacar.com\\\/#\\\/schema\\\/logo\\\/image\\\/\"}}]}<\/script>\n<!-- \/ Yoast SEO plugin. -->","yoast_head_json":{"title":"Range Rover Sport V8 Hse 2022 (Noir) - Fastlane","robots":{"index":"index","follow":"follow","max-snippet":"max-snippet:-1","max-image-preview":"max-image-preview:large","max-video-preview":"max-video-preview:-1"},"canonical":"https:\/\/fastlanerentacar.com\/produit\/range-rover-sport-v8-hse-2022-black\/","og_locale":"fr_FR","og_type":"article","og_title":"Range Rover Sport V8 Hse 2022 (Noir) - Fastlane","og_description":"Louez un Range Rover Sport V8 HSE 2022 ( Black ) \u00e0 Duba\u00ef Louez un Range Rover \u00e0 Duba\u00ef aujourd'hui, et ressentez le confort d\u00e9finitif que seul un SUV de luxe peut offrir. Cette voiture est con\u00e7ue pour les personnes qui aiment voyager en toute tranquillit\u00e9.","og_url":"https:\/\/fastlanerentacar.com\/produit\/range-rover-sport-v8-hse-2022-black\/","og_site_name":"Fastlane","article_modified_time":"2023-10-18T15:18:33+00:00","og_image":[{"width":631,"height":631,"url":"https:\/\/i0.wp.com\/turboplusdxb.com\/wp-content\/uploads\/WhatsAppImage2023-04-13at21.15.49.jpg?fit=631%2C631&ssl=1","type":"image\/jpeg"}],"twitter_card":"summary_large_image","schema":{"@context":"https:\/\/schema.org","@graph":[{"@type":"WebPage","@id":"https:\/\/fastlanerentacar.com\/produit\/range-rover-sport-v8-hse-2022-black\/","url":"https:\/\/fastlanerentacar.com\/produit\/range-rover-sport-v8-hse-2022-black\/","name":"Range Rover Sport V8 Hse 2022 (Noir) - Fastlane","isPartOf":{"@id":"https:\/\/fastlanerentacar.com\/#website"},"primaryImageOfPage":{"@id":"https:\/\/fastlanerentacar.com\/produit\/range-rover-sport-v8-hse-2022-black\/#primaryimage"},"image":{"@id":"https:\/\/fastlanerentacar.com\/produit\/range-rover-sport-v8-hse-2022-black\/#primaryimage"},"thumbnailUrl":"https:\/\/fastlanerentacar.com\/wp-content\/uploads\/WhatsAppImage2023-04-13at21.15.49.jpg","datePublished":"2023-08-03T11:10:02+00:00","dateModified":"2023-10-18T15:18:33+00:00","breadcrumb":{"@id":"https:\/\/fastlanerentacar.com\/produit\/range-rover-sport-v8-hse-2022-black\/#breadcrumb"},"inLanguage":"fr-FR","potentialAction":[{"@type":"ReadAction","target":["https:\/\/fastlanerentacar.com\/produit\/range-rover-sport-v8-hse-2022-black\/"]}]},{"@type":"ImageObject","inLanguage":"fr-FR","@id":"https:\/\/fastlanerentacar.com\/produit\/range-rover-sport-v8-hse-2022-black\/#primaryimage","url":"https:\/\/fastlanerentacar.com\/wp-content\/uploads\/WhatsAppImage2023-04-13at21.15.49.jpg","contentUrl":"https:\/\/fastlanerentacar.com\/wp-content\/uploads\/WhatsAppImage2023-04-13at21.15.49.jpg","width":631,"height":631},{"@type":"BreadcrumbList","@id":"https:\/\/fastlanerentacar.com\/produit\/range-rover-sport-v8-hse-2022-black\/#breadcrumb","itemListElement":[{"@type":"ListItem","position":1,"name":"Home","item":"https:\/\/fastlanerentacar.com\/fr\/accueil\/"},{"@type":"ListItem","position":2,"name":"Products","item":"https:\/\/fastlanerentacar.com\/shop\/"},{"@type":"ListItem","position":3,"name":"Range Rover Sport V8 Hse 2022 (Noir)"}]},{"@type":"WebSite","@id":"https:\/\/fastlanerentacar.com\/#website","url":"https:\/\/fastlanerentacar.com\/","name":"Fastlane","description":"","publisher":{"@id":"https:\/\/fastlanerentacar.com\/#organization"},"potentialAction":[{"@type":"SearchAction","target":{"@type":"EntryPoint","urlTemplate":"https:\/\/fastlanerentacar.com\/?s={search_term_string}"},"query-input":{"@type":"PropertyValueSpecification","valueRequired":true,"valueName":"search_term_string"}}],"inLanguage":"fr-FR"},{"@type":"Organization","@id":"https:\/\/fastlanerentacar.com\/#organization","name":"Fastlane","url":"https:\/\/fastlanerentacar.com\/","logo":{"@type":"ImageObject","inLanguage":"fr-FR","@id":"https:\/\/fastlanerentacar.com\/#\/schema\/logo\/image\/","url":"https:\/\/fastlanerentacar.com\/wp-content\/uploads\/Asset-2@2x-8.png","contentUrl":"https:\/\/fastlanerentacar.com\/wp-content\/uploads\/Asset-2@2x-8.png","width":1641,"height":316,"caption":"Fastlane"},"image":{"@id":"https:\/\/fastlanerentacar.com\/#\/schema\/logo\/image\/"}}]}},"_links":{"self":[{"href":"https:\/\/fastlanerentacar.com\/fr\/wp-json\/wp\/v2\/product\/37841","targetHints":{"allow":["GET"]}}],"collection":[{"href":"https:\/\/fastlanerentacar.com\/fr\/wp-json\/wp\/v2\/product"}],"about":[{"href":"https:\/\/fastlanerentacar.com\/fr\/wp-json\/wp\/v2\/types\/product"}],"replies":[{"embeddable":true,"href":"https:\/\/fastlanerentacar.com\/fr\/wp-json\/wp\/v2\/comments?post=37841"}],"wp:featuredmedia":[{"embeddable":true,"href":"https:\/\/fastlanerentacar.com\/fr\/wp-json\/wp\/v2\/media\/40316"}],"wp:attachment":[{"href":"https:\/\/fastlanerentacar.com\/fr\/wp-json\/wp\/v2\/media?parent=37841"}],"wp:term":[{"taxonomy":"product_brand","embeddable":true,"href":"https:\/\/fastlanerentacar.com\/fr\/wp-json\/wp\/v2\/product_brand?post=37841"},{"taxonomy":"product_cat","embeddable":true,"href":"https:\/\/fastlanerentacar.com\/fr\/wp-json\/wp\/v2\/product_cat?post=37841"},{"taxonomy":"product_tag","embeddable":true,"href":"https:\/\/fastlanerentacar.com\/fr\/wp-json\/wp\/v2\/product_tag?post=37841"}],"curies":[{"name":"wp","href":"https:\/\/api.w.org\/{rel}","templated":true}]}}