{"id":57514,"date":"2023-11-17T14:31:44","date_gmt":"2023-11-17T14:31:44","guid":{"rendered":"https:\/\/turboplusdxb.com\/?post_type=product&#038;p=57514"},"modified":"2023-11-17T15:04:41","modified_gmt":"2023-11-17T15:04:41","slug":"2021-location-aston-martin-vanquish-noir-a-dubai","status":"publish","type":"product","link":"https:\/\/fastlanerentacar.com\/fr\/product\/2021-location-aston-martin-vanquish-noir-a-dubai\/","title":{"rendered":"2021 &#8211; Location Aston Martin Vanquish (noir) \u00e0 Duba\u00ef."},"content":{"rendered":"","protected":false},"excerpt":{"rendered":"<p>La voiture Aston Martin Vanquish 2021, de couleur noire, se distingue par une \u00e9l\u00e9gance incomparable et une luxure qui la font ressortir partout o\u00f9 elle appara\u00eet. Son design sportif et luxueux se marie parfaitement avec sa couleur noire brillante, lui conf\u00e9rant un aspect myst\u00e9rieux et s\u00e9duisant.<\/p>\n<p>Les d\u00e9tails minutieux tels que les phares avant tranchants et la grille avant compl\u00e8te ajoutent une touche unique. L&rsquo;int\u00e9rieur spacieux et \u00e9l\u00e9gamment con\u00e7u permet aux passagers de profiter du confort et du luxe lors des voyages.<\/p>\n<p>Son moteur puissant am\u00e9liore ses performances sur la route, offrant une exp\u00e9rience de conduite exceptionnelle. Ce n&rsquo;est pas seulement une voiture, mais elle incarne l&rsquo;art de l&rsquo;ing\u00e9nierie et du design, offrant une exp\u00e9rience luxueuse qui d\u00e9passe les attentes. Louer cette voiture \u00e0 Duba\u00ef ajoute une touche de charme et de luxe in\u00e9gal\u00e9e au voyage.<\/p>\n","protected":false},"featured_media":57515,"comment_status":"closed","ping_status":"closed","template":"","meta":{"_acf_changed":false},"product_brand":[],"product_cat":[261],"product_tag":[],"class_list":{"0":"post-57514","1":"product","2":"type-product","3":"status-publish","4":"has-post-thumbnail","6":"product_cat-aston-martin-fr","7":"yith_booking_service-deposit-free","9":"first","10":"instock","11":"shipping-taxable","12":"product-type-simple"},"acf":[],"yoast_head":"<!-- This site is optimized with the Yoast SEO plugin v27.4 - https:\/\/yoast.com\/product\/yoast-seo-wordpress\/ -->\n<title>2021 - Location Aston Martin Vanquish (noir) \u00e0 Duba\u00ef. - Fastlane<\/title>\n<meta name=\"robots\" content=\"index, follow, max-snippet:-1, max-image-preview:large, max-video-preview:-1\" \/>\n<link rel=\"canonical\" href=\"https:\/\/fastlanerentacar.com\/fr\/produit\/2021-location-aston-martin-vanquish-noir-a-dubai\/\" \/>\n<meta property=\"og:locale\" content=\"fr_FR\" \/>\n<meta property=\"og:type\" content=\"article\" \/>\n<meta property=\"og:title\" content=\"2021 - Location Aston Martin Vanquish (noir) \u00e0 Duba\u00ef. - Fastlane\" \/>\n<meta property=\"og:description\" content=\"La voiture Aston Martin Vanquish 2021, de couleur noire, se distingue par une \u00e9l\u00e9gance incomparable et une luxure qui la font ressortir partout o\u00f9 elle appara\u00eet. Son design sportif et luxueux se marie parfaitement avec sa couleur noire brillante, lui conf\u00e9rant un aspect myst\u00e9rieux et s\u00e9duisant.  Les d\u00e9tails minutieux tels que les phares avant tranchants et la grille avant compl\u00e8te ajoutent une touche unique. L&#039;int\u00e9rieur spacieux et \u00e9l\u00e9gamment con\u00e7u permet aux passagers de profiter du confort et du luxe lors des voyages.  Son moteur puissant am\u00e9liore ses performances sur la route, offrant une exp\u00e9rience de conduite exceptionnelle. Ce n&#039;est pas seulement une voiture, mais elle incarne l&#039;art de l&#039;ing\u00e9nierie et du design, offrant une exp\u00e9rience luxueuse qui d\u00e9passe les attentes. Louer cette voiture \u00e0 Duba\u00ef ajoute une touche de charme et de luxe in\u00e9gal\u00e9e au voyage.\" \/>\n<meta property=\"og:url\" content=\"https:\/\/fastlanerentacar.com\/fr\/produit\/2021-location-aston-martin-vanquish-noir-a-dubai\/\" \/>\n<meta property=\"og:site_name\" content=\"Fastlane\" \/>\n<meta property=\"article:modified_time\" content=\"2023-11-17T15:04:41+00:00\" \/>\n<meta property=\"og:image\" content=\"https:\/\/i0.wp.com\/turboplusdxb.com\/wp-content\/uploads\/aston-martin-db11-shadow-1-1.jpg?fit=1920%2C1280&ssl=1\" \/>\n\t<meta property=\"og:image:width\" content=\"1920\" \/>\n\t<meta property=\"og:image:height\" content=\"1280\" \/>\n\t<meta property=\"og:image:type\" content=\"image\/jpeg\" \/>\n<meta name=\"twitter:card\" content=\"summary_large_image\" \/>\n<script type=\"application\/ld+json\" class=\"yoast-schema-graph\">{\"@context\":\"https:\\\/\\\/schema.org\",\"@graph\":[{\"@type\":\"WebPage\",\"@id\":\"https:\\\/\\\/fastlanerentacar.com\\\/fr\\\/produit\\\/2021-location-aston-martin-vanquish-noir-a-dubai\\\/\",\"url\":\"https:\\\/\\\/fastlanerentacar.com\\\/fr\\\/produit\\\/2021-location-aston-martin-vanquish-noir-a-dubai\\\/\",\"name\":\"2021 - Location Aston Martin Vanquish (noir) \u00e0 Duba\u00ef. - Fastlane\",\"isPartOf\":{\"@id\":\"https:\\\/\\\/fastlanerentacar.com\\\/#website\"},\"primaryImageOfPage\":{\"@id\":\"https:\\\/\\\/fastlanerentacar.com\\\/fr\\\/produit\\\/2021-location-aston-martin-vanquish-noir-a-dubai\\\/#primaryimage\"},\"image\":{\"@id\":\"https:\\\/\\\/fastlanerentacar.com\\\/fr\\\/produit\\\/2021-location-aston-martin-vanquish-noir-a-dubai\\\/#primaryimage\"},\"thumbnailUrl\":\"https:\\\/\\\/fastlanerentacar.com\\\/wp-content\\\/uploads\\\/aston-martin-db11-shadow-1-1.jpg\",\"datePublished\":\"2023-11-17T14:31:44+00:00\",\"dateModified\":\"2023-11-17T15:04:41+00:00\",\"breadcrumb\":{\"@id\":\"https:\\\/\\\/fastlanerentacar.com\\\/fr\\\/produit\\\/2021-location-aston-martin-vanquish-noir-a-dubai\\\/#breadcrumb\"},\"inLanguage\":\"fr-FR\",\"potentialAction\":[{\"@type\":\"ReadAction\",\"target\":[\"https:\\\/\\\/fastlanerentacar.com\\\/fr\\\/produit\\\/2021-location-aston-martin-vanquish-noir-a-dubai\\\/\"]}]},{\"@type\":\"ImageObject\",\"inLanguage\":\"fr-FR\",\"@id\":\"https:\\\/\\\/fastlanerentacar.com\\\/fr\\\/produit\\\/2021-location-aston-martin-vanquish-noir-a-dubai\\\/#primaryimage\",\"url\":\"https:\\\/\\\/fastlanerentacar.com\\\/wp-content\\\/uploads\\\/aston-martin-db11-shadow-1-1.jpg\",\"contentUrl\":\"https:\\\/\\\/fastlanerentacar.com\\\/wp-content\\\/uploads\\\/aston-martin-db11-shadow-1-1.jpg\",\"width\":1920,\"height\":1280},{\"@type\":\"BreadcrumbList\",\"@id\":\"https:\\\/\\\/fastlanerentacar.com\\\/fr\\\/produit\\\/2021-location-aston-martin-vanquish-noir-a-dubai\\\/#breadcrumb\",\"itemListElement\":[{\"@type\":\"ListItem\",\"position\":1,\"name\":\"Home\",\"item\":\"https:\\\/\\\/fastlanerentacar.com\\\/fr\\\/accueil\\\/\"},{\"@type\":\"ListItem\",\"position\":2,\"name\":\"Products\",\"item\":\"https:\\\/\\\/fastlanerentacar.com\\\/shop\\\/\"},{\"@type\":\"ListItem\",\"position\":3,\"name\":\"2021 &#8211; Location Aston Martin Vanquish (noir) \u00e0 Duba\u00ef.\"}]},{\"@type\":\"WebSite\",\"@id\":\"https:\\\/\\\/fastlanerentacar.com\\\/#website\",\"url\":\"https:\\\/\\\/fastlanerentacar.com\\\/\",\"name\":\"Fastlane\",\"description\":\"\",\"publisher\":{\"@id\":\"https:\\\/\\\/fastlanerentacar.com\\\/#organization\"},\"potentialAction\":[{\"@type\":\"SearchAction\",\"target\":{\"@type\":\"EntryPoint\",\"urlTemplate\":\"https:\\\/\\\/fastlanerentacar.com\\\/?s={search_term_string}\"},\"query-input\":{\"@type\":\"PropertyValueSpecification\",\"valueRequired\":true,\"valueName\":\"search_term_string\"}}],\"inLanguage\":\"fr-FR\"},{\"@type\":\"Organization\",\"@id\":\"https:\\\/\\\/fastlanerentacar.com\\\/#organization\",\"name\":\"Fastlane\",\"url\":\"https:\\\/\\\/fastlanerentacar.com\\\/\",\"logo\":{\"@type\":\"ImageObject\",\"inLanguage\":\"fr-FR\",\"@id\":\"https:\\\/\\\/fastlanerentacar.com\\\/#\\\/schema\\\/logo\\\/image\\\/\",\"url\":\"https:\\\/\\\/fastlanerentacar.com\\\/wp-content\\\/uploads\\\/Asset-2@2x-8.png\",\"contentUrl\":\"https:\\\/\\\/fastlanerentacar.com\\\/wp-content\\\/uploads\\\/Asset-2@2x-8.png\",\"width\":1641,\"height\":316,\"caption\":\"Fastlane\"},\"image\":{\"@id\":\"https:\\\/\\\/fastlanerentacar.com\\\/#\\\/schema\\\/logo\\\/image\\\/\"}}]}<\/script>\n<!-- \/ Yoast SEO plugin. -->","yoast_head_json":{"title":"2021 - Location Aston Martin Vanquish (noir) \u00e0 Duba\u00ef. - Fastlane","robots":{"index":"index","follow":"follow","max-snippet":"max-snippet:-1","max-image-preview":"max-image-preview:large","max-video-preview":"max-video-preview:-1"},"canonical":"https:\/\/fastlanerentacar.com\/fr\/produit\/2021-location-aston-martin-vanquish-noir-a-dubai\/","og_locale":"fr_FR","og_type":"article","og_title":"2021 - Location Aston Martin Vanquish (noir) \u00e0 Duba\u00ef. - Fastlane","og_description":"La voiture Aston Martin Vanquish 2021, de couleur noire, se distingue par une \u00e9l\u00e9gance incomparable et une luxure qui la font ressortir partout o\u00f9 elle appara\u00eet. Son design sportif et luxueux se marie parfaitement avec sa couleur noire brillante, lui conf\u00e9rant un aspect myst\u00e9rieux et s\u00e9duisant.  Les d\u00e9tails minutieux tels que les phares avant tranchants et la grille avant compl\u00e8te ajoutent une touche unique. L'int\u00e9rieur spacieux et \u00e9l\u00e9gamment con\u00e7u permet aux passagers de profiter du confort et du luxe lors des voyages.  Son moteur puissant am\u00e9liore ses performances sur la route, offrant une exp\u00e9rience de conduite exceptionnelle. Ce n'est pas seulement une voiture, mais elle incarne l'art de l'ing\u00e9nierie et du design, offrant une exp\u00e9rience luxueuse qui d\u00e9passe les attentes. Louer cette voiture \u00e0 Duba\u00ef ajoute une touche de charme et de luxe in\u00e9gal\u00e9e au voyage.","og_url":"https:\/\/fastlanerentacar.com\/fr\/produit\/2021-location-aston-martin-vanquish-noir-a-dubai\/","og_site_name":"Fastlane","article_modified_time":"2023-11-17T15:04:41+00:00","og_image":[{"width":1920,"height":1280,"url":"https:\/\/i0.wp.com\/turboplusdxb.com\/wp-content\/uploads\/aston-martin-db11-shadow-1-1.jpg?fit=1920%2C1280&ssl=1","type":"image\/jpeg"}],"twitter_card":"summary_large_image","schema":{"@context":"https:\/\/schema.org","@graph":[{"@type":"WebPage","@id":"https:\/\/fastlanerentacar.com\/fr\/produit\/2021-location-aston-martin-vanquish-noir-a-dubai\/","url":"https:\/\/fastlanerentacar.com\/fr\/produit\/2021-location-aston-martin-vanquish-noir-a-dubai\/","name":"2021 - Location Aston Martin Vanquish (noir) \u00e0 Duba\u00ef. - Fastlane","isPartOf":{"@id":"https:\/\/fastlanerentacar.com\/#website"},"primaryImageOfPage":{"@id":"https:\/\/fastlanerentacar.com\/fr\/produit\/2021-location-aston-martin-vanquish-noir-a-dubai\/#primaryimage"},"image":{"@id":"https:\/\/fastlanerentacar.com\/fr\/produit\/2021-location-aston-martin-vanquish-noir-a-dubai\/#primaryimage"},"thumbnailUrl":"https:\/\/fastlanerentacar.com\/wp-content\/uploads\/aston-martin-db11-shadow-1-1.jpg","datePublished":"2023-11-17T14:31:44+00:00","dateModified":"2023-11-17T15:04:41+00:00","breadcrumb":{"@id":"https:\/\/fastlanerentacar.com\/fr\/produit\/2021-location-aston-martin-vanquish-noir-a-dubai\/#breadcrumb"},"inLanguage":"fr-FR","potentialAction":[{"@type":"ReadAction","target":["https:\/\/fastlanerentacar.com\/fr\/produit\/2021-location-aston-martin-vanquish-noir-a-dubai\/"]}]},{"@type":"ImageObject","inLanguage":"fr-FR","@id":"https:\/\/fastlanerentacar.com\/fr\/produit\/2021-location-aston-martin-vanquish-noir-a-dubai\/#primaryimage","url":"https:\/\/fastlanerentacar.com\/wp-content\/uploads\/aston-martin-db11-shadow-1-1.jpg","contentUrl":"https:\/\/fastlanerentacar.com\/wp-content\/uploads\/aston-martin-db11-shadow-1-1.jpg","width":1920,"height":1280},{"@type":"BreadcrumbList","@id":"https:\/\/fastlanerentacar.com\/fr\/produit\/2021-location-aston-martin-vanquish-noir-a-dubai\/#breadcrumb","itemListElement":[{"@type":"ListItem","position":1,"name":"Home","item":"https:\/\/fastlanerentacar.com\/fr\/accueil\/"},{"@type":"ListItem","position":2,"name":"Products","item":"https:\/\/fastlanerentacar.com\/shop\/"},{"@type":"ListItem","position":3,"name":"2021 &#8211; Location Aston Martin Vanquish (noir) \u00e0 Duba\u00ef."}]},{"@type":"WebSite","@id":"https:\/\/fastlanerentacar.com\/#website","url":"https:\/\/fastlanerentacar.com\/","name":"Fastlane","description":"","publisher":{"@id":"https:\/\/fastlanerentacar.com\/#organization"},"potentialAction":[{"@type":"SearchAction","target":{"@type":"EntryPoint","urlTemplate":"https:\/\/fastlanerentacar.com\/?s={search_term_string}"},"query-input":{"@type":"PropertyValueSpecification","valueRequired":true,"valueName":"search_term_string"}}],"inLanguage":"fr-FR"},{"@type":"Organization","@id":"https:\/\/fastlanerentacar.com\/#organization","name":"Fastlane","url":"https:\/\/fastlanerentacar.com\/","logo":{"@type":"ImageObject","inLanguage":"fr-FR","@id":"https:\/\/fastlanerentacar.com\/#\/schema\/logo\/image\/","url":"https:\/\/fastlanerentacar.com\/wp-content\/uploads\/Asset-2@2x-8.png","contentUrl":"https:\/\/fastlanerentacar.com\/wp-content\/uploads\/Asset-2@2x-8.png","width":1641,"height":316,"caption":"Fastlane"},"image":{"@id":"https:\/\/fastlanerentacar.com\/#\/schema\/logo\/image\/"}}]}},"_links":{"self":[{"href":"https:\/\/fastlanerentacar.com\/fr\/wp-json\/wp\/v2\/product\/57514","targetHints":{"allow":["GET"]}}],"collection":[{"href":"https:\/\/fastlanerentacar.com\/fr\/wp-json\/wp\/v2\/product"}],"about":[{"href":"https:\/\/fastlanerentacar.com\/fr\/wp-json\/wp\/v2\/types\/product"}],"replies":[{"embeddable":true,"href":"https:\/\/fastlanerentacar.com\/fr\/wp-json\/wp\/v2\/comments?post=57514"}],"wp:featuredmedia":[{"embeddable":true,"href":"https:\/\/fastlanerentacar.com\/fr\/wp-json\/wp\/v2\/media\/57515"}],"wp:attachment":[{"href":"https:\/\/fastlanerentacar.com\/fr\/wp-json\/wp\/v2\/media?parent=57514"}],"wp:term":[{"taxonomy":"product_brand","embeddable":true,"href":"https:\/\/fastlanerentacar.com\/fr\/wp-json\/wp\/v2\/product_brand?post=57514"},{"taxonomy":"product_cat","embeddable":true,"href":"https:\/\/fastlanerentacar.com\/fr\/wp-json\/wp\/v2\/product_cat?post=57514"},{"taxonomy":"product_tag","embeddable":true,"href":"https:\/\/fastlanerentacar.com\/fr\/wp-json\/wp\/v2\/product_tag?post=57514"}],"curies":[{"name":"wp","href":"https:\/\/api.w.org\/{rel}","templated":true}]}}