{"id":81199,"date":"2025-11-01T16:51:59","date_gmt":"2025-11-01T16:51:59","guid":{"rendered":"https:\/\/fastlanerentacar.com\/product\/mercedes-benz-glc-200-suv-white-2024\/"},"modified":"2025-12-05T20:08:17","modified_gmt":"2025-12-05T20:08:17","slug":"mercedes-benz-glc-200-suv-white-2024","status":"publish","type":"product","link":"https:\/\/fastlanerentacar.com\/fr\/product\/mercedes-benz-glc-200-suv-white-2024\/","title":{"rendered":"Mercedes-Benz GLC 200 SUV (Blanc) 2024"},"content":{"rendered":"","protected":false},"excerpt":{"rendered":"<p>\u00c9l\u00e9gant et polyvalent, ce SUV offre confort et assurance \u00e0 chaque trajet. Parfait pour la ville comme pour les longs voyages, il incarne toute la qualit\u00e9 et la classe de la marque, id\u00e9al pour Duba\u00ef. Aucun frais cach\u00e9. Nous acceptons tous les moyens de paiement, y compris cartes de cr\u00e9dit, esp\u00e8ces et cryptomonnaies. Location disponible pour les conducteurs de 18 ans et plus.<\/p>\n","protected":false},"featured_media":70500,"comment_status":"open","ping_status":"closed","template":"","meta":{"_acf_changed":false},"product_brand":[],"product_cat":[308],"product_tag":[143,287],"class_list":{"0":"post-81199","1":"product","2":"type-product","3":"status-publish","4":"has-post-thumbnail","6":"product_cat-mercedes-fr","7":"product_tag-luxury-cars-fr","8":"product_tag-voitures-de-sport","9":"yith_booking_service-deposit-free","11":"first","12":"instock","13":"virtual","14":"sold-individually","15":"purchasable","16":"product-type-booking"},"acf":[],"yoast_head":"<!-- This site is optimized with the Yoast SEO plugin v27.4 - https:\/\/yoast.com\/product\/yoast-seo-wordpress\/ -->\n<title>Mercedes-Benz GLC 200 SUV (Blanc) 2024 - Fastlane<\/title>\n<meta name=\"robots\" content=\"index, follow, max-snippet:-1, max-image-preview:large, max-video-preview:-1\" \/>\n<link rel=\"canonical\" href=\"https:\/\/fastlanerentacar.com\/fr\/product\/mercedes-benz-glc-200-suv-white-2024\/\" \/>\n<meta property=\"og:locale\" content=\"fr_FR\" \/>\n<meta property=\"og:type\" content=\"article\" \/>\n<meta property=\"og:title\" content=\"Mercedes-Benz GLC 200 SUV (Blanc) 2024 - Fastlane\" \/>\n<meta property=\"og:description\" content=\"\u00c9l\u00e9gant et polyvalent, ce SUV offre confort et assurance \u00e0 chaque trajet. Parfait pour la ville comme pour les longs voyages, il incarne toute la qualit\u00e9 et la classe de la marque, id\u00e9al pour Duba\u00ef. Aucun frais cach\u00e9. Nous acceptons tous les moyens de paiement, y compris cartes de cr\u00e9dit, esp\u00e8ces et cryptomonnaies. Location disponible pour les conducteurs de 18 ans et plus.\" \/>\n<meta property=\"og:url\" content=\"https:\/\/fastlanerentacar.com\/fr\/product\/mercedes-benz-glc-200-suv-white-2024\/\" \/>\n<meta property=\"og:site_name\" content=\"Fastlane\" \/>\n<meta property=\"article:modified_time\" content=\"2025-12-05T20:08:17+00:00\" \/>\n<meta property=\"og:image\" content=\"http:\/\/fastlanerentacar.com\/wp-content\/uploads\/white_mercedes-glc-suv_2024_5598_main_5503e80d1fa35f3fc9364cfb6d44331e.jpg\" \/>\n\t<meta property=\"og:image:width\" content=\"1496\" \/>\n\t<meta property=\"og:image:height\" content=\"935\" \/>\n\t<meta property=\"og:image:type\" content=\"image\/jpeg\" \/>\n<meta name=\"twitter:card\" content=\"summary_large_image\" \/>\n<script type=\"application\/ld+json\" class=\"yoast-schema-graph\">{\"@context\":\"https:\\\/\\\/schema.org\",\"@graph\":[{\"@type\":\"WebPage\",\"@id\":\"https:\\\/\\\/fastlanerentacar.com\\\/fr\\\/product\\\/mercedes-benz-glc-200-suv-white-2024\\\/\",\"url\":\"https:\\\/\\\/fastlanerentacar.com\\\/fr\\\/product\\\/mercedes-benz-glc-200-suv-white-2024\\\/\",\"name\":\"Mercedes-Benz GLC 200 SUV (Blanc) 2024 - Fastlane\",\"isPartOf\":{\"@id\":\"https:\\\/\\\/fastlanerentacar.com\\\/#website\"},\"primaryImageOfPage\":{\"@id\":\"https:\\\/\\\/fastlanerentacar.com\\\/fr\\\/product\\\/mercedes-benz-glc-200-suv-white-2024\\\/#primaryimage\"},\"image\":{\"@id\":\"https:\\\/\\\/fastlanerentacar.com\\\/fr\\\/product\\\/mercedes-benz-glc-200-suv-white-2024\\\/#primaryimage\"},\"thumbnailUrl\":\"https:\\\/\\\/fastlanerentacar.com\\\/wp-content\\\/uploads\\\/white_mercedes-glc-suv_2024_5598_main_5503e80d1fa35f3fc9364cfb6d44331e.jpg\",\"datePublished\":\"2025-11-01T16:51:59+00:00\",\"dateModified\":\"2025-12-05T20:08:17+00:00\",\"breadcrumb\":{\"@id\":\"https:\\\/\\\/fastlanerentacar.com\\\/fr\\\/product\\\/mercedes-benz-glc-200-suv-white-2024\\\/#breadcrumb\"},\"inLanguage\":\"fr-FR\",\"potentialAction\":[{\"@type\":\"ReadAction\",\"target\":[\"https:\\\/\\\/fastlanerentacar.com\\\/fr\\\/product\\\/mercedes-benz-glc-200-suv-white-2024\\\/\"]}]},{\"@type\":\"ImageObject\",\"inLanguage\":\"fr-FR\",\"@id\":\"https:\\\/\\\/fastlanerentacar.com\\\/fr\\\/product\\\/mercedes-benz-glc-200-suv-white-2024\\\/#primaryimage\",\"url\":\"https:\\\/\\\/fastlanerentacar.com\\\/wp-content\\\/uploads\\\/white_mercedes-glc-suv_2024_5598_main_5503e80d1fa35f3fc9364cfb6d44331e.jpg\",\"contentUrl\":\"https:\\\/\\\/fastlanerentacar.com\\\/wp-content\\\/uploads\\\/white_mercedes-glc-suv_2024_5598_main_5503e80d1fa35f3fc9364cfb6d44331e.jpg\",\"width\":1496,\"height\":935},{\"@type\":\"BreadcrumbList\",\"@id\":\"https:\\\/\\\/fastlanerentacar.com\\\/fr\\\/product\\\/mercedes-benz-glc-200-suv-white-2024\\\/#breadcrumb\",\"itemListElement\":[{\"@type\":\"ListItem\",\"position\":1,\"name\":\"Home\",\"item\":\"https:\\\/\\\/fastlanerentacar.com\\\/fr\\\/accueil\\\/\"},{\"@type\":\"ListItem\",\"position\":2,\"name\":\"Products\",\"item\":\"https:\\\/\\\/fastlanerentacar.com\\\/shop\\\/\"},{\"@type\":\"ListItem\",\"position\":3,\"name\":\"Mercedes-Benz GLC 200 SUV (Blanc) 2024\"}]},{\"@type\":\"WebSite\",\"@id\":\"https:\\\/\\\/fastlanerentacar.com\\\/#website\",\"url\":\"https:\\\/\\\/fastlanerentacar.com\\\/\",\"name\":\"Fastlane\",\"description\":\"\",\"publisher\":{\"@id\":\"https:\\\/\\\/fastlanerentacar.com\\\/#organization\"},\"potentialAction\":[{\"@type\":\"SearchAction\",\"target\":{\"@type\":\"EntryPoint\",\"urlTemplate\":\"https:\\\/\\\/fastlanerentacar.com\\\/?s={search_term_string}\"},\"query-input\":{\"@type\":\"PropertyValueSpecification\",\"valueRequired\":true,\"valueName\":\"search_term_string\"}}],\"inLanguage\":\"fr-FR\"},{\"@type\":\"Organization\",\"@id\":\"https:\\\/\\\/fastlanerentacar.com\\\/#organization\",\"name\":\"Fastlane\",\"url\":\"https:\\\/\\\/fastlanerentacar.com\\\/\",\"logo\":{\"@type\":\"ImageObject\",\"inLanguage\":\"fr-FR\",\"@id\":\"https:\\\/\\\/fastlanerentacar.com\\\/#\\\/schema\\\/logo\\\/image\\\/\",\"url\":\"https:\\\/\\\/fastlanerentacar.com\\\/wp-content\\\/uploads\\\/Asset-2@2x-8.png\",\"contentUrl\":\"https:\\\/\\\/fastlanerentacar.com\\\/wp-content\\\/uploads\\\/Asset-2@2x-8.png\",\"width\":1641,\"height\":316,\"caption\":\"Fastlane\"},\"image\":{\"@id\":\"https:\\\/\\\/fastlanerentacar.com\\\/#\\\/schema\\\/logo\\\/image\\\/\"}}]}<\/script>\n<!-- \/ Yoast SEO plugin. -->","yoast_head_json":{"title":"Mercedes-Benz GLC 200 SUV (Blanc) 2024 - Fastlane","robots":{"index":"index","follow":"follow","max-snippet":"max-snippet:-1","max-image-preview":"max-image-preview:large","max-video-preview":"max-video-preview:-1"},"canonical":"https:\/\/fastlanerentacar.com\/fr\/product\/mercedes-benz-glc-200-suv-white-2024\/","og_locale":"fr_FR","og_type":"article","og_title":"Mercedes-Benz GLC 200 SUV (Blanc) 2024 - Fastlane","og_description":"\u00c9l\u00e9gant et polyvalent, ce SUV offre confort et assurance \u00e0 chaque trajet. Parfait pour la ville comme pour les longs voyages, il incarne toute la qualit\u00e9 et la classe de la marque, id\u00e9al pour Duba\u00ef. Aucun frais cach\u00e9. Nous acceptons tous les moyens de paiement, y compris cartes de cr\u00e9dit, esp\u00e8ces et cryptomonnaies. Location disponible pour les conducteurs de 18 ans et plus.","og_url":"https:\/\/fastlanerentacar.com\/fr\/product\/mercedes-benz-glc-200-suv-white-2024\/","og_site_name":"Fastlane","article_modified_time":"2025-12-05T20:08:17+00:00","og_image":[{"width":1496,"height":935,"url":"http:\/\/fastlanerentacar.com\/wp-content\/uploads\/white_mercedes-glc-suv_2024_5598_main_5503e80d1fa35f3fc9364cfb6d44331e.jpg","type":"image\/jpeg"}],"twitter_card":"summary_large_image","schema":{"@context":"https:\/\/schema.org","@graph":[{"@type":"WebPage","@id":"https:\/\/fastlanerentacar.com\/fr\/product\/mercedes-benz-glc-200-suv-white-2024\/","url":"https:\/\/fastlanerentacar.com\/fr\/product\/mercedes-benz-glc-200-suv-white-2024\/","name":"Mercedes-Benz GLC 200 SUV (Blanc) 2024 - Fastlane","isPartOf":{"@id":"https:\/\/fastlanerentacar.com\/#website"},"primaryImageOfPage":{"@id":"https:\/\/fastlanerentacar.com\/fr\/product\/mercedes-benz-glc-200-suv-white-2024\/#primaryimage"},"image":{"@id":"https:\/\/fastlanerentacar.com\/fr\/product\/mercedes-benz-glc-200-suv-white-2024\/#primaryimage"},"thumbnailUrl":"https:\/\/fastlanerentacar.com\/wp-content\/uploads\/white_mercedes-glc-suv_2024_5598_main_5503e80d1fa35f3fc9364cfb6d44331e.jpg","datePublished":"2025-11-01T16:51:59+00:00","dateModified":"2025-12-05T20:08:17+00:00","breadcrumb":{"@id":"https:\/\/fastlanerentacar.com\/fr\/product\/mercedes-benz-glc-200-suv-white-2024\/#breadcrumb"},"inLanguage":"fr-FR","potentialAction":[{"@type":"ReadAction","target":["https:\/\/fastlanerentacar.com\/fr\/product\/mercedes-benz-glc-200-suv-white-2024\/"]}]},{"@type":"ImageObject","inLanguage":"fr-FR","@id":"https:\/\/fastlanerentacar.com\/fr\/product\/mercedes-benz-glc-200-suv-white-2024\/#primaryimage","url":"https:\/\/fastlanerentacar.com\/wp-content\/uploads\/white_mercedes-glc-suv_2024_5598_main_5503e80d1fa35f3fc9364cfb6d44331e.jpg","contentUrl":"https:\/\/fastlanerentacar.com\/wp-content\/uploads\/white_mercedes-glc-suv_2024_5598_main_5503e80d1fa35f3fc9364cfb6d44331e.jpg","width":1496,"height":935},{"@type":"BreadcrumbList","@id":"https:\/\/fastlanerentacar.com\/fr\/product\/mercedes-benz-glc-200-suv-white-2024\/#breadcrumb","itemListElement":[{"@type":"ListItem","position":1,"name":"Home","item":"https:\/\/fastlanerentacar.com\/fr\/accueil\/"},{"@type":"ListItem","position":2,"name":"Products","item":"https:\/\/fastlanerentacar.com\/shop\/"},{"@type":"ListItem","position":3,"name":"Mercedes-Benz GLC 200 SUV (Blanc) 2024"}]},{"@type":"WebSite","@id":"https:\/\/fastlanerentacar.com\/#website","url":"https:\/\/fastlanerentacar.com\/","name":"Fastlane","description":"","publisher":{"@id":"https:\/\/fastlanerentacar.com\/#organization"},"potentialAction":[{"@type":"SearchAction","target":{"@type":"EntryPoint","urlTemplate":"https:\/\/fastlanerentacar.com\/?s={search_term_string}"},"query-input":{"@type":"PropertyValueSpecification","valueRequired":true,"valueName":"search_term_string"}}],"inLanguage":"fr-FR"},{"@type":"Organization","@id":"https:\/\/fastlanerentacar.com\/#organization","name":"Fastlane","url":"https:\/\/fastlanerentacar.com\/","logo":{"@type":"ImageObject","inLanguage":"fr-FR","@id":"https:\/\/fastlanerentacar.com\/#\/schema\/logo\/image\/","url":"https:\/\/fastlanerentacar.com\/wp-content\/uploads\/Asset-2@2x-8.png","contentUrl":"https:\/\/fastlanerentacar.com\/wp-content\/uploads\/Asset-2@2x-8.png","width":1641,"height":316,"caption":"Fastlane"},"image":{"@id":"https:\/\/fastlanerentacar.com\/#\/schema\/logo\/image\/"}}]}},"_links":{"self":[{"href":"https:\/\/fastlanerentacar.com\/fr\/wp-json\/wp\/v2\/product\/81199","targetHints":{"allow":["GET"]}}],"collection":[{"href":"https:\/\/fastlanerentacar.com\/fr\/wp-json\/wp\/v2\/product"}],"about":[{"href":"https:\/\/fastlanerentacar.com\/fr\/wp-json\/wp\/v2\/types\/product"}],"replies":[{"embeddable":true,"href":"https:\/\/fastlanerentacar.com\/fr\/wp-json\/wp\/v2\/comments?post=81199"}],"wp:featuredmedia":[{"embeddable":true,"href":"https:\/\/fastlanerentacar.com\/fr\/wp-json\/wp\/v2\/media\/70500"}],"wp:attachment":[{"href":"https:\/\/fastlanerentacar.com\/fr\/wp-json\/wp\/v2\/media?parent=81199"}],"wp:term":[{"taxonomy":"product_brand","embeddable":true,"href":"https:\/\/fastlanerentacar.com\/fr\/wp-json\/wp\/v2\/product_brand?post=81199"},{"taxonomy":"product_cat","embeddable":true,"href":"https:\/\/fastlanerentacar.com\/fr\/wp-json\/wp\/v2\/product_cat?post=81199"},{"taxonomy":"product_tag","embeddable":true,"href":"https:\/\/fastlanerentacar.com\/fr\/wp-json\/wp\/v2\/product_tag?post=81199"}],"curies":[{"name":"wp","href":"https:\/\/api.w.org\/{rel}","templated":true}]}}