{"id":81212,"date":"2025-11-01T16:53:49","date_gmt":"2025-11-01T16:53:49","guid":{"rendered":"https:\/\/fastlanerentacar.com\/product\/bentley-flying-spur-black-2023\/"},"modified":"2025-12-05T20:08:34","modified_gmt":"2025-12-05T20:08:34","slug":"bentley-flying-spur-black-2023","status":"publish","type":"product","link":"https:\/\/fastlanerentacar.com\/fr\/product\/bentley-flying-spur-black-2023\/","title":{"rendered":"Bentley Flying Spur (Noir) 2023"},"content":{"rendered":"","protected":false},"excerpt":{"rendered":"<p>Vivez le summum de la sophistication. Cette berline de luxe offre un confort in\u00e9gal\u00e9, des int\u00e9rieurs faits main et des performances puissantes. Id\u00e9ale pour les d\u00e9placements professionnels comme pour les loisirs \u00e0 Duba\u00ef, c\u2019est un \u00e9quilibre parfait entre \u00e9l\u00e9gance et autorit\u00e9. Aucun frais cach\u00e9. Nous acceptons tous les moyens de paiement, y compris cartes de cr\u00e9dit, esp\u00e8ces et cryptomonnaies. Location disponible pour les conducteurs de 18 ans et plus.<\/p>\n","protected":false},"featured_media":71626,"comment_status":"open","ping_status":"closed","template":"","meta":{"_acf_changed":false},"product_brand":[],"product_cat":[264],"product_tag":[143,287],"class_list":{"0":"post-81212","1":"product","2":"type-product","3":"status-publish","4":"has-post-thumbnail","6":"product_cat-bentley-fr","7":"product_tag-luxury-cars-fr","8":"product_tag-voitures-de-sport","9":"yith_booking_service-deposit-free","11":"first","12":"instock","13":"virtual","14":"sold-individually","15":"purchasable","16":"product-type-booking"},"acf":[],"yoast_head":"<!-- This site is optimized with the Yoast SEO plugin v25.0 - https:\/\/yoast.com\/wordpress\/plugins\/seo\/ -->\n<title>Bentley Flying Spur (Noir) 2023 - Fastlane<\/title>\n<meta name=\"robots\" content=\"index, follow, max-snippet:-1, max-image-preview:large, max-video-preview:-1\" \/>\n<link rel=\"canonical\" href=\"https:\/\/fastlanerentacar.com\/fr\/product\/bentley-flying-spur-black-2023\/\" \/>\n<meta property=\"og:locale\" content=\"fr_FR\" \/>\n<meta property=\"og:type\" content=\"article\" \/>\n<meta property=\"og:title\" content=\"Bentley Flying Spur (Noir) 2023 - Fastlane\" \/>\n<meta property=\"og:description\" content=\"Vivez le summum de la sophistication. Cette berline de luxe offre un confort in\u00e9gal\u00e9, des int\u00e9rieurs faits main et des performances puissantes. Id\u00e9ale pour les d\u00e9placements professionnels comme pour les loisirs \u00e0 Duba\u00ef, c\u2019est un \u00e9quilibre parfait entre \u00e9l\u00e9gance et autorit\u00e9. Aucun frais cach\u00e9. Nous acceptons tous les moyens de paiement, y compris cartes de cr\u00e9dit, esp\u00e8ces et cryptomonnaies. Location disponible pour les conducteurs de 18 ans et plus.\" \/>\n<meta property=\"og:url\" content=\"https:\/\/fastlanerentacar.com\/fr\/product\/bentley-flying-spur-black-2023\/\" \/>\n<meta property=\"og:site_name\" content=\"Fastlane\" \/>\n<meta property=\"article:modified_time\" content=\"2025-12-05T20:08:34+00:00\" \/>\n<meta property=\"og:image\" content=\"http:\/\/fastlanerentacar.com\/wp-content\/uploads\/black_bentley-flying-spur_2023_5314_main_ddabb1f817691e8e31abc50f4d824987.jpg\" \/>\n\t<meta property=\"og:image:width\" content=\"1665\" \/>\n\t<meta property=\"og:image:height\" content=\"1040\" \/>\n\t<meta property=\"og:image:type\" content=\"image\/jpeg\" \/>\n<meta name=\"twitter:card\" content=\"summary_large_image\" \/>\n<script type=\"application\/ld+json\" class=\"yoast-schema-graph\">{\"@context\":\"https:\/\/schema.org\",\"@graph\":[{\"@type\":\"WebPage\",\"@id\":\"https:\/\/fastlanerentacar.com\/fr\/product\/bentley-flying-spur-black-2023\/\",\"url\":\"https:\/\/fastlanerentacar.com\/fr\/product\/bentley-flying-spur-black-2023\/\",\"name\":\"Bentley Flying Spur (Noir) 2023 - Fastlane\",\"isPartOf\":{\"@id\":\"https:\/\/fastlanerentacar.com\/#website\"},\"primaryImageOfPage\":{\"@id\":\"https:\/\/fastlanerentacar.com\/fr\/product\/bentley-flying-spur-black-2023\/#primaryimage\"},\"image\":{\"@id\":\"https:\/\/fastlanerentacar.com\/fr\/product\/bentley-flying-spur-black-2023\/#primaryimage\"},\"thumbnailUrl\":\"https:\/\/fastlanerentacar.com\/wp-content\/uploads\/black_bentley-flying-spur_2023_5314_main_ddabb1f817691e8e31abc50f4d824987.jpg\",\"datePublished\":\"2025-11-01T16:53:49+00:00\",\"dateModified\":\"2025-12-05T20:08:34+00:00\",\"breadcrumb\":{\"@id\":\"https:\/\/fastlanerentacar.com\/fr\/product\/bentley-flying-spur-black-2023\/#breadcrumb\"},\"inLanguage\":\"fr-FR\",\"potentialAction\":[{\"@type\":\"ReadAction\",\"target\":[\"https:\/\/fastlanerentacar.com\/fr\/product\/bentley-flying-spur-black-2023\/\"]}]},{\"@type\":\"ImageObject\",\"inLanguage\":\"fr-FR\",\"@id\":\"https:\/\/fastlanerentacar.com\/fr\/product\/bentley-flying-spur-black-2023\/#primaryimage\",\"url\":\"https:\/\/fastlanerentacar.com\/wp-content\/uploads\/black_bentley-flying-spur_2023_5314_main_ddabb1f817691e8e31abc50f4d824987.jpg\",\"contentUrl\":\"https:\/\/fastlanerentacar.com\/wp-content\/uploads\/black_bentley-flying-spur_2023_5314_main_ddabb1f817691e8e31abc50f4d824987.jpg\",\"width\":1665,\"height\":1040},{\"@type\":\"BreadcrumbList\",\"@id\":\"https:\/\/fastlanerentacar.com\/fr\/product\/bentley-flying-spur-black-2023\/#breadcrumb\",\"itemListElement\":[{\"@type\":\"ListItem\",\"position\":1,\"name\":\"Home\",\"item\":\"https:\/\/fastlanerentacar.com\/fr\/accueil\/\"},{\"@type\":\"ListItem\",\"position\":2,\"name\":\"Products\",\"item\":\"https:\/\/fastlanerentacar.com\/shop\/\"},{\"@type\":\"ListItem\",\"position\":3,\"name\":\"Bentley Flying Spur (Noir) 2023\"}]},{\"@type\":\"WebSite\",\"@id\":\"https:\/\/fastlanerentacar.com\/#website\",\"url\":\"https:\/\/fastlanerentacar.com\/\",\"name\":\"Fastlane\",\"description\":\"\",\"publisher\":{\"@id\":\"https:\/\/fastlanerentacar.com\/#organization\"},\"potentialAction\":[{\"@type\":\"SearchAction\",\"target\":{\"@type\":\"EntryPoint\",\"urlTemplate\":\"https:\/\/fastlanerentacar.com\/?s={search_term_string}\"},\"query-input\":{\"@type\":\"PropertyValueSpecification\",\"valueRequired\":true,\"valueName\":\"search_term_string\"}}],\"inLanguage\":\"fr-FR\"},{\"@type\":\"Organization\",\"@id\":\"https:\/\/fastlanerentacar.com\/#organization\",\"name\":\"Fastlane\",\"url\":\"https:\/\/fastlanerentacar.com\/\",\"logo\":{\"@type\":\"ImageObject\",\"inLanguage\":\"fr-FR\",\"@id\":\"https:\/\/fastlanerentacar.com\/#\/schema\/logo\/image\/\",\"url\":\"https:\/\/fastlanerentacar.com\/wp-content\/uploads\/Asset-2@2x-8.png\",\"contentUrl\":\"https:\/\/fastlanerentacar.com\/wp-content\/uploads\/Asset-2@2x-8.png\",\"width\":1641,\"height\":316,\"caption\":\"Fastlane\"},\"image\":{\"@id\":\"https:\/\/fastlanerentacar.com\/#\/schema\/logo\/image\/\"}}]}<\/script>\n<!-- \/ Yoast SEO plugin. -->","yoast_head_json":{"title":"Bentley Flying Spur (Noir) 2023 - Fastlane","robots":{"index":"index","follow":"follow","max-snippet":"max-snippet:-1","max-image-preview":"max-image-preview:large","max-video-preview":"max-video-preview:-1"},"canonical":"https:\/\/fastlanerentacar.com\/fr\/product\/bentley-flying-spur-black-2023\/","og_locale":"fr_FR","og_type":"article","og_title":"Bentley Flying Spur (Noir) 2023 - Fastlane","og_description":"Vivez le summum de la sophistication. Cette berline de luxe offre un confort in\u00e9gal\u00e9, des int\u00e9rieurs faits main et des performances puissantes. Id\u00e9ale pour les d\u00e9placements professionnels comme pour les loisirs \u00e0 Duba\u00ef, c\u2019est un \u00e9quilibre parfait entre \u00e9l\u00e9gance et autorit\u00e9. Aucun frais cach\u00e9. Nous acceptons tous les moyens de paiement, y compris cartes de cr\u00e9dit, esp\u00e8ces et cryptomonnaies. Location disponible pour les conducteurs de 18 ans et plus.","og_url":"https:\/\/fastlanerentacar.com\/fr\/product\/bentley-flying-spur-black-2023\/","og_site_name":"Fastlane","article_modified_time":"2025-12-05T20:08:34+00:00","og_image":[{"width":1665,"height":1040,"url":"http:\/\/fastlanerentacar.com\/wp-content\/uploads\/black_bentley-flying-spur_2023_5314_main_ddabb1f817691e8e31abc50f4d824987.jpg","type":"image\/jpeg"}],"twitter_card":"summary_large_image","schema":{"@context":"https:\/\/schema.org","@graph":[{"@type":"WebPage","@id":"https:\/\/fastlanerentacar.com\/fr\/product\/bentley-flying-spur-black-2023\/","url":"https:\/\/fastlanerentacar.com\/fr\/product\/bentley-flying-spur-black-2023\/","name":"Bentley Flying Spur (Noir) 2023 - Fastlane","isPartOf":{"@id":"https:\/\/fastlanerentacar.com\/#website"},"primaryImageOfPage":{"@id":"https:\/\/fastlanerentacar.com\/fr\/product\/bentley-flying-spur-black-2023\/#primaryimage"},"image":{"@id":"https:\/\/fastlanerentacar.com\/fr\/product\/bentley-flying-spur-black-2023\/#primaryimage"},"thumbnailUrl":"https:\/\/fastlanerentacar.com\/wp-content\/uploads\/black_bentley-flying-spur_2023_5314_main_ddabb1f817691e8e31abc50f4d824987.jpg","datePublished":"2025-11-01T16:53:49+00:00","dateModified":"2025-12-05T20:08:34+00:00","breadcrumb":{"@id":"https:\/\/fastlanerentacar.com\/fr\/product\/bentley-flying-spur-black-2023\/#breadcrumb"},"inLanguage":"fr-FR","potentialAction":[{"@type":"ReadAction","target":["https:\/\/fastlanerentacar.com\/fr\/product\/bentley-flying-spur-black-2023\/"]}]},{"@type":"ImageObject","inLanguage":"fr-FR","@id":"https:\/\/fastlanerentacar.com\/fr\/product\/bentley-flying-spur-black-2023\/#primaryimage","url":"https:\/\/fastlanerentacar.com\/wp-content\/uploads\/black_bentley-flying-spur_2023_5314_main_ddabb1f817691e8e31abc50f4d824987.jpg","contentUrl":"https:\/\/fastlanerentacar.com\/wp-content\/uploads\/black_bentley-flying-spur_2023_5314_main_ddabb1f817691e8e31abc50f4d824987.jpg","width":1665,"height":1040},{"@type":"BreadcrumbList","@id":"https:\/\/fastlanerentacar.com\/fr\/product\/bentley-flying-spur-black-2023\/#breadcrumb","itemListElement":[{"@type":"ListItem","position":1,"name":"Home","item":"https:\/\/fastlanerentacar.com\/fr\/accueil\/"},{"@type":"ListItem","position":2,"name":"Products","item":"https:\/\/fastlanerentacar.com\/shop\/"},{"@type":"ListItem","position":3,"name":"Bentley Flying Spur (Noir) 2023"}]},{"@type":"WebSite","@id":"https:\/\/fastlanerentacar.com\/#website","url":"https:\/\/fastlanerentacar.com\/","name":"Fastlane","description":"","publisher":{"@id":"https:\/\/fastlanerentacar.com\/#organization"},"potentialAction":[{"@type":"SearchAction","target":{"@type":"EntryPoint","urlTemplate":"https:\/\/fastlanerentacar.com\/?s={search_term_string}"},"query-input":{"@type":"PropertyValueSpecification","valueRequired":true,"valueName":"search_term_string"}}],"inLanguage":"fr-FR"},{"@type":"Organization","@id":"https:\/\/fastlanerentacar.com\/#organization","name":"Fastlane","url":"https:\/\/fastlanerentacar.com\/","logo":{"@type":"ImageObject","inLanguage":"fr-FR","@id":"https:\/\/fastlanerentacar.com\/#\/schema\/logo\/image\/","url":"https:\/\/fastlanerentacar.com\/wp-content\/uploads\/Asset-2@2x-8.png","contentUrl":"https:\/\/fastlanerentacar.com\/wp-content\/uploads\/Asset-2@2x-8.png","width":1641,"height":316,"caption":"Fastlane"},"image":{"@id":"https:\/\/fastlanerentacar.com\/#\/schema\/logo\/image\/"}}]}},"_links":{"self":[{"href":"https:\/\/fastlanerentacar.com\/fr\/wp-json\/wp\/v2\/product\/81212","targetHints":{"allow":["GET"]}}],"collection":[{"href":"https:\/\/fastlanerentacar.com\/fr\/wp-json\/wp\/v2\/product"}],"about":[{"href":"https:\/\/fastlanerentacar.com\/fr\/wp-json\/wp\/v2\/types\/product"}],"replies":[{"embeddable":true,"href":"https:\/\/fastlanerentacar.com\/fr\/wp-json\/wp\/v2\/comments?post=81212"}],"wp:featuredmedia":[{"embeddable":true,"href":"https:\/\/fastlanerentacar.com\/fr\/wp-json\/wp\/v2\/media\/71626"}],"wp:attachment":[{"href":"https:\/\/fastlanerentacar.com\/fr\/wp-json\/wp\/v2\/media?parent=81212"}],"wp:term":[{"taxonomy":"product_brand","embeddable":true,"href":"https:\/\/fastlanerentacar.com\/fr\/wp-json\/wp\/v2\/product_brand?post=81212"},{"taxonomy":"product_cat","embeddable":true,"href":"https:\/\/fastlanerentacar.com\/fr\/wp-json\/wp\/v2\/product_cat?post=81212"},{"taxonomy":"product_tag","embeddable":true,"href":"https:\/\/fastlanerentacar.com\/fr\/wp-json\/wp\/v2\/product_tag?post=81212"}],"curies":[{"name":"wp","href":"https:\/\/api.w.org\/{rel}","templated":true}]}}