{"id":81214,"date":"2025-11-01T16:54:04","date_gmt":"2025-11-01T16:54:04","guid":{"rendered":"https:\/\/fastlanerentacar.com\/product\/audi-q3-sportback-grey-2024\/"},"modified":"2025-12-05T20:08:37","modified_gmt":"2025-12-05T20:08:37","slug":"audi-q3-sportback-grey-2024","status":"publish","type":"product","link":"https:\/\/fastlanerentacar.com\/fr\/product\/audi-q3-sportback-grey-2024\/","title":{"rendered":"Audi Q3 Sportback (Gris) 2024"},"content":{"rendered":"","protected":false},"excerpt":{"rendered":"<p>Styl\u00e9 et polyvalent, ce SUV compact sportif offre des performances dynamiques dans un format pratique. Ses lignes modernes et son grand confort en font le compagnon id\u00e9al pour d\u00e9couvrir Duba\u00ef avec \u00e9l\u00e9gance et facilit\u00e9. Aucun frais cach\u00e9. Nous acceptons tous les moyens de paiement, y compris cartes de cr\u00e9dit, esp\u00e8ces et cryptomonnaies. Location disponible pour les conducteurs de 18 ans et plus.<\/p>\n","protected":false},"featured_media":71781,"comment_status":"open","ping_status":"closed","template":"","meta":{"_acf_changed":false},"product_brand":[],"product_cat":[262],"product_tag":[143,287],"class_list":{"0":"post-81214","1":"product","2":"type-product","3":"status-publish","4":"has-post-thumbnail","6":"product_cat-audi-fr","7":"product_tag-luxury-cars-fr","8":"product_tag-voitures-de-sport","9":"yith_booking_service-deposit-free","11":"first","12":"instock","13":"virtual","14":"sold-individually","15":"purchasable","16":"product-type-booking"},"acf":[],"yoast_head":"<!-- This site is optimized with the Yoast SEO plugin v27.4 - https:\/\/yoast.com\/product\/yoast-seo-wordpress\/ -->\n<title>Audi Q3 Sportback (Gris) 2024 - Fastlane<\/title>\n<meta name=\"robots\" content=\"index, follow, max-snippet:-1, max-image-preview:large, max-video-preview:-1\" \/>\n<link rel=\"canonical\" href=\"https:\/\/fastlanerentacar.com\/fr\/product\/audi-q3-sportback-grey-2024\/\" \/>\n<meta property=\"og:locale\" content=\"fr_FR\" \/>\n<meta property=\"og:type\" content=\"article\" \/>\n<meta property=\"og:title\" content=\"Audi Q3 Sportback (Gris) 2024 - Fastlane\" \/>\n<meta property=\"og:description\" content=\"Styl\u00e9 et polyvalent, ce SUV compact sportif offre des performances dynamiques dans un format pratique. Ses lignes modernes et son grand confort en font le compagnon id\u00e9al pour d\u00e9couvrir Duba\u00ef avec \u00e9l\u00e9gance et facilit\u00e9. Aucun frais cach\u00e9. Nous acceptons tous les moyens de paiement, y compris cartes de cr\u00e9dit, esp\u00e8ces et cryptomonnaies. Location disponible pour les conducteurs de 18 ans et plus.\" \/>\n<meta property=\"og:url\" content=\"https:\/\/fastlanerentacar.com\/fr\/product\/audi-q3-sportback-grey-2024\/\" \/>\n<meta property=\"og:site_name\" content=\"Fastlane\" \/>\n<meta property=\"article:modified_time\" content=\"2025-12-05T20:08:37+00:00\" \/>\n<meta property=\"og:image\" content=\"http:\/\/fastlanerentacar.com\/wp-content\/uploads\/grey_audi-q-sportback_2023_6002_main_b5eab7084ea048644b197912a0231cab.jpg\" \/>\n\t<meta property=\"og:image:width\" content=\"1585\" \/>\n\t<meta property=\"og:image:height\" content=\"990\" \/>\n\t<meta property=\"og:image:type\" content=\"image\/jpeg\" \/>\n<meta name=\"twitter:card\" content=\"summary_large_image\" \/>\n<script type=\"application\/ld+json\" class=\"yoast-schema-graph\">{\"@context\":\"https:\\\/\\\/schema.org\",\"@graph\":[{\"@type\":\"WebPage\",\"@id\":\"https:\\\/\\\/fastlanerentacar.com\\\/fr\\\/product\\\/audi-q3-sportback-grey-2024\\\/\",\"url\":\"https:\\\/\\\/fastlanerentacar.com\\\/fr\\\/product\\\/audi-q3-sportback-grey-2024\\\/\",\"name\":\"Audi Q3 Sportback (Gris) 2024 - Fastlane\",\"isPartOf\":{\"@id\":\"https:\\\/\\\/fastlanerentacar.com\\\/#website\"},\"primaryImageOfPage\":{\"@id\":\"https:\\\/\\\/fastlanerentacar.com\\\/fr\\\/product\\\/audi-q3-sportback-grey-2024\\\/#primaryimage\"},\"image\":{\"@id\":\"https:\\\/\\\/fastlanerentacar.com\\\/fr\\\/product\\\/audi-q3-sportback-grey-2024\\\/#primaryimage\"},\"thumbnailUrl\":\"https:\\\/\\\/fastlanerentacar.com\\\/wp-content\\\/uploads\\\/grey_audi-q-sportback_2023_6002_main_b5eab7084ea048644b197912a0231cab.jpg\",\"datePublished\":\"2025-11-01T16:54:04+00:00\",\"dateModified\":\"2025-12-05T20:08:37+00:00\",\"breadcrumb\":{\"@id\":\"https:\\\/\\\/fastlanerentacar.com\\\/fr\\\/product\\\/audi-q3-sportback-grey-2024\\\/#breadcrumb\"},\"inLanguage\":\"fr-FR\",\"potentialAction\":[{\"@type\":\"ReadAction\",\"target\":[\"https:\\\/\\\/fastlanerentacar.com\\\/fr\\\/product\\\/audi-q3-sportback-grey-2024\\\/\"]}]},{\"@type\":\"ImageObject\",\"inLanguage\":\"fr-FR\",\"@id\":\"https:\\\/\\\/fastlanerentacar.com\\\/fr\\\/product\\\/audi-q3-sportback-grey-2024\\\/#primaryimage\",\"url\":\"https:\\\/\\\/fastlanerentacar.com\\\/wp-content\\\/uploads\\\/grey_audi-q-sportback_2023_6002_main_b5eab7084ea048644b197912a0231cab.jpg\",\"contentUrl\":\"https:\\\/\\\/fastlanerentacar.com\\\/wp-content\\\/uploads\\\/grey_audi-q-sportback_2023_6002_main_b5eab7084ea048644b197912a0231cab.jpg\",\"width\":1585,\"height\":990},{\"@type\":\"BreadcrumbList\",\"@id\":\"https:\\\/\\\/fastlanerentacar.com\\\/fr\\\/product\\\/audi-q3-sportback-grey-2024\\\/#breadcrumb\",\"itemListElement\":[{\"@type\":\"ListItem\",\"position\":1,\"name\":\"Home\",\"item\":\"https:\\\/\\\/fastlanerentacar.com\\\/fr\\\/accueil\\\/\"},{\"@type\":\"ListItem\",\"position\":2,\"name\":\"Products\",\"item\":\"https:\\\/\\\/fastlanerentacar.com\\\/shop\\\/\"},{\"@type\":\"ListItem\",\"position\":3,\"name\":\"Audi Q3 Sportback (Gris) 2024\"}]},{\"@type\":\"WebSite\",\"@id\":\"https:\\\/\\\/fastlanerentacar.com\\\/#website\",\"url\":\"https:\\\/\\\/fastlanerentacar.com\\\/\",\"name\":\"Fastlane\",\"description\":\"\",\"publisher\":{\"@id\":\"https:\\\/\\\/fastlanerentacar.com\\\/#organization\"},\"potentialAction\":[{\"@type\":\"SearchAction\",\"target\":{\"@type\":\"EntryPoint\",\"urlTemplate\":\"https:\\\/\\\/fastlanerentacar.com\\\/?s={search_term_string}\"},\"query-input\":{\"@type\":\"PropertyValueSpecification\",\"valueRequired\":true,\"valueName\":\"search_term_string\"}}],\"inLanguage\":\"fr-FR\"},{\"@type\":\"Organization\",\"@id\":\"https:\\\/\\\/fastlanerentacar.com\\\/#organization\",\"name\":\"Fastlane\",\"url\":\"https:\\\/\\\/fastlanerentacar.com\\\/\",\"logo\":{\"@type\":\"ImageObject\",\"inLanguage\":\"fr-FR\",\"@id\":\"https:\\\/\\\/fastlanerentacar.com\\\/#\\\/schema\\\/logo\\\/image\\\/\",\"url\":\"https:\\\/\\\/fastlanerentacar.com\\\/wp-content\\\/uploads\\\/Asset-2@2x-8.png\",\"contentUrl\":\"https:\\\/\\\/fastlanerentacar.com\\\/wp-content\\\/uploads\\\/Asset-2@2x-8.png\",\"width\":1641,\"height\":316,\"caption\":\"Fastlane\"},\"image\":{\"@id\":\"https:\\\/\\\/fastlanerentacar.com\\\/#\\\/schema\\\/logo\\\/image\\\/\"}}]}<\/script>\n<!-- \/ Yoast SEO plugin. -->","yoast_head_json":{"title":"Audi Q3 Sportback (Gris) 2024 - Fastlane","robots":{"index":"index","follow":"follow","max-snippet":"max-snippet:-1","max-image-preview":"max-image-preview:large","max-video-preview":"max-video-preview:-1"},"canonical":"https:\/\/fastlanerentacar.com\/fr\/product\/audi-q3-sportback-grey-2024\/","og_locale":"fr_FR","og_type":"article","og_title":"Audi Q3 Sportback (Gris) 2024 - Fastlane","og_description":"Styl\u00e9 et polyvalent, ce SUV compact sportif offre des performances dynamiques dans un format pratique. Ses lignes modernes et son grand confort en font le compagnon id\u00e9al pour d\u00e9couvrir Duba\u00ef avec \u00e9l\u00e9gance et facilit\u00e9. Aucun frais cach\u00e9. Nous acceptons tous les moyens de paiement, y compris cartes de cr\u00e9dit, esp\u00e8ces et cryptomonnaies. Location disponible pour les conducteurs de 18 ans et plus.","og_url":"https:\/\/fastlanerentacar.com\/fr\/product\/audi-q3-sportback-grey-2024\/","og_site_name":"Fastlane","article_modified_time":"2025-12-05T20:08:37+00:00","og_image":[{"width":1585,"height":990,"url":"http:\/\/fastlanerentacar.com\/wp-content\/uploads\/grey_audi-q-sportback_2023_6002_main_b5eab7084ea048644b197912a0231cab.jpg","type":"image\/jpeg"}],"twitter_card":"summary_large_image","schema":{"@context":"https:\/\/schema.org","@graph":[{"@type":"WebPage","@id":"https:\/\/fastlanerentacar.com\/fr\/product\/audi-q3-sportback-grey-2024\/","url":"https:\/\/fastlanerentacar.com\/fr\/product\/audi-q3-sportback-grey-2024\/","name":"Audi Q3 Sportback (Gris) 2024 - Fastlane","isPartOf":{"@id":"https:\/\/fastlanerentacar.com\/#website"},"primaryImageOfPage":{"@id":"https:\/\/fastlanerentacar.com\/fr\/product\/audi-q3-sportback-grey-2024\/#primaryimage"},"image":{"@id":"https:\/\/fastlanerentacar.com\/fr\/product\/audi-q3-sportback-grey-2024\/#primaryimage"},"thumbnailUrl":"https:\/\/fastlanerentacar.com\/wp-content\/uploads\/grey_audi-q-sportback_2023_6002_main_b5eab7084ea048644b197912a0231cab.jpg","datePublished":"2025-11-01T16:54:04+00:00","dateModified":"2025-12-05T20:08:37+00:00","breadcrumb":{"@id":"https:\/\/fastlanerentacar.com\/fr\/product\/audi-q3-sportback-grey-2024\/#breadcrumb"},"inLanguage":"fr-FR","potentialAction":[{"@type":"ReadAction","target":["https:\/\/fastlanerentacar.com\/fr\/product\/audi-q3-sportback-grey-2024\/"]}]},{"@type":"ImageObject","inLanguage":"fr-FR","@id":"https:\/\/fastlanerentacar.com\/fr\/product\/audi-q3-sportback-grey-2024\/#primaryimage","url":"https:\/\/fastlanerentacar.com\/wp-content\/uploads\/grey_audi-q-sportback_2023_6002_main_b5eab7084ea048644b197912a0231cab.jpg","contentUrl":"https:\/\/fastlanerentacar.com\/wp-content\/uploads\/grey_audi-q-sportback_2023_6002_main_b5eab7084ea048644b197912a0231cab.jpg","width":1585,"height":990},{"@type":"BreadcrumbList","@id":"https:\/\/fastlanerentacar.com\/fr\/product\/audi-q3-sportback-grey-2024\/#breadcrumb","itemListElement":[{"@type":"ListItem","position":1,"name":"Home","item":"https:\/\/fastlanerentacar.com\/fr\/accueil\/"},{"@type":"ListItem","position":2,"name":"Products","item":"https:\/\/fastlanerentacar.com\/shop\/"},{"@type":"ListItem","position":3,"name":"Audi Q3 Sportback (Gris) 2024"}]},{"@type":"WebSite","@id":"https:\/\/fastlanerentacar.com\/#website","url":"https:\/\/fastlanerentacar.com\/","name":"Fastlane","description":"","publisher":{"@id":"https:\/\/fastlanerentacar.com\/#organization"},"potentialAction":[{"@type":"SearchAction","target":{"@type":"EntryPoint","urlTemplate":"https:\/\/fastlanerentacar.com\/?s={search_term_string}"},"query-input":{"@type":"PropertyValueSpecification","valueRequired":true,"valueName":"search_term_string"}}],"inLanguage":"fr-FR"},{"@type":"Organization","@id":"https:\/\/fastlanerentacar.com\/#organization","name":"Fastlane","url":"https:\/\/fastlanerentacar.com\/","logo":{"@type":"ImageObject","inLanguage":"fr-FR","@id":"https:\/\/fastlanerentacar.com\/#\/schema\/logo\/image\/","url":"https:\/\/fastlanerentacar.com\/wp-content\/uploads\/Asset-2@2x-8.png","contentUrl":"https:\/\/fastlanerentacar.com\/wp-content\/uploads\/Asset-2@2x-8.png","width":1641,"height":316,"caption":"Fastlane"},"image":{"@id":"https:\/\/fastlanerentacar.com\/#\/schema\/logo\/image\/"}}]}},"_links":{"self":[{"href":"https:\/\/fastlanerentacar.com\/fr\/wp-json\/wp\/v2\/product\/81214","targetHints":{"allow":["GET"]}}],"collection":[{"href":"https:\/\/fastlanerentacar.com\/fr\/wp-json\/wp\/v2\/product"}],"about":[{"href":"https:\/\/fastlanerentacar.com\/fr\/wp-json\/wp\/v2\/types\/product"}],"replies":[{"embeddable":true,"href":"https:\/\/fastlanerentacar.com\/fr\/wp-json\/wp\/v2\/comments?post=81214"}],"wp:featuredmedia":[{"embeddable":true,"href":"https:\/\/fastlanerentacar.com\/fr\/wp-json\/wp\/v2\/media\/71781"}],"wp:attachment":[{"href":"https:\/\/fastlanerentacar.com\/fr\/wp-json\/wp\/v2\/media?parent=81214"}],"wp:term":[{"taxonomy":"product_brand","embeddable":true,"href":"https:\/\/fastlanerentacar.com\/fr\/wp-json\/wp\/v2\/product_brand?post=81214"},{"taxonomy":"product_cat","embeddable":true,"href":"https:\/\/fastlanerentacar.com\/fr\/wp-json\/wp\/v2\/product_cat?post=81214"},{"taxonomy":"product_tag","embeddable":true,"href":"https:\/\/fastlanerentacar.com\/fr\/wp-json\/wp\/v2\/product_tag?post=81214"}],"curies":[{"name":"wp","href":"https:\/\/api.w.org\/{rel}","templated":true}]}}