{"id":40625,"date":"2023-09-13T08:31:21","date_gmt":"2023-09-13T08:31:21","guid":{"rendered":"https:\/\/turboplus.digitality-agency.com\/product\/2022-bugatti-chiron-sport-a-dubai\/"},"modified":"2023-10-17T08:04:28","modified_gmt":"2023-10-17T08:04:28","slug":"2022-bugatti-chiron-sports-rental-in-dubai","status":"publish","type":"product","link":"https:\/\/fastlanerentacar.com\/it\/product\/2022-bugatti-chiron-sports-rental-in-dubai\/","title":{"rendered":"2022 Bugatti Chiron Sport a Dubai"},"content":{"rendered":"","protected":false},"excerpt":{"rendered":"<p>Noleggiate e guidate questo modello Bugatti Chiron Sports 2022 a Dubai, negli Emirati Arabi Uniti, per AED 99000\/giorno. Il costo del noleggio include l&#8217;assicurazione completa di base e il limite di chilometraggio standard di 100 km\/giorno (650 AED per ogni km aggiuntivo applicabile). \u00c8 richiesto un deposito cauzionale di 150000 AED.<\/p>\n<p>Perch\u00e9 noleggiare la Bugatti Chiron Sport?<br \/>\nL&#8217;auto sportiva Bugatti Chiron \u00e8 elencata da Luxury Supercar Rentals. Questa vettura sportiva a 2 porte pu\u00f2 ospitare 2 passeggeri e 1 borsa\/e di medie dimensioni. Le caratteristiche includono telecamera 3D Surround, sedili anteriori con memoria, avviso angolo cieco, assistenza al parcheggio e altro ancora.<\/p>\n","protected":false},"featured_media":38267,"comment_status":"closed","ping_status":"closed","template":"","meta":{"_acf_changed":false},"product_brand":[],"product_cat":[439],"product_tag":[286,281],"class_list":{"0":"post-40625","1":"product","2":"type-product","3":"status-publish","4":"has-post-thumbnail","6":"product_cat-bugatti-it","7":"product_tag-auto-sportive","8":"product_tag-macchina-di-lusso","9":"yith_booking_service-deposit-free","11":"first","12":"instock","13":"virtual","14":"sold-individually","15":"purchasable","16":"product-type-booking"},"acf":[],"yoast_head":"<!-- This site is optimized with the Yoast SEO plugin v27.4 - https:\/\/yoast.com\/product\/yoast-seo-wordpress\/ -->\n<title>2022 Bugatti Chiron Sport a Dubai - Fastlane<\/title>\n<meta name=\"robots\" content=\"index, follow, max-snippet:-1, max-image-preview:large, max-video-preview:-1\" \/>\n<link rel=\"canonical\" href=\"https:\/\/fastlanerentacar.com\/it\/prodotto\/2022-bugatti-chiron-sports-rental-in-dubai\/\" \/>\n<meta property=\"og:locale\" content=\"it_IT\" \/>\n<meta property=\"og:type\" content=\"article\" \/>\n<meta property=\"og:title\" content=\"2022 Bugatti Chiron Sport a Dubai - Fastlane\" \/>\n<meta property=\"og:description\" content=\"Noleggiate e guidate questo modello Bugatti Chiron Sports 2022 a Dubai, negli Emirati Arabi Uniti, per AED 99000\/giorno. Il costo del noleggio include l&#039;assicurazione completa di base e il limite di chilometraggio standard di 100 km\/giorno (650 AED per ogni km aggiuntivo applicabile). \u00c8 richiesto un deposito cauzionale di 150000 AED. Perch\u00e9 noleggiare la Bugatti Chiron Sport? L&#039;auto sportiva Bugatti Chiron \u00e8 elencata da Luxury Supercar Rentals. Questa vettura sportiva a 2 porte pu\u00f2 ospitare 2 passeggeri e 1 borsa\/e di medie dimensioni. Le caratteristiche includono telecamera 3D Surround, sedili anteriori con memoria, avviso angolo cieco, assistenza al parcheggio e altro ancora.\" \/>\n<meta property=\"og:url\" content=\"https:\/\/fastlanerentacar.com\/it\/prodotto\/2022-bugatti-chiron-sports-rental-in-dubai\/\" \/>\n<meta property=\"og:site_name\" content=\"Fastlane\" \/>\n<meta property=\"article:modified_time\" content=\"2023-10-17T08:04:28+00:00\" \/>\n<meta property=\"og:image\" content=\"https:\/\/i0.wp.com\/turboplusdxb.com\/wp-content\/uploads\/01_bugatti_dubai-desert-scaled.jpg?fit=2560%2C1708&ssl=1\" \/>\n\t<meta property=\"og:image:width\" content=\"2560\" \/>\n\t<meta property=\"og:image:height\" content=\"1708\" \/>\n\t<meta property=\"og:image:type\" content=\"image\/jpeg\" \/>\n<meta name=\"twitter:card\" content=\"summary_large_image\" \/>\n<script type=\"application\/ld+json\" class=\"yoast-schema-graph\">{\"@context\":\"https:\\\/\\\/schema.org\",\"@graph\":[{\"@type\":\"WebPage\",\"@id\":\"https:\\\/\\\/fastlanerentacar.com\\\/it\\\/prodotto\\\/2022-bugatti-chiron-sports-rental-in-dubai\\\/\",\"url\":\"https:\\\/\\\/fastlanerentacar.com\\\/it\\\/prodotto\\\/2022-bugatti-chiron-sports-rental-in-dubai\\\/\",\"name\":\"2022 Bugatti Chiron Sport a Dubai - Fastlane\",\"isPartOf\":{\"@id\":\"https:\\\/\\\/fastlanerentacar.com\\\/#website\"},\"primaryImageOfPage\":{\"@id\":\"https:\\\/\\\/fastlanerentacar.com\\\/it\\\/prodotto\\\/2022-bugatti-chiron-sports-rental-in-dubai\\\/#primaryimage\"},\"image\":{\"@id\":\"https:\\\/\\\/fastlanerentacar.com\\\/it\\\/prodotto\\\/2022-bugatti-chiron-sports-rental-in-dubai\\\/#primaryimage\"},\"thumbnailUrl\":\"https:\\\/\\\/fastlanerentacar.com\\\/wp-content\\\/uploads\\\/01_bugatti_dubai-desert-scaled.jpg\",\"datePublished\":\"2023-09-13T08:31:21+00:00\",\"dateModified\":\"2023-10-17T08:04:28+00:00\",\"breadcrumb\":{\"@id\":\"https:\\\/\\\/fastlanerentacar.com\\\/it\\\/prodotto\\\/2022-bugatti-chiron-sports-rental-in-dubai\\\/#breadcrumb\"},\"inLanguage\":\"it-IT\",\"potentialAction\":[{\"@type\":\"ReadAction\",\"target\":[\"https:\\\/\\\/fastlanerentacar.com\\\/it\\\/prodotto\\\/2022-bugatti-chiron-sports-rental-in-dubai\\\/\"]}]},{\"@type\":\"ImageObject\",\"inLanguage\":\"it-IT\",\"@id\":\"https:\\\/\\\/fastlanerentacar.com\\\/it\\\/prodotto\\\/2022-bugatti-chiron-sports-rental-in-dubai\\\/#primaryimage\",\"url\":\"https:\\\/\\\/fastlanerentacar.com\\\/wp-content\\\/uploads\\\/01_bugatti_dubai-desert-scaled.jpg\",\"contentUrl\":\"https:\\\/\\\/fastlanerentacar.com\\\/wp-content\\\/uploads\\\/01_bugatti_dubai-desert-scaled.jpg\",\"width\":2560,\"height\":1708},{\"@type\":\"BreadcrumbList\",\"@id\":\"https:\\\/\\\/fastlanerentacar.com\\\/it\\\/prodotto\\\/2022-bugatti-chiron-sports-rental-in-dubai\\\/#breadcrumb\",\"itemListElement\":[{\"@type\":\"ListItem\",\"position\":1,\"name\":\"Home\",\"item\":\"https:\\\/\\\/fastlanerentacar.com\\\/it\\\/casa\\\/\"},{\"@type\":\"ListItem\",\"position\":2,\"name\":\"Products\",\"item\":\"https:\\\/\\\/fastlanerentacar.com\\\/shop\\\/\"},{\"@type\":\"ListItem\",\"position\":3,\"name\":\"2022 Bugatti Chiron Sport a Dubai\"}]},{\"@type\":\"WebSite\",\"@id\":\"https:\\\/\\\/fastlanerentacar.com\\\/#website\",\"url\":\"https:\\\/\\\/fastlanerentacar.com\\\/\",\"name\":\"Fastlane\",\"description\":\"\",\"publisher\":{\"@id\":\"https:\\\/\\\/fastlanerentacar.com\\\/#organization\"},\"potentialAction\":[{\"@type\":\"SearchAction\",\"target\":{\"@type\":\"EntryPoint\",\"urlTemplate\":\"https:\\\/\\\/fastlanerentacar.com\\\/?s={search_term_string}\"},\"query-input\":{\"@type\":\"PropertyValueSpecification\",\"valueRequired\":true,\"valueName\":\"search_term_string\"}}],\"inLanguage\":\"it-IT\"},{\"@type\":\"Organization\",\"@id\":\"https:\\\/\\\/fastlanerentacar.com\\\/#organization\",\"name\":\"Fastlane\",\"url\":\"https:\\\/\\\/fastlanerentacar.com\\\/\",\"logo\":{\"@type\":\"ImageObject\",\"inLanguage\":\"it-IT\",\"@id\":\"https:\\\/\\\/fastlanerentacar.com\\\/#\\\/schema\\\/logo\\\/image\\\/\",\"url\":\"https:\\\/\\\/fastlanerentacar.com\\\/wp-content\\\/uploads\\\/Asset-2@2x-8.png\",\"contentUrl\":\"https:\\\/\\\/fastlanerentacar.com\\\/wp-content\\\/uploads\\\/Asset-2@2x-8.png\",\"width\":1641,\"height\":316,\"caption\":\"Fastlane\"},\"image\":{\"@id\":\"https:\\\/\\\/fastlanerentacar.com\\\/#\\\/schema\\\/logo\\\/image\\\/\"}}]}<\/script>\n<!-- \/ Yoast SEO plugin. -->","yoast_head_json":{"title":"2022 Bugatti Chiron Sport a Dubai - Fastlane","robots":{"index":"index","follow":"follow","max-snippet":"max-snippet:-1","max-image-preview":"max-image-preview:large","max-video-preview":"max-video-preview:-1"},"canonical":"https:\/\/fastlanerentacar.com\/it\/prodotto\/2022-bugatti-chiron-sports-rental-in-dubai\/","og_locale":"it_IT","og_type":"article","og_title":"2022 Bugatti Chiron Sport a Dubai - Fastlane","og_description":"Noleggiate e guidate questo modello Bugatti Chiron Sports 2022 a Dubai, negli Emirati Arabi Uniti, per AED 99000\/giorno. Il costo del noleggio include l'assicurazione completa di base e il limite di chilometraggio standard di 100 km\/giorno (650 AED per ogni km aggiuntivo applicabile). \u00c8 richiesto un deposito cauzionale di 150000 AED. Perch\u00e9 noleggiare la Bugatti Chiron Sport? L'auto sportiva Bugatti Chiron \u00e8 elencata da Luxury Supercar Rentals. Questa vettura sportiva a 2 porte pu\u00f2 ospitare 2 passeggeri e 1 borsa\/e di medie dimensioni. Le caratteristiche includono telecamera 3D Surround, sedili anteriori con memoria, avviso angolo cieco, assistenza al parcheggio e altro ancora.","og_url":"https:\/\/fastlanerentacar.com\/it\/prodotto\/2022-bugatti-chiron-sports-rental-in-dubai\/","og_site_name":"Fastlane","article_modified_time":"2023-10-17T08:04:28+00:00","og_image":[{"width":2560,"height":1708,"url":"https:\/\/i0.wp.com\/turboplusdxb.com\/wp-content\/uploads\/01_bugatti_dubai-desert-scaled.jpg?fit=2560%2C1708&ssl=1","type":"image\/jpeg"}],"twitter_card":"summary_large_image","schema":{"@context":"https:\/\/schema.org","@graph":[{"@type":"WebPage","@id":"https:\/\/fastlanerentacar.com\/it\/prodotto\/2022-bugatti-chiron-sports-rental-in-dubai\/","url":"https:\/\/fastlanerentacar.com\/it\/prodotto\/2022-bugatti-chiron-sports-rental-in-dubai\/","name":"2022 Bugatti Chiron Sport a Dubai - Fastlane","isPartOf":{"@id":"https:\/\/fastlanerentacar.com\/#website"},"primaryImageOfPage":{"@id":"https:\/\/fastlanerentacar.com\/it\/prodotto\/2022-bugatti-chiron-sports-rental-in-dubai\/#primaryimage"},"image":{"@id":"https:\/\/fastlanerentacar.com\/it\/prodotto\/2022-bugatti-chiron-sports-rental-in-dubai\/#primaryimage"},"thumbnailUrl":"https:\/\/fastlanerentacar.com\/wp-content\/uploads\/01_bugatti_dubai-desert-scaled.jpg","datePublished":"2023-09-13T08:31:21+00:00","dateModified":"2023-10-17T08:04:28+00:00","breadcrumb":{"@id":"https:\/\/fastlanerentacar.com\/it\/prodotto\/2022-bugatti-chiron-sports-rental-in-dubai\/#breadcrumb"},"inLanguage":"it-IT","potentialAction":[{"@type":"ReadAction","target":["https:\/\/fastlanerentacar.com\/it\/prodotto\/2022-bugatti-chiron-sports-rental-in-dubai\/"]}]},{"@type":"ImageObject","inLanguage":"it-IT","@id":"https:\/\/fastlanerentacar.com\/it\/prodotto\/2022-bugatti-chiron-sports-rental-in-dubai\/#primaryimage","url":"https:\/\/fastlanerentacar.com\/wp-content\/uploads\/01_bugatti_dubai-desert-scaled.jpg","contentUrl":"https:\/\/fastlanerentacar.com\/wp-content\/uploads\/01_bugatti_dubai-desert-scaled.jpg","width":2560,"height":1708},{"@type":"BreadcrumbList","@id":"https:\/\/fastlanerentacar.com\/it\/prodotto\/2022-bugatti-chiron-sports-rental-in-dubai\/#breadcrumb","itemListElement":[{"@type":"ListItem","position":1,"name":"Home","item":"https:\/\/fastlanerentacar.com\/it\/casa\/"},{"@type":"ListItem","position":2,"name":"Products","item":"https:\/\/fastlanerentacar.com\/shop\/"},{"@type":"ListItem","position":3,"name":"2022 Bugatti Chiron Sport a Dubai"}]},{"@type":"WebSite","@id":"https:\/\/fastlanerentacar.com\/#website","url":"https:\/\/fastlanerentacar.com\/","name":"Fastlane","description":"","publisher":{"@id":"https:\/\/fastlanerentacar.com\/#organization"},"potentialAction":[{"@type":"SearchAction","target":{"@type":"EntryPoint","urlTemplate":"https:\/\/fastlanerentacar.com\/?s={search_term_string}"},"query-input":{"@type":"PropertyValueSpecification","valueRequired":true,"valueName":"search_term_string"}}],"inLanguage":"it-IT"},{"@type":"Organization","@id":"https:\/\/fastlanerentacar.com\/#organization","name":"Fastlane","url":"https:\/\/fastlanerentacar.com\/","logo":{"@type":"ImageObject","inLanguage":"it-IT","@id":"https:\/\/fastlanerentacar.com\/#\/schema\/logo\/image\/","url":"https:\/\/fastlanerentacar.com\/wp-content\/uploads\/Asset-2@2x-8.png","contentUrl":"https:\/\/fastlanerentacar.com\/wp-content\/uploads\/Asset-2@2x-8.png","width":1641,"height":316,"caption":"Fastlane"},"image":{"@id":"https:\/\/fastlanerentacar.com\/#\/schema\/logo\/image\/"}}]}},"_links":{"self":[{"href":"https:\/\/fastlanerentacar.com\/it\/wp-json\/wp\/v2\/product\/40625","targetHints":{"allow":["GET"]}}],"collection":[{"href":"https:\/\/fastlanerentacar.com\/it\/wp-json\/wp\/v2\/product"}],"about":[{"href":"https:\/\/fastlanerentacar.com\/it\/wp-json\/wp\/v2\/types\/product"}],"replies":[{"embeddable":true,"href":"https:\/\/fastlanerentacar.com\/it\/wp-json\/wp\/v2\/comments?post=40625"}],"wp:featuredmedia":[{"embeddable":true,"href":"https:\/\/fastlanerentacar.com\/it\/wp-json\/wp\/v2\/media\/38267"}],"wp:attachment":[{"href":"https:\/\/fastlanerentacar.com\/it\/wp-json\/wp\/v2\/media?parent=40625"}],"wp:term":[{"taxonomy":"product_brand","embeddable":true,"href":"https:\/\/fastlanerentacar.com\/it\/wp-json\/wp\/v2\/product_brand?post=40625"},{"taxonomy":"product_cat","embeddable":true,"href":"https:\/\/fastlanerentacar.com\/it\/wp-json\/wp\/v2\/product_cat?post=40625"},{"taxonomy":"product_tag","embeddable":true,"href":"https:\/\/fastlanerentacar.com\/it\/wp-json\/wp\/v2\/product_tag?post=40625"}],"curies":[{"name":"wp","href":"https:\/\/api.w.org\/{rel}","templated":true}]}}